{"id":1786,"date":"2024-10-17T19:00:23","date_gmt":"2024-10-17T17:00:23","guid":{"rendered":"https:\/\/www.pedagogie.ac-nice.fr\/allemand\/?page_id=1786"},"modified":"2025-10-26T18:15:53","modified_gmt":"2025-10-26T17:15:53","slug":"ressources-partageees","status":"publish","type":"page","link":"https:\/\/www.pedagogie.ac-nice.fr\/allemand\/ressources-partageees\/","title":{"rendered":"Ressources partag\u00e9es"},"content":{"rendered":"<p><strong>Profitez des ressources partag\u00e9es et partagez les v\u00f4tres par mail \u00e0 katja.terhechte@ac-nice.fr<\/strong><\/p>\n<p><strong>1. Expression&nbsp; orale : entra\u00eenement ludique en classe<\/strong><\/p>\n<p><strong><a href=\"https:\/\/padlet.com\/frau_schockenhoff\/ich-habe-einfach-nichts-zu-erz-hlen-iqf1dn8nhedfjx1h\">Padlet<\/a><\/strong> partag\u00e9 par Anna lors de l&rsquo;Ap\u00e9ro Klatsch<\/p>\n<p><strong>2. L&rsquo;allemand \u00e0 l&rsquo;\u00e9cole primaire<\/strong><\/p>\n<p><strong><a href=\"https:\/\/padlet.com\/p_fiard\/l-allemand-l-cole-primaire-jhvnvlix4o6n\">Padlet<\/a><\/strong> collaboratif de Pauline pour le Primaire&nbsp;<\/p>\n<p><strong>3. Buchtipps<\/strong><\/p>\n<p>Spitzen <strong><a href=\"https:\/\/www.pedagogie.ac-nice.fr\/allemand\/wp-content\/uploads\/sites\/42\/2024\/12\/Buchtipps-2024.pdf\">Buchtipps<\/a><\/strong> von Anna<\/p>\n<p><strong>4. Rituels de d\u00e9but de cours<\/strong><\/p>\n<p>Notre coll\u00e8gue Pauline Fiard nous partage un <a href=\"https:\/\/view.genially.com\/6841b44952dfd9f446f70a4e\/presentation-copie-rituale-site-academique\"><strong>outil tr\u00e8s pr\u00e9cieux<\/strong>&nbsp;<\/a>pour dynamiser les rituels de d\u00e9but de cours d\u2019allemand<\/p>\n<p><strong>5. Sites pr\u00e9sent\u00e9s lors de l&rsquo;Ap\u00e9roKlatsch<\/strong><\/p>\n<p>Linksammlung<\/p>\n<ul>\n<li>Lustige W\u00f6rter, Wortspiele, R\u00e4tsel und vieles mehr findet ihr auf: https:\/\/www.sprachnudel.de\/spiele\/wortspiele-raetsel\/<\/li>\n<li>Hier geht es zur unglaublich umfangreichen <a href=\"https:\/\/www.fraumohrsrasselbande.at\/material\/\">Materialsammlung<\/a> der bastelfreudigen Deutschlehrerin&nbsp; Susanne Mohr in \u00d6sterreich! Ein Riesendankesch\u00f6n daf\u00fcr!<\/li>\n<li><a href=\"https:\/\/www.politische-bildung.nrw\/mediathek\/filme\">Mediathek<\/a> der Landeszentrale f\u00fcr Politische Bildung NRW<\/li>\n<li><a href=\"http:\/\/learngerman.dw.com\/de\/das-deutschlandlabor\/c-53074503\">Das Deutschlandlabor<\/a><\/li>\n<li><a href=\"https:\/\/youtube.com\/playlist?list=PLTuTOkjXVFXJAzrtbfg7RSuLXc8Gn83DC&amp;si=VlitajcQWSk8AlnL\">Meet the Germans<\/a> auf <a href=\"https:\/\/www.youtube.com\/@dweuromaxx\">DWEuromaxx&nbsp;<\/a><\/li>\n<li><a href=\"https:\/\/www.youtube.com\/@dwdeutsch\">DWDeutsch<\/a> mit aktuellen Infos unserer Zeit<\/li>\n<\/ul>\n","protected":false},"excerpt":{"rendered":"<p>Profitez des ressources partag\u00e9es et partagez les v\u00f4tres par mail \u00e0 katja.terhechte@ac-nice.fr 1. Expression&nbsp; orale : entra\u00eenement ludique en classe Padlet partag\u00e9 par Anna lors de l&rsquo;Ap\u00e9ro Klatsch 2. L&rsquo;allemand \u00e0 l&rsquo;\u00e9cole primaire Padlet collaboratif de Pauline pour le Primaire&nbsp; 3. Buchtipps Spitzen Buchtipps von Anna 4. Rituels de d\u00e9but de cours Notre coll\u00e8gue Pauline &hellip; <\/p>\n<p><a class=\"more-link btn\" href=\"https:\/\/www.pedagogie.ac-nice.fr\/allemand\/ressources-partageees\/\">Lire la suite<\/a><\/p>\n","protected":false},"author":370,"featured_media":0,"parent":0,"menu_order":0,"comment_status":"closed","ping_status":"closed","template":"","meta":{"ngg_post_thumbnail":0,"footnotes":""},"class_list":["post-1786","page","type-page","status-publish","hentry","nodate","item-wrap"],"rttpg_featured_image_url":null,"rttpg_author":{"display_name":"katjatert","author_link":"https:\/\/www.pedagogie.ac-nice.fr\/allemand\/author\/katjatert\/"},"rttpg_comment":0,"rttpg_category":null,"rttpg_excerpt":"Profitez des ressources partag\u00e9es et partagez les v\u00f4tres par mail \u00e0 katja.terhechte@ac-nice.fr 1. Expression&nbsp; orale : entra\u00eenement ludique en classe Padlet partag\u00e9 par Anna lors de l&rsquo;Ap\u00e9ro Klatsch 2. L&rsquo;allemand \u00e0 l&rsquo;\u00e9cole primaire Padlet collaboratif de Pauline pour le Primaire&nbsp; 3. Buchtipps Spitzen Buchtipps von Anna 4. Rituels de d\u00e9but de cours Notre coll\u00e8gue Pauline\u2026","post_mailing_queue_ids":[],"_links":{"self":[{"href":"https:\/\/www.pedagogie.ac-nice.fr\/allemand\/wp-json\/wp\/v2\/pages\/1786","targetHints":{"allow":["GET"]}}],"collection":[{"href":"https:\/\/www.pedagogie.ac-nice.fr\/allemand\/wp-json\/wp\/v2\/pages"}],"about":[{"href":"https:\/\/www.pedagogie.ac-nice.fr\/allemand\/wp-json\/wp\/v2\/types\/page"}],"author":[{"embeddable":true,"href":"https:\/\/www.pedagogie.ac-nice.fr\/allemand\/wp-json\/wp\/v2\/users\/370"}],"replies":[{"embeddable":true,"href":"https:\/\/www.pedagogie.ac-nice.fr\/allemand\/wp-json\/wp\/v2\/comments?post=1786"}],"version-history":[{"count":11,"href":"https:\/\/www.pedagogie.ac-nice.fr\/allemand\/wp-json\/wp\/v2\/pages\/1786\/revisions"}],"predecessor-version":[{"id":2118,"href":"https:\/\/www.pedagogie.ac-nice.fr\/allemand\/wp-json\/wp\/v2\/pages\/1786\/revisions\/2118"}],"wp:attachment":[{"href":"https:\/\/www.pedagogie.ac-nice.fr\/allemand\/wp-json\/wp\/v2\/media?parent=1786"}],"curies":[{"name":"wp","href":"https:\/\/api.w.org\/{rel}","templated":true}]}}