{"id":1792,"date":"2024-10-17T19:12:02","date_gmt":"2024-10-17T17:12:02","guid":{"rendered":"https:\/\/www.pedagogie.ac-nice.fr\/allemand\/?page_id=1792"},"modified":"2025-07-10T14:17:48","modified_gmt":"2025-07-10T12:17:48","slug":"aperoklatsch","status":"publish","type":"page","link":"https:\/\/www.pedagogie.ac-nice.fr\/allemand\/aperoklatsch\/","title":{"rendered":"Ap\u00e9roKlatsch"},"content":{"rendered":"<p>Chers coll\u00e8gues d&rsquo;allemand,<\/p>\n<p>Voici les deux affiches partag\u00e9es lors de l&rsquo;Ap\u00e9roKlatsch.<\/p>\n<p>Pour les Ressources, rendez-vous dans la rubrique : Ressources \/ Ressources partag\u00e9es.<\/p>\n<p>Pour l&rsquo;instant, j&rsquo;ai partag\u00e9 le padlet pr\u00e9sent\u00e9 par Anna, mais je publierai avec plaisir d&rsquo;autres liens que vous pouvez m&rsquo;envoyer \u00e0 katja.terhechte@ac-nice.fr&nbsp;<\/p>\n<p>Bis zum n\u00e4chsten Ap\u00e9roKlatsch im Dezember<\/p>\n<p>Katja<\/p>\n<p><img loading=\"lazy\" decoding=\"async\" class=\"alignleft size-medium wp-image-1810\" src=\"https:\/\/www.pedagogie.ac-nice.fr\/allemand\/wp-content\/uploads\/sites\/42\/2024\/10\/VortragMarleneDietrich-212x300.jpg\" alt=\"\" width=\"212\" height=\"300\" srcset=\"https:\/\/www.pedagogie.ac-nice.fr\/allemand\/wp-content\/uploads\/sites\/42\/2024\/10\/VortragMarleneDietrich-212x300.jpg 212w, https:\/\/www.pedagogie.ac-nice.fr\/allemand\/wp-content\/uploads\/sites\/42\/2024\/10\/VortragMarleneDietrich-724x1024.jpg 724w, https:\/\/www.pedagogie.ac-nice.fr\/allemand\/wp-content\/uploads\/sites\/42\/2024\/10\/VortragMarleneDietrich-768x1086.jpg 768w, https:\/\/www.pedagogie.ac-nice.fr\/allemand\/wp-content\/uploads\/sites\/42\/2024\/10\/VortragMarleneDietrich-1086x1536.jpg 1086w, https:\/\/www.pedagogie.ac-nice.fr\/allemand\/wp-content\/uploads\/sites\/42\/2024\/10\/VortragMarleneDietrich-555x785.jpg 555w, https:\/\/www.pedagogie.ac-nice.fr\/allemand\/wp-content\/uploads\/sites\/42\/2024\/10\/VortragMarleneDietrich.jpg 1414w\" sizes=\"auto, (max-width: 212px) 100vw, 212px\" \/><\/p>\n<p><a href=\"https:\/\/www.canva.com\/design\/DAGS-6j20xk\/akuGL7vj8awiT_AZnM901A\/view?utm_content=DAGS-6j20xk&amp;utm_campaign=designshare&amp;utm_medium=link&amp;utm_source=viewer\"><a href=\"https:\/\/www.pedagogie.ac-nice.fr\/allemand\/wp-content\/uploads\/sites\/42\/2024\/10\/Concours-Bulles-de-Memoire.pdf\" class=\"pdfemb-viewer\" style=\"\" data-width=\"max\" data-height=\"max\" data-toolbar=\"bottom\" data-toolbar-fixed=\"off\">Concours ,,Bulles de Me\u0301moire\u201d<\/a><\/a><\/p>\n<a href=\"https:\/\/www.pedagogie.ac-nice.fr\/allemand\/wp-content\/uploads\/sites\/42\/2024\/10\/Textazik.pdf\" class=\"pdfemb-viewer\" style=\"\" data-width=\"max\" data-height=\"max\" data-toolbar=\"bottom\" data-toolbar-fixed=\"off\">Textazik<\/a>\n<p>&nbsp;<\/p>\n<p><strong>Ap\u00e9ro Klatsch, 19 d\u00e9cembre 2024<\/strong><\/p>\n<p>&nbsp;<\/p>\n<p>&nbsp;<\/p>\n<p>&nbsp;<\/p>\n<p>Voici les Buchtipps 2024 de la part d\u2018Anna :<\/p>\n<a href=\"https:\/\/www.pedagogie.ac-nice.fr\/allemand\/wp-content\/uploads\/sites\/42\/2024\/12\/Buchtipps-2024.pdf\" class=\"pdfemb-viewer\" style=\"\" data-width=\"max\" data-height=\"max\" data-toolbar=\"bottom\" data-toolbar-fixed=\"off\">Buchtipps 2024<\/a>\n<p><a href=\"https:\/\/padlet.com\/frau_schockenhoff\/ich-habe-einfach-nichts-zu-erz-hlen-iqf1dn8nhedfjx1h\">Padlet<\/a> partag\u00e9 par Anna lors de l&rsquo;Ap\u00e9ro Klatsch<\/p>\n<p><a href=\"https:\/\/padlet.com\/p_fiard\/l-allemand-l-cole-primaire-jhvnvlix4o6n\">Padlet<\/a> collaboratif de Pauline Fiard pour le Primaire&nbsp;<\/p>\n<p>Les Rituels : Un <a href=\"https:\/\/view.genially.com\/6841b44952dfd9f446f70a4e\/presentation-copie-rituale-site-academique*\"><strong>g\u00e9nially tr\u00e8s pr\u00e9cieux<\/strong><\/a>&nbsp;pour dynamiser les rituels de d\u00e9but de cours d\u2019allemand<\/p>\n","protected":false},"excerpt":{"rendered":"<p>Chers coll\u00e8gues d&rsquo;allemand, Voici les deux affiches partag\u00e9es lors de l&rsquo;Ap\u00e9roKlatsch. Pour les Ressources, rendez-vous dans la rubrique : Ressources \/ Ressources partag\u00e9es. Pour l&rsquo;instant, j&rsquo;ai partag\u00e9 le padlet pr\u00e9sent\u00e9 par Anna, mais je publierai avec plaisir d&rsquo;autres liens que vous pouvez m&rsquo;envoyer \u00e0 katja.terhechte@ac-nice.fr&nbsp; Bis zum n\u00e4chsten Ap\u00e9roKlatsch im Dezember Katja &nbsp; Ap\u00e9ro Klatsch, &hellip; <\/p>\n<p><a class=\"more-link btn\" href=\"https:\/\/www.pedagogie.ac-nice.fr\/allemand\/aperoklatsch\/\">Lire la suite<\/a><\/p>\n","protected":false},"author":370,"featured_media":0,"parent":0,"menu_order":0,"comment_status":"closed","ping_status":"closed","template":"","meta":{"ngg_post_thumbnail":0,"footnotes":""},"class_list":["post-1792","page","type-page","status-publish","hentry","nodate","item-wrap"],"rttpg_featured_image_url":null,"rttpg_author":{"display_name":"katjatert","author_link":"https:\/\/www.pedagogie.ac-nice.fr\/allemand\/author\/katjatert\/"},"rttpg_comment":0,"rttpg_category":null,"rttpg_excerpt":"Chers coll\u00e8gues d&rsquo;allemand, Voici les deux affiches partag\u00e9es lors de l&rsquo;Ap\u00e9roKlatsch. Pour les Ressources, rendez-vous dans la rubrique : Ressources \/ Ressources partag\u00e9es. Pour l&rsquo;instant, j&rsquo;ai partag\u00e9 le padlet pr\u00e9sent\u00e9 par Anna, mais je publierai avec plaisir d&rsquo;autres liens que vous pouvez m&rsquo;envoyer \u00e0 katja.terhechte@ac-nice.fr&nbsp; Bis zum n\u00e4chsten Ap\u00e9roKlatsch im Dezember Katja &nbsp; Ap\u00e9ro Klatsch,\u2026","post_mailing_queue_ids":[],"_links":{"self":[{"href":"https:\/\/www.pedagogie.ac-nice.fr\/allemand\/wp-json\/wp\/v2\/pages\/1792","targetHints":{"allow":["GET"]}}],"collection":[{"href":"https:\/\/www.pedagogie.ac-nice.fr\/allemand\/wp-json\/wp\/v2\/pages"}],"about":[{"href":"https:\/\/www.pedagogie.ac-nice.fr\/allemand\/wp-json\/wp\/v2\/types\/page"}],"author":[{"embeddable":true,"href":"https:\/\/www.pedagogie.ac-nice.fr\/allemand\/wp-json\/wp\/v2\/users\/370"}],"replies":[{"embeddable":true,"href":"https:\/\/www.pedagogie.ac-nice.fr\/allemand\/wp-json\/wp\/v2\/comments?post=1792"}],"version-history":[{"count":13,"href":"https:\/\/www.pedagogie.ac-nice.fr\/allemand\/wp-json\/wp\/v2\/pages\/1792\/revisions"}],"predecessor-version":[{"id":2033,"href":"https:\/\/www.pedagogie.ac-nice.fr\/allemand\/wp-json\/wp\/v2\/pages\/1792\/revisions\/2033"}],"wp:attachment":[{"href":"https:\/\/www.pedagogie.ac-nice.fr\/allemand\/wp-json\/wp\/v2\/media?parent=1792"}],"curies":[{"name":"wp","href":"https:\/\/api.w.org\/{rel}","templated":true}]}}