{"id":2010,"date":"2025-07-10T13:46:33","date_gmt":"2025-07-10T11:46:33","guid":{"rendered":"https:\/\/www.pedagogie.ac-nice.fr\/allemand\/?page_id=2010"},"modified":"2025-09-16T18:16:11","modified_gmt":"2025-09-16T16:16:11","slug":"mobiklasse","status":"publish","type":"page","link":"https:\/\/www.pedagogie.ac-nice.fr\/allemand\/mobiklasse\/","title":{"rendered":"mobiklasse.de"},"content":{"rendered":"<p class=\"kt-adv-heading2043_454199-15 wp-block-kadence-advancedheading\" data-kb-block=\"kb-adv-heading2043_454199-15\">Le programme mobiklasse.de est un programme qui vise \u00e0 promouvoir l\u2019apprentissage de langue allemande, \u00e0 encourager la mobilit\u00e9 internationale, et renforcer les \u00e9changes interculturels. En offrant des animations ludiques de sensibilisation, ce programme s\u2019adresse aux \u00e9l\u00e8ves de tous niveaux scolaires.<\/p>\n<p>Sophie et onze autres jeunes Allemandes et Allemands parcourent la France pendant une ann\u00e9e scolaire. Ils interviennent aupr\u00e8s d\u2019enfants et d\u2019adolescents de tous \u00e2ges dans les \u00e9tablissements d\u2019enseignement g\u00e9n\u00e9ral comme professionnel, en utilisant des m\u00e9thodes ludiques et innovantes de promotion de la langue et culture allemandes. Une visite de mobiklasse.de ne donne pas seulement envie d\u2019apprendre l\u2019allemand, mais elle encourage \u00e9galement \u00e0 tenter une exp\u00e9rience \u00e0 l\u2019international.<\/p>\n<p>Contactez Sophie au&nbsp;<a href=\"mailto:nice@mobiklasse.de\">nice@mobiklasse.de<\/a><\/p>\n<p>Suivez ce lien pour demander une animation pour votre d\u00e9partement<\/p>\n<div class=\"embed-container\">\n<blockquote class=\"wp-embedded-content\" data-secret=\"7oyc6DM8C9\"><p><a href=\"https:\/\/www.mobiklasse.de\/demande-danimation\/paca-2\/\">PACA 2<\/a><\/p><\/blockquote>\n<p><iframe loading=\"lazy\" class=\"wp-embedded-content\" sandbox=\"allow-scripts\" security=\"restricted\" style=\"position: absolute; visibility: hidden;\" title=\"\u00ab\u00a0PACA 2\u00a0\u00bb &#8212; mobiklasse.de\" src=\"https:\/\/www.mobiklasse.de\/demande-danimation\/paca-2\/embed\/#?secret=cvlq6QrT5R#?secret=7oyc6DM8C9\" data-secret=\"7oyc6DM8C9\" width=\"555\" height=\"313\" frameborder=\"0\" marginwidth=\"0\" marginheight=\"0\" scrolling=\"no\"><\/iframe><\/div>\n","protected":false},"excerpt":{"rendered":"<p>Le programme mobiklasse.de est un programme qui vise \u00e0 promouvoir l\u2019apprentissage de langue allemande, \u00e0 encourager la mobilit\u00e9 internationale, et renforcer les \u00e9changes interculturels. En offrant des animations ludiques de sensibilisation, ce programme s\u2019adresse aux \u00e9l\u00e8ves de tous niveaux scolaires. Sophie et onze autres jeunes Allemandes et Allemands parcourent la France pendant une ann\u00e9e scolaire. &hellip; <\/p>\n<p><a class=\"more-link btn\" href=\"https:\/\/www.pedagogie.ac-nice.fr\/allemand\/mobiklasse\/\">Lire la suite<\/a><\/p>\n","protected":false},"author":370,"featured_media":0,"parent":0,"menu_order":0,"comment_status":"closed","ping_status":"closed","template":"","meta":{"ngg_post_thumbnail":0,"footnotes":""},"class_list":["post-2010","page","type-page","status-publish","hentry","nodate","item-wrap"],"rttpg_featured_image_url":null,"rttpg_author":{"display_name":"katjatert","author_link":"https:\/\/www.pedagogie.ac-nice.fr\/allemand\/author\/katjatert\/"},"rttpg_comment":0,"rttpg_category":null,"rttpg_excerpt":"Le programme mobiklasse.de est un programme qui vise \u00e0 promouvoir l\u2019apprentissage de langue allemande, \u00e0 encourager la mobilit\u00e9 internationale, et renforcer les \u00e9changes interculturels. En offrant des animations ludiques de sensibilisation, ce programme s\u2019adresse aux \u00e9l\u00e8ves de tous niveaux scolaires. Sophie et onze autres jeunes Allemandes et Allemands parcourent la France pendant une ann\u00e9e scolaire.\u2026","post_mailing_queue_ids":[],"_links":{"self":[{"href":"https:\/\/www.pedagogie.ac-nice.fr\/allemand\/wp-json\/wp\/v2\/pages\/2010","targetHints":{"allow":["GET"]}}],"collection":[{"href":"https:\/\/www.pedagogie.ac-nice.fr\/allemand\/wp-json\/wp\/v2\/pages"}],"about":[{"href":"https:\/\/www.pedagogie.ac-nice.fr\/allemand\/wp-json\/wp\/v2\/types\/page"}],"author":[{"embeddable":true,"href":"https:\/\/www.pedagogie.ac-nice.fr\/allemand\/wp-json\/wp\/v2\/users\/370"}],"replies":[{"embeddable":true,"href":"https:\/\/www.pedagogie.ac-nice.fr\/allemand\/wp-json\/wp\/v2\/comments?post=2010"}],"version-history":[{"count":7,"href":"https:\/\/www.pedagogie.ac-nice.fr\/allemand\/wp-json\/wp\/v2\/pages\/2010\/revisions"}],"predecessor-version":[{"id":2055,"href":"https:\/\/www.pedagogie.ac-nice.fr\/allemand\/wp-json\/wp\/v2\/pages\/2010\/revisions\/2055"}],"wp:attachment":[{"href":"https:\/\/www.pedagogie.ac-nice.fr\/allemand\/wp-json\/wp\/v2\/media?parent=2010"}],"curies":[{"name":"wp","href":"https:\/\/api.w.org\/{rel}","templated":true}]}}