{"id":1597,"date":"2021-03-21T21:37:58","date_gmt":"2021-03-21T20:37:58","guid":{"rendered":"https:\/\/www.pedagogie.ac-nice.fr\/anglais\/?page_id=1597"},"modified":"2024-11-30T07:09:15","modified_gmt":"2024-11-30T06:09:15","slug":"mentions-legales","status":"publish","type":"page","link":"https:\/\/www.pedagogie.ac-nice.fr\/anglais\/mentions-legales\/","title":{"rendered":"Mentions l\u00e9gales"},"content":{"rendered":"<p><strong>Informations \u00e9ditoriales<\/strong><strong><em>&nbsp;<\/em><\/strong><\/p>\n<p>Rectorat de l\u2019acad\u00e9mie de Nice<br \/>\n53 avenue Cap de Croix<br \/>\n06181 Nice cedex 2<br \/>\nT\u00e9l\u00e9phone 04 93 53 70 70<br \/>\nT\u00e9l\u00e9copie 04 93 53 70 83<\/p>\n<p>Direction de la publication :<br \/>\n<em>Natacha CHICOT<br \/>\n<\/em><em>Rectrice de l&rsquo;acad\u00e9mie de Nice<\/em><\/p>\n<p>Responsable de la publication : Ari BOUANICHE, IA-IAPR Langues Vivantes, Anglais<br \/>\n<a href=\"mailto:Ari.Bouaniche@ac-nice.fr\">Ari.Bouaniche@ac-nice.fr<\/a><\/p>\n<p>Webmestre &nbsp;et Interlocutrice Acad\u00e9mique au Num\u00e9rique: Muriel DONATI&nbsp;<br \/>\n<a href=\"mailto:Muriel.Donati@ac-nice.fr\">Muriel.Donati@ac-nice.fr<\/a><\/p>\n<p>Prestataire de service<br \/>\nDirection des Syst\u00e8mes d&rsquo;Information (DSI)<br \/>\nRectorat de l\u2019acad\u00e9mie de Nice<br \/>\n53 avenue Cap de Croix<br \/>\n06181 Nice cedex 2<\/p>\n<p><span style=\"font-size: 14pt;\"><strong>Droits d&rsquo;auteur et droits de reproduction du contenu mis en ligne<\/strong><\/span><\/p>\n<p>Depuis la publication de l\u2019ordonnance n\u00b0&nbsp;2005-650 du 6 juin 2005 relative \u00e0 la libert\u00e9 d\u2019acc\u00e8s aux documents administratifs et \u00e0 la r\u00e9utilisation des informations publiques, ces informations peuvent \u00eatre r\u00e9utilis\u00e9es \u00e0 d\u2019autres fins que celles pour lesquelles elles ont \u00e9t\u00e9 produites, et particuli\u00e8rement les informations faisant l\u2019objet d\u2019une diffusion publique. Les documents publics ou officiels ne sont couverts par aucun droit d\u2019auteur et peuvent donc \u00eatre reproduits librement.<\/p>\n<p>Le graphisme, l\u2019iconographie ainsi que le contenu \u00e9ditorial (tels que les articles, les images, les photographies, les logos, les chartes graphiques, sans que cette liste ne soit exhaustive) demeurent la propri\u00e9t\u00e9 de l\u2019Acad\u00e9mie de Nice ou des propri\u00e9taires dont l\u2019acad\u00e9mie a re\u00e7u l\u2019autorisation de repr\u00e9sentation, et, \u00e0 ce titre, font l\u2019objet des protections pr\u00e9vues par le Code de la propri\u00e9t\u00e9 intellectuelle. Les pr\u00e9sentes conditions d\u2019utilisation n\u2019emportent aucune cession d\u2019aucune sorte de droits de propri\u00e9t\u00e9 intellectuelle sur ces \u00e9l\u00e9ments, toute repr\u00e9sentation totale ou partielle sans l\u2019autorisation expresse de l\u2019\u00e9diteur du site, est interdite.<\/p>\n<p><span style=\"font-size: 14pt;\"><strong>Cr\u00e9dits photographiques et vid\u00e9os<\/strong><\/span><\/p>\n<p>Sauf mention contraire<em>, l\u2019Acad\u00e9mie de Nice e<\/em>st titulaire des droits relatifs \u00e0 la propri\u00e9t\u00e9 intellectuelle des photographies et vid\u00e9os figurant sur l&rsquo;ensemble du site.<\/p>\n<p><span style=\"font-size: 14pt;\"><strong>Donn\u00e9es personnelles et cookies<\/strong><\/span><\/p>\n<p><strong>Protection et traitement de donn\u00e9es \u00e0 caract\u00e8re personnel<\/strong><\/p>\n<p><strong>&nbsp;<\/strong>Le site <strong><em>Acad\u00e9mie de Nice Anglais<\/em><\/strong> constitue un traitement de donn\u00e9es \u00e0 caract\u00e8re personnel mis en \u0153uvre par <em>le Recteur acad\u00e9mie de Nice<\/em> pour l\u2019ex\u00e9cution d\u2019une mission d\u2019int\u00e9r\u00eat public au sens du e) de l\u2019article 6 du r\u00e8glement g\u00e9n\u00e9ral (UE) 2016\/679 du Parlement europ\u00e9en et du Conseil du 27 avril 2016 sur la protection des donn\u00e9es (RGPD).<\/p>\n<p>L&rsquo;\u00e9quipe du site <a href=\"https:\/\/www.pedagogie.ac-nice.fr\/anglais\/\">https:\/\/www.pedagogie.ac-nice.fr\/anglais\/<\/a> &nbsp;est tr\u00e8s attentive \u00e0 la protection des donn\u00e9es \u00e0 caract\u00e8re personnel et s&rsquo;engage \u00e0 ce que la collecte et le traitement de vos donn\u00e9es, effectu\u00e9s \u00e0 partir de ce site, soient conformes&nbsp;:<\/p>\n<p>\u00e0 la <a href=\"https:\/\/www.cnil.fr\/fr\/loi-78-17-du-6-janvier-1978-modifiee\">loi n\u00b0 78-17 du 6 janvier 1978 modifi\u00e9e, relative \u00e0 l&rsquo;informatique, aux fichiers et aux libert\u00e9s<\/a><br \/>\nau \u00ab\u00a0<a style=\"background-color: #ffffff;\" href=\"https:\/\/www.cnil.fr\/fr\/reglement-europeen-protection-donnees\">R\u00e8glement g\u00e9n\u00e9ral sur la protection des donn\u00e9es<\/a>\u00a0\u00bb (RGPD)<\/p>\n<p>Les donn\u00e9es statistiques recueillies sont utilis\u00e9es pour nous permettre d\u2019enrichir le parcours des internautes, fournir une meilleure information et ainsi participer \u00e0 l&rsquo;am\u00e9lioration de notre mission de service public.<\/p>\n<h3><span style=\"font-size: 14pt;\">A propos des cookies<\/span><\/h3>\n<p>Un cookie (ou \u00ab\u00a0traceur\u00a0\u00bb) est un fichier texte d\u00e9pos\u00e9 sur votre ordinateur lors de la visite d&rsquo;un site. Il permet de conserver des donn\u00e9es utilisateur afin de faciliter votre navigation et de vous offrir certaines fonctionnalit\u00e9s. Les cookies et les adresses IP des internautes, collect\u00e9s \u00e0 des fins statistiques, sont conserv\u00e9s pendant treize mois, puis sont supprim\u00e9es. Sur <strong><em>Acad\u00e9mie de Nice Anglais<\/em><\/strong>, nous utilisons des cookies afin de mesurer la fr\u00e9quentation du site ainsi que vous pour proposer des vid\u00e9os, des boutons de partage des contenus, des remont\u00e9es de contenus issus de plateformes sociales et des contenus interactifs.<\/p>\n<p>Il convient de distinguer les cookies que nous \u00e9mettons sur <strong><em>Acad\u00e9mie de Nice Anglais<\/em><\/strong> pour le bon fonctionnement du site de ceux \u00e9mis par des tiers. En cas de refus des cookies n\u00e9cessaires au bon fonctionnement du site, ou de l&rsquo;effacement de ceux-ci, nous vous informons que vous ne pourrez plus b\u00e9n\u00e9ficier d&rsquo;un certain nombre de fonctionnalit\u00e9s qui sont n\u00e9anmoins n\u00e9cessaires pour naviguer dans certains espaces de ce site web. Nous d\u00e9clinerons toute responsabilit\u00e9 quant \u00e0 ce fonctionnement d\u00e9grad\u00e9.<\/p>\n<p>Des cookies peuvent \u00eatre \u00e9mis sur le site <strong><em>Acad\u00e9mie de Nice Anglais<\/em><\/strong> via des applications de tiers. C&rsquo;est le cas par exemple pour les cookies de r\u00e9seaux sociaux. En effet, certaines fonctionnalit\u00e9s propos\u00e9es sur le site (lecteurs vid\u00e9os, contenus interactifs, affichage de contenus issus de plateformes sociales, etc.) font appel \u00e0 des services de tiers. Ces fonctionnalit\u00e9s d\u00e9posent des cookies permettant aux tiers d\u2019identifier les sites que vous consultez et les contenus auxquels vous vous int\u00e9ressez. Nous vous informons que nous n&rsquo;exer\u00e7ons pas de contr\u00f4le sur l&rsquo;utilisation par les tiers des informations recueillies mais vous invitons \u00e0 consulter les politiques de protection de la vie priv\u00e9e de ces tiers.<\/p>\n<p><em>Prendre connaissance des finalit\u00e9s et modalit\u00e9s de traitement de vos donn\u00e9es par les tiers, vos droits et les modalit\u00e9s d\u2019exercice de ces derniers&nbsp;:<\/em><\/p>\n<ul>\n<li><strong>Contenus interactifs<\/strong>&nbsp;: <a href=\"https:\/\/www.google.fr\/intl\/fr\/policies\/privacy\/\">YouTube<\/a>, <a href=\"http:\/\/www.dailymotion.com\/legal\/privacy\">Dailymotion<\/a>, <a href=\"https:\/\/policies.google.com\/privacy?hl=fr\">Google Maps<\/a>, <a href=\"https:\/\/wiki.osmfoundation.org\/wiki\/Privacy_Policy\">OpenStreetMap<\/a>,<\/li>\n<li><strong>R\u00e9seaux sociaux<\/strong>&nbsp;: <a href=\"https:\/\/www.facebook.com\/help\/cookies\/\">Facebook<\/a>, <a href=\"https:\/\/support.twitter.com\/articles\/20170514\">Twitter<\/a><\/li>\n<\/ul>\n<p><strong>Sur le site <\/strong><a href=\"https:\/\/www.pedagogie.ac-nice.fr\/anglais\/\">https:\/\/www.pedagogie.ac-nice.fr\/anglais\/<\/a> <strong>vous avez la possibilit\u00e9 de choisir \u00e0 tout moment d&rsquo;activer ou de d\u00e9sactiver les cookies suivants&nbsp;:<\/strong><\/p>\n<ul>\n<li><strong>Boutons de partage<\/strong>&nbsp;: le site <a href=\"https:\/\/www.pedagogie.ac-nice.fr\/anglais\/\">https:\/\/www.pedagogie.ac-nice.fr\/anglais\/<\/a> vous permet de partager facilement des contenus du site aupr\u00e8s de vos contacts et sur les r\u00e9seaux sociaux (Facebook, Twitter, etc.).<\/li>\n<\/ul>\n<p><em>G\u00e9rer mes cookies sur le site <\/em>&nbsp;<a href=\"https:\/\/www.pedagogie.ac-nice.fr\/anglais\/\">https:\/\/www.pedagogie.ac-nice.fr\/anglais\/<\/a> &nbsp;<\/p>\n<p><strong>Au niveau de votre navigateur internet, vous avez \u00e9galement la possibilit\u00e9 de choisir \u00e0 tout moment de d\u00e9sactiver tout ou partie des cookies g\u00e9n\u00e9r\u00e9s lors de votre consultation du site<\/strong><a href=\"https:\/\/www.pedagogie.ac-nice.fr\/anglais\/\">https:\/\/www.pedagogie.ac-nice.fr\/anglais\/<\/a>, m\u00eame ceux n\u00e9cessaires au fonctionnement du site (vous ne pourrez alors plus disposer de toutes les fonctionnalit\u00e9s du site). Voici les proc\u00e9dures \u00e0 suivre pour g\u00e9rer les cookies au niveau de votre navigateur&nbsp;:<\/p>\n<p><a href=\"https:\/\/support.mozilla.org\/fr\/kb\/activer-desactiver-cookies-preferences?redirectlocale=fr&amp;redirectslug=activer-desactiver-cookies\">Firefox<\/a><br \/>\n<a href=\"https:\/\/support.google.com\/chrome\/answer\/95647?hl=fr\">Chrome<\/a><br \/>\n<a href=\"https:\/\/support.microsoft.com\/en-us\/help\/17442\/windows-internet-explorer-delete-manage-cookies#ie=ie-9\">Explorer<\/a><br \/>\n<a href=\"https:\/\/support.apple.com\/kb\/PH17191?locale=en_US&amp;viewlocale=fr_FR\">Safari<\/a><br \/>\n<a href=\"https:\/\/www.opera.com\/help\/tutorials\/security\/privacy\/\">Opera<\/a><\/p>\n<h3><span style=\"font-size: 14pt;\">Exercer vos droits<\/span><\/h3>\n<p>Vous pouvez acc\u00e9der aux donn\u00e9es vous concernant et exercer vos droits d\u2019acc\u00e8s, de rectification, de limitation, d\u2019opposition que vous tenez des articles 15, 16, 18 et 21 du RGPD, par courriel aupr\u00e8s de <em>muriel.donati@ac-nice.fr.<\/em><\/p>\n<p>De la m\u00eame mani\u00e8re, vous pouvez exercer les droits pr\u00e9vus \u00e0 l\u2019article 106 de la loi n\u00b0 78-17 du 6 janvier 1978 relative \u00e0 l\u2019informatique, aux fichiers et aux libert\u00e9s.<\/p>\n<p>Pour toute question sur le traitement de vos donn\u00e9es dans ce dispositif, vous pouvez contacter le d\u00e9l\u00e9gu\u00e9 \u00e0 la protection des donn\u00e9es (DPD) via le <a href=\"https:\/\/www.ac-nice.fr\/contacter\/category\/saisir-le-delegue-la-protection-des-donnees-personnelles-dpd\">formulaire \u00ab\u00a0Contacter le d\u00e9l\u00e9gu\u00e9 \u00e0 la protection des donn\u00e9es (DPD)\u00a0\u00bb<\/a> ou par courrier&nbsp;:<\/p>\n<p>Rectorat de l&rsquo;acad\u00e9mie de Nice<br \/>\n\u00c0 l&rsquo;attention du d\u00e9l\u00e9gu\u00e9 \u00e0 la protection des donn\u00e9es (DPD)<br \/>\n53 avenue Cap de Croix<br \/>\n06181 Nice Cedex 2<\/p>\n<p>Si vous estimez, apr\u00e8s nous avoir contact\u00e9s, que vos droits ne sont pas respect\u00e9s ou que ce dispositif n\u2019est pas conforme aux r\u00e8gles de protection des donn\u00e9es, vous pouvez adresser une r\u00e9clamation aupr\u00e8s de la Commission nationale de l\u2019informatique et des libert\u00e9s (CNIL) via leur <a href=\"https:\/\/www.cnil.fr\/fr\/vous-souhaitez-contacter-la-cnil\">espace de contact<\/a>.<\/p>\n<p><img loading=\"lazy\" decoding=\"async\" class=\"alignnone size-medium wp-image-1606\" src=\"https:\/\/www.pedagogie.ac-nice.fr\/anglais\/wp-content\/uploads\/sites\/41\/2021\/03\/logo-academie-de-nice-300x300-1-rotated-e1616359755110-300x300.jpg\" alt=\"\" width=\"300\" height=\"300\" srcset=\"https:\/\/www.pedagogie.ac-nice.fr\/anglais\/wp-content\/uploads\/sites\/41\/2021\/03\/logo-academie-de-nice-300x300-1-rotated-e1616359755110.jpg 300w, https:\/\/www.pedagogie.ac-nice.fr\/anglais\/wp-content\/uploads\/sites\/41\/2021\/03\/logo-academie-de-nice-300x300-1-rotated-e1616359755110-150x150.jpg 150w\" sizes=\"auto, (max-width: 300px) 100vw, 300px\" \/><\/p>\n<p>&nbsp;<\/p>\n","protected":false},"excerpt":{"rendered":"<p>Informations \u00e9ditoriales&nbsp; Rectorat de l\u2019acad\u00e9mie de Nice 53 avenue Cap de Croix 06181 Nice cedex 2 T\u00e9l\u00e9phone 04 93 53 70 70 T\u00e9l\u00e9copie 04 93 53 70 83 Direction de la publication : Natacha CHICOT Rectrice de l&rsquo;acad\u00e9mie de Nice Responsable de la publication : Ari BOUANICHE, IA-IAPR Langues Vivantes, Anglais Ari.Bouaniche@ac-nice.fr Webmestre &nbsp;et Interlocutrice &hellip; <\/p>\n<p><a class=\"more-link btn\" href=\"https:\/\/www.pedagogie.ac-nice.fr\/anglais\/mentions-legales\/\">Lire la suite<\/a><\/p>\n","protected":false},"author":250,"featured_media":0,"parent":0,"menu_order":0,"comment_status":"closed","ping_status":"closed","template":"","meta":{"ngg_post_thumbnail":0,"footnotes":""},"class_list":["post-1597","page","type-page","status-publish","hentry","nodate","item-wrap"],"rttpg_featured_image_url":null,"rttpg_author":{"display_name":"Sabrina Redjem","author_link":"https:\/\/www.pedagogie.ac-nice.fr\/anglais\/author\/iananglais\/"},"rttpg_comment":0,"rttpg_category":null,"rttpg_excerpt":"Informations \u00e9ditoriales&nbsp; Rectorat de l\u2019acad\u00e9mie de Nice 53 avenue Cap de Croix 06181 Nice cedex 2 T\u00e9l\u00e9phone 04 93 53 70 70 T\u00e9l\u00e9copie 04 93 53 70 83 Direction de la publication : Natacha CHICOT Rectrice de l&rsquo;acad\u00e9mie de Nice Responsable de la publication : Ari BOUANICHE, IA-IAPR Langues Vivantes, Anglais Ari.Bouaniche@ac-nice.fr Webmestre &nbsp;et Interlocutrice\u2026","post_mailing_queue_ids":[],"_links":{"self":[{"href":"https:\/\/www.pedagogie.ac-nice.fr\/anglais\/wp-json\/wp\/v2\/pages\/1597","targetHints":{"allow":["GET"]}}],"collection":[{"href":"https:\/\/www.pedagogie.ac-nice.fr\/anglais\/wp-json\/wp\/v2\/pages"}],"about":[{"href":"https:\/\/www.pedagogie.ac-nice.fr\/anglais\/wp-json\/wp\/v2\/types\/page"}],"author":[{"embeddable":true,"href":"https:\/\/www.pedagogie.ac-nice.fr\/anglais\/wp-json\/wp\/v2\/users\/250"}],"replies":[{"embeddable":true,"href":"https:\/\/www.pedagogie.ac-nice.fr\/anglais\/wp-json\/wp\/v2\/comments?post=1597"}],"version-history":[{"count":11,"href":"https:\/\/www.pedagogie.ac-nice.fr\/anglais\/wp-json\/wp\/v2\/pages\/1597\/revisions"}],"predecessor-version":[{"id":2733,"href":"https:\/\/www.pedagogie.ac-nice.fr\/anglais\/wp-json\/wp\/v2\/pages\/1597\/revisions\/2733"}],"wp:attachment":[{"href":"https:\/\/www.pedagogie.ac-nice.fr\/anglais\/wp-json\/wp\/v2\/media?parent=1597"}],"curies":[{"name":"wp","href":"https:\/\/api.w.org\/{rel}","templated":true}]}}