{"id":2747,"date":"2024-12-03T15:30:46","date_gmt":"2024-12-03T14:30:46","guid":{"rendered":"https:\/\/www.pedagogie.ac-nice.fr\/anglais\/?page_id=2747"},"modified":"2026-03-04T06:31:28","modified_gmt":"2026-03-04T05:31:28","slug":"newsletters-des-ia-ipr","status":"publish","type":"page","link":"https:\/\/www.pedagogie.ac-nice.fr\/anglais\/newsletters-des-ia-ipr\/","title":{"rendered":"Newsletters des IA-IPR"},"content":{"rendered":"<p>Vous pourrez retrouver ici l&rsquo;int\u00e9gralit\u00e9 des newsletters expedi\u00e9es par les IA-IPR pour cette ann\u00e9e scolaire.<\/p>\n<p>Mars 2026<br \/>\n<a href=\"https:\/\/www.pedagogie.ac-nice.fr\/anglais\/wp-content\/uploads\/sites\/41\/2026\/03\/Newsletter-7-Mars-2026.docx.pdf\" class=\"pdfemb-viewer\" style=\"\" data-width=\"max\" data-height=\"max\" data-toolbar=\"bottom\" data-toolbar-fixed=\"off\">Newsletter 7 Mars 2026.docx<\/a><\/p>\n<p>F\u00e9vrier 2026<br \/>\n<a href=\"https:\/\/www.pedagogie.ac-nice.fr\/anglais\/wp-content\/uploads\/sites\/41\/2026\/02\/Newsletter-6-Feb-2026.pdf\" class=\"pdfemb-viewer\" style=\"\" data-width=\"max\" data-height=\"max\" data-toolbar=\"bottom\" data-toolbar-fixed=\"off\">Newsletter 6 Feb 2026<\/a><\/p>\n<p>Janvier 2026<br \/>\n<a href=\"https:\/\/www.pedagogie.ac-nice.fr\/anglais\/wp-content\/uploads\/sites\/41\/2026\/01\/Newsletter-5-Jan-2026.pdf\" class=\"pdfemb-viewer\" style=\"\" data-width=\"max\" data-height=\"max\" data-toolbar=\"bottom\" data-toolbar-fixed=\"off\">Newsletter 5 Jan 2026<\/a><\/p>\n<p>D\u00e9cembre 2025 :<br \/>\n<a href=\"https:\/\/www.pedagogie.ac-nice.fr\/anglais\/wp-content\/uploads\/sites\/41\/2025\/12\/Newsletter-4-Dec.pdf\" class=\"pdfemb-viewer\" style=\"\" data-width=\"max\" data-height=\"max\" data-toolbar=\"bottom\" data-toolbar-fixed=\"off\">Newsletter 4 Dec<\/a><\/p>\n<p>Novembre 2025 :<br \/>\n<a href=\"https:\/\/www.pedagogie.ac-nice.fr\/anglais\/wp-content\/uploads\/sites\/41\/2025\/11\/Newsletter-3-Nov-2025.docx.pdf\" class=\"pdfemb-viewer\" style=\"\" data-width=\"max\" data-height=\"max\" data-toolbar=\"bottom\" data-toolbar-fixed=\"off\">Newsletter 3 Novembre 2025.docx<\/a><\/p>\n<p>Octobre 2025 :<br \/>\n<a href=\"https:\/\/www.pedagogie.ac-nice.fr\/anglais\/wp-content\/uploads\/sites\/41\/2025\/10\/Newsletter-2-Octobre-2025.pdf\" class=\"pdfemb-viewer\" style=\"\" data-width=\"max\" data-height=\"max\" data-toolbar=\"bottom\" data-toolbar-fixed=\"off\">Newsletter 2 Octobre 2025<\/a><\/p>\n<p>Septembre 2025 :<br \/>\n<a href=\"https:\/\/www.pedagogie.ac-nice.fr\/anglais\/wp-content\/uploads\/sites\/41\/2025\/09\/Newsletter-1-Septembre-2025.docx.pdf\" class=\"pdfemb-viewer\" style=\"\" data-width=\"max\" data-height=\"max\" data-toolbar=\"bottom\" data-toolbar-fixed=\"off\">Newsletter 1 Septembre 2025.docx<\/a><\/p>\n","protected":false},"excerpt":{"rendered":"<p>Vous pourrez retrouver ici l&rsquo;int\u00e9gralit\u00e9 des newsletters expedi\u00e9es par les IA-IPR pour cette ann\u00e9e scolaire. Mars 2026 F\u00e9vrier 2026 Janvier 2026 D\u00e9cembre 2025 : Novembre 2025 : Octobre 2025 : Septembre 2025 :<\/p>\n","protected":false},"author":248,"featured_media":0,"parent":0,"menu_order":0,"comment_status":"closed","ping_status":"closed","template":"","meta":{"ngg_post_thumbnail":0,"footnotes":""},"class_list":["post-2747","page","type-page","status-publish","hentry","nodate","item-wrap"],"rttpg_featured_image_url":null,"rttpg_author":{"display_name":"Ari Bouaniche","author_link":"https:\/\/www.pedagogie.ac-nice.fr\/anglais\/author\/portailanglais\/"},"rttpg_comment":0,"rttpg_category":null,"rttpg_excerpt":"Vous pourrez retrouver ici l&rsquo;int\u00e9gralit\u00e9 des newsletters expedi\u00e9es par les IA-IPR pour cette ann\u00e9e scolaire. Mars 2026 F\u00e9vrier 2026 Janvier 2026 D\u00e9cembre 2025 : Novembre 2025 : Octobre 2025 : Septembre 2025 :","post_mailing_queue_ids":[],"_links":{"self":[{"href":"https:\/\/www.pedagogie.ac-nice.fr\/anglais\/wp-json\/wp\/v2\/pages\/2747","targetHints":{"allow":["GET"]}}],"collection":[{"href":"https:\/\/www.pedagogie.ac-nice.fr\/anglais\/wp-json\/wp\/v2\/pages"}],"about":[{"href":"https:\/\/www.pedagogie.ac-nice.fr\/anglais\/wp-json\/wp\/v2\/types\/page"}],"author":[{"embeddable":true,"href":"https:\/\/www.pedagogie.ac-nice.fr\/anglais\/wp-json\/wp\/v2\/users\/248"}],"replies":[{"embeddable":true,"href":"https:\/\/www.pedagogie.ac-nice.fr\/anglais\/wp-json\/wp\/v2\/comments?post=2747"}],"version-history":[{"count":15,"href":"https:\/\/www.pedagogie.ac-nice.fr\/anglais\/wp-json\/wp\/v2\/pages\/2747\/revisions"}],"predecessor-version":[{"id":2943,"href":"https:\/\/www.pedagogie.ac-nice.fr\/anglais\/wp-json\/wp\/v2\/pages\/2747\/revisions\/2943"}],"wp:attachment":[{"href":"https:\/\/www.pedagogie.ac-nice.fr\/anglais\/wp-json\/wp\/v2\/media?parent=2747"}],"curies":[{"name":"wp","href":"https:\/\/api.w.org\/{rel}","templated":true}]}}