{"id":110,"date":"2020-01-27T10:00:22","date_gmt":"2020-01-27T09:00:22","guid":{"rendered":"https:\/\/www.pedagogie.ac-nice.fr\/arts\/?page_id=110"},"modified":"2022-02-22T10:48:05","modified_gmt":"2022-02-22T09:48:05","slug":"sinformer","status":"publish","type":"page","link":"https:\/\/www.pedagogie.ac-nice.fr\/arts\/sinformer\/","title":{"rendered":"Enseigner au coll\u00e8ge"},"content":{"rendered":"<p><span style=\"font-size: 36pt; font-family: webdings;\">Programmes \/ <a href=\"#edu\">Edubase<\/a>\/ <a href=\"#res\">Ressources<\/a><\/span><\/p>\n<header class=\"entry-header\">\n<hr>\n<h1 class=\"entry-title\">Les Ressources d\u2019accompagnement<\/h1>\n<\/header>\n<div class=\"entry-content\">\n<p>Les ressources d\u2019accompagnement proposent des outils p\u00e9dagogiques, didactiques et scientifiques pour aider les enseignants \u00e0 s\u2019approprier les programmes et \u00e0 les mettre en \u0153uvre dans les classes. Ces ressources ont \u00e9t\u00e9 con\u00e7ues et r\u00e9alis\u00e9es par des groupes d\u2019experts en partenariat avec l\u2019inspection g\u00e9n\u00e9rale de l\u2019\u00c9ducation nationale.<br \/>\nLien vers<a href=\"https:\/\/www.pedagogie.ac-nice.fr\/arts\/ressources-daccompagnement\/\"> la page<\/a><\/p>\n<\/div>\n<hr>\n<p><span style=\"color: #339966;\"><span style=\"font-size: 18pt;\">Le cycle 3<\/span><br \/>\n<\/span><a href=\"https:\/\/www.pedagogie.ac-nice.fr\/arts\/wp-content\/uploads\/sites\/33\/2021\/04\/programme_arts_plastiques_cycle_3-juillet_2020.pdf\"><img loading=\"lazy\" decoding=\"async\" class=\"alignnone wp-image-1620\" src=\"https:\/\/www.pedagogie.ac-nice.fr\/arts\/wp-content\/uploads\/sites\/33\/2021\/04\/prog3.png\" alt=\"\" width=\"307\" height=\"264\"><\/a><br \/>\n<span style=\"color: #008000; font-size: 18pt;\">Le cycle 4<br \/>\n<a href=\"https:\/\/www.pedagogie.ac-nice.fr\/arts\/wp-content\/uploads\/sites\/33\/2021\/04\/programme_arts_plastiques_cycle_4-juillet_2020.pdf\"><img loading=\"lazy\" decoding=\"async\" class=\"alignnone size-medium wp-image-1621\" src=\"https:\/\/www.pedagogie.ac-nice.fr\/arts\/wp-content\/uploads\/sites\/33\/2021\/04\/prog4-300x288.png\" alt=\"\" width=\"300\" height=\"288\" srcset=\"https:\/\/www.pedagogie.ac-nice.fr\/arts\/wp-content\/uploads\/sites\/33\/2021\/04\/prog4-300x288.png 300w, https:\/\/www.pedagogie.ac-nice.fr\/arts\/wp-content\/uploads\/sites\/33\/2021\/04\/prog4-768x737.png 768w, https:\/\/www.pedagogie.ac-nice.fr\/arts\/wp-content\/uploads\/sites\/33\/2021\/04\/prog4-312x300.png 312w, https:\/\/www.pedagogie.ac-nice.fr\/arts\/wp-content\/uploads\/sites\/33\/2021\/04\/prog4.png 904w\" sizes=\"(max-width: 300px) 100vw, 300px\" \/><\/a><br \/>\nL&rsquo;histoire des arts<br \/>\nProgramme <a href=\"https:\/\/www.pedagogie.ac-nice.fr\/arts\/wp-content\/uploads\/sites\/33\/2021\/04\/programme_histoire_des_arts_cycle_4.pdf\">Histoire des arts Cycle 4<\/a><br \/>\n<\/span><\/p>\n<p><span style=\"color: #008000; font-size: 18pt;\"><span dir=\"ltr\">-Volet <\/span><span dir=\"ltr\">1<\/span><span dir=\"ltr\">: <\/span><a href=\"http:\/\/Volet1:Lessp\u00e9cificit\u00e9sducycledesapprofondissements(cycle4)\"><span dir=\"ltr\">L<\/span><span dir=\"ltr\">es <\/span><span dir=\"ltr\">sp\u00e9cificit\u00e9s <\/span><span dir=\"ltr\">du <\/span><span dir=\"ltr\">cycle <\/span><span dir=\"ltr\">des <\/span><\/a><span dir=\"ltr\">approfondissements <\/span><span dir=\"ltr\">(<\/span><span dir=\"ltr\">cycle<\/span><span dir=\"ltr\">4)<\/span><br \/>\n<\/span><\/p>\n<p><span style=\"font-size: 18pt;\"><span dir=\"ltr\">Volet <\/span><span dir=\"ltr\">2<\/span><span dir=\"ltr\">: <\/span><a href=\"https:\/\/www.pedagogie.ac-nice.fr\/arts\/wp-content\/uploads\/sites\/33\/2021\/04\/volet_1-les_specificites_du_cycle_des_approfondissements_cycle_4_.pdf\"><span dir=\"ltr\">Contributions <\/span><span dir=\"ltr\">essentielles <\/span><span dir=\"ltr\">des <\/span><span dir=\"ltr\">diff\u00e9rents <\/span><span dir=\"ltr\">enseigne<\/span><span dir=\"ltr\">ments <\/span><span dir=\"ltr\">et <\/span><span dir=\"ltr\">champs <\/span><span dir=\"ltr\">\u00e9ducatifs <\/span><span dir=\"ltr\">au <\/span><span dir=\"ltr\">socle <\/span><span dir=\"ltr\">commun<\/span><\/a><a id=\"edu\"><\/a><\/span><\/p>\n<p>&nbsp;<\/p>\n<p>&nbsp;<\/p>\n<hr>\n<div id=\"header\" class=\"header\">\n<div class=\"ajaxbloc bind-ajaxReload\" data-ajax-env=\"5omFcLsOY34eD8IeDCO1IDLY4E\/pnUU4XpvFaIutnRXl\/6acXNpUnOz8jJqJPMQF7v8s+gNy0t6BDhNWKd2ARTJYv0ZQ0sb1ILmFzLci3r1GY4QX5\/UhuoeFJfr0D+saLTWKQrm7IUVZpPhFqjCxbO6SYHfuCCPeyNsvKTus5ciYjscR3ZrGvHmor78TFQmmiLia\/XJ3rIinIZfXlbGsgg6+wk7VrEDaSXcfO85RP3Wlxouj9DlmRdn1OtDiEx6vvo0YlFXckc34VWFL2PtqmfeXFrMt5T8cVquvEGA=\" data-origin=\"spip.php?article525\" aria-live=\"polite\" aria-atomic=\"true\">\n<div id=\"nav\" class=\"navbar navbar-inverse\">\n<div class=\"navbar\">\n<div class=\"menu menu-container navbar-inner rubrique\">&nbsp;<\/div>\n<\/div>\n<\/div>\n<\/div>\n<\/div>\n<div id=\"wrapper\" class=\"wrapper\">\n<div id=\"content\" class=\"content\">\n<div class=\"ajaxbloc bind-ajaxReload\" data-ajax-env=\"5omFcLsOY34eD8IecmOnHkks8TJJy8\/FGyI516vEMTbl\/6acnNu0bO9Ugf2qTULYPUPgN4TzzBZuMN9uBzKeZFt+P5jqiNF9YkjrEO76aS5GAUSj03rPfLTsXXIRY9uTzlvxVGQHzv1BA5krVdthP8sdQEVw6cBW16QXFJu\/NZUeJZ1JkaMOR29bM+KMz\/gs3s7wyy+PBsUyDqePV7DtFPqY3W32qRdK6FxqHz6dPjGaYG20aeDo7doUNDRdfSKqDtT6MKsxubOmG0aGqK5X5Rp1Pjmu8R4bYv8uED2tGyE=\" data-origin=\"spip.php?article525\" aria-live=\"polite\" aria-atomic=\"true\">\n<p><a href=\"https:\/\/edubase.eduscol.education.fr\/\"><img loading=\"lazy\" decoding=\"async\" class=\"alignnone size-medium wp-image-1629\" src=\"https:\/\/www.pedagogie.ac-nice.fr\/arts\/wp-content\/uploads\/sites\/33\/2021\/04\/edub-300x107.png\" alt=\"\" width=\"300\" height=\"107\" srcset=\"https:\/\/www.pedagogie.ac-nice.fr\/arts\/wp-content\/uploads\/sites\/33\/2021\/04\/edub-300x107.png 300w, https:\/\/www.pedagogie.ac-nice.fr\/arts\/wp-content\/uploads\/sites\/33\/2021\/04\/edub-1024x364.png 1024w, https:\/\/www.pedagogie.ac-nice.fr\/arts\/wp-content\/uploads\/sites\/33\/2021\/04\/edub-768x273.png 768w, https:\/\/www.pedagogie.ac-nice.fr\/arts\/wp-content\/uploads\/sites\/33\/2021\/04\/edub-500x178.png 500w, https:\/\/www.pedagogie.ac-nice.fr\/arts\/wp-content\/uploads\/sites\/33\/2021\/04\/edub.png 1076w\" sizes=\"(max-width: 300px) 100vw, 300px\" \/><\/a><\/p>\n<\/div>\n<div class=\"ajaxbloc bind-ajaxReload\" data-ajax-env=\"5okPcLsOY37BsI6gXHIVrSa2+0zunc3T3G46f6Mc1SAoFhG3TdpACTt5fOuxsdJU6doYjEy3RYHxPWjKSL0nMhr0brZklKZ9eC5HsNzaMzp2YOO2\/2AZQI9zGQIkK9z3CSyORgJuLVlcUNCcr9H7xVqcc4YPG+6KN694Yd4yx4CVgTzr0uJHAE91lsFg4iIoA5y6ZGsJGF6eSCCJruSUF1wTXZ8WS6YVhP7VhYTPNmVUiJOCaBCjAen1Ouji31b73YYeaFLcXFPVgOw+VM5m8ZJug6iEh3Z6Z5SUUg0rOR0=\" data-origin=\"spip.php?article525\" aria-live=\"polite\" aria-atomic=\"true\">\n<div id=\"article_cartouche\">\n<header class=\"cartouche\">\n<h1><span class=\"\"><em>\u00c9duBase<\/em> <span style=\"color: #808000;\">de nombreuses ressources pour les cycles 3 &amp; 4<\/span><\/span><\/h1>\n<p><time datetime=\"2017-09-19T07:57:37Z\">&nbsp;<\/time>Afin d\u2019accompagner les programmes d\u2019arts plastiques des cycles 3 et 4 de nombreuses ressources sont mises en ligne sur le site Edu Bases<\/p>\n<p>\u00c9duBase recense les pratiques p\u00e9dagogiques valoris\u00e9es par les acad\u00e9mies, en lien avec le num\u00e9rique \u00e9ducatif et en relation avec les programmes.<\/p>\n<p>Un navigateur r\u00e9cent, compatible avec HTML5 et CSS3, est recommand\u00e9 pour ce site.<\/p>\n<\/header>\n<\/div>\n<\/div>\n<\/div>\n<\/div>\n<p><a href=\"https:\/\/histoiredesarts.culture.gouv.fr\/\"><img loading=\"lazy\" decoding=\"async\" class=\"alignnone size-full wp-image-1645\" src=\"https:\/\/www.pedagogie.ac-nice.fr\/arts\/wp-content\/uploads\/sites\/33\/2021\/04\/hidap1.png\" alt=\"\" width=\"776\" height=\"95\" srcset=\"https:\/\/www.pedagogie.ac-nice.fr\/arts\/wp-content\/uploads\/sites\/33\/2021\/04\/hidap1.png 776w, https:\/\/www.pedagogie.ac-nice.fr\/arts\/wp-content\/uploads\/sites\/33\/2021\/04\/hidap1-300x37.png 300w, https:\/\/www.pedagogie.ac-nice.fr\/arts\/wp-content\/uploads\/sites\/33\/2021\/04\/hidap1-768x94.png 768w, https:\/\/www.pedagogie.ac-nice.fr\/arts\/wp-content\/uploads\/sites\/33\/2021\/04\/hidap1-500x61.png 500w\" sizes=\"(max-width: 776px) 100vw, 776px\" \/><\/a><\/p>\n<header><a href=\"https:\/\/www.edutheque.fr\/accueil.html\"> <img loading=\"lazy\" decoding=\"async\" class=\"alignnone size-large wp-image-1646\" src=\"https:\/\/www.pedagogie.ac-nice.fr\/arts\/wp-content\/uploads\/sites\/33\/2021\/04\/eduthe-1024x146.png\" alt=\"\" width=\"584\" height=\"83\" srcset=\"https:\/\/www.pedagogie.ac-nice.fr\/arts\/wp-content\/uploads\/sites\/33\/2021\/04\/eduthe-1024x146.png 1024w, https:\/\/www.pedagogie.ac-nice.fr\/arts\/wp-content\/uploads\/sites\/33\/2021\/04\/eduthe-300x43.png 300w, https:\/\/www.pedagogie.ac-nice.fr\/arts\/wp-content\/uploads\/sites\/33\/2021\/04\/eduthe-768x109.png 768w, https:\/\/www.pedagogie.ac-nice.fr\/arts\/wp-content\/uploads\/sites\/33\/2021\/04\/eduthe-500x71.png 500w, https:\/\/www.pedagogie.ac-nice.fr\/arts\/wp-content\/uploads\/sites\/33\/2021\/04\/eduthe.png 1174w\" sizes=\"(max-width: 584px) 100vw, 584px\" \/><\/a><\/header>\n<header><\/header>\n<header><a href=\"https:\/\/eduscol.education.fr\/arts-plastiques\/edunum\/edunum-arts-26\"><img loading=\"lazy\" decoding=\"async\" class=\"alignnone size-full wp-image-1648\" src=\"https:\/\/www.pedagogie.ac-nice.fr\/arts\/wp-content\/uploads\/sites\/33\/2021\/04\/edu_num.png\" alt=\"\" width=\"860\" height=\"484\" srcset=\"https:\/\/www.pedagogie.ac-nice.fr\/arts\/wp-content\/uploads\/sites\/33\/2021\/04\/edu_num.png 860w, https:\/\/www.pedagogie.ac-nice.fr\/arts\/wp-content\/uploads\/sites\/33\/2021\/04\/edu_num-300x169.png 300w, https:\/\/www.pedagogie.ac-nice.fr\/arts\/wp-content\/uploads\/sites\/33\/2021\/04\/edu_num-768x432.png 768w, https:\/\/www.pedagogie.ac-nice.fr\/arts\/wp-content\/uploads\/sites\/33\/2021\/04\/edu_num-500x281.png 500w\" sizes=\"(max-width: 860px) 100vw, 860px\" \/><\/a><\/header>\n<header><\/header>\n<header><\/header>\n<header><\/header>\n<header>\n<hr>\n<p><span style=\"font-size: 24pt;\"><a id=\"res\"><\/a>Comment publier une vid\u00e9o sur Acamedia<\/span><\/p>\n<\/header>\n<header><\/header>\n<header><\/header>\n<header><\/header>\n<div id=\"c74576\" class=\"colPos0 setPos isHidden0\">\n<div class=\"csc-textpic csc-textpic-center csc-textpic-below\">\n<div class=\"csc-textpic-text\">\n<p><img loading=\"lazy\" decoding=\"async\" class=\"alignnone size-medium\" src=\"https:\/\/regardsdecollegiens.departement06.fr\/documents\/Usine\/regards-de-collegiens\/aide-tuto\/daac.jpg\" width=\"259\" height=\"163\"><\/p>\n<p>L&rsquo;acc\u00e8s au site <strong>Acamedia<\/strong> de l&rsquo;Acad\u00e9mie de Nice est en acc\u00e8s r\u00e9serv\u00e9 aux enseignants.<\/p>\n<p>Le mode d\u2019emploi ci-apr\u00e8s a \u00e9t\u00e9 \u00e9tabli par Juliette Lassalle, professeur d\u2019Histoire-g\u00e9ographie, charg\u00e9e de mission DAAC de l\u2019Acad\u00e9mie de Nice.<\/p>\n<\/div>\n<\/div>\n<\/div>\n<p>\u2192 Lien vers la<a href=\"https:\/\/regardsdecollegiens.departement06.fr\/participer-a-regards-de-collegiens\/comment-publier-une-video-sur-acamedia-32223.html\"> page<\/a><\/p>\n<p><a href=\"https:\/\/acamedia.ac-nice.fr\/v2\/numerique-et-ap-n%C2%B04-acamedia-_v5252\"> <img loading=\"lazy\" decoding=\"async\" class=\"alignnone size-large wp-image-1650\" src=\"https:\/\/www.pedagogie.ac-nice.fr\/arts\/wp-content\/uploads\/sites\/33\/2021\/04\/acam-1024x573.png\" alt=\"\" width=\"584\" height=\"327\" srcset=\"https:\/\/www.pedagogie.ac-nice.fr\/arts\/wp-content\/uploads\/sites\/33\/2021\/04\/acam-1024x573.png 1024w, https:\/\/www.pedagogie.ac-nice.fr\/arts\/wp-content\/uploads\/sites\/33\/2021\/04\/acam-300x168.png 300w, https:\/\/www.pedagogie.ac-nice.fr\/arts\/wp-content\/uploads\/sites\/33\/2021\/04\/acam-768x430.png 768w, https:\/\/www.pedagogie.ac-nice.fr\/arts\/wp-content\/uploads\/sites\/33\/2021\/04\/acam-500x280.png 500w, https:\/\/www.pedagogie.ac-nice.fr\/arts\/wp-content\/uploads\/sites\/33\/2021\/04\/acam.png 1062w\" sizes=\"(max-width: 584px) 100vw, 584px\" \/><\/a><\/p>\n<p><strong>ET dans MOODLE<br \/>\n<a href=\"https:\/\/acamedia.ac-nice.fr\/v2\/2-integrer-video-acamedia-ds-moodle_v4411\"><img loading=\"lazy\" decoding=\"async\" class=\"alignnone size-full wp-image-1655\" src=\"https:\/\/www.pedagogie.ac-nice.fr\/arts\/wp-content\/uploads\/sites\/33\/2021\/04\/moodl.png\" alt=\"\" width=\"978\" height=\"564\" srcset=\"https:\/\/www.pedagogie.ac-nice.fr\/arts\/wp-content\/uploads\/sites\/33\/2021\/04\/moodl.png 978w, https:\/\/www.pedagogie.ac-nice.fr\/arts\/wp-content\/uploads\/sites\/33\/2021\/04\/moodl-300x173.png 300w, https:\/\/www.pedagogie.ac-nice.fr\/arts\/wp-content\/uploads\/sites\/33\/2021\/04\/moodl-768x443.png 768w, https:\/\/www.pedagogie.ac-nice.fr\/arts\/wp-content\/uploads\/sites\/33\/2021\/04\/moodl-500x288.png 500w\" sizes=\"(max-width: 978px) 100vw, 978px\" \/><\/a><\/strong><\/p>\n<hr>\n<p>&nbsp;<\/p>\n<p>&nbsp;<\/p>\n<p><span style=\"font-size: 36pt;\">Exemple de pratique<\/span><\/p>\n<p>&nbsp;<\/p>\n<p>&nbsp;<\/p>\n<hr>\n<p>&nbsp;<\/p>\n<p>&nbsp;<\/p>\n<p>&nbsp;<\/p>\n<p>&nbsp;<\/p>\n<p>&nbsp;<\/p>\n<p><a class=\"\" href=\"https:\/\/eduscol.education.fr\/arts-plastiques\/sinformer.html\">S&rsquo;INFORMER<\/a><\/p>\n<ul>\n<li class=\"titre_niveau2\"><a class=\"\" href=\"https:\/\/eduscol.education.fr\/arts-plastiques\/sinformer\/textes-officiels.html\">Textes officiels<\/a>\n<ul class=\"niv3\">\n<li style=\"list-style-type: none;\">\n<ul class=\"niv3\">\n<li class=\"titre_niveau3\"><a class=\"\" href=\"https:\/\/eduscol.education.fr\/arts-plastiques\/sinformer\/textes-officiels\/programmes.html\">Programmes<\/a><\/li>\n<li class=\"titre_niveau3\"><a class=\"\" href=\"https:\/\/eduscol.education.fr\/arts-plastiques\/sinformer\/textes-officiels\/examens.html\">Examens<\/a><\/li>\n<li class=\"titre_niveau3\"><a class=\"\" href=\"https:\/\/eduscol.education.fr\/arts-plastiques\/sinformer\/textes-officiels\/parcours.html\">Parcours<\/a><\/li>\n<li class=\"titre_niveau3\"><a class=\"\" href=\"https:\/\/eduscol.education.fr\/arts-plastiques\/sinformer\/textes-officiels\/dispositifs.html\">Dispositifs<\/a><\/li>\n<li class=\"titre_niveau3\"><a class=\"\" href=\"https:\/\/eduscol.education.fr\/arts-plastiques\/sinformer\/textes-officiels\/enseignements-transversaux.html\">Enseignements transversaux<\/a><\/li>\n<\/ul>\n<\/li>\n<\/ul>\n<div>&nbsp;<\/div>\n<\/li>\n<li class=\"titre_niveau2\"><a class=\"\" href=\"https:\/\/eduscol.education.fr\/arts-plastiques\/sinformer\/orientation-et-metiers-specifiques-au-domaine-des-arts-plastiques.html\">Orientation et m\u00e9tiers sp\u00e9cifiques au domaine des arts plastiques<\/a>\n<ul class=\"niv3\">\n<li style=\"list-style-type: none;\">\n<ul class=\"niv3\">\n<li class=\"titre_niveau3\"><a class=\"\" href=\"https:\/\/eduscol.education.fr\/arts-plastiques\/sinformer\/orientation-et-metiers-specifiques-au-domaine-des-arts-plastiques\/aide-a-lorientation-dans-les-filieres-artistiques.html\">Aide \u00e0 l&rsquo;orientation dans les fili\u00e8res artistiques<\/a><\/li>\n<li class=\"titre_niveau3\"><a class=\"\" href=\"https:\/\/eduscol.education.fr\/arts-plastiques\/sinformer\/orientation-et-metiers-specifiques-au-domaine-des-arts-plastiques\/les-metiers-de-la-discipline.html\">Les m\u00e9tiers de la discipline<\/a><\/li>\n<\/ul>\n<\/li>\n<\/ul>\n<div>&nbsp;<\/div>\n<\/li>\n<li class=\"titre_niveau2\"><a class=\"\" href=\"https:\/\/eduscol.education.fr\/arts-plastiques\/sinformer\/environnement-professionnel.html\">Environnement professionnel<\/a>\n<ul class=\"niv3\">\n<li style=\"list-style-type: none;\">\n<ul class=\"niv3\">\n<li class=\"titre_niveau3\"><a class=\"\" href=\"https:\/\/eduscol.education.fr\/arts-plastiques\/sinformer\/environnement-professionnel\/au-niveau-de-letablissement.html\">Au niveau de l&rsquo;\u00e9tablissement<\/a><\/li>\n<li class=\"titre_niveau3\"><a class=\"\" href=\"https:\/\/eduscol.education.fr\/arts-plastiques\/sinformer\/environnement-professionnel\/au-niveau-academiqueregional.html\">Au niveau acad\u00e9mique\/r\u00e9gional<\/a><\/li>\n<li class=\"titre_niveau3\"><a class=\"\" href=\"https:\/\/eduscol.education.fr\/arts-plastiques\/sinformer\/environnement-professionnel\/au-niveau-ministeriel.html\">Au niveau minist\u00e9riel<\/a><\/li>\n<li class=\"titre_niveau3\"><a class=\"\" href=\"https:\/\/eduscol.education.fr\/arts-plastiques\/sinformer\/environnement-professionnel\/grands-partenaires.html\">Grands partenaires<\/a><\/li>\n<\/ul>\n<\/li>\n<\/ul>\n<div>&nbsp;<\/div>\n<\/li>\n<li class=\"titre_niveau2\"><a class=\"\" href=\"https:\/\/eduscol.education.fr\/arts-plastiques\/sinformer\/enseignement-superieur.html\">Enseignement sup\u00e9rieur<\/a>\n<ul class=\"niv3\">\n<li style=\"list-style-type: none;\">\n<ul class=\"niv3\">\n<li class=\"titre_niveau3\"><a class=\"\" href=\"https:\/\/eduscol.education.fr\/arts-plastiques\/sinformer\/enseignement-superieur\/classes-preparatoires.html\">Classes pr\u00e9paratoires<\/a><\/li>\n<li class=\"titre_niveau3\"><a class=\"\" href=\"https:\/\/eduscol.education.fr\/arts-plastiques\/sinformer\/enseignement-superieur\/universites.html\">Universit\u00e9s<\/a><\/li>\n<li class=\"titre_niveau3\"><a class=\"\" href=\"https:\/\/eduscol.education.fr\/arts-plastiques\/sinformer\/enseignement-superieur\/ecoles-dart.html\">Ecoles d&rsquo;art<\/a><\/li>\n<li class=\"titre_niveau3\"><a class=\"\" href=\"https:\/\/eduscol.education.fr\/arts-plastiques\/sinformer\/enseignement-superieur\/ecoles-darchitecture.html\">\u00c9coles d&rsquo;architecture<\/a><\/li>\n<\/ul>\n<\/li>\n<\/ul>\n<div>&nbsp;<\/div>\n<\/li>\n<li class=\"titre_niveau2\"><a class=\"\" href=\"https:\/\/eduscol.education.fr\/arts-plastiques\/sinformer\/statut-de-lenseignant.html\">Statut de l&rsquo;enseignant<\/a>\n<ul class=\"niv3\">\n<li style=\"list-style-type: none;\">\n<ul class=\"niv3\">\n<li class=\"titre_niveau3\"><a class=\"\" href=\"https:\/\/eduscol.education.fr\/arts-plastiques\/sinformer\/statut-de-lenseignant\/portail-entrer-dans-le-metier.html\">Portail \u00ab\u00a0Entrer dans le m\u00e9tier\u00a0\u00bb<\/a><\/li>\n<li class=\"titre_niveau3\"><a class=\"\" href=\"https:\/\/eduscol.education.fr\/arts-plastiques\/sinformer\/statut-de-lenseignant\/missions-de-lenseignant.html\">Missions de l&rsquo;enseignant<\/a><\/li>\n<li class=\"titre_niveau3\"><a class=\"\" href=\"https:\/\/eduscol.education.fr\/arts-plastiques\/sinformer\/statut-de-lenseignant\/portail-de-la-mobilite-des-enseignants.html\">Portail de la mobilit\u00e9 des enseignants<\/a><\/li>\n<li class=\"titre_niveau3\"><a class=\"\" href=\"https:\/\/eduscol.education.fr\/arts-plastiques\/sinformer\/statut-de-lenseignant\/echelles-de-remuneration-et-carriere.html\">Echelles de r\u00e9mun\u00e9ration et carri\u00e8re<\/a><\/li>\n<li class=\"titre_niveau3\"><a class=\"\" href=\"https:\/\/eduscol.education.fr\/arts-plastiques\/sinformer\/statut-de-lenseignant\/couverture-sociale-et-medicale.html\">Couverture sociale et m\u00e9dicale<\/a><\/li>\n<li class=\"titre_niveau3\"><a class=\"\" href=\"https:\/\/eduscol.education.fr\/arts-plastiques\/sinformer\/statut-de-lenseignant\/evolution-de-carriere.html\">Evolution de carri\u00e8re<\/a><\/li>\n<li class=\"titre_niveau3\"><a class=\"\" href=\"https:\/\/eduscol.education.fr\/arts-plastiques\/sinformer\/statut-de-lenseignant\/iprof.html\">Iprof<\/a><\/li>\n<\/ul>\n<\/li>\n<\/ul>\n<div>&nbsp;<\/div>\n<\/li>\n<li class=\"titre_niveau2\"><a class=\"\" href=\"https:\/\/eduscol.education.fr\/arts-plastiques\/sinformer\/international.html\">International<\/a>\n<ul class=\"niv3\">\n<li class=\"titre_niveau3\"><a class=\"\" href=\"https:\/\/eduscol.education.fr\/arts-plastiques\/sinformer\/international\/mobilite-des-eleves.html\">Mobilit\u00e9 des \u00e9l\u00e8ves<\/a><\/li>\n<li class=\"titre_niveau3\"><a class=\"\" href=\"https:\/\/eduscol.education.fr\/arts-plastiques\/sinformer\/international\/mobilite-des-enseignants.html\">Mobilit\u00e9 des enseignants<\/a><\/li>\n<li class=\"titre_niveau3\"><a class=\"\" href=\"https:\/\/eduscol.education.fr\/arts-plastiques\/sinformer\/international\/connaissances-des-systemes-deducation-etrangers.html\">Connaissances des syst\u00e8mes d&rsquo;\u00e9ducation \u00e9trangers<\/a><\/li>\n<\/ul>\n<\/li>\n<\/ul>\n<p>&nbsp;<\/p>\n","protected":false},"excerpt":{"rendered":"<p>Programmes \/ Edubase\/ Ressources Les Ressources d\u2019accompagnement Les ressources d\u2019accompagnement proposent des outils p\u00e9dagogiques, didactiques et scientifiques pour aider les enseignants \u00e0 s\u2019approprier les programmes et \u00e0 les mettre en \u0153uvre dans les classes. Ces ressources ont \u00e9t\u00e9 con\u00e7ues et r\u00e9alis\u00e9es par des groupes d\u2019experts en partenariat avec l\u2019inspection g\u00e9n\u00e9rale de l\u2019\u00c9ducation nationale. Lien vers [&hellip;]<\/p>\n","protected":false},"author":214,"featured_media":0,"parent":0,"menu_order":0,"comment_status":"closed","ping_status":"closed","template":"","meta":{"_et_pb_use_builder":"","_et_pb_old_content":"","_et_gb_content_width":"","ngg_post_thumbnail":0,"footnotes":""},"class_list":["post-110","page","type-page","status-publish","hentry"],"rttpg_featured_image_url":null,"rttpg_author":{"display_name":"adminarts","author_link":"https:\/\/www.pedagogie.ac-nice.fr\/arts\/author\/adminarts\/"},"rttpg_comment":0,"rttpg_category":null,"rttpg_excerpt":"Programmes \/ Edubase\/ Ressources Les Ressources d\u2019accompagnement Les ressources d\u2019accompagnement proposent des outils p\u00e9dagogiques, didactiques et scientifiques pour aider les enseignants \u00e0 s\u2019approprier les programmes et \u00e0 les mettre en \u0153uvre dans les classes. Ces ressources ont \u00e9t\u00e9 con\u00e7ues et r\u00e9alis\u00e9es par des groupes d\u2019experts en partenariat avec l\u2019inspection g\u00e9n\u00e9rale de l\u2019\u00c9ducation nationale. Lien vers\u2026","post_mailing_queue_ids":[],"_links":{"self":[{"href":"https:\/\/www.pedagogie.ac-nice.fr\/arts\/wp-json\/wp\/v2\/pages\/110","targetHints":{"allow":["GET"]}}],"collection":[{"href":"https:\/\/www.pedagogie.ac-nice.fr\/arts\/wp-json\/wp\/v2\/pages"}],"about":[{"href":"https:\/\/www.pedagogie.ac-nice.fr\/arts\/wp-json\/wp\/v2\/types\/page"}],"author":[{"embeddable":true,"href":"https:\/\/www.pedagogie.ac-nice.fr\/arts\/wp-json\/wp\/v2\/users\/214"}],"replies":[{"embeddable":true,"href":"https:\/\/www.pedagogie.ac-nice.fr\/arts\/wp-json\/wp\/v2\/comments?post=110"}],"version-history":[{"count":22,"href":"https:\/\/www.pedagogie.ac-nice.fr\/arts\/wp-json\/wp\/v2\/pages\/110\/revisions"}],"predecessor-version":[{"id":2052,"href":"https:\/\/www.pedagogie.ac-nice.fr\/arts\/wp-json\/wp\/v2\/pages\/110\/revisions\/2052"}],"wp:attachment":[{"href":"https:\/\/www.pedagogie.ac-nice.fr\/arts\/wp-json\/wp\/v2\/media?parent=110"}],"curies":[{"name":"wp","href":"https:\/\/api.w.org\/{rel}","templated":true}]}}