{"id":1247,"date":"2021-01-22T08:42:01","date_gmt":"2021-01-22T07:42:01","guid":{"rendered":"https:\/\/www.pedagogie.ac-nice.fr\/arts\/?page_id=1247"},"modified":"2022-01-18T09:42:35","modified_gmt":"2022-01-18T08:42:35","slug":"apres-le-bac","status":"publish","type":"page","link":"https:\/\/www.pedagogie.ac-nice.fr\/arts\/apres-le-bac\/","title":{"rendered":"APRES LE BAC"},"content":{"rendered":"<p><strong>APRES le<\/strong> <img loading=\"lazy\" decoding=\"async\" class=\"alignnone size-medium wp-image-1048\" src=\"https:\/\/www.pedagogie.ac-nice.fr\/arts\/wp-content\/uploads\/sites\/33\/2020\/02\/2021-300x25.png\" alt=\"\" width=\"300\" height=\"25\" srcset=\"https:\/\/www.pedagogie.ac-nice.fr\/arts\/wp-content\/uploads\/sites\/33\/2020\/02\/2021-300x25.png 300w, https:\/\/www.pedagogie.ac-nice.fr\/arts\/wp-content\/uploads\/sites\/33\/2020\/02\/2021-1024x84.png 1024w, https:\/\/www.pedagogie.ac-nice.fr\/arts\/wp-content\/uploads\/sites\/33\/2020\/02\/2021-768x63.png 768w, https:\/\/www.pedagogie.ac-nice.fr\/arts\/wp-content\/uploads\/sites\/33\/2020\/02\/2021-1536x127.png 1536w, https:\/\/www.pedagogie.ac-nice.fr\/arts\/wp-content\/uploads\/sites\/33\/2020\/02\/2021-500x41.png 500w, https:\/\/www.pedagogie.ac-nice.fr\/arts\/wp-content\/uploads\/sites\/33\/2020\/02\/2021.png 1903w\" sizes=\"(max-width: 300px) 100vw, 300px\" \/><br \/>\n&nbsp;Dans l&rsquo;acad\u00e9mie deux offres s&rsquo;offrent \u00e0 l&rsquo;orientation post baccalaur\u00e9at.<\/p>\n<p>&#8211;<a href=\"https:\/\/www.pedagogie.ac-nice.fr\/arts\/wp-content\/uploads\/sites\/33\/2022\/01\/Brochure-CPES-CAAP-Valbonne-compresse.pdf\"><img loading=\"lazy\" decoding=\"async\" class=\"alignnone size-medium wp-image-1955\" src=\"https:\/\/www.pedagogie.ac-nice.fr\/arts\/wp-content\/uploads\/sites\/33\/2022\/01\/logocpge-300x161.png\" alt=\"\" width=\"300\" height=\"161\" srcset=\"https:\/\/www.pedagogie.ac-nice.fr\/arts\/wp-content\/uploads\/sites\/33\/2022\/01\/logocpge-300x161.png 300w, https:\/\/www.pedagogie.ac-nice.fr\/arts\/wp-content\/uploads\/sites\/33\/2022\/01\/logocpge-768x413.png 768w, https:\/\/www.pedagogie.ac-nice.fr\/arts\/wp-content\/uploads\/sites\/33\/2022\/01\/logocpge-500x269.png 500w, https:\/\/www.pedagogie.ac-nice.fr\/arts\/wp-content\/uploads\/sites\/33\/2022\/01\/logocpge.png 931w\" sizes=\"(max-width: 300px) 100vw, 300px\" \/><\/a><span style=\"font-size: 24pt;\"><br \/>\nLa <a href=\"https:\/\/www.pedagogie.ac-nice.fr\/arts\/wp-content\/uploads\/sites\/33\/2022\/01\/Brochure-CPES-CAAP-Valbonne-compresse.pdf\">CPES CAAP<\/a>&nbsp; Du lyc\u00e9e Simone Veil de&nbsp; Valbonne<\/span>.<br \/>\nEnseignant monsieur Cirendini<\/p>\n<h1><a href=\"https:\/\/www.cpes-caap-valbonne.com\/\"><img loading=\"lazy\" decoding=\"async\" class=\"alignnone size-medium\" src=\"https:\/\/static.wixstatic.com\/media\/cc1b11_4616c23f85114645acec1e2987f3ff0b~mv2.png\/v1\/fill\/w_157,h_159,al_c,q_85,usm_0.66_1.00_0.01\/LOGO%20-T-SHIRT-%20CPES-CAAP%20Valbonne%202020_p.webp\" width=\"157\" height=\"159\"><\/a><br \/>\n<a href=\"https:\/\/www.cpes-caap-valbonne.com\/\"><img loading=\"lazy\" decoding=\"async\" class=\"alignnone wp-image-1342\" src=\"https:\/\/www.pedagogie.ac-nice.fr\/arts\/wp-content\/uploads\/sites\/33\/2021\/02\/veil8-300x133.png\" alt=\"\" width=\"327\" height=\"154\"><\/a><a href=\"https:\/\/www.cpes-caap-valbonne.com\/\"><img loading=\"lazy\" decoding=\"async\" class=\"alignnone wp-image-1342\" src=\"https:\/\/www.pedagogie.ac-nice.fr\/arts\/wp-content\/uploads\/sites\/33\/2021\/02\/veil8-150x150.png\" alt=\"\" width=\"103\" height=\"103\"><\/a><br \/>\nPr\u00e9sentation virtuelle, t\u00e9moignages des \u00e9tudiants<br \/>\n<a href=\"https:\/\/acamedia.ac-nice.fr\/v2\/view_channel.php?user=Lycee_Simone_Veil\"><img loading=\"lazy\" decoding=\"async\" class=\"alignnone size-thumbnail\" src=\"https:\/\/acamedia.ac-nice.fr\/v2\/images\/avatars\/402.jpg\" width=\"230\" height=\"156\"><\/a><br \/>\n\u2192Lien sur <a href=\"https:\/\/acamedia.ac-nice.fr\/v2\/view_channel.php?user=Lycee_Simone_Veil\">Acamedia<\/a><\/h1>\n<p class=\"font_8\"><span class=\"color_15\">La CPES-CAAP du Lyc\u00e9e Simone Veil de Valbonne propose une formation sp\u00e9cifique destin\u00e9e \u00e0 former les \u00e9tudiants aux concours d\u2019entr\u00e9e des \u00e9coles d\u2019art sup\u00e9rieures en France et \u00e0 l\u2019\u00e9tranger. Ces \u00e9coles concernent les domaines &nbsp;de l\u2019architecture, des design de communication, de produit et d\u2019espace, mais \u00e9galement de l\u2019illustration, de l\u2019animation 2 et 3D, &nbsp;de la vid\u00e9o et de la photographie&#8230; Ainsi, aux techniques traditionnelles de repr\u00e9sentation et de production, dessin, gravure, peinture, mise en page, traitement du volume et du relief, s\u2019ajoutent photographie, vid\u00e9o, montage, DAO \u2026<br \/>\n<\/span><span class=\"color_15\">Se d\u00e9marquant des offres de type &nbsp;MANAA* (Mise \u00e0 Niveau Arts Appliqu\u00e9s), ou CPGE \u00e0 dominante arts plastiques, cette formation&nbsp;s\u2019\u00e9nonce ouvertement comme une alternative \u00e0 ces deux formations. La CPES-CAAP&nbsp;(Classe Pr\u00e9paratoire \u00e0 l&rsquo;Enseignement Sup\u00e9rieur \/ Classe d&rsquo;Approfondissement en Arts Plastiques) est une r\u00e9ponse aux n\u00e9cessit\u00e9s li\u00e9es \u00e0 la pr\u00e9paration aux \u00e9coles d\u2019art, axant la formation sur une double pr\u00e9occupation pratique&nbsp;et culturelle.&nbsp;<\/span><span class=\"color_15\">Il s&rsquo;agit de former de mani\u00e8re intensive de jeunes \u00e9tudiants d\u00e9sireux de s&rsquo;orienter vers les formations artistiques exigeantes en France comme \u00e0 l&rsquo;\u00e9tranger<\/span><\/p>\n<p>&#8211; <span style=\"font-size: 24pt;\">La CPGE lyc\u00e9e Carnot<\/span>&nbsp;<\/p>\n<p><img loading=\"lazy\" decoding=\"async\" class=\"alignnone size-medium wp-image-1262\" src=\"https:\/\/www.pedagogie.ac-nice.fr\/arts\/wp-content\/uploads\/sites\/33\/2021\/01\/carn-300x162.png\" alt=\"\" width=\"300\" height=\"162\" srcset=\"https:\/\/www.pedagogie.ac-nice.fr\/arts\/wp-content\/uploads\/sites\/33\/2021\/01\/carn-300x162.png 300w, https:\/\/www.pedagogie.ac-nice.fr\/arts\/wp-content\/uploads\/sites\/33\/2021\/01\/carn.png 449w\" sizes=\"(max-width: 300px) 100vw, 300px\" \/><br \/>\nEnseignant monsieur Cimiterra<br \/>\n<strong>Objectif principal<\/strong> : acqu\u00e9rir une solide culture g\u00e9n\u00e9rale ainsi qu\u2019une ma\u00eetrise des pratiques artistiques contemporaines. L\u2019enseignement dispens\u00e9 dans cette option est de 6 h par semaine (4 h Histoire de l\u2019art+ 2h arts plastiques).<br \/>\n\u2192Voir le <a href=\"https:\/\/www.pedagogie.ac-nice.fr\/arts\/wp-content\/uploads\/sites\/33\/2021\/01\/ART-3Pourquoi-choisir-la-spe\u0301cialite\u0301-Arts-Plastiques-en-hypokha\u0302gne-.pdf\">document<\/a><br \/>\n\u2192Les <a href=\"https:\/\/view.genial.ly\/60099ed68918840d054db5c7\">Portes ouvertes<\/a><\/p>\n<p><u><strong>EXPOSER L\u2019ART CONTEMPORAIN AU LYC\u00c9E CARNOT<\/strong><\/u><\/p>\n<p><a href=\"http:\/\/www.carnot-cannes.fr\/index.php?option=com_content&amp;view=category&amp;layout=blog&amp;id=41&amp;Itemid=2\"><img loading=\"lazy\" decoding=\"async\" class=\"alignnone size-thumbnail wp-image-1347\" src=\"https:\/\/www.pedagogie.ac-nice.fr\/arts\/wp-content\/uploads\/sites\/33\/2021\/02\/image1-150x150.png\" alt=\"\" width=\"150\" height=\"150\"><\/a><\/p>\n<p style=\"font-weight: 400;\">POUR LES PLASTICIENS D\u2019HYPOKH\u00c2GNE<br \/>\nDepuis plus de 20 ans le lyc\u00e9e Carnot expose des artistes de la sc\u00e8ne contemporaine. D\u00e8s 2010, les plasticiens d\u2019hypokh\u00e2gne ont pu profiter de cette offre culturelle.&nbsp; Parmi eux, Max CHARVOLEN, les FAVRET &amp; MANEZ, Emilie PEROTTO, les BARTOLANI &amp;CAILLOL, Gilles BOUDOT, Jacques GODARD\u2026<\/p>\n<p><span style=\"font-size: 24pt;\">PORTES ouvertes virtuelles<\/span><\/p>\n<p><img loading=\"lazy\" decoding=\"async\" class=\"alignnone size-thumbnail wp-image-1352\" src=\"https:\/\/www.pedagogie.ac-nice.fr\/arts\/wp-content\/uploads\/sites\/33\/2021\/02\/imagejpo-150x150.jpg\" alt=\"\" width=\"150\" height=\"150\">\u2192lien vers le <a href=\"https:\/\/view.genial.ly\/60099ed68918840d054db5c7\">site<\/a><\/p>\n<p style=\"font-weight: 400;\">&nbsp;<\/p>\n<p><u><strong>&nbsp;<\/strong><\/u><\/p>\n","protected":false},"excerpt":{"rendered":"<p>APRES le &nbsp;Dans l&rsquo;acad\u00e9mie deux offres s&rsquo;offrent \u00e0 l&rsquo;orientation post baccalaur\u00e9at. &#8211; La CPES CAAP&nbsp; Du lyc\u00e9e Simone Veil de&nbsp; Valbonne. Enseignant monsieur Cirendini Pr\u00e9sentation virtuelle, t\u00e9moignages des \u00e9tudiants \u2192Lien sur Acamedia La CPES-CAAP du Lyc\u00e9e Simone Veil de Valbonne propose une formation sp\u00e9cifique destin\u00e9e \u00e0 former les \u00e9tudiants aux concours d\u2019entr\u00e9e des \u00e9coles d\u2019art [&hellip;]<\/p>\n","protected":false},"author":214,"featured_media":0,"parent":0,"menu_order":0,"comment_status":"closed","ping_status":"closed","template":"","meta":{"_et_pb_use_builder":"","_et_pb_old_content":"","_et_gb_content_width":"","ngg_post_thumbnail":0,"footnotes":""},"class_list":["post-1247","page","type-page","status-publish","hentry"],"rttpg_featured_image_url":null,"rttpg_author":{"display_name":"adminarts","author_link":"https:\/\/www.pedagogie.ac-nice.fr\/arts\/author\/adminarts\/"},"rttpg_comment":0,"rttpg_category":null,"rttpg_excerpt":"APRES le &nbsp;Dans l&rsquo;acad\u00e9mie deux offres s&rsquo;offrent \u00e0 l&rsquo;orientation post baccalaur\u00e9at. &#8211; La CPES CAAP&nbsp; Du lyc\u00e9e Simone Veil de&nbsp; Valbonne. Enseignant monsieur Cirendini Pr\u00e9sentation virtuelle, t\u00e9moignages des \u00e9tudiants \u2192Lien sur Acamedia La CPES-CAAP du Lyc\u00e9e Simone Veil de Valbonne propose une formation sp\u00e9cifique destin\u00e9e \u00e0 former les \u00e9tudiants aux concours d\u2019entr\u00e9e des \u00e9coles d\u2019art\u2026","post_mailing_queue_ids":[],"_links":{"self":[{"href":"https:\/\/www.pedagogie.ac-nice.fr\/arts\/wp-json\/wp\/v2\/pages\/1247","targetHints":{"allow":["GET"]}}],"collection":[{"href":"https:\/\/www.pedagogie.ac-nice.fr\/arts\/wp-json\/wp\/v2\/pages"}],"about":[{"href":"https:\/\/www.pedagogie.ac-nice.fr\/arts\/wp-json\/wp\/v2\/types\/page"}],"author":[{"embeddable":true,"href":"https:\/\/www.pedagogie.ac-nice.fr\/arts\/wp-json\/wp\/v2\/users\/214"}],"replies":[{"embeddable":true,"href":"https:\/\/www.pedagogie.ac-nice.fr\/arts\/wp-json\/wp\/v2\/comments?post=1247"}],"version-history":[{"count":15,"href":"https:\/\/www.pedagogie.ac-nice.fr\/arts\/wp-json\/wp\/v2\/pages\/1247\/revisions"}],"predecessor-version":[{"id":1956,"href":"https:\/\/www.pedagogie.ac-nice.fr\/arts\/wp-json\/wp\/v2\/pages\/1247\/revisions\/1956"}],"wp:attachment":[{"href":"https:\/\/www.pedagogie.ac-nice.fr\/arts\/wp-json\/wp\/v2\/media?parent=1247"}],"curies":[{"name":"wp","href":"https:\/\/api.w.org\/{rel}","templated":true}]}}