{"id":2639,"date":"2022-10-15T15:13:30","date_gmt":"2022-10-15T13:13:30","guid":{"rendered":"https:\/\/www.pedagogie.ac-nice.fr\/arts\/?page_id=2639"},"modified":"2023-11-06T21:11:56","modified_gmt":"2023-11-06T20:11:56","slug":"a-propos","status":"publish","type":"page","link":"https:\/\/www.pedagogie.ac-nice.fr\/arts\/a-propos\/","title":{"rendered":"\u00c0 propos"},"content":{"rendered":"<p>1\u00e8re galerie virtuelle d\u2019arts plastiques de l\u2019acad\u00e9mie de Nice, la Galerie Bleue Azur a \u00e9t\u00e9 cr\u00e9\u00e9e selon les objectifs suivants :<\/p>\n<ul>\n<li>Exposer les productions plastiques, les d\u00e9marches et les pratiques des \u00e9l\u00e8ves.<\/li>\n<li>Valoriser la cr\u00e9ativit\u00e9 remarquable des \u00e9l\u00e8ves et des professeurs d\u2019arts plastiques.<\/li>\n<li>Diffuser les ressources et les bonnes pratiques p\u00e9dagogiques des professeurs d\u2019arts plastiques de l\u2019acad\u00e9mie de Nice.<\/li>\n<\/ul>\n<p>Si vous souhaitez que les \u00e9l\u00e8ves de vos \u00e9tablissements participent \u00e0 cette exposition virtuelle, il sera n\u00e9cessaire, dans un premier temps, d\u2019obtenir les autorisations de diffusion des travaux d\u2019\u00e9l\u00e8ves mineurs par leurs responsables l\u00e9gaux et les autorisations de diffusion des travaux d\u2019\u00e9l\u00e8ves majeurs par les \u00e9l\u00e8ves majeurs, eux-m\u00eames.<\/p>\n<p>Ensuite, vous devez s\u00e9lectionner et enregistrer aux formats standards .jpeg, .mp3 ou .mp4, de moins de 6 Mo chacune, les productions de vos \u00e9l\u00e8ves, puis les transmettre via l\u2019application d\u2019envoi de fichiers&nbsp;<a href=\"https:\/\/fromsmash.com\/\" target=\"_blank\" rel=\"noopener\" data-saferedirecturl=\"https:\/\/www.google.com\/url?q=https:\/\/fromsmash.com\/&amp;source=gmail&amp;ust=1683187351864000&amp;usg=AOvVaw0wTj_un_j7VeUMhjKyv_cC\"><strong>Smash<\/strong><\/a><strong>&nbsp;\u00e0<\/strong>&nbsp;<strong><a href=\"mailto:helene.croisonnier@ac-nice.fr\" target=\"_blank\" rel=\"noopener\">helene.<wbr>croisonnier@ac-nice.fr<\/a>&nbsp;et&nbsp;<a href=\"mailto:herve.contoli@ac-nice.fr\" target=\"_blank\" rel=\"noopener\">herve-jean.contoli@ac-nice.fr<\/a>,<\/strong>&nbsp;pour qu\u2019elles soient diffus\u00e9es sur la Galerie Bleue Azur.<\/p>\n<p>Pour plus de libert\u00e9, vous pouvez cr\u00e9er vous-m\u00eame des articles pr\u00e9sentant les productions de vos \u00e9l\u00e8ves sur la Galerie Bleue Azur en suivant ce tutoriel&nbsp;<mark><a href=\"https:\/\/mediascol.ac-clermont.fr\/galerie-arts-plastiques\/wp-content\/uploads\/sites\/21\/2021\/04\/Tutoriel-Auteur-Galerie-Volcanique_Avril_2021.pdf\" target=\"_blank\" rel=\"noopener\" data-saferedirecturl=\"https:\/\/www.google.com\/url?q=https:\/\/mediascol.ac-clermont.fr\/galerie-arts-plastiques\/wp-content\/uploads\/sites\/21\/2021\/04\/Tutoriel-Auteur-Galerie-Volcanique_Avril_2021.pdf&amp;source=gmail&amp;ust=1683187351864000&amp;usg=AOvVaw3kY0r6_ayF0ipeuy3MHvgV\">(tutoriel d\u2019auteur)<\/a><\/mark>. Auparavant, il suffira d\u2019en avertir Madame Croisonnier pour qu\u2019elle vous cr\u00e9e un compte d\u2019acc\u00e8s \u00e0 la Galerie.<\/p>\n<p>Enfin, nous vous invitons \u00e0 diffuser \u00e9galement sur la Galerie Bleue Azur vos ressources p\u00e9dagogiques textuelles, audios et audiovisuelles, comme vos fiches de s\u00e9quences, fiches projets, fiches ateliers, fiches de r\u00e9f\u00e9rences artistiques et culturelles, fiche de connaissances th\u00e9oriques ; enregistrement audios ou audiovisuels d\u2019\u00e9l\u00e8ves explicitant leurs pratiques et leurs d\u00e9marches artistiques, enregistrements audios ou audiovisuels d\u2019\u00e9l\u00e8ves questionnant le fait artistique, enregistrements audios ou audiovisuels d\u2019\u00e9l\u00e8ves exposant leurs productions, celles de leurs pairs ou celles d\u2019artistes, enregistrements audios ou audiovisuels d\u2019intervention d\u2019artistes ainsi que de partenaires artistiques et culturels, etc.<\/p>\n<p>Pour plus d\u2019informations sur les formulaires, consultez la&nbsp;<a href=\"https:\/\/mediascol.ac-clermont.fr\/galerie-arts-plastiques\/formulaires-autorisation-de-diffusion-de-travaux-deleve\/\" target=\"_blank\" rel=\"noopener\" data-saferedirecturl=\"https:\/\/www.google.com\/url?q=https:\/\/mediascol.ac-clermont.fr\/galerie-arts-plastiques\/formulaires-autorisation-de-diffusion-de-travaux-deleve\/&amp;source=gmail&amp;ust=1683187351864000&amp;usg=AOvVaw2a87Tcm1KYqAusdnqXfg73\">page d\u00e9di\u00e9e aux formulaires de demande d\u2019autorisation de diffusion de travaux d\u2019\u00e9l\u00e8ves<\/a>.<\/p>\n","protected":false},"excerpt":{"rendered":"<p>1\u00e8re galerie virtuelle d\u2019arts plastiques de l\u2019acad\u00e9mie de Nice, la Galerie Bleue Azur a \u00e9t\u00e9 cr\u00e9\u00e9e selon les objectifs suivants : Exposer les productions plastiques, les d\u00e9marches et les pratiques des \u00e9l\u00e8ves. Valoriser la cr\u00e9ativit\u00e9 remarquable des \u00e9l\u00e8ves et des professeurs d\u2019arts plastiques. Diffuser les ressources et les bonnes pratiques p\u00e9dagogiques des professeurs d\u2019arts plastiques [&hellip;]<\/p>\n","protected":false},"author":325,"featured_media":0,"parent":0,"menu_order":0,"comment_status":"closed","ping_status":"closed","template":"","meta":{"_et_pb_use_builder":"","_et_pb_old_content":"","_et_gb_content_width":"","ngg_post_thumbnail":0,"footnotes":""},"class_list":["post-2639","page","type-page","status-publish","hentry"],"rttpg_featured_image_url":null,"rttpg_author":{"display_name":"hjcontoli","author_link":"https:\/\/www.pedagogie.ac-nice.fr\/arts\/author\/hjcontoli\/"},"rttpg_comment":0,"rttpg_category":null,"rttpg_excerpt":"1\u00e8re galerie virtuelle d\u2019arts plastiques de l\u2019acad\u00e9mie de Nice, la Galerie Bleue Azur a \u00e9t\u00e9 cr\u00e9\u00e9e selon les objectifs suivants : Exposer les productions plastiques, les d\u00e9marches et les pratiques des \u00e9l\u00e8ves. Valoriser la cr\u00e9ativit\u00e9 remarquable des \u00e9l\u00e8ves et des professeurs d\u2019arts plastiques. Diffuser les ressources et les bonnes pratiques p\u00e9dagogiques des professeurs d\u2019arts plastiques\u2026","post_mailing_queue_ids":[],"_links":{"self":[{"href":"https:\/\/www.pedagogie.ac-nice.fr\/arts\/wp-json\/wp\/v2\/pages\/2639","targetHints":{"allow":["GET"]}}],"collection":[{"href":"https:\/\/www.pedagogie.ac-nice.fr\/arts\/wp-json\/wp\/v2\/pages"}],"about":[{"href":"https:\/\/www.pedagogie.ac-nice.fr\/arts\/wp-json\/wp\/v2\/types\/page"}],"author":[{"embeddable":true,"href":"https:\/\/www.pedagogie.ac-nice.fr\/arts\/wp-json\/wp\/v2\/users\/325"}],"replies":[{"embeddable":true,"href":"https:\/\/www.pedagogie.ac-nice.fr\/arts\/wp-json\/wp\/v2\/comments?post=2639"}],"version-history":[{"count":3,"href":"https:\/\/www.pedagogie.ac-nice.fr\/arts\/wp-json\/wp\/v2\/pages\/2639\/revisions"}],"predecessor-version":[{"id":2921,"href":"https:\/\/www.pedagogie.ac-nice.fr\/arts\/wp-json\/wp\/v2\/pages\/2639\/revisions\/2921"}],"wp:attachment":[{"href":"https:\/\/www.pedagogie.ac-nice.fr\/arts\/wp-json\/wp\/v2\/media?parent=2639"}],"curies":[{"name":"wp","href":"https:\/\/api.w.org\/{rel}","templated":true}]}}