{"id":94,"date":"2020-01-23T14:11:16","date_gmt":"2020-01-23T13:11:16","guid":{"rendered":"https:\/\/www.pedagogie.ac-nice.fr\/arts\/?page_id=94"},"modified":"2021-04-26T14:11:02","modified_gmt":"2021-04-26T12:11:02","slug":"enseigner","status":"publish","type":"page","link":"https:\/\/www.pedagogie.ac-nice.fr\/arts\/enseigner\/","title":{"rendered":"ENSEIGNER"},"content":{"rendered":"<p>Les E3C<\/p>\n<p>&nbsp;<\/p>\n<p>Les EDS Terminale<\/p>\n<p>&nbsp;<\/p>\n<p>Malgr\u00e9 la contrainte sanitaire et la fermeture des mus\u00e9es, les professeurs r\u00e9alisent des projets d&rsquo;envergure.<\/p>\n<h1>Lyc\u00e9e Amiral de Grasse<\/h1>\n<h1><a href=\"https:\/\/www.pedagogie.ac-nice.fr\/arts\/wp-content\/uploads\/sites\/33\/2021\/04\/Visuel-Projet-Le-desaccord-des-commissaires-2019-2021-Lycee-Amiral-de-Grasse-compresse.pdf\"><img loading=\"lazy\" decoding=\"async\" class=\"alignnone wp-image-1571\" src=\"https:\/\/www.pedagogie.ac-nice.fr\/arts\/wp-content\/uploads\/sites\/33\/2021\/04\/amir.png\" alt=\"\" width=\"366\" height=\"474\"><\/a><\/h1>\n<p>&nbsp;<\/p>\n<p>&nbsp;<\/p>\n<ul>\n<li class=\"titre_niveau2\"><a class=\"\" href=\"https:\/\/eduscol.education.fr\/arts-plastiques\/enseigner\/ressources-par-theme-de-programme.html\">Ressources par th\u00e8me de programme<\/a>\n<ul class=\"niv3\">\n<li style=\"list-style-type: none;\">\n<ul class=\"niv3\">\n<li class=\"titre_niveau3\"><a class=\"\" href=\"https:\/\/eduscol.education.fr\/arts-plastiques\/enseigner\/ressources-par-theme-de-programme\/ecole-college.html\">\u00c9cole &#8211; Coll\u00e8ge<\/a><\/li>\n<li class=\"titre_niveau3\"><a class=\"\" href=\"https:\/\/www.pedagogie.ac-nice.fr\/arts\/baccalaureat-2020\/\">Lyc\u00e9e le programme<\/a><\/li>\n<\/ul>\n<\/li>\n<\/ul>\n<div>&nbsp;<\/div>\n<\/li>\n<li class=\"titre_niveau2\"><a class=\"\" href=\"https:\/\/eduscol.education.fr\/arts-plastiques\/enseigner\/ressources-et-usages-numeriques.html\">Ressources et usages num\u00e9riques<\/a>\n<ul class=\"niv3\">\n<li style=\"list-style-type: none;\">\n<ul class=\"niv3\">\n<li class=\"titre_niveau3\"><a class=\"\" href=\"https:\/\/eduscol.education.fr\/arts-plastiques\/enseigner\/ressources-et-usages-numeriques\/ressources-numeriques.html\">Ressources num\u00e9riques<\/a><\/li>\n<li class=\"titre_niveau3\"><a class=\"\" href=\"https:\/\/eduscol.education.fr\/arts-plastiques\/enseigner\/ressources-et-usages-numeriques\/pratiques-numeriques-en-classe.html\">Pratiques num\u00e9riques en classe<\/a><\/li>\n<li class=\"titre_niveau3\"><a class=\"\" href=\"https:\/\/eduscol.education.fr\/arts-plastiques\/enseigner\/ressources-et-usages-numeriques\/developpement-des-pratiques-pedagogiques-en-academie.html\">D\u00e9veloppement des pratiques p\u00e9dagogiques en acad\u00e9mie<\/a><\/li>\n<li class=\"titre_niveau3\"><a class=\"\" href=\"https:\/\/eduscol.education.fr\/arts-plastiques\/enseigner\/ressources-et-usages-numeriques\/la-lettre-edu-num.html\">La lettre \u00c9du_Num<\/a><\/li>\n<\/ul>\n<\/li>\n<\/ul>\n<div>&nbsp;<\/div>\n<\/li>\n<li class=\"titre_niveau2\"><a class=\"\" href=\"https:\/\/eduscol.education.fr\/arts-plastiques\/enseigner\/ressources-par-competence-du-socle.html\">Ressources par comp\u00e9tence du socle<\/a>\n<ul class=\"niv3\">\n<li style=\"list-style-type: none;\">\n<ul class=\"niv3\">\n<li class=\"titre_niveau3\"><a class=\"\" href=\"https:\/\/eduscol.education.fr\/arts-plastiques\/enseigner\/ressources-par-competence-du-socle\/cycle-3.html\">Cycle 3<\/a><\/li>\n<li class=\"titre_niveau3\"><a class=\"\" href=\"https:\/\/eduscol.education.fr\/arts-plastiques\/enseigner\/ressources-par-competence-du-socle\/cycle-4.html\">Cycle 4<\/a><\/li>\n<\/ul>\n<\/li>\n<\/ul>\n<div>&nbsp;<\/div>\n<\/li>\n<li class=\"titre_niveau2\"><a class=\"\" href=\"https:\/\/eduscol.education.fr\/arts-plastiques\/enseigner\/ressources-par-dispositif-et-enseignement.html\">Ressources par dispositif et enseignement<\/a>\n<ul class=\"niv3\">\n<li style=\"list-style-type: none;\">\n<ul class=\"niv3\">\n<li class=\"titre_niveau3\"><a class=\"\" href=\"https:\/\/eduscol.education.fr\/arts-plastiques\/enseigner\/ressources-par-dispositif-et-enseignement\/accompagnement-educatif.html\">Accompagnement \u00e9ducatif<\/a><\/li>\n<li class=\"titre_niveau3\"><a class=\"\" href=\"https:\/\/eduscol.education.fr\/arts-plastiques\/enseigner\/ressources-par-dispositif-et-enseignement\/accompagnement-personnalise.html\">Accompagnement personnalis\u00e9<\/a><\/li>\n<li class=\"titre_niveau3\"><a class=\"\" href=\"https:\/\/eduscol.education.fr\/arts-plastiques\/enseigner\/ressources-par-dispositif-et-enseignement\/actions-educatives.html\">Actions \u00e9ducatives<\/a><\/li>\n<li class=\"titre_niveau3\"><a class=\"\" href=\"https:\/\/eduscol.education.fr\/arts-plastiques\/enseigner\/ressources-par-dispositif-et-enseignement\/education-morale-et-civique-emc.html\">\u00c9ducation morale et civique (EMC)<\/a><\/li>\n<li class=\"titre_niveau3\"><a class=\"\" href=\"https:\/\/eduscol.education.fr\/arts-plastiques\/enseigner\/ressources-par-dispositif-et-enseignement\/education-aux-medias-et-a-linformation-emi.html\">\u00c9ducation aux m\u00e9dias et \u00e0 l&rsquo;information (EMI)<\/a><\/li>\n<li class=\"titre_niveau3\"><a class=\"\" href=\"https:\/\/eduscol.education.fr\/arts-plastiques\/enseigner\/ressources-par-dispositif-et-enseignement\/enseignements-pratiques-interdisciplinaires-epi.html\">Enseignements pratiques interdisciplinaires (EPI)<\/a><\/li>\n<li class=\"titre_niveau3\"><a class=\"\" href=\"https:\/\/eduscol.education.fr\/arts-plastiques\/enseigner\/ressources-par-dispositif-et-enseignement\/enseigner-en-partenariat-dans-un-parcours.html\">Enseigner en partenariat dans un parcours<\/a><\/li>\n<li class=\"titre_niveau3\"><a class=\"\" href=\"https:\/\/eduscol.education.fr\/arts-plastiques\/enseigner\/ressources-par-dispositif-et-enseignement\/histoire-des-arts.html\">Histoire des arts<\/a><\/li>\n<li class=\"titre_niveau3\"><a class=\"\" href=\"https:\/\/eduscol.education.fr\/arts-plastiques\/enseigner\/ressources-par-dispositif-et-enseignement\/concours-general.html\">Concours g\u00e9n\u00e9ral<\/a><\/li>\n<li class=\"titre_niveau3\"><a class=\"\" href=\"https:\/\/eduscol.education.fr\/arts-plastiques\/enseigner\/ressources-par-dispositif-et-enseignement\/organisation-et-equipements-de-la-classe.html\">Organisation et \u00e9quipements de la classe<\/a><\/li>\n<li class=\"titre_niveau3\"><a class=\"\" href=\"https:\/\/eduscol.education.fr\/arts-plastiques\/enseigner\/ressources-par-dispositif-et-enseignement\/ppcp-et-ppre.html\">PPCP et PPRE<\/a><\/li>\n<\/ul>\n<\/li>\n<\/ul>\n<div>&nbsp;<\/div>\n<\/li>\n<li class=\"titre_niveau2\"><a class=\"\" href=\"https:\/\/eduscol.education.fr\/arts-plastiques\/enseigner\/ressources-pour-les-examens-et-concours.html\">Ressources pour les examens et concours<\/a>\n<ul class=\"niv3\">\n<li class=\"titre_niveau3\"><a class=\"\" href=\"https:\/\/eduscol.education.fr\/arts-plastiques\/enseigner\/ressources-pour-les-examens-et-concours\/diplome-national-du-brevet-dnb.html\">Dipl\u00f4me national du brevet (DNB)<\/a><\/li>\n<li class=\"titre_niveau3\"><a class=\"\" href=\"https:\/\/eduscol.education.fr\/arts-plastiques\/enseigner\/ressources-pour-les-examens-et-concours\/annales-du-baccalaureat.html\">Annales du baccalaur\u00e9at<\/a><\/li>\n<\/ul>\n<\/li>\n<\/ul>\n<p>&nbsp;<\/p>\n","protected":false},"excerpt":{"rendered":"<p>Les E3C &nbsp; Les EDS Terminale &nbsp; Malgr\u00e9 la contrainte sanitaire et la fermeture des mus\u00e9es, les professeurs r\u00e9alisent des projets d&rsquo;envergure. Lyc\u00e9e Amiral de Grasse &nbsp; &nbsp; Ressources par th\u00e8me de programme \u00c9cole &#8211; Coll\u00e8ge Lyc\u00e9e le programme &nbsp; Ressources et usages num\u00e9riques Ressources num\u00e9riques Pratiques num\u00e9riques en classe D\u00e9veloppement des pratiques p\u00e9dagogiques en [&hellip;]<\/p>\n","protected":false},"author":214,"featured_media":0,"parent":0,"menu_order":0,"comment_status":"closed","ping_status":"closed","template":"","meta":{"_et_pb_use_builder":"","_et_pb_old_content":"","_et_gb_content_width":"","ngg_post_thumbnail":0,"footnotes":""},"class_list":["post-94","page","type-page","status-publish","hentry"],"rttpg_featured_image_url":null,"rttpg_author":{"display_name":"adminarts","author_link":"https:\/\/www.pedagogie.ac-nice.fr\/arts\/author\/adminarts\/"},"rttpg_comment":0,"rttpg_category":null,"rttpg_excerpt":"Les E3C &nbsp; Les EDS Terminale &nbsp; Malgr\u00e9 la contrainte sanitaire et la fermeture des mus\u00e9es, les professeurs r\u00e9alisent des projets d&rsquo;envergure. Lyc\u00e9e Amiral de Grasse &nbsp; &nbsp; Ressources par th\u00e8me de programme \u00c9cole &#8211; Coll\u00e8ge Lyc\u00e9e le programme &nbsp; Ressources et usages num\u00e9riques Ressources num\u00e9riques Pratiques num\u00e9riques en classe D\u00e9veloppement des pratiques p\u00e9dagogiques en\u2026","post_mailing_queue_ids":[],"_links":{"self":[{"href":"https:\/\/www.pedagogie.ac-nice.fr\/arts\/wp-json\/wp\/v2\/pages\/94","targetHints":{"allow":["GET"]}}],"collection":[{"href":"https:\/\/www.pedagogie.ac-nice.fr\/arts\/wp-json\/wp\/v2\/pages"}],"about":[{"href":"https:\/\/www.pedagogie.ac-nice.fr\/arts\/wp-json\/wp\/v2\/types\/page"}],"author":[{"embeddable":true,"href":"https:\/\/www.pedagogie.ac-nice.fr\/arts\/wp-json\/wp\/v2\/users\/214"}],"replies":[{"embeddable":true,"href":"https:\/\/www.pedagogie.ac-nice.fr\/arts\/wp-json\/wp\/v2\/comments?post=94"}],"version-history":[{"count":6,"href":"https:\/\/www.pedagogie.ac-nice.fr\/arts\/wp-json\/wp\/v2\/pages\/94\/revisions"}],"predecessor-version":[{"id":1579,"href":"https:\/\/www.pedagogie.ac-nice.fr\/arts\/wp-json\/wp\/v2\/pages\/94\/revisions\/1579"}],"wp:attachment":[{"href":"https:\/\/www.pedagogie.ac-nice.fr\/arts\/wp-json\/wp\/v2\/media?parent=94"}],"curies":[{"name":"wp","href":"https:\/\/api.w.org\/{rel}","templated":true}]}}