{"id":62,"date":"2017-11-29T17:39:50","date_gmt":"2017-11-29T16:39:50","guid":{"rendered":"http:\/\/www.pedagogie.ac-nice.fr\/blogatisse06\/?page_id=62"},"modified":"2018-02-15T20:07:15","modified_gmt":"2018-02-15T19:07:15","slug":"a-propos","status":"publish","type":"page","link":"https:\/\/www.pedagogie.ac-nice.fr\/blogatisse06\/a-propos\/","title":{"rendered":"A propos"},"content":{"rendered":"<p>Ce Blog a \u00e9t\u00e9 cr\u00e9\u00e9 au coll\u00e8ge Henri Matisse de Nice pour permettre, aux \u00e9l\u00e8ves qui le souhaitent, de d\u00e9couvrir des pans m\u00e9connus de l&rsquo;Antiquit\u00e9 et notamment son actualit\u00e9. Source d&rsquo;inspiration perp\u00e9tuelle, on la retrouve sous toutes les couvertures ! Entre d\u00e9tournement d\u2019Oeuvres d&rsquo;Art Antique, sujet et th\u00e9matique de Bandes Dessin\u00e9es, de Mangas, Cr\u00e9ation d&rsquo;artistes en herbe, nous essaierons, au fil des articles, de vous montrer que, finalement, elle est tr\u00e8s contemporaine !<\/p>\n<p>Petit plus ! Ce Blog s&rsquo;ouvre aux \u00e9l\u00e8ves-\u00e9crivains qui souhaitent nous faire d\u00e9couvrir leur plume mais aussi \u00e0 tous les artistes en herbe qui veulent nous faire partager leurs coups de crayon. Un espace leur est sp\u00e9cialement r\u00e9serv\u00e9 : Le coin des \u00e9crivains pour les uns, Esquisses d&rsquo;artistes pour les autres !<\/p>\n<p>Et parce qu&rsquo;un Blog peut aussi se transformer en outil de travail, un espace a \u00e9t\u00e9 am\u00e9nag\u00e9 afin que les \u00e9l\u00e8ves puissent s&rsquo;essayer \u00e0 divers exercices afin de progresser en Orthographe. Ils trouveront sous l&rsquo;onglet Travaillons, des pistes, qui, nous l&rsquo;esp\u00e9rons, leur permettront de consolider leur connaissances sur ce sujet. Amis des homophones et autres sujets f\u00e2cheux : entrez !<\/p>\n<p>Vous l&rsquo;aurez compris : tout le monde est bienvenu en ce lieu. Si vous avez des id\u00e9es \u00e0 partager, des \u0153uvres, des cr\u00e9ations, contactez-nous !<\/p>\n<p>\u00c9videmment, ce Blog est amen\u00e9 \u00e0 \u00e9voluer et s&rsquo;adaptera aux desiderata de ceux qui l&rsquo;animeront.<\/p>\n<p>Salvete !<\/p>\n<hr \/>\n<p>Pour ceux qui le souhaitent, un formulaire de contact est \u00e0 disposition :<\/p>\n<p>[contact-form-7 id=\u00a0\u00bb75&Prime; title=\u00a0\u00bbContact\u00a0\u00bb]<\/p>\n<p>&nbsp;<\/p>\n","protected":false},"excerpt":{"rendered":"<p>Ce Blog a \u00e9t\u00e9 cr\u00e9\u00e9 au coll\u00e8ge Henri Matisse de Nice pour permettre, aux \u00e9l\u00e8ves qui le souhaitent, de d\u00e9couvrir des pans m\u00e9connus de l&rsquo;Antiquit\u00e9 et notamment son actualit\u00e9. Source d&rsquo;inspiration perp\u00e9tuelle, on la retrouve sous toutes les couvertures ! Entre d\u00e9tournement d\u2019Oeuvres d&rsquo;Art Antique, sujet et th\u00e9matique de Bandes Dessin\u00e9es, de Mangas, Cr\u00e9ation d&rsquo;artistes &hellip; <\/p>\n<p class=\"link-more\"><a href=\"https:\/\/www.pedagogie.ac-nice.fr\/blogatisse06\/a-propos\/\" class=\"more-link\">Continuer la lecture<span class=\"screen-reader-text\"> de &laquo;&nbsp;A propos&nbsp;&raquo;<\/span><\/a><\/p>\n","protected":false},"author":110,"featured_media":69,"parent":0,"menu_order":0,"comment_status":"closed","ping_status":"closed","template":"","meta":{"ngg_post_thumbnail":0,"footnotes":""},"class_list":["post-62","page","type-page","status-publish","has-post-thumbnail","hentry"],"rttpg_featured_image_url":{"full":["https:\/\/www.pedagogie.ac-nice.fr\/blogatisse06\/wp-content\/uploads\/sites\/12\/2017\/11\/473px-Chartreuse_de_Bonpas_Statue_d\u00e9esse_antique.jpg",473,767,false],"landscape":["https:\/\/www.pedagogie.ac-nice.fr\/blogatisse06\/wp-content\/uploads\/sites\/12\/2017\/11\/473px-Chartreuse_de_Bonpas_Statue_d\u00e9esse_antique.jpg",473,767,false],"portraits":["https:\/\/www.pedagogie.ac-nice.fr\/blogatisse06\/wp-content\/uploads\/sites\/12\/2017\/11\/473px-Chartreuse_de_Bonpas_Statue_d\u00e9esse_antique.jpg",473,767,false],"thumbnail":["https:\/\/www.pedagogie.ac-nice.fr\/blogatisse06\/wp-content\/uploads\/sites\/12\/2017\/11\/473px-Chartreuse_de_Bonpas_Statue_d\u00e9esse_antique-150x150.jpg",150,150,true],"medium":["https:\/\/www.pedagogie.ac-nice.fr\/blogatisse06\/wp-content\/uploads\/sites\/12\/2017\/11\/473px-Chartreuse_de_Bonpas_Statue_d\u00e9esse_antique-185x300.jpg",185,300,true],"large":["https:\/\/www.pedagogie.ac-nice.fr\/blogatisse06\/wp-content\/uploads\/sites\/12\/2017\/11\/473px-Chartreuse_de_Bonpas_Statue_d\u00e9esse_antique.jpg",473,767,false],"1536x1536":["https:\/\/www.pedagogie.ac-nice.fr\/blogatisse06\/wp-content\/uploads\/sites\/12\/2017\/11\/473px-Chartreuse_de_Bonpas_Statue_d\u00e9esse_antique.jpg",473,767,false],"2048x2048":["https:\/\/www.pedagogie.ac-nice.fr\/blogatisse06\/wp-content\/uploads\/sites\/12\/2017\/11\/473px-Chartreuse_de_Bonpas_Statue_d\u00e9esse_antique.jpg",473,767,false],"twentyseventeen-featured-image":["https:\/\/www.pedagogie.ac-nice.fr\/blogatisse06\/wp-content\/uploads\/sites\/12\/2017\/11\/473px-Chartreuse_de_Bonpas_Statue_d\u00e9esse_antique.jpg",473,767,false],"twentyseventeen-thumbnail-avatar":["https:\/\/www.pedagogie.ac-nice.fr\/blogatisse06\/wp-content\/uploads\/sites\/12\/2017\/11\/473px-Chartreuse_de_Bonpas_Statue_d\u00e9esse_antique-100x100.jpg",100,100,true],"advps-thumb-one":["https:\/\/www.pedagogie.ac-nice.fr\/blogatisse06\/wp-content\/uploads\/sites\/12\/2017\/11\/473px-Chartreuse_de_Bonpas_Statue_d\u00e9esse_antique.jpg",136,220,false]},"rttpg_author":{"display_name":"domina","author_link":"https:\/\/www.pedagogie.ac-nice.fr\/blogatisse06\/author\/domina\/"},"rttpg_comment":0,"rttpg_category":null,"rttpg_excerpt":"Ce Blog a \u00e9t\u00e9 cr\u00e9\u00e9 au coll\u00e8ge Henri Matisse de Nice pour permettre, aux \u00e9l\u00e8ves qui le souhaitent, de d\u00e9couvrir des pans m\u00e9connus de l&rsquo;Antiquit\u00e9 et notamment son actualit\u00e9. Source d&rsquo;inspiration perp\u00e9tuelle, on la retrouve sous toutes les couvertures ! Entre d\u00e9tournement d\u2019Oeuvres d&rsquo;Art Antique, sujet et th\u00e9matique de Bandes Dessin\u00e9es, de Mangas, Cr\u00e9ation d&rsquo;artistes\u2026","post_mailing_queue_ids":[],"_links":{"self":[{"href":"https:\/\/www.pedagogie.ac-nice.fr\/blogatisse06\/wp-json\/wp\/v2\/pages\/62","targetHints":{"allow":["GET"]}}],"collection":[{"href":"https:\/\/www.pedagogie.ac-nice.fr\/blogatisse06\/wp-json\/wp\/v2\/pages"}],"about":[{"href":"https:\/\/www.pedagogie.ac-nice.fr\/blogatisse06\/wp-json\/wp\/v2\/types\/page"}],"author":[{"embeddable":true,"href":"https:\/\/www.pedagogie.ac-nice.fr\/blogatisse06\/wp-json\/wp\/v2\/users\/110"}],"replies":[{"embeddable":true,"href":"https:\/\/www.pedagogie.ac-nice.fr\/blogatisse06\/wp-json\/wp\/v2\/comments?post=62"}],"version-history":[{"count":13,"href":"https:\/\/www.pedagogie.ac-nice.fr\/blogatisse06\/wp-json\/wp\/v2\/pages\/62\/revisions"}],"predecessor-version":[{"id":239,"href":"https:\/\/www.pedagogie.ac-nice.fr\/blogatisse06\/wp-json\/wp\/v2\/pages\/62\/revisions\/239"}],"wp:featuredmedia":[{"embeddable":true,"href":"https:\/\/www.pedagogie.ac-nice.fr\/blogatisse06\/wp-json\/wp\/v2\/media\/69"}],"wp:attachment":[{"href":"https:\/\/www.pedagogie.ac-nice.fr\/blogatisse06\/wp-json\/wp\/v2\/media?parent=62"}],"curies":[{"name":"wp","href":"https:\/\/api.w.org\/{rel}","templated":true}]}}