{"id":102,"date":"2018-12-22T19:03:40","date_gmt":"2018-12-22T18:03:40","guid":{"rendered":"https:\/\/www.pedagogie.ac-nice.fr\/cardie\/?page_id=102"},"modified":"2020-07-30T18:23:24","modified_gmt":"2020-07-30T16:23:24","slug":"une-communaute-apprenante","status":"publish","type":"page","link":"https:\/\/www.pedagogie.ac-nice.fr\/cardie\/se-former\/une-communaute-apprenante\/","title":{"rendered":"Une communaut\u00e9 apprenante"},"content":{"rendered":"<p><span style=\"color: #3366ff; font-size: 18pt;\"><strong>Les \u00e9quipes de l&rsquo;acad\u00e9mie de Nice forment une large communaut\u00e9 apprenante: vous pourrez trouver dans nos pages les \u00e9chos de formations, de rencontres pour nourrir votre r\u00e9flexion sur des questions transversales.\u00a0<\/strong><\/span><\/p>\n<p><span style=\"font-size: 14pt;\">Le 16 janvier 2019, se tenait au lyc\u00e9e du Val d&rsquo;argens au Muy un s\u00e9minaire de travail au cours duquel Philippe Blanchet, professeur de sociolinguistique \u00e0 Rennes II\u00a0 a prononc\u00e9 une conf\u00e9rence sur <strong><span style=\"color: #3366ff;\">L&rsquo;oral de l&rsquo;\u00e9cole jusqu&rsquo;au Bac<\/span><\/strong>. En voici une captation en trois \u00e9pisodes.\u00a0<\/span><\/p>\n<p><span style=\"font-size: 14pt;\">Merci \u00e0 lui d&rsquo;avoir accept\u00e9 cet enregistrement.\u00a0<\/span><\/p>\n<div class=\"embed-container\"><iframe loading=\"lazy\" title=\"Ph  BLANCHET: L&#039;oral de l&#039;\u00e9cole jusqu&#039;au Bac.  Partie 1\" width=\"750\" height=\"422\" src=\"https:\/\/www.youtube.com\/embed\/M2LOGxjPJhA?feature=oembed\" frameborder=\"0\" allow=\"accelerometer; autoplay; encrypted-media; gyroscope; picture-in-picture\" allowfullscreen><\/iframe><\/div>\n<p>&nbsp;<\/p>\n<div class=\"embed-container\"><iframe loading=\"lazy\" title=\"Ph  BLANCHET : L&#039;oral de l&#039;\u00e9cole jusqu&#039;au Bac. Partie 2\" width=\"750\" height=\"422\" src=\"https:\/\/www.youtube.com\/embed\/phYixY31RC8?feature=oembed\" frameborder=\"0\" allow=\"accelerometer; autoplay; encrypted-media; gyroscope; picture-in-picture\" allowfullscreen><\/iframe><\/div>\n<p>&nbsp;<\/p>\n<div class=\"embed-container\"><iframe loading=\"lazy\" title=\"Ph.  BLANCHET : L&#039;oral de l&#039;\u00e9cole jusqu&#039;au Bac. Partie 3\" width=\"750\" height=\"422\" src=\"https:\/\/www.youtube.com\/embed\/KUjUUPeOuTU?feature=oembed\" frameborder=\"0\" allow=\"accelerometer; autoplay; encrypted-media; gyroscope; picture-in-picture\" allowfullscreen><\/iframe><\/div>\n<p>&nbsp;<\/p>\n<p><strong><span style=\"font-size: 14pt;\">Les journ\u00e9es acad\u00e9miques de l\u2019innovation sont aussi des temps et un espace de d\u00e9veloppement professionnel pour les personnels qui le souhaitent. Retrouvez les acquis de ces exp\u00e9riences sur nos pages d\u00e9di\u00e9es \u00e0 <a href=\"https:\/\/www.pedagogie.ac-nice.fr\/cardie\/se-former\/journees-nationales-de-linnovation\/\" target=\"_blank\" rel=\"noopener noreferrer\">la Journ\u00e9e nationale<\/a> et \u00e0 la <a href=\"https:\/\/www.pedagogie.ac-nice.fr\/cardie\/se-former\/journees-academiques-de-linnovation\/\" target=\"_blank\" rel=\"noopener noreferrer\">Journ\u00e9e acad\u00e9mique<\/a> de l&rsquo;Innovation !<\/span><\/strong><\/p>\n<p>&nbsp;<\/p>\n","protected":false},"excerpt":{"rendered":"<p>Les \u00e9quipes de l&rsquo;acad\u00e9mie de Nice forment une large communaut\u00e9 apprenante: vous pourrez trouver dans nos pages les \u00e9chos de formations, de rencontres pour nourrir votre r\u00e9flexion sur des questions transversales.\u00a0 Le 16 janvier 2019, se tenait au lyc\u00e9e du Val d&rsquo;argens au Muy un s\u00e9minaire de travail au cours duquel Philippe Blanchet, professeur de &hellip; <\/p>\n<p><a class=\"more-link btn\" href=\"https:\/\/www.pedagogie.ac-nice.fr\/cardie\/se-former\/une-communaute-apprenante\/\">Lire la suite<\/a><\/p>\n","protected":false},"author":178,"featured_media":0,"parent":29,"menu_order":2,"comment_status":"closed","ping_status":"closed","template":"","meta":{"ngg_post_thumbnail":0,"footnotes":""},"class_list":["post-102","page","type-page","status-publish","hentry","nodate","item-wrap"],"rttpg_featured_image_url":null,"rttpg_author":{"display_name":"cardie","author_link":"https:\/\/www.pedagogie.ac-nice.fr\/cardie\/author\/cardie\/"},"rttpg_comment":0,"rttpg_category":null,"rttpg_excerpt":"Les \u00e9quipes de l&rsquo;acad\u00e9mie de Nice forment une large communaut\u00e9 apprenante: vous pourrez trouver dans nos pages les \u00e9chos de formations, de rencontres pour nourrir votre r\u00e9flexion sur des questions transversales.\u00a0 Le 16 janvier 2019, se tenait au lyc\u00e9e du Val d&rsquo;argens au Muy un s\u00e9minaire de travail au cours duquel Philippe Blanchet, professeur de\u2026","post_mailing_queue_ids":[],"_links":{"self":[{"href":"https:\/\/www.pedagogie.ac-nice.fr\/cardie\/wp-json\/wp\/v2\/pages\/102","targetHints":{"allow":["GET"]}}],"collection":[{"href":"https:\/\/www.pedagogie.ac-nice.fr\/cardie\/wp-json\/wp\/v2\/pages"}],"about":[{"href":"https:\/\/www.pedagogie.ac-nice.fr\/cardie\/wp-json\/wp\/v2\/types\/page"}],"author":[{"embeddable":true,"href":"https:\/\/www.pedagogie.ac-nice.fr\/cardie\/wp-json\/wp\/v2\/users\/178"}],"replies":[{"embeddable":true,"href":"https:\/\/www.pedagogie.ac-nice.fr\/cardie\/wp-json\/wp\/v2\/comments?post=102"}],"version-history":[{"count":11,"href":"https:\/\/www.pedagogie.ac-nice.fr\/cardie\/wp-json\/wp\/v2\/pages\/102\/revisions"}],"predecessor-version":[{"id":525,"href":"https:\/\/www.pedagogie.ac-nice.fr\/cardie\/wp-json\/wp\/v2\/pages\/102\/revisions\/525"}],"up":[{"embeddable":true,"href":"https:\/\/www.pedagogie.ac-nice.fr\/cardie\/wp-json\/wp\/v2\/pages\/29"}],"wp:attachment":[{"href":"https:\/\/www.pedagogie.ac-nice.fr\/cardie\/wp-json\/wp\/v2\/media?parent=102"}],"curies":[{"name":"wp","href":"https:\/\/api.w.org\/{rel}","templated":true}]}}