{"id":104,"date":"2018-12-22T19:04:32","date_gmt":"2018-12-22T18:04:32","guid":{"rendered":"https:\/\/www.pedagogie.ac-nice.fr\/cardie\/?page_id=104"},"modified":"2020-07-30T18:24:17","modified_gmt":"2020-07-30T16:24:17","slug":"journees-academiques-de-linnovation","status":"publish","type":"page","link":"https:\/\/www.pedagogie.ac-nice.fr\/cardie\/se-former\/journees-academiques-de-linnovation\/","title":{"rendered":"Journ\u00e9es acad\u00e9miques de l&rsquo;innovation"},"content":{"rendered":"<div style=\"width: 100%;\">\n<div style=\"text-align: right;\"><strong><span style=\"font-size: 24pt;\">2019<\/span><\/strong><\/div>\n<div><\/div>\n<div style=\"width: 100%;\">\n<div style=\"position: relative; padding-bottom: 56.25%; padding-top: 0; height: 0;\"><iframe loading=\"lazy\" style=\"position: absolute; top: 0; left: 0; width: 100%; height: 100%;\" src=\"https:\/\/view.genial.ly\/5cb39ed8bcfaf90f547a9fd2\" width=\"1200px\" height=\"675px\" frameborder=\"0\" scrolling=\"yes\" allowfullscreen=\"allowfullscreen\"><\/iframe><\/div>\n<div><\/div>\n<\/div>\n<p>&nbsp;<\/p>\n<hr \/>\n<div><\/div>\n<div><\/div>\n<div style=\"text-align: right;\"><strong><span style=\"font-size: 24pt;\">2017<\/span><\/strong><\/div>\n<div><\/div>\n<div style=\"position: relative; padding-bottom: 56.25%; padding-top: 0; height: 0;\"><iframe loading=\"lazy\" style=\"position: absolute; top: 0; left: 0; width: 100%; height: 100%;\" src=\"https:\/\/view.genial.ly\/599fb96b072c202a68cae131\" width=\"1200px\" height=\"675px\" frameborder=\"0\" scrolling=\"yes\" allowfullscreen=\"allowfullscreen\"><\/iframe><\/div>\n<div><\/div>\n<div><\/div>\n<div><span style=\"font-size: 14pt;\">Poursuivez\u00a0votre exploration des ressources qu\u2019apporte l\u2019innovation et reportez-vous \u00e0 <strong><a href=\"https:\/\/www.pedagogie.ac-nice.fr\/cardie\/se-former\/journees-nationales-de-linnovation\/\" target=\"_blank\" rel=\"noopener noreferrer\">la page consacr\u00e9e \u00e0 la Journ\u00e9e nationale de l&rsquo;Innovation\u00a0<\/a><\/strong><\/span><\/div>\n<\/div>\n","protected":false},"excerpt":{"rendered":"<p>2019 &nbsp; 2017 Poursuivez\u00a0votre exploration des ressources qu\u2019apporte l\u2019innovation et reportez-vous \u00e0 la page consacr\u00e9e \u00e0 la Journ\u00e9e nationale de l&rsquo;Innovation\u00a0<\/p>\n","protected":false},"author":178,"featured_media":0,"parent":29,"menu_order":4,"comment_status":"closed","ping_status":"closed","template":"","meta":{"ngg_post_thumbnail":0,"footnotes":""},"class_list":["post-104","page","type-page","status-publish","hentry","nodate","item-wrap"],"rttpg_featured_image_url":null,"rttpg_author":{"display_name":"cardie","author_link":"https:\/\/www.pedagogie.ac-nice.fr\/cardie\/author\/cardie\/"},"rttpg_comment":0,"rttpg_category":null,"rttpg_excerpt":"2019 &nbsp; 2017 Poursuivez\u00a0votre exploration des ressources qu\u2019apporte l\u2019innovation et reportez-vous \u00e0 la page consacr\u00e9e \u00e0 la Journ\u00e9e nationale de l&rsquo;Innovation\u00a0","post_mailing_queue_ids":[],"_links":{"self":[{"href":"https:\/\/www.pedagogie.ac-nice.fr\/cardie\/wp-json\/wp\/v2\/pages\/104","targetHints":{"allow":["GET"]}}],"collection":[{"href":"https:\/\/www.pedagogie.ac-nice.fr\/cardie\/wp-json\/wp\/v2\/pages"}],"about":[{"href":"https:\/\/www.pedagogie.ac-nice.fr\/cardie\/wp-json\/wp\/v2\/types\/page"}],"author":[{"embeddable":true,"href":"https:\/\/www.pedagogie.ac-nice.fr\/cardie\/wp-json\/wp\/v2\/users\/178"}],"replies":[{"embeddable":true,"href":"https:\/\/www.pedagogie.ac-nice.fr\/cardie\/wp-json\/wp\/v2\/comments?post=104"}],"version-history":[{"count":12,"href":"https:\/\/www.pedagogie.ac-nice.fr\/cardie\/wp-json\/wp\/v2\/pages\/104\/revisions"}],"predecessor-version":[{"id":529,"href":"https:\/\/www.pedagogie.ac-nice.fr\/cardie\/wp-json\/wp\/v2\/pages\/104\/revisions\/529"}],"up":[{"embeddable":true,"href":"https:\/\/www.pedagogie.ac-nice.fr\/cardie\/wp-json\/wp\/v2\/pages\/29"}],"wp:attachment":[{"href":"https:\/\/www.pedagogie.ac-nice.fr\/cardie\/wp-json\/wp\/v2\/media?parent=104"}],"curies":[{"name":"wp","href":"https:\/\/api.w.org\/{rel}","templated":true}]}}