{"id":1086,"date":"2021-02-16T13:51:21","date_gmt":"2021-02-16T12:51:21","guid":{"rendered":"https:\/\/www.pedagogie.ac-nice.fr\/cardie\/?page_id=1086"},"modified":"2021-03-13T11:25:53","modified_gmt":"2021-03-13T10:25:53","slug":"archi-corps-et-bagnart-quand-les-eleves-se-regalent-des-travaux-forces","status":"publish","type":"page","link":"https:\/\/www.pedagogie.ac-nice.fr\/cardie\/archi-corps-et-bagnart-quand-les-eleves-se-regalent-des-travaux-forces\/","title":{"rendered":"Archi-corps et Bagn&rsquo;art : quand les \u00e9l\u00e8ves se r\u00e9galent des travaux forc\u00e9s !"},"content":{"rendered":"<p>&nbsp;<\/p>\n<p>&nbsp;<\/p>\n\t\t<link href=\"https:\/\/www.pedagogie.ac-nice.fr\/cardie\/wp-content\/plugins\/slideshow-ck\/themes\/default\/css\/camera.css\" rel=\"stylesheet\" type=\"text\/css\" \/>\n\t\t<style type=\"text\/css\">\n\t\t\t#camera_wrap_1144 .camera_pag_ul li img, #camera_wrap_1144 .camera_thumbs_cont ul li img {\n\t\t\t\theight:100px;\n\t\t\t\twidth: auto;\n\t\t\t}\n\t\t\t#camera_wrap_1144 .camera_caption {\n\t\t\t\tdisplay: block;\n\t\t\t\tposition: absolute;\n\t\t\t}\n\t\t\t#camera_wrap_1144 .camera_caption a.camera_caption_link {\n\t\t\t\tdisplay: block;\n\t\t\t\tposition: absolute;\n\t\t\t\tleft: 0;\n\t\t\t\tright: 0;\n\t\t\t\ttop: 0;\n\t\t\t\tbottom: 0;\n\t\t\t}\n\t\t\t#camera_wrap_1144 .camera_caption > div {\n\t\t\t\tbackground: #000000;\t\t\t}\n\t\t\t#camera_wrap_1144 .camera_caption div.camera_caption_title {\n\t\t\t\tfont-size: 18px;line-height: 18px;font-weight: normal;\t\t\t}\n\t\t\t#camera_wrap_1144 .camera_caption div.camera_caption_desc {\n\t\t\t\tfont-size: 12px;line-height: 12px;font-weight: normal;\t\t\t}\n\t\t<\/style>\n\t\t\t\t<div class=\"slideshowck camera_wrap camera_amber_skin\" id=\"camera_wrap_1144\">\n\t\t\t\t\t\t\t<div  data-thumb=\"https:\/\/www.pedagogie.ac-nice.fr\/cardie\/wp-content\/uploads\/sites\/26\/2021\/03\/DSCN4623-e1615194868421.jpg\" data-src=\"https:\/\/www.pedagogie.ac-nice.fr\/cardie\/wp-content\/uploads\/sites\/26\/2021\/03\/DSCN4623-e1615194868421.jpg\" data-link=\"https:\/\/www.pedagogie.ac-nice.fr\/cardie\/wp-content\/uploads\/sites\/26\/2021\/03\/DSCN4623-e1615194868421.jpg\" data-target=\"_parent\">\n\t\t\t\t\t\t\t\t\t\t<\/div>\n\t\t\t\t\t\t\t<div  data-thumb=\"https:\/\/www.pedagogie.ac-nice.fr\/cardie\/wp-content\/uploads\/sites\/26\/2021\/03\/fort-nap-luce-132-scaled-e1615196136361.jpg\" data-src=\"https:\/\/www.pedagogie.ac-nice.fr\/cardie\/wp-content\/uploads\/sites\/26\/2021\/03\/fort-nap-luce-132-scaled-e1615196136361.jpg\" data-link=\"https:\/\/www.pedagogie.ac-nice.fr\/cardie\/wp-content\/uploads\/sites\/26\/2021\/03\/fort-nap-luce-132-scaled-e1615196136361.jpg\" data-target=\"_parent\">\n\t\t\t\t\t\t\t\t\t\t<\/div>\n\t\t\t\t\t\t\t<div  data-thumb=\"https:\/\/www.pedagogie.ac-nice.fr\/cardie\/wp-content\/uploads\/sites\/26\/2021\/03\/fort-nap-luce-130-scaled-e1615196106812.jpg\" data-src=\"https:\/\/www.pedagogie.ac-nice.fr\/cardie\/wp-content\/uploads\/sites\/26\/2021\/03\/fort-nap-luce-130-scaled-e1615196106812.jpg\" data-link=\"https:\/\/www.pedagogie.ac-nice.fr\/cardie\/wp-content\/uploads\/sites\/26\/2021\/03\/fort-nap-luce-130-scaled-e1615196106812.jpg\" data-target=\"_parent\">\n\t\t\t\t\t\t\t\t\t\t<\/div>\n\t\t\t\t\t\t\t<div  data-thumb=\"https:\/\/www.pedagogie.ac-nice.fr\/cardie\/wp-content\/uploads\/sites\/26\/2021\/03\/DSC_1859-scaled-e1615195873803.jpg\" data-src=\"https:\/\/www.pedagogie.ac-nice.fr\/cardie\/wp-content\/uploads\/sites\/26\/2021\/03\/DSC_1859-scaled-e1615195873803.jpg\" data-link=\"https:\/\/www.pedagogie.ac-nice.fr\/cardie\/wp-content\/uploads\/sites\/26\/2021\/03\/DSC_1859-scaled-e1615195873803.jpg\" data-target=\"_parent\">\n\t\t\t\t\t\t\t\t\t\t<\/div>\n\t\t\t\t\t\t\t<div  data-thumb=\"https:\/\/www.pedagogie.ac-nice.fr\/cardie\/wp-content\/uploads\/sites\/26\/2021\/03\/DSCN4102-scaled-e1615195949567.jpg\" data-src=\"https:\/\/www.pedagogie.ac-nice.fr\/cardie\/wp-content\/uploads\/sites\/26\/2021\/03\/DSCN4102-scaled-e1615195949567.jpg\" data-link=\"https:\/\/www.pedagogie.ac-nice.fr\/cardie\/wp-content\/uploads\/sites\/26\/2021\/03\/DSCN4102-scaled-e1615195949567.jpg\" data-target=\"_parent\">\n\t\t\t\t\t\t\t\t\t\t<\/div>\n\t\t\t\t\t\t\t<div  data-thumb=\"https:\/\/www.pedagogie.ac-nice.fr\/cardie\/wp-content\/uploads\/sites\/26\/2021\/03\/DSCN1377-scaled-e1615195915673.jpg\" data-src=\"https:\/\/www.pedagogie.ac-nice.fr\/cardie\/wp-content\/uploads\/sites\/26\/2021\/03\/DSCN1377-scaled-e1615195915673.jpg\" data-link=\"https:\/\/www.pedagogie.ac-nice.fr\/cardie\/wp-content\/uploads\/sites\/26\/2021\/03\/DSCN1377-scaled-e1615195915673.jpg\" data-target=\"_parent\">\n\t\t\t\t\t\t\t\t\t\t<\/div>\n\t\t\t\t\t\t\t<div  data-thumb=\"https:\/\/www.pedagogie.ac-nice.fr\/cardie\/wp-content\/uploads\/sites\/26\/2021\/03\/DSCN4116-scaled-e1615196001723.jpg\" data-src=\"https:\/\/www.pedagogie.ac-nice.fr\/cardie\/wp-content\/uploads\/sites\/26\/2021\/03\/DSCN4116-scaled-e1615196001723.jpg\" data-link=\"https:\/\/www.pedagogie.ac-nice.fr\/cardie\/wp-content\/uploads\/sites\/26\/2021\/03\/DSCN4116-scaled-e1615196001723.jpg\" data-target=\"_parent\">\n\t\t\t\t\t\t\t\t\t\t<\/div>\n\t\t\t\t\t\t\t<div  data-thumb=\"https:\/\/www.pedagogie.ac-nice.fr\/cardie\/wp-content\/uploads\/sites\/26\/2021\/03\/fort-nap-luce-79-scaled-e1615196081349.jpg\" data-src=\"https:\/\/www.pedagogie.ac-nice.fr\/cardie\/wp-content\/uploads\/sites\/26\/2021\/03\/fort-nap-luce-79-scaled-e1615196081349.jpg\" data-link=\"https:\/\/www.pedagogie.ac-nice.fr\/cardie\/wp-content\/uploads\/sites\/26\/2021\/03\/fort-nap-luce-79-scaled-e1615196081349.jpg\" data-target=\"_parent\">\n\t\t\t\t\t\t\t\t\t\t<\/div>\n\t\t\t\t\t\t\t<div  data-thumb=\"https:\/\/www.pedagogie.ac-nice.fr\/cardie\/wp-content\/uploads\/sites\/26\/2021\/03\/DSCN4123-scaled-e1615196025762.jpg\" data-src=\"https:\/\/www.pedagogie.ac-nice.fr\/cardie\/wp-content\/uploads\/sites\/26\/2021\/03\/DSCN4123-scaled-e1615196025762.jpg\" data-link=\"https:\/\/www.pedagogie.ac-nice.fr\/cardie\/wp-content\/uploads\/sites\/26\/2021\/03\/DSCN4123-scaled-e1615196025762.jpg\" data-target=\"_parent\">\n\t\t\t\t\t\t\t\t\t\t<\/div>\n\t\t\t\t\t\t\t<div  data-thumb=\"https:\/\/www.pedagogie.ac-nice.fr\/cardie\/wp-content\/uploads\/sites\/26\/2021\/03\/DSCN4106-scaled-e1615195979896.jpg\" data-src=\"https:\/\/www.pedagogie.ac-nice.fr\/cardie\/wp-content\/uploads\/sites\/26\/2021\/03\/DSCN4106-scaled-e1615195979896.jpg\" data-link=\"https:\/\/www.pedagogie.ac-nice.fr\/cardie\/wp-content\/uploads\/sites\/26\/2021\/03\/DSCN4106-scaled-e1615195979896.jpg\" data-target=\"_parent\">\n\t\t\t\t\t\t\t\t\t\t<\/div>\n\t\t\t\t\t<\/div>\n\t\t<div style=\"clear:both;\"><\/div>\n\t\t\n<p>&nbsp;<\/p>\n<p style=\"text-align: center;\"><span style=\"font-size: 14pt;\"><strong>Avec <span style=\"color: #ff6600;\">Archi-corps<\/span> on entre au bagne pour faire connaissance avec &nbsp;l&rsquo;architecture fortifi\u00e9e, \u00e9couter le silence, s&rsquo;immerger dans l&rsquo;Histoire et le patrimoine, danser, \u00e9crire.<\/strong><\/span><br \/>\n<span style=\"font-size: 14pt;\"><strong>Avec <span style=\"color: #ff6600;\">Bagn&rsquo;art<\/span>, on cr\u00e9e, on expose et on s&rsquo;\u00e9chappe &#8230; &nbsp;<\/strong><\/span><\/p>\n<p style=\"text-align: center;\"><iframe loading=\"lazy\" src=\"https:\/\/acamedia.ac-nice.fr\/v2\/player\/embed_player.php?vid=8YYX1117AG6X&amp;width=540&amp;height=334&amp;autoplay=yes\" width=\"540\" height=\"334\" frameborder=\"0\" allowfullscreen=\"allowfullscreen\"><\/iframe><br \/>\n&nbsp;<\/p>\n<p style=\"text-align: center;\"><strong><span style=\"font-size: 14pt; color: #ff6600;\">Vous voulez en savoir davantage ? On vous comprend &#8230;&nbsp;<\/span><\/strong><\/p>\n<div id=\"attachment_1171\" style=\"width: 334px\" class=\"wp-caption alignright\"><a href=\"https:\/\/www.pedagogie.ac-nice.fr\/cardie\/wp-content\/uploads\/sites\/26\/2021\/03\/PROJET-BAGNART-.pdf\" target=\"_blank\" rel=\"noopener\"><img loading=\"lazy\" decoding=\"async\" aria-describedby=\"caption-attachment-1171\" class=\"wp-image-1171 alignleft\" src=\"https:\/\/www.pedagogie.ac-nice.fr\/cardie\/wp-content\/uploads\/sites\/26\/2021\/03\/DSCN4620-1024x764.jpg\" alt=\"Bagnart \u00a9CarolineBihan\" width=\"334\" height=\"250\"><\/a><p id=\"caption-attachment-1171\" class=\"wp-caption-text\">Bagnart \u00a9CarolineBihan<\/p><\/div>\n<p><a href=\"https:\/\/innovatheque-pub.education.gouv.fr\/innovatheque\/consultation-action\/7660\/nav-context?previousPage=search\" target=\"_blank\" rel=\"noopener\"><img loading=\"lazy\" decoding=\"async\" class=\"wp-image-1174 alignleft\" src=\"https:\/\/www.pedagogie.ac-nice.fr\/cardie\/wp-content\/uploads\/sites\/26\/2021\/03\/Capture-decran-2021-03-09-a-16.56.36-1024x720.png\" alt=\"\" width=\"366\" height=\"257\"><\/a><\/p>\n<p>&nbsp;<\/p>\n<p>&nbsp;<\/p>\n<p>&nbsp;<\/p>\n<p>&nbsp;<\/p>\n<p>&nbsp;<\/p>\n<p>&nbsp;<\/p>\n<p>&nbsp;<\/p>\n<p style=\"text-align: center;\">&nbsp;<\/p>\n<p><img loading=\"lazy\" decoding=\"async\" class=\"aligncenter size-medium wp-image-878\" src=\"https:\/\/www.pedagogie.ac-nice.fr\/cardie\/wp-content\/uploads\/sites\/26\/2020\/11\/JourneeAcademiquePedagogique-20mars2021_1355208-300x109.jpg\" alt=\"\" width=\"300\" height=\"109\" srcset=\"https:\/\/www.pedagogie.ac-nice.fr\/cardie\/wp-content\/uploads\/sites\/26\/2020\/11\/JourneeAcademiquePedagogique-20mars2021_1355208-300x109.jpg 300w, https:\/\/www.pedagogie.ac-nice.fr\/cardie\/wp-content\/uploads\/sites\/26\/2020\/11\/JourneeAcademiquePedagogique-20mars2021_1355208.jpg 680w\" sizes=\"auto, (max-width: 300px) 100vw, 300px\" \/><\/p>\n<p style=\"text-align: center;\">&nbsp;<\/p>\n<p>&nbsp;<\/p>\n","protected":false},"excerpt":{"rendered":"<p>&nbsp; &nbsp; &nbsp; Avec Archi-corps on entre au bagne pour faire connaissance avec &nbsp;l&rsquo;architecture fortifi\u00e9e, \u00e9couter le silence, s&rsquo;immerger dans l&rsquo;Histoire et le patrimoine, danser, \u00e9crire. Avec Bagn&rsquo;art, on cr\u00e9e, on expose et on s&rsquo;\u00e9chappe &#8230; &nbsp; &nbsp; Vous voulez en savoir davantage ? On vous comprend &#8230;&nbsp; &nbsp; &nbsp; &nbsp; &nbsp; &nbsp; &nbsp; &nbsp; &hellip; <\/p>\n<p><a class=\"more-link btn\" href=\"https:\/\/www.pedagogie.ac-nice.fr\/cardie\/archi-corps-et-bagnart-quand-les-eleves-se-regalent-des-travaux-forces\/\">Lire la suite<\/a><\/p>\n","protected":false},"author":206,"featured_media":0,"parent":0,"menu_order":0,"comment_status":"closed","ping_status":"closed","template":"","meta":{"ngg_post_thumbnail":0,"footnotes":""},"class_list":["post-1086","page","type-page","status-publish","hentry","nodate","item-wrap"],"rttpg_featured_image_url":null,"rttpg_author":{"display_name":"lmayer","author_link":"https:\/\/www.pedagogie.ac-nice.fr\/cardie\/author\/lmayer\/"},"rttpg_comment":0,"rttpg_category":null,"rttpg_excerpt":"&nbsp; &nbsp; &nbsp; Avec Archi-corps on entre au bagne pour faire connaissance avec &nbsp;l&rsquo;architecture fortifi\u00e9e, \u00e9couter le silence, s&rsquo;immerger dans l&rsquo;Histoire et le patrimoine, danser, \u00e9crire. Avec Bagn&rsquo;art, on cr\u00e9e, on expose et on s&rsquo;\u00e9chappe &#8230; &nbsp; &nbsp; Vous voulez en savoir davantage ? On vous comprend &#8230;&nbsp; &nbsp; &nbsp; &nbsp; &nbsp; &nbsp; &nbsp; &nbsp;\u2026","post_mailing_queue_ids":[],"_links":{"self":[{"href":"https:\/\/www.pedagogie.ac-nice.fr\/cardie\/wp-json\/wp\/v2\/pages\/1086","targetHints":{"allow":["GET"]}}],"collection":[{"href":"https:\/\/www.pedagogie.ac-nice.fr\/cardie\/wp-json\/wp\/v2\/pages"}],"about":[{"href":"https:\/\/www.pedagogie.ac-nice.fr\/cardie\/wp-json\/wp\/v2\/types\/page"}],"author":[{"embeddable":true,"href":"https:\/\/www.pedagogie.ac-nice.fr\/cardie\/wp-json\/wp\/v2\/users\/206"}],"replies":[{"embeddable":true,"href":"https:\/\/www.pedagogie.ac-nice.fr\/cardie\/wp-json\/wp\/v2\/comments?post=1086"}],"version-history":[{"count":11,"href":"https:\/\/www.pedagogie.ac-nice.fr\/cardie\/wp-json\/wp\/v2\/pages\/1086\/revisions"}],"predecessor-version":[{"id":1178,"href":"https:\/\/www.pedagogie.ac-nice.fr\/cardie\/wp-json\/wp\/v2\/pages\/1086\/revisions\/1178"}],"wp:attachment":[{"href":"https:\/\/www.pedagogie.ac-nice.fr\/cardie\/wp-json\/wp\/v2\/media?parent=1086"}],"curies":[{"name":"wp","href":"https:\/\/api.w.org\/{rel}","templated":true}]}}