{"id":1091,"date":"2021-02-17T10:32:07","date_gmt":"2021-02-17T09:32:07","guid":{"rendered":"https:\/\/www.pedagogie.ac-nice.fr\/cardie\/?page_id=1091"},"modified":"2021-03-22T16:46:29","modified_gmt":"2021-03-22T15:46:29","slug":"4lab-une-porte-ouverte-sur-nos-idees","status":"publish","type":"page","link":"https:\/\/www.pedagogie.ac-nice.fr\/cardie\/4lab-une-porte-ouverte-sur-nos-idees\/","title":{"rendered":"4Lab : une porte ouverte sur nos id\u00e9es !"},"content":{"rendered":"<p style=\"text-align: center;\">&nbsp;<\/p>\n<p style=\"text-align: center;\"><iframe loading=\"lazy\" src=\"https:\/\/acamedia.ac-nice.fr\/v2\/player\/embed_player.php?vid=U852XHXS3YOO&amp;width=600&amp;height=370&amp;autoplay=yes\" width=\"600\" height=\"370\" frameborder=\"0\" allowfullscreen=\"allowfullscreen\"><\/iframe>&nbsp;<\/p>\n<p>&nbsp;<\/p>\n<p style=\"text-align: center;\"><a href=\"https:\/\/innovatheque-pub.education.gouv.fr\/innovatheque\/consultation-action\/8240\/nav-context?previousPage=search\" target=\"_blank\" rel=\"noopener\"><strong><span style=\"font-size: 18pt; color: #ff6600;\">Faites un pas de c\u00f4t\u00e9 avec la p\u00e9dagogie TouKouLeur !<\/span><\/strong><\/a><\/p>\n<div id=\"attachment_1116\" style=\"width: 820px\" class=\"wp-caption aligncenter\"><img loading=\"lazy\" decoding=\"async\" aria-describedby=\"caption-attachment-1116\" class=\" wp-image-1116\" src=\"https:\/\/www.pedagogie.ac-nice.fr\/cardie\/wp-content\/uploads\/sites\/26\/2021\/02\/IMG_1235.jpg\" alt=\"TouKouLeur scketchnot\u00e9 par Philippe Colinot\" width=\"820\" height=\"580\" srcset=\"https:\/\/www.pedagogie.ac-nice.fr\/cardie\/wp-content\/uploads\/sites\/26\/2021\/02\/IMG_1235.jpg 680w, https:\/\/www.pedagogie.ac-nice.fr\/cardie\/wp-content\/uploads\/sites\/26\/2021\/02\/IMG_1235-300x212.jpg 300w\" sizes=\"auto, (max-width: 820px) 100vw, 820px\" \/><p id=\"caption-attachment-1116\" class=\"wp-caption-text\">TouKouLeur scketchnot\u00e9 par Philippe Colinot<\/p><\/div>\n<p>&nbsp;<\/p>\n<p>&nbsp;<\/p>\n<p style=\"text-align: center;\"><span style=\"color: #ff6600;\"><strong><span style=\"font-size: 18pt;\">La d\u00e9clinaison #TKL du coll\u00e8ge<\/span><\/strong><\/span><\/p>\n<p style=\"text-align: center;\"><a href=\"https:\/\/view.genial.ly\/5f82cc01a70c7d0d04023826\" target=\"_blank\" rel=\"noopener\"><span style=\"color: #ff6600;\"><strong><span style=\"font-size: 18pt;\"><img loading=\"lazy\" decoding=\"async\" class=\"aligncenter size-thumbnail wp-image-1237\" src=\"https:\/\/www.pedagogie.ac-nice.fr\/cardie\/wp-content\/uploads\/sites\/26\/2021\/03\/Capture-decran-2021-03-22-a-15.48.55-150x150.png\" alt=\"\" width=\"150\" height=\"150\"><\/span><\/strong><\/span><\/a><\/p>\n<p style=\"text-align: center;\"><span style=\"color: #ff6600;\"><strong><span style=\"font-size: 18pt;\">Jean Moulin de Brignoles vous attend<\/span><\/strong><\/span><\/p>\n<p>&nbsp;<\/p>\n<p style=\"text-align: center;\"><span style=\"color: #ff6600;\"><strong><span style=\"font-size: 14pt;\">La p\u00e9dagogie TouKouleur, ce sont les \u00e9l\u00e8ves qui en parlent le mieux &#8230;&nbsp;<\/span><\/strong><\/span><\/p>\n<p style=\"text-align: center;\">\u200c<iframe loading=\"lazy\" src=\"https:\/\/www.youtube.com\/embed\/1Ouhg30wqzQ\" width=\"560\" height=\"315\" frameborder=\"0\" allowfullscreen=\"allowfullscreen\"><\/iframe><br \/>\n&nbsp;<\/p>\n<p style=\"text-align: center;\"><a href=\"https:\/\/innovatheque-pub.education.gouv.fr\/innovatheque\/consultation-action\/7052\/nav-context?previousPage=search\" target=\"_blank\" rel=\"noopener\"><span style=\"font-size: 14pt; color: #ff6600;\"><strong>Sur Innovath\u00e8que :&nbsp;<\/strong><\/span><img loading=\"lazy\" decoding=\"async\" class=\"aligncenter size-thumbnail wp-image-1082\" src=\"https:\/\/www.pedagogie.ac-nice.fr\/cardie\/wp-content\/uploads\/sites\/26\/2021\/02\/Capture-decran-2021-02-16-a-13.25.33-150x150.png\" alt=\"\" width=\"150\" height=\"150\"><\/a><\/p>\n<p>&nbsp;<\/p>\n<p><img loading=\"lazy\" decoding=\"async\" class=\"aligncenter size-medium wp-image-878\" src=\"https:\/\/www.pedagogie.ac-nice.fr\/cardie\/wp-content\/uploads\/sites\/26\/2020\/11\/JourneeAcademiquePedagogique-20mars2021_1355208-300x109.jpg\" alt=\"\" width=\"300\" height=\"109\" srcset=\"https:\/\/www.pedagogie.ac-nice.fr\/cardie\/wp-content\/uploads\/sites\/26\/2020\/11\/JourneeAcademiquePedagogique-20mars2021_1355208-300x109.jpg 300w, https:\/\/www.pedagogie.ac-nice.fr\/cardie\/wp-content\/uploads\/sites\/26\/2020\/11\/JourneeAcademiquePedagogique-20mars2021_1355208.jpg 680w\" sizes=\"auto, (max-width: 300px) 100vw, 300px\" \/><\/p>\n","protected":false},"excerpt":{"rendered":"<p>&nbsp; &nbsp; &nbsp; Faites un pas de c\u00f4t\u00e9 avec la p\u00e9dagogie TouKouLeur ! &nbsp; &nbsp; La d\u00e9clinaison #TKL du coll\u00e8ge Jean Moulin de Brignoles vous attend &nbsp; La p\u00e9dagogie TouKouleur, ce sont les \u00e9l\u00e8ves qui en parlent le mieux &#8230;&nbsp; \u200c &nbsp; Sur Innovath\u00e8que :&nbsp; &nbsp;<\/p>\n","protected":false},"author":206,"featured_media":0,"parent":0,"menu_order":0,"comment_status":"closed","ping_status":"closed","template":"","meta":{"ngg_post_thumbnail":0,"footnotes":""},"class_list":["post-1091","page","type-page","status-publish","hentry","nodate","item-wrap"],"rttpg_featured_image_url":null,"rttpg_author":{"display_name":"lmayer","author_link":"https:\/\/www.pedagogie.ac-nice.fr\/cardie\/author\/lmayer\/"},"rttpg_comment":0,"rttpg_category":null,"rttpg_excerpt":"&nbsp; &nbsp; &nbsp; Faites un pas de c\u00f4t\u00e9 avec la p\u00e9dagogie TouKouLeur ! &nbsp; &nbsp; La d\u00e9clinaison #TKL du coll\u00e8ge Jean Moulin de Brignoles vous attend &nbsp; La p\u00e9dagogie TouKouleur, ce sont les \u00e9l\u00e8ves qui en parlent le mieux &#8230;&nbsp; \u200c &nbsp; Sur Innovath\u00e8que :&nbsp; &nbsp;","post_mailing_queue_ids":[],"_links":{"self":[{"href":"https:\/\/www.pedagogie.ac-nice.fr\/cardie\/wp-json\/wp\/v2\/pages\/1091","targetHints":{"allow":["GET"]}}],"collection":[{"href":"https:\/\/www.pedagogie.ac-nice.fr\/cardie\/wp-json\/wp\/v2\/pages"}],"about":[{"href":"https:\/\/www.pedagogie.ac-nice.fr\/cardie\/wp-json\/wp\/v2\/types\/page"}],"author":[{"embeddable":true,"href":"https:\/\/www.pedagogie.ac-nice.fr\/cardie\/wp-json\/wp\/v2\/users\/206"}],"replies":[{"embeddable":true,"href":"https:\/\/www.pedagogie.ac-nice.fr\/cardie\/wp-json\/wp\/v2\/comments?post=1091"}],"version-history":[{"count":17,"href":"https:\/\/www.pedagogie.ac-nice.fr\/cardie\/wp-json\/wp\/v2\/pages\/1091\/revisions"}],"predecessor-version":[{"id":1238,"href":"https:\/\/www.pedagogie.ac-nice.fr\/cardie\/wp-json\/wp\/v2\/pages\/1091\/revisions\/1238"}],"wp:attachment":[{"href":"https:\/\/www.pedagogie.ac-nice.fr\/cardie\/wp-json\/wp\/v2\/media?parent=1091"}],"curies":[{"name":"wp","href":"https:\/\/api.w.org\/{rel}","templated":true}]}}