{"id":1100,"date":"2021-02-17T10:42:27","date_gmt":"2021-02-17T09:42:27","guid":{"rendered":"https:\/\/www.pedagogie.ac-nice.fr\/cardie\/?page_id=1100"},"modified":"2021-03-17T14:01:52","modified_gmt":"2021-03-17T13:01:52","slug":"renart-a-la-langue-bien-pendue","status":"publish","type":"page","link":"https:\/\/www.pedagogie.ac-nice.fr\/cardie\/renart-a-la-langue-bien-pendue\/","title":{"rendered":"Renart a la langue bien pendue !"},"content":{"rendered":"<p style=\"text-align: center;\"><iframe loading=\"lazy\" src=\"https:\/\/acamedia.ac-nice.fr\/v2\/player\/embed_player.php?vid=YSMUNK5N693M&amp;width=540&amp;height=334&amp;autoplay=yes\" width=\"540\" height=\"334\" frameborder=\"0\" allowfullscreen=\"allowfullscreen\"><\/iframe>&nbsp;<\/p>\n<p>&nbsp;<\/p>\n<p style=\"text-align: center;\"><a href=\"https:\/\/innovatheque-pub.education.gouv.fr\/innovatheque\/consultation-action\/8101\/nav-context?previousPage=search\" target=\"_blank\" rel=\"noopener\"><img loading=\"lazy\" decoding=\"async\" class=\"size-full wp-image-1148 alignright\" src=\"https:\/\/www.pedagogie.ac-nice.fr\/cardie\/wp-content\/uploads\/sites\/26\/2021\/03\/Renart-e1615206575354.jpg\" alt=\"\" width=\"300\" height=\"265\"><\/a><\/p>\n<p>&nbsp;<\/p>\n<p>&nbsp;<\/p>\n<p><strong><span style=\"font-size: 14pt; color: #ff6600;\">Pour tout savoir sur moi et les \u00e9l\u00e8ves de CM2 et 6\u00e8me de La Marquisanne, &nbsp;c&rsquo;est dans mon chapeau &#8230;&nbsp;<\/span><\/strong><\/p>\n<p>&nbsp;<\/p>\n<p>&nbsp;<\/p>\n<p>&nbsp;<\/p>\n<p>&nbsp;<\/p>\n<p style=\"text-align: center;\"><strong><span style=\"font-size: 14pt; color: #ff6600;\">Renart en stopmotion&nbsp;<\/span><\/strong><\/p>\n<p style=\"text-align: center;\"><iframe loading=\"lazy\" src=\"https:\/\/acamedia.ac-nice.fr\/v2\/player\/embed_player.php?vid=WNK3BUSU7178&amp;width=540&amp;height=334&amp;autoplay=yes\" width=\"540\" height=\"334\" frameborder=\"0\" allowfullscreen=\"allowfullscreen\"><\/iframe>&nbsp;<\/p>\n<p>&nbsp;<\/p>\n<p style=\"text-align: center;\"><strong><span style=\"font-size: 14pt; color: #ff6600;\">Fermez les yeux et \u00e9coutez Renart &#8230;&nbsp;<\/span><\/strong><\/p>\n<audio class=\"wp-audio-shortcode\" id=\"audio-1100-1\" preload=\"none\" style=\"width: 100%;\" controls=\"controls\"><source type=\"audio\/mpeg\" src=\"https:\/\/www.pedagogie.ac-nice.fr\/cardie\/wp-content\/uploads\/sites\/26\/2021\/03\/Sayn\u00e8te-Renart-et-les-anguilles-ok.mp3?_=1\" \/><a href=\"https:\/\/www.pedagogie.ac-nice.fr\/cardie\/wp-content\/uploads\/sites\/26\/2021\/03\/Sayn\u00e8te-Renart-et-les-anguilles-ok.mp3\">https:\/\/www.pedagogie.ac-nice.fr\/cardie\/wp-content\/uploads\/sites\/26\/2021\/03\/Sayn\u00e8te-Renart-et-les-anguilles-ok.mp3<\/a><\/audio>\n<p>&nbsp;<\/p>\n<p style=\"text-align: center;\"><span style=\"font-size: 14pt;\"><strong><span style=\"color: #ff6600;\">Pour visiter mon mus\u00e9e virtuel, c&rsquo;est par ici &#8230; &nbsp;le chargement prend quelques secondes<\/span><\/strong><\/span><\/p>\n<p style=\"text-align: center;\"><iframe loading=\"lazy\" src=\"https:\/\/www.artsteps.com\/embed\/5fdc9c6d5bc4860eaec32b6c\/640\/360\" width=\"640\" height=\"360\" frameborder=\"0\" allowfullscreen=\"allowfullscreen\"><\/iframe>&nbsp;<\/p>\n<p><a href=\"https:\/\/acamedia.ac-nice.fr\/v2\/jap2021stand-88renart-dans-tous-ses-\u00e9tats_v6385\" target=\"_blank\" rel=\"noopener\"><img loading=\"lazy\" decoding=\"async\" class=\"size-medium wp-image-878 aligncenter\" src=\"https:\/\/www.pedagogie.ac-nice.fr\/cardie\/wp-content\/uploads\/sites\/26\/2020\/11\/JourneeAcademiquePedagogique-20mars2021_1355208-300x109.jpg\" alt=\"\" width=\"300\" height=\"109\" srcset=\"https:\/\/www.pedagogie.ac-nice.fr\/cardie\/wp-content\/uploads\/sites\/26\/2020\/11\/JourneeAcademiquePedagogique-20mars2021_1355208-300x109.jpg 300w, https:\/\/www.pedagogie.ac-nice.fr\/cardie\/wp-content\/uploads\/sites\/26\/2020\/11\/JourneeAcademiquePedagogique-20mars2021_1355208.jpg 680w\" sizes=\"auto, (max-width: 300px) 100vw, 300px\" \/><\/a><\/p>\n<p>&nbsp;<\/p>\n","protected":false},"excerpt":{"rendered":"<p>&nbsp; &nbsp; &nbsp; &nbsp; Pour tout savoir sur moi et les \u00e9l\u00e8ves de CM2 et 6\u00e8me de La Marquisanne, &nbsp;c&rsquo;est dans mon chapeau &#8230;&nbsp; &nbsp; &nbsp; &nbsp; &nbsp; Renart en stopmotion&nbsp; &nbsp; &nbsp; Fermez les yeux et \u00e9coutez Renart &#8230;&nbsp; &nbsp; Pour visiter mon mus\u00e9e virtuel, c&rsquo;est par ici &#8230; &nbsp;le chargement prend quelques secondes &hellip; <\/p>\n<p><a class=\"more-link btn\" href=\"https:\/\/www.pedagogie.ac-nice.fr\/cardie\/renart-a-la-langue-bien-pendue\/\">Lire la suite<\/a><\/p>\n","protected":false},"author":206,"featured_media":0,"parent":0,"menu_order":0,"comment_status":"closed","ping_status":"closed","template":"","meta":{"ngg_post_thumbnail":0,"footnotes":""},"class_list":["post-1100","page","type-page","status-publish","hentry","nodate","item-wrap"],"rttpg_featured_image_url":null,"rttpg_author":{"display_name":"lmayer","author_link":"https:\/\/www.pedagogie.ac-nice.fr\/cardie\/author\/lmayer\/"},"rttpg_comment":0,"rttpg_category":null,"rttpg_excerpt":"&nbsp; &nbsp; &nbsp; &nbsp; Pour tout savoir sur moi et les \u00e9l\u00e8ves de CM2 et 6\u00e8me de La Marquisanne, &nbsp;c&rsquo;est dans mon chapeau &#8230;&nbsp; &nbsp; &nbsp; &nbsp; &nbsp; Renart en stopmotion&nbsp; &nbsp; &nbsp; Fermez les yeux et \u00e9coutez Renart &#8230;&nbsp; &nbsp; Pour visiter mon mus\u00e9e virtuel, c&rsquo;est par ici &#8230; &nbsp;le chargement prend quelques secondes\u2026","post_mailing_queue_ids":[],"_links":{"self":[{"href":"https:\/\/www.pedagogie.ac-nice.fr\/cardie\/wp-json\/wp\/v2\/pages\/1100","targetHints":{"allow":["GET"]}}],"collection":[{"href":"https:\/\/www.pedagogie.ac-nice.fr\/cardie\/wp-json\/wp\/v2\/pages"}],"about":[{"href":"https:\/\/www.pedagogie.ac-nice.fr\/cardie\/wp-json\/wp\/v2\/types\/page"}],"author":[{"embeddable":true,"href":"https:\/\/www.pedagogie.ac-nice.fr\/cardie\/wp-json\/wp\/v2\/users\/206"}],"replies":[{"embeddable":true,"href":"https:\/\/www.pedagogie.ac-nice.fr\/cardie\/wp-json\/wp\/v2\/comments?post=1100"}],"version-history":[{"count":16,"href":"https:\/\/www.pedagogie.ac-nice.fr\/cardie\/wp-json\/wp\/v2\/pages\/1100\/revisions"}],"predecessor-version":[{"id":1202,"href":"https:\/\/www.pedagogie.ac-nice.fr\/cardie\/wp-json\/wp\/v2\/pages\/1100\/revisions\/1202"}],"wp:attachment":[{"href":"https:\/\/www.pedagogie.ac-nice.fr\/cardie\/wp-json\/wp\/v2\/media?parent=1100"}],"curies":[{"name":"wp","href":"https:\/\/api.w.org\/{rel}","templated":true}]}}