{"id":112,"date":"2018-12-22T19:13:35","date_gmt":"2018-12-22T18:13:35","guid":{"rendered":"https:\/\/www.pedagogie.ac-nice.fr\/cardie\/?page_id=112"},"modified":"2024-11-12T15:15:56","modified_gmt":"2024-11-12T14:15:56","slug":"carte-des-projets-de-lacademie","status":"publish","type":"page","link":"https:\/\/www.pedagogie.ac-nice.fr\/cardie\/sinformer\/carte-des-projets-de-lacademie\/","title":{"rendered":"Cartes des projets de l&rsquo;acad\u00e9mie"},"content":{"rendered":"<p><span style=\"color: #993366;\"><strong><span style=\"font-size: 14pt;\">Carte des projets #CNR NEFLE valid\u00e9s et en cours :<\/span> <\/strong><\/span><\/p>\n<p><iframe loading=\"lazy\" src=\"https:\/\/cnr-nefle.gogocarto.fr\/map?iframe=1#\/carte\/academie-de-Nice@47.96,13.19,6z?cat=all\" width=\"800\" height=\"600\" frameborder=\"0\" marginwidth=\"0\" marginheight=\"0\"><\/iframe>&nbsp;&nbsp;<\/p>\n<p><strong><span style=\"font-size: 14pt; color: #993366;\">Prenez connaissance des actions innovantes r\u00e9pertori\u00e9es dans l&rsquo;acad\u00e9mie de Nice pour la p\u00e9riode 2022-2025.&nbsp;&nbsp;<\/span><\/strong><\/p>\n<p><span style=\"font-size: 14pt; color: #800080;\"><strong>Pour une meilleure lisibilit\u00e9, passez en vision plein \u00e9cran<br \/>\n<span style=\"color: #800080; font-size: 12pt;\">(Calques par r\u00e9seaux 1er et 2d degr\u00e9s, mise \u00e0 jour r\u00e9guli\u00e8re)<\/span><\/strong><\/span><\/p>\n<p><iframe loading=\"lazy\" src=\"\/\/umap.openstreetmap.fr\/fr\/map\/linnovation-dans-lacademie-de-nice-2022-2025_858459?scaleControl=false&amp;miniMap=false&amp;scrollWheelZoom=true&amp;zoomControl=true&amp;allowEdit=false&amp;moreControl=true&amp;searchControl=null&amp;tilelayersControl=null&amp;embedControl=null&amp;datalayersControl=true&amp;onLoadPanel=databrowser&amp;captionBar=false&amp;fullscreenControl=true\" width=\"100%\" height=\"400px\" frameborder=\"0\" allowfullscreen=\"allowfullscreen\"><\/iframe><\/p>\n<p><a href=\"\/\/umap.openstreetmap.fr\/fr\/map\/linnovation-dans-lacademie-de-nice-2022-2025_858459\">Voir en plein \u00e9cran<\/a><\/p>\n<p><span style=\"color: #800080;\"><span style=\"font-size: 14pt;\"><strong>Actions innovantes r\u00e9pertori\u00e9es dans <\/strong><\/span><span style=\"font-size: 14pt;\"><strong>l&rsquo;acad\u00e9mie de Nice pour la p\u00e9riode 2019-2022.&nbsp;&nbsp;<\/strong><\/span><\/span><\/p>\n<p><iframe loading=\"lazy\" src=\"\/\/umap.openstreetmap.fr\/fr\/map\/linnovation-dans-lacademie-de-nice-2019-2022_681956?scaleControl=false&amp;miniMap=false&amp;scrollWheelZoom=true&amp;zoomControl=true&amp;allowEdit=false&amp;moreControl=true&amp;searchControl=null&amp;tilelayersControl=null&amp;embedControl=true&amp;datalayersControl=null&amp;onLoadPanel=databrowser&amp;captionBar=false&amp;fullscreenControl=true&amp;feature=&amp;datalayers=1975720%2C1975729%2C1975737%2C1972724%2C1975741%2C1975742%2C1985974%2C1975746%2C1975748%2C1986066%2C1975749%2C1986064%2C1975765%2C1986061%2C1975766%2C1975768%2C1986074%2C1975772%2C1975773%2C1986059%2C1986060%2C1975779%2C1975774%2C1986062%2C1975782%2C1975788%2C1975789#8\/43.739\/6.641\" width=\"100%\" height=\"400px\" frameborder=\"0\" allowfullscreen=\"allowfullscreen\"><\/iframe><\/p>\n<p><a href=\"\/\/umap.openstreetmap.fr\/fr\/map\/linnovation-dans-lacademie-de-nice-2019-2022_681956\">Voir en plein \u00e9cran<\/a><\/p>\n<p>&nbsp;<\/p>\n<p><strong><span style=\"font-size: 14pt; color: #993366;\">Carte des actions retenues pour la Journ\u00e9e de l&rsquo;Innovation 2020<\/span><\/strong><\/p>\n<p><iframe loading=\"lazy\" src=\"http:\/\/umap.openstreetmap.fr\/fr\/map\/academie-de-nice-a-la-jinnov2020_399812?scaleControl=false&amp;miniMap=false&amp;scrollWheelZoom=false&amp;zoomControl=true&amp;allowEdit=false&amp;moreControl=true&amp;searchControl=null&amp;tilelayersControl=null&amp;embedControl=null&amp;datalayersControl=true&amp;onLoadPanel=databrowser&amp;captionBar=false\" width=\"100%\" height=\"300px\" frameborder=\"0\" allowfullscreen=\"allowfullscreen\"><\/iframe><\/p>\n<p><a href=\"http:\/\/umap.openstreetmap.fr\/fr\/map\/academie-de-nice-a-la-jinnov2020_399812\">Voir en plein \u00e9cran<\/a><\/p>\n<p>&nbsp;<\/p>\n<p>&nbsp;<\/p>\n<p><iframe loading=\"lazy\" src=\"\/\/umap.openstreetmap.fr\/fr\/map\/webradios-et-podcasts-detablissements-dans-lacadem_717727?scaleControl=false&amp;miniMap=false&amp;scrollWheelZoom=false&amp;zoomControl=true&amp;allowEdit=false&amp;moreControl=true&amp;searchControl=null&amp;tilelayersControl=null&amp;embedControl=null&amp;datalayersControl=true&amp;onLoadPanel=databrowser&amp;captionBar=false\" width=\"100%\" height=\"300px\" frameborder=\"0\" allowfullscreen=\"allowfullscreen\"><\/iframe><\/p>\n<p><a href=\"\/\/umap.openstreetmap.fr\/fr\/map\/webradios-et-podcasts-detablissements-dans-lacadem_717727\">Voir en plein \u00e9cran<\/a><\/p>\n<p>&nbsp;<\/p>\n<p><span style=\"color: #993366;\"><strong><span style=\"font-size: 14pt;\">Carte des actions li\u00e9es \u00e0 l&rsquo;enseignement de l&rsquo;oral<\/span><\/strong><\/span><\/p>\n<p><iframe loading=\"lazy\" src=\"https:\/\/umap.openstreetmap.fr\/fr\/map\/actions-liees-a-la-pratique-de-loral-dans-lacademi_407035?scaleControl=false&amp;miniMap=false&amp;scrollWheelZoom=false&amp;zoomControl=true&amp;allowEdit=false&amp;moreControl=true&amp;searchControl=null&amp;tilelayersControl=null&amp;embedControl=null&amp;datalayersControl=true&amp;onLoadPanel=databrowser&amp;captionBar=false\" width=\"100%\" height=\"300px\" frameborder=\"0\" allowfullscreen=\"allowfullscreen\">&amp;amp;lt;span data-mce-type=\u00a0\u00bbbookmark\u00a0\u00bb style=\u00a0\u00bbdisplay: inline-block; width: 0px; overflow: hidden; line-height: 0;\u00a0\u00bb class=\u00a0\u00bbmce_SELRES_start\u00a0\u00bb&amp;amp;gt;\ufeff&amp;amp;lt;\/span&amp;amp;gt;&amp;amp;lt;span data-mce-type=\u00a0\u00bbbookmark\u00a0\u00bb style=\u00a0\u00bbdisplay: inline-block; width: 0px; overflow: hidden; line-height: 0;\u00a0\u00bb class=\u00a0\u00bbmce_SELRES_start\u00a0\u00bb&amp;amp;gt;\ufeff&amp;amp;lt;\/span&amp;amp;gt;&amp;amp;lt;span data-mce-type=\u00a0\u00bbbookmark\u00a0\u00bb style=\u00a0\u00bbdisplay: inline-block; width: 0px; overflow: hidden; line-height: 0;\u00a0\u00bb class=\u00a0\u00bbmce_SELRES_start\u00a0\u00bb&amp;amp;gt;\ufeff&amp;amp;lt;\/span&amp;amp;gt;<\/iframe><\/p>\n<p><a href=\"https:\/\/umap.openstreetmap.fr\/fr\/map\/actions-liees-a-la-pratique-de-loral-dans-lacademi_407035\">Voir en plein \u00e9cran<\/a><\/p>\n","protected":false},"excerpt":{"rendered":"<p>Carte des projets #CNR NEFLE valid\u00e9s et en cours : &nbsp;&nbsp; Prenez connaissance des actions innovantes r\u00e9pertori\u00e9es dans l&rsquo;acad\u00e9mie de Nice pour la p\u00e9riode 2022-2025.&nbsp;&nbsp; Pour une meilleure lisibilit\u00e9, passez en vision plein \u00e9cran (Calques par r\u00e9seaux 1er et 2d degr\u00e9s, mise \u00e0 jour r\u00e9guli\u00e8re) Voir en plein \u00e9cran Actions innovantes r\u00e9pertori\u00e9es dans l&rsquo;acad\u00e9mie de &hellip; <\/p>\n<p><a class=\"more-link btn\" href=\"https:\/\/www.pedagogie.ac-nice.fr\/cardie\/sinformer\/carte-des-projets-de-lacademie\/\">Lire la suite<\/a><\/p>\n","protected":false},"author":178,"featured_media":151,"parent":24,"menu_order":2,"comment_status":"closed","ping_status":"closed","template":"","meta":{"ngg_post_thumbnail":0,"footnotes":""},"class_list":["post-112","page","type-page","status-publish","has-post-thumbnail","hentry","nodate","item-wrap"],"rttpg_featured_image_url":{"full":["https:\/\/www.pedagogie.ac-nice.fr\/cardie\/wp-content\/uploads\/sites\/26\/2018\/12\/Capture-d\u00e9cran-2018-12-23-14.11.16.png",991,712,false],"landscape":["https:\/\/www.pedagogie.ac-nice.fr\/cardie\/wp-content\/uploads\/sites\/26\/2018\/12\/Capture-d\u00e9cran-2018-12-23-14.11.16.png",991,712,false],"portraits":["https:\/\/www.pedagogie.ac-nice.fr\/cardie\/wp-content\/uploads\/sites\/26\/2018\/12\/Capture-d\u00e9cran-2018-12-23-14.11.16.png",991,712,false],"thumbnail":["https:\/\/www.pedagogie.ac-nice.fr\/cardie\/wp-content\/uploads\/sites\/26\/2018\/12\/Capture-d\u00e9cran-2018-12-23-14.11.16-150x150.png",150,150,true],"medium":["https:\/\/www.pedagogie.ac-nice.fr\/cardie\/wp-content\/uploads\/sites\/26\/2018\/12\/Capture-d\u00e9cran-2018-12-23-14.11.16-300x216.png",300,216,true],"large":["https:\/\/www.pedagogie.ac-nice.fr\/cardie\/wp-content\/uploads\/sites\/26\/2018\/12\/Capture-d\u00e9cran-2018-12-23-14.11.16.png",750,539,false],"1536x1536":["https:\/\/www.pedagogie.ac-nice.fr\/cardie\/wp-content\/uploads\/sites\/26\/2018\/12\/Capture-d\u00e9cran-2018-12-23-14.11.16.png",991,712,false],"2048x2048":["https:\/\/www.pedagogie.ac-nice.fr\/cardie\/wp-content\/uploads\/sites\/26\/2018\/12\/Capture-d\u00e9cran-2018-12-23-14.11.16.png",991,712,false],"graphene_slider":["https:\/\/www.pedagogie.ac-nice.fr\/cardie\/wp-content\/uploads\/sites\/26\/2018\/12\/Capture-d\u00e9cran-2018-12-23-14.11.16-991x400.png",991,400,true],"graphene_featured_image":["https:\/\/www.pedagogie.ac-nice.fr\/cardie\/wp-content\/uploads\/sites\/26\/2018\/12\/Capture-d\u00e9cran-2018-12-23-14.11.16.png",750,539,false],"post-thumbnail":["https:\/\/www.pedagogie.ac-nice.fr\/cardie\/wp-content\/uploads\/sites\/26\/2018\/12\/Capture-d\u00e9cran-2018-12-23-14.11.16-991x250.png",991,250,true],"advps-thumb-one":["https:\/\/www.pedagogie.ac-nice.fr\/cardie\/wp-content\/uploads\/sites\/26\/2018\/12\/Capture-d\u00e9cran-2018-12-23-14.11.16.png",306,220,false]},"rttpg_author":{"display_name":"cardie","author_link":"https:\/\/www.pedagogie.ac-nice.fr\/cardie\/author\/cardie\/"},"rttpg_comment":0,"rttpg_category":null,"rttpg_excerpt":"Carte des projets #CNR NEFLE valid\u00e9s et en cours : &nbsp;&nbsp; Prenez connaissance des actions innovantes r\u00e9pertori\u00e9es dans l&rsquo;acad\u00e9mie de Nice pour la p\u00e9riode 2022-2025.&nbsp;&nbsp; Pour une meilleure lisibilit\u00e9, passez en vision plein \u00e9cran (Calques par r\u00e9seaux 1er et 2d degr\u00e9s, mise \u00e0 jour r\u00e9guli\u00e8re) Voir en plein \u00e9cran Actions innovantes r\u00e9pertori\u00e9es dans l&rsquo;acad\u00e9mie de\u2026","post_mailing_queue_ids":[],"_links":{"self":[{"href":"https:\/\/www.pedagogie.ac-nice.fr\/cardie\/wp-json\/wp\/v2\/pages\/112","targetHints":{"allow":["GET"]}}],"collection":[{"href":"https:\/\/www.pedagogie.ac-nice.fr\/cardie\/wp-json\/wp\/v2\/pages"}],"about":[{"href":"https:\/\/www.pedagogie.ac-nice.fr\/cardie\/wp-json\/wp\/v2\/types\/page"}],"author":[{"embeddable":true,"href":"https:\/\/www.pedagogie.ac-nice.fr\/cardie\/wp-json\/wp\/v2\/users\/178"}],"replies":[{"embeddable":true,"href":"https:\/\/www.pedagogie.ac-nice.fr\/cardie\/wp-json\/wp\/v2\/comments?post=112"}],"version-history":[{"count":27,"href":"https:\/\/www.pedagogie.ac-nice.fr\/cardie\/wp-json\/wp\/v2\/pages\/112\/revisions"}],"predecessor-version":[{"id":1777,"href":"https:\/\/www.pedagogie.ac-nice.fr\/cardie\/wp-json\/wp\/v2\/pages\/112\/revisions\/1777"}],"up":[{"embeddable":true,"href":"https:\/\/www.pedagogie.ac-nice.fr\/cardie\/wp-json\/wp\/v2\/pages\/24"}],"wp:featuredmedia":[{"embeddable":true,"href":"https:\/\/www.pedagogie.ac-nice.fr\/cardie\/wp-json\/wp\/v2\/media\/151"}],"wp:attachment":[{"href":"https:\/\/www.pedagogie.ac-nice.fr\/cardie\/wp-json\/wp\/v2\/media?parent=112"}],"curies":[{"name":"wp","href":"https:\/\/api.w.org\/{rel}","templated":true}]}}