{"id":116,"date":"2018-12-22T19:17:23","date_gmt":"2018-12-22T18:17:23","guid":{"rendered":"https:\/\/www.pedagogie.ac-nice.fr\/cardie\/?page_id=116"},"modified":"2025-11-03T09:02:54","modified_gmt":"2025-11-03T08:02:54","slug":"appels-a-projets-academiques","status":"publish","type":"page","link":"https:\/\/www.pedagogie.ac-nice.fr\/cardie\/sinformer\/appels-a-projets-academiques\/","title":{"rendered":"Appel \u00e0 projet acad\u00e9mique"},"content":{"rendered":"<h4><span style=\"color: #ff6600; font-size: 18pt;\"><strong>L&rsquo;appel \u00e0 projets innovants de l&rsquo;acad\u00e9mie de Nice 2025-2026 est disponible ci-dessous&nbsp;<\/strong><\/span><\/h4>\n<a href=\"https:\/\/www.pedagogie.ac-nice.fr\/cardie\/wp-content\/uploads\/sites\/26\/2025\/10\/AppelAProjetsInnovants_2025-26.pdf\" class=\"pdfemb-viewer\" style=\"\" data-width=\"max\" data-height=\"max\" data-toolbar=\"bottom\" data-toolbar-fixed=\"off\">AppelAProjetsInnovants_2025-26<\/a>\n<p style=\"text-align: right;\"><a href=\"https:\/\/www.pedagogie.ac-nice.fr\/cardie\/wp-content\/uploads\/sites\/26\/2025\/10\/AppelAProjetsInnovants_2025-26.pdf\" target=\"_blank\" rel=\"noopener\"><span style=\"font-size: 14pt;\"><strong><span style=\"color: #800080;\">courrier t\u00e9l\u00e9chargeable au format PDF ici&nbsp;<\/span><\/strong><\/span><\/a><br \/>\n&nbsp;<\/p>\n<h4 style=\"text-align: center;\"><span style=\"color: #800080;\"><a style=\"color: #800080;\" href=\"https:\/\/www.pedagogie.ac-nice.fr\/cardie\/wp-content\/uploads\/sites\/26\/2025\/10\/Dossier_CARDIE_actualise.docx\" target=\"_blank\" rel=\"noopener\">[Acc\u00e9der au dossier CARDIE \u00e0 renseigner<\/a>]<\/span><\/h4>\n<h4>&nbsp;<\/h4>\n<h4><span style=\"color: #ff6600; font-size: 18pt;\"><strong>L&rsquo;appel \u00e0 projets innovants de l&rsquo;acad\u00e9mie de Nice 2024-2025 est disponible ci-dessous&nbsp;<\/strong><\/span><\/h4>\n<a href=\"https:\/\/www.pedagogie.ac-nice.fr\/cardie\/wp-content\/uploads\/sites\/26\/2024\/07\/appel_projet_2024-25.pdf\" class=\"pdfemb-viewer\" style=\"\" data-width=\"max\" data-height=\"max\" data-toolbar=\"bottom\" data-toolbar-fixed=\"off\">appel_projet_2024-25<\/a>\n<p style=\"text-align: right;\"><a href=\"https:\/\/www.pedagogie.ac-nice.fr\/cardie\/wp-content\/uploads\/sites\/26\/2024\/07\/appel_projet_2024-25.pdf\" target=\"_blank\" rel=\"noopener\"><span style=\"font-size: 14pt;\"><strong><span style=\"color: #800080;\">t\u00e9l\u00e9chargeable au format PDF ici&nbsp;<\/span><\/strong><\/span><\/a><br \/>\n<a href=\"https:\/\/www.pedagogie.ac-nice.fr\/cardie\/wp-content\/uploads\/sites\/26\/2025\/10\/AppelAProjetsInnovants_2025-26.pdf\" class=\"pdfemb-viewer\" style=\"\" data-width=\"max\" data-height=\"max\" data-toolbar=\"bottom\" data-toolbar-fixed=\"off\">AppelAProjetsInnovants_2025-26<\/a>&nbsp;<\/p>\n<p>&nbsp;<\/p>\n<h4><span style=\"color: #ff6600; font-size: 18pt;\"><strong>L&rsquo;appel \u00e0 projets innovants de l&rsquo;acad\u00e9mie de Nice 2022-2023 est disponible ci-dessous&nbsp;<\/strong><\/span><\/h4>\n<a href=\"https:\/\/www.pedagogie.ac-nice.fr\/cardie\/wp-content\/uploads\/sites\/26\/2022\/09\/AppelAProjetsInnovants22-23.pdf\" class=\"pdfemb-viewer\" style=\"\" data-width=\"max\" data-height=\"max\" data-toolbar=\"bottom\" data-toolbar-fixed=\"off\">AppelAProjetsInnovants22-23<\/a>\n<p><span style=\"font-size: 14pt; color: #993366;\"><strong>&nbsp; &nbsp; &nbsp; &nbsp; &nbsp; &nbsp; &nbsp; &nbsp; &nbsp; &nbsp; &nbsp; &nbsp; &nbsp; &nbsp; &nbsp; &nbsp; &nbsp; &nbsp; &nbsp; &nbsp; &nbsp; &nbsp; &nbsp; &nbsp; &nbsp; &nbsp; &nbsp; &nbsp; &nbsp; &nbsp; &nbsp; &nbsp; &nbsp; &nbsp; &nbsp; &nbsp; &nbsp; &nbsp; &nbsp; &nbsp; &nbsp; &nbsp; &nbsp; &nbsp; &nbsp; &nbsp; &nbsp; &nbsp; &nbsp; &nbsp; &nbsp; &nbsp; &nbsp; &nbsp; &nbsp; &nbsp; &nbsp; &nbsp; &nbsp; &nbsp; &nbsp; &nbsp; &nbsp; &nbsp; &nbsp; &nbsp;<a href=\"https:\/\/www.pedagogie.ac-nice.fr\/cardie\/wp-content\/uploads\/sites\/26\/2022\/09\/AppelAProjetsInnovants22-23.pdf\">t\u00e9l\u00e9chargeable au format PDF ici&nbsp;<\/a><\/strong><\/span><\/p>\n<p>&nbsp;<\/p>\n<div class=\"page\" title=\"Page 1\">\n<div class=\"layoutArea\">\n<div class=\"column\">\n<h4><span style=\"color: #ff6600; font-size: 18pt;\"><strong>L&rsquo;appel \u00e0 projets innovants de l&rsquo;acad\u00e9mie de Nice 2021-2022 est disponible ci-dessous&nbsp;<\/strong><\/span><\/h4>\n<\/div>\n<\/div>\n<a href=\"https:\/\/www.pedagogie.ac-nice.fr\/cardie\/wp-content\/uploads\/sites\/26\/2021\/10\/Appels-a-projets-innovants2021-22.pdf\" class=\"pdfemb-viewer\" style=\"\" data-width=\"max\" data-height=\"max\" data-toolbar=\"bottom\" data-toolbar-fixed=\"off\">Appels \u00e0 projets innovants2021-22<\/a>\n<p style=\"text-align: right;\"><a href=\"https:\/\/www.pedagogie.ac-nice.fr\/cardie\/wp-content\/uploads\/sites\/26\/2022\/09\/AppelAProjetsInnovants22-23.pdf\" target=\"_blank\" rel=\"noopener\"><span style=\"font-size: 14pt; color: #993366;\"><strong>t\u00e9l\u00e9chargeable au format PDF ici&nbsp;<\/strong><\/span><\/a><\/p>\n<h4>&nbsp;<\/h4>\n<div class=\"layoutArea\">\n<div class=\"column\">\n<h4><span style=\"color: #ff6600; font-size: 18pt;\"><strong>L&rsquo;appel \u00e0 projets innovants de l&rsquo;acad\u00e9mie de Nice 2020-2021 est disponible ci-dessous&nbsp;<\/strong><\/span><\/h4>\n<p>&nbsp;<\/p>\n<a href=\"https:\/\/www.pedagogie.ac-nice.fr\/cardie\/wp-content\/uploads\/sites\/26\/2021\/01\/2021Appels-a-projets-innovants.pdf\" class=\"pdfemb-viewer\" style=\"\" data-width=\"max\" data-height=\"max\" data-toolbar=\"bottom\" data-toolbar-fixed=\"off\">2021Appels \u00e0 projets innovants<\/a>\n<h4 style=\"text-align: right;\"><a href=\"https:\/\/www.pedagogie.ac-nice.fr\/cardie\/wp-content\/uploads\/sites\/26\/2021\/01\/2021Appels-a-projets-innovants.pdf\" target=\"_blank\" rel=\"noopener\">t\u00e9l\u00e9chargeable au format PDF ici<\/a><\/h4>\n<hr>\n<h4>&nbsp;<\/h4>\n<h4><a href=\"https:\/\/www.pedagogie.ac-nice.fr\/cardie\/wp-content\/uploads\/sites\/26\/2019\/10\/AppelAProjetsInnovants19-20.pdf\" target=\"_blank\" rel=\"noopener noreferrer\">Appel \u00e0 projets innovants de l&rsquo;acad\u00e9mie de Nice 2019-2020 (PDF) :<\/a><\/h4>\n<div id=\"attachment_434\" style=\"width: 198px\" class=\"wp-caption alignright\"><a href=\"https:\/\/www.pedagogie.ac-nice.fr\/cardie\/wp-content\/uploads\/sites\/26\/2019\/10\/EcoleEngeg\u00e9\u00e9.jpg\"><img loading=\"lazy\" decoding=\"async\" aria-describedby=\"caption-attachment-434\" class=\"wp-image-434\" src=\"https:\/\/www.pedagogie.ac-nice.fr\/cardie\/wp-content\/uploads\/sites\/26\/2019\/10\/EcoleEngeg\u00e9\u00e9-300x300.jpg\" alt=\"\" width=\"198\" height=\"198\" srcset=\"https:\/\/www.pedagogie.ac-nice.fr\/cardie\/wp-content\/uploads\/sites\/26\/2019\/10\/EcoleEngeg\u00e9\u00e9-300x300.jpg 300w, https:\/\/www.pedagogie.ac-nice.fr\/cardie\/wp-content\/uploads\/sites\/26\/2019\/10\/EcoleEngeg\u00e9\u00e9-150x150.jpg 150w, https:\/\/www.pedagogie.ac-nice.fr\/cardie\/wp-content\/uploads\/sites\/26\/2019\/10\/EcoleEngeg\u00e9\u00e9-768x768.jpg 768w, https:\/\/www.pedagogie.ac-nice.fr\/cardie\/wp-content\/uploads\/sites\/26\/2019\/10\/EcoleEngeg\u00e9\u00e9-1024x1024.jpg 1024w, https:\/\/www.pedagogie.ac-nice.fr\/cardie\/wp-content\/uploads\/sites\/26\/2019\/10\/EcoleEngeg\u00e9\u00e9.jpg 1920w\" sizes=\"auto, (max-width: 198px) 100vw, 198px\" \/><\/a><p id=\"caption-attachment-434\" class=\"wp-caption-text\">Image par Kidaha de Pixabay<\/p><\/div>\n<h4 style=\"text-align: center;\"><a href=\"https:\/\/www.pedagogie.ac-nice.fr\/cardie\/wp-content\/uploads\/sites\/26\/2019\/10\/AppelAProjetsInnovants19-20.pdf\" target=\"_blank\" rel=\"noopener noreferrer\">\u00ab\u00a0R\u00e9fl\u00e9chir et agir en faveur d&rsquo;une \u00c9cole engag\u00e9e\u00a0\u00bb<\/a><\/h4>\n<p>par M. le Recteur <strong>R. LAGANIER<\/strong><\/p>\n<\/div>\n<\/div>\n<\/div>\n<p>&nbsp;<\/p>\n<p>&nbsp;<\/p>\n<p>&nbsp;<\/p>\n<p>&nbsp;<\/p>\n<p><a style=\"font-family: inherit; font-size: 18px; font-weight: bold;\" href=\"http:\/\/www.ac-nice.fr\/pasi\/file\/2018-2019\/Lettre_appel_recteur_2018-2019.pdf\" target=\"_blank\" rel=\"noopener noreferrer\">Appel \u00e0 projets innovants de l&rsquo;acad\u00e9mie de Nice 2018-2019 (PDF)<\/a><\/p>\n<p>par M. le Recteur <strong>E. ETHIS<\/strong><\/p>\n<p>&nbsp;<\/p>\n","protected":false},"excerpt":{"rendered":"<p>L&rsquo;appel \u00e0 projets innovants de l&rsquo;acad\u00e9mie de Nice 2025-2026 est disponible ci-dessous&nbsp; courrier t\u00e9l\u00e9chargeable au format PDF ici&nbsp; &nbsp; [Acc\u00e9der au dossier CARDIE \u00e0 renseigner] &nbsp; L&rsquo;appel \u00e0 projets innovants de l&rsquo;acad\u00e9mie de Nice 2024-2025 est disponible ci-dessous&nbsp; t\u00e9l\u00e9chargeable au format PDF ici&nbsp; &nbsp; &nbsp; L&rsquo;appel \u00e0 projets innovants de l&rsquo;acad\u00e9mie de Nice 2022-2023 est &hellip; <\/p>\n<p><a class=\"more-link btn\" href=\"https:\/\/www.pedagogie.ac-nice.fr\/cardie\/sinformer\/appels-a-projets-academiques\/\">Lire la suite<\/a><\/p>\n","protected":false},"author":178,"featured_media":0,"parent":24,"menu_order":4,"comment_status":"closed","ping_status":"closed","template":"","meta":{"ngg_post_thumbnail":0,"footnotes":""},"class_list":["post-116","page","type-page","status-publish","hentry","nodate","item-wrap"],"rttpg_featured_image_url":null,"rttpg_author":{"display_name":"cardie","author_link":"https:\/\/www.pedagogie.ac-nice.fr\/cardie\/author\/cardie\/"},"rttpg_comment":0,"rttpg_category":null,"rttpg_excerpt":"L&rsquo;appel \u00e0 projets innovants de l&rsquo;acad\u00e9mie de Nice 2025-2026 est disponible ci-dessous&nbsp; courrier t\u00e9l\u00e9chargeable au format PDF ici&nbsp; &nbsp; [Acc\u00e9der au dossier CARDIE \u00e0 renseigner] &nbsp; L&rsquo;appel \u00e0 projets innovants de l&rsquo;acad\u00e9mie de Nice 2024-2025 est disponible ci-dessous&nbsp; t\u00e9l\u00e9chargeable au format PDF ici&nbsp; &nbsp; &nbsp; L&rsquo;appel \u00e0 projets innovants de l&rsquo;acad\u00e9mie de Nice 2022-2023 est\u2026","post_mailing_queue_ids":[],"_links":{"self":[{"href":"https:\/\/www.pedagogie.ac-nice.fr\/cardie\/wp-json\/wp\/v2\/pages\/116","targetHints":{"allow":["GET"]}}],"collection":[{"href":"https:\/\/www.pedagogie.ac-nice.fr\/cardie\/wp-json\/wp\/v2\/pages"}],"about":[{"href":"https:\/\/www.pedagogie.ac-nice.fr\/cardie\/wp-json\/wp\/v2\/types\/page"}],"author":[{"embeddable":true,"href":"https:\/\/www.pedagogie.ac-nice.fr\/cardie\/wp-json\/wp\/v2\/users\/178"}],"replies":[{"embeddable":true,"href":"https:\/\/www.pedagogie.ac-nice.fr\/cardie\/wp-json\/wp\/v2\/comments?post=116"}],"version-history":[{"count":37,"href":"https:\/\/www.pedagogie.ac-nice.fr\/cardie\/wp-json\/wp\/v2\/pages\/116\/revisions"}],"predecessor-version":[{"id":1949,"href":"https:\/\/www.pedagogie.ac-nice.fr\/cardie\/wp-json\/wp\/v2\/pages\/116\/revisions\/1949"}],"up":[{"embeddable":true,"href":"https:\/\/www.pedagogie.ac-nice.fr\/cardie\/wp-json\/wp\/v2\/pages\/24"}],"wp:attachment":[{"href":"https:\/\/www.pedagogie.ac-nice.fr\/cardie\/wp-json\/wp\/v2\/media?parent=116"}],"curies":[{"name":"wp","href":"https:\/\/api.w.org\/{rel}","templated":true}]}}