{"id":1182,"date":"2021-03-16T10:11:30","date_gmt":"2021-03-16T09:11:30","guid":{"rendered":"https:\/\/www.pedagogie.ac-nice.fr\/cardie\/?page_id=1182"},"modified":"2021-03-16T11:12:54","modified_gmt":"2021-03-16T10:12:54","slug":"jni-2021","status":"publish","type":"page","link":"https:\/\/www.pedagogie.ac-nice.fr\/cardie\/se-former\/journees-nationales-de-linnovation\/jni-2021\/","title":{"rendered":"JNI 2021 en R\u00e9gion acad\u00e9mique : Aix-Marseille et Nice, main dans la main."},"content":{"rendered":"<div style=\"width: 100%;\">\n<div style=\"text-align: center;\"><strong><span style=\"font-size: 14pt; color: #ff6600;\">La R\u00e9gion acad\u00e9mique vous convie \u00e0 participer \u00e0 un nouveau format \u00e0 distance<\/span><\/strong><\/div>\n<div style=\"text-align: center;\"><strong><span style=\"font-size: 14pt; color: #ff6600;\"> lors de la semaine \u00abFaites de l&rsquo;innovation\u00bb :<\/span><\/strong><\/div>\n<div style=\"text-align: center;\"><strong><span style=\"font-size: 14pt; color: #ff6600;\"> les <em>WebiSud<\/em>&nbsp;mis en place conjointement par les CARDIE d&rsquo;Aix-Marseille et de Nice&nbsp;<\/span><\/strong><\/div>\n<div>&nbsp;<\/div>\n<div style=\"text-align: center;\"><span style=\"font-size: 14pt;\"><strong><span style=\"color: #ff6600;\">Sur les 5 th\u00e9matiques 2021, venez rencontrer les \u00e9quipes innovantes&nbsp;<\/span><\/strong><\/span><\/div>\n<div>&nbsp;<\/div>\n<div style=\"text-align: center;\"><span style=\"color: #993366;\"><strong><span style=\"font-size: 14pt;\">Vous en trouverez le programme complet ci-dessous et le lien d&rsquo;inscription<\/span><\/strong><\/span><\/div>\n<div style=\"text-align: center;\"><span style=\"color: #993366;\"><strong><span style=\"font-size: 14pt;\"> (gr\u00e2ce \u00e0 votre adresse acad\u00e9mique pour les enseignants)<\/span><\/strong><\/span><\/div>\n<div style=\"text-align: center;\"><span style=\"color: #993366;\"><strong><span style=\"font-size: 14pt;\">Au plaisir de vous retrouver !&nbsp;<\/span><\/strong><\/span><\/div>\n<div style=\"text-align: center;\">&nbsp;<\/div>\n<div>&nbsp;<\/div>\n<div style=\"position: relative; padding-bottom: 56.25%; padding-top: 0; height: 0;\"><iframe loading=\"lazy\" style=\"position: absolute; top: 0; left: 0; width: 100%; height: 100%;\" src=\"https:\/\/view.genial.ly\/60019df18c059b0d156b7eee\" width=\"1200\" height=\"675\" frameborder=\"0\" scrolling=\"yes\" allowfullscreen=\"allowfullscreen\"><\/iframe><\/div>\n<div>&nbsp;<\/div>\n<\/div>\n<p style=\"text-align: center;\"><a href=\"https:\/\/ppe.orion.education.fr\/services_men\/\/itw\/answer\/s\/gk3xrfa362\/k\/WebiSud2021\" target=\"_blank\" rel=\"noopener\">bouton d&rsquo;inscription directe&nbsp;<img loading=\"lazy\" decoding=\"async\" class=\"aligncenter wp-image-1200\" src=\"https:\/\/www.pedagogie.ac-nice.fr\/cardie\/wp-content\/uploads\/sites\/26\/2021\/03\/kisspng-car-automotive-lighting-material-yellow-yellow-to-understand-the-button-5a9eb9a86d4716.4487509815203516564476.png\" alt=\"bouton\" width=\"200\" height=\"53\" srcset=\"https:\/\/www.pedagogie.ac-nice.fr\/cardie\/wp-content\/uploads\/sites\/26\/2021\/03\/kisspng-car-automotive-lighting-material-yellow-yellow-to-understand-the-button-5a9eb9a86d4716.4487509815203516564476.png 2110w, https:\/\/www.pedagogie.ac-nice.fr\/cardie\/wp-content\/uploads\/sites\/26\/2021\/03\/kisspng-car-automotive-lighting-material-yellow-yellow-to-understand-the-button-5a9eb9a86d4716.4487509815203516564476-300x79.png 300w, https:\/\/www.pedagogie.ac-nice.fr\/cardie\/wp-content\/uploads\/sites\/26\/2021\/03\/kisspng-car-automotive-lighting-material-yellow-yellow-to-understand-the-button-5a9eb9a86d4716.4487509815203516564476-1024x269.png 1024w, https:\/\/www.pedagogie.ac-nice.fr\/cardie\/wp-content\/uploads\/sites\/26\/2021\/03\/kisspng-car-automotive-lighting-material-yellow-yellow-to-understand-the-button-5a9eb9a86d4716.4487509815203516564476-768x202.png 768w, https:\/\/www.pedagogie.ac-nice.fr\/cardie\/wp-content\/uploads\/sites\/26\/2021\/03\/kisspng-car-automotive-lighting-material-yellow-yellow-to-understand-the-button-5a9eb9a86d4716.4487509815203516564476-1536x403.png 1536w, https:\/\/www.pedagogie.ac-nice.fr\/cardie\/wp-content\/uploads\/sites\/26\/2021\/03\/kisspng-car-automotive-lighting-material-yellow-yellow-to-understand-the-button-5a9eb9a86d4716.4487509815203516564476-2048x538.png 2048w, https:\/\/www.pedagogie.ac-nice.fr\/cardie\/wp-content\/uploads\/sites\/26\/2021\/03\/kisspng-car-automotive-lighting-material-yellow-yellow-to-understand-the-button-5a9eb9a86d4716.4487509815203516564476-750x197.png 750w\" sizes=\"auto, (max-width: 200px) 100vw, 200px\" \/><\/a><\/p>\n<div>&nbsp;<\/div>\n<div>&nbsp;<\/div>\n","protected":false},"excerpt":{"rendered":"<p>La R\u00e9gion acad\u00e9mique vous convie \u00e0 participer \u00e0 un nouveau format \u00e0 distance lors de la semaine \u00abFaites de l&rsquo;innovation\u00bb : les WebiSud&nbsp;mis en place conjointement par les CARDIE d&rsquo;Aix-Marseille et de Nice&nbsp; &nbsp; Sur les 5 th\u00e9matiques 2021, venez rencontrer les \u00e9quipes innovantes&nbsp; &nbsp; Vous en trouverez le programme complet ci-dessous et le lien &hellip; <\/p>\n<p><a class=\"more-link btn\" href=\"https:\/\/www.pedagogie.ac-nice.fr\/cardie\/se-former\/journees-nationales-de-linnovation\/jni-2021\/\">Lire la suite<\/a><\/p>\n","protected":false},"author":206,"featured_media":0,"parent":106,"menu_order":0,"comment_status":"closed","ping_status":"closed","template":"","meta":{"ngg_post_thumbnail":0,"footnotes":""},"class_list":["post-1182","page","type-page","status-publish","hentry","nodate","item-wrap"],"rttpg_featured_image_url":null,"rttpg_author":{"display_name":"lmayer","author_link":"https:\/\/www.pedagogie.ac-nice.fr\/cardie\/author\/lmayer\/"},"rttpg_comment":0,"rttpg_category":null,"rttpg_excerpt":"La R\u00e9gion acad\u00e9mique vous convie \u00e0 participer \u00e0 un nouveau format \u00e0 distance lors de la semaine \u00abFaites de l&rsquo;innovation\u00bb : les WebiSud&nbsp;mis en place conjointement par les CARDIE d&rsquo;Aix-Marseille et de Nice&nbsp; &nbsp; Sur les 5 th\u00e9matiques 2021, venez rencontrer les \u00e9quipes innovantes&nbsp; &nbsp; Vous en trouverez le programme complet ci-dessous et le lien\u2026","post_mailing_queue_ids":[],"_links":{"self":[{"href":"https:\/\/www.pedagogie.ac-nice.fr\/cardie\/wp-json\/wp\/v2\/pages\/1182","targetHints":{"allow":["GET"]}}],"collection":[{"href":"https:\/\/www.pedagogie.ac-nice.fr\/cardie\/wp-json\/wp\/v2\/pages"}],"about":[{"href":"https:\/\/www.pedagogie.ac-nice.fr\/cardie\/wp-json\/wp\/v2\/types\/page"}],"author":[{"embeddable":true,"href":"https:\/\/www.pedagogie.ac-nice.fr\/cardie\/wp-json\/wp\/v2\/users\/206"}],"replies":[{"embeddable":true,"href":"https:\/\/www.pedagogie.ac-nice.fr\/cardie\/wp-json\/wp\/v2\/comments?post=1182"}],"version-history":[{"count":9,"href":"https:\/\/www.pedagogie.ac-nice.fr\/cardie\/wp-json\/wp\/v2\/pages\/1182\/revisions"}],"predecessor-version":[{"id":1201,"href":"https:\/\/www.pedagogie.ac-nice.fr\/cardie\/wp-json\/wp\/v2\/pages\/1182\/revisions\/1201"}],"up":[{"embeddable":true,"href":"https:\/\/www.pedagogie.ac-nice.fr\/cardie\/wp-json\/wp\/v2\/pages\/106"}],"wp:attachment":[{"href":"https:\/\/www.pedagogie.ac-nice.fr\/cardie\/wp-json\/wp\/v2\/media?parent=1182"}],"curies":[{"name":"wp","href":"https:\/\/api.w.org\/{rel}","templated":true}]}}