{"id":120,"date":"2018-12-22T19:19:20","date_gmt":"2018-12-22T18:19:20","guid":{"rendered":"https:\/\/www.pedagogie.ac-nice.fr\/cardie\/?page_id=120"},"modified":"2020-11-25T13:23:26","modified_gmt":"2020-11-25T12:23:26","slug":"appel-a-projet-national","status":"publish","type":"page","link":"https:\/\/www.pedagogie.ac-nice.fr\/cardie\/sinformer\/appel-a-projet-national\/","title":{"rendered":"Appels \u00e0 projet nationaux"},"content":{"rendered":"<p><span style=\"font-size: 14pt;\">D\u00e9velopper la culture scientifique en rapprochant \u00e9l\u00e8ves, enseignants, chercheurs, c&rsquo;est <strong>DECLICS:<\/strong><\/span><\/p>\n<p><a href=\"https:\/\/www.pedagogie.ac-nice.fr\/cardie\/wp-content\/uploads\/sites\/26\/2020\/05\/plaquettedeclics2020-2.pdf\" target=\"_blank\" rel=\"https:\/\/www.pedagogie.ac-nice.fr\/cardie\/wp-content\/uploads\/sites\/26\/2020\/05\/plaquettedeclics2020-2.pdf noopener noreferrer\"><img loading=\"lazy\" decoding=\"async\" class=\"aligncenter wp-image-591 size-full\" src=\"https:\/\/www.pedagogie.ac-nice.fr\/cardie\/wp-content\/uploads\/sites\/26\/2020\/05\/Capture-d\u00e9cran-2020-05-20-10.20.34.png\" alt=\"\" width=\"557\" height=\"342\" srcset=\"https:\/\/www.pedagogie.ac-nice.fr\/cardie\/wp-content\/uploads\/sites\/26\/2020\/05\/Capture-d\u00e9cran-2020-05-20-10.20.34.png 557w, https:\/\/www.pedagogie.ac-nice.fr\/cardie\/wp-content\/uploads\/sites\/26\/2020\/05\/Capture-d\u00e9cran-2020-05-20-10.20.34-300x184.png 300w\" sizes=\"auto, (max-width: 557px) 100vw, 557px\" \/><\/a><\/p>\n<p style=\"text-align: center;\">Pour en savoir davantage, cliquez sur l&rsquo;image<\/p>\n<p>&nbsp;<\/p>\n<hr>\n<p><span style=\"font-size: 14pt;\"><strong>ADOSEN, Pr\u00e9vention Sant\u00e9 MGEN,<\/strong> est un organisme agr\u00e9\u00e9 par l&rsquo;Education Nationale qui &nbsp;agit aupr\u00e8s de la communaut\u00e9 \u00e9ducative. Il accompagne sur le terrain les \u00e9tablissements qui montent des projets en lien avec la sant\u00e9, la r\u00e9ussite scolaire, le bien-\u00eatre.&nbsp;<\/span><\/p>\n<ul style=\"list-style-type: square;\">\n<li><span style=\"font-size: 14pt;\"><span style=\"font-size: 14pt;\"><span style=\"font-size: 14pt;\">Des <a href=\"http:\/\/adosen-sante.com\/dossiers\/\" target=\"_blank\" rel=\"noopener noreferrer\">dossiers th\u00e9matiques<\/a> sont en ligne.<\/span><\/span><\/span><\/li>\n<li><span style=\"font-size: 14pt;\">Des <a href=\"http:\/\/adosen-sante.com\/outils-pedagogique\/\" target=\"_blank\" rel=\"noopener noreferrer\">outils<\/a> sont mis \u00e0 disposition<\/span><\/li>\n<\/ul>\n<div id=\"attachment_563\" style=\"width: 750px\" class=\"wp-caption aligncenter\"><img loading=\"lazy\" decoding=\"async\" aria-describedby=\"caption-attachment-563\" class=\"size-large wp-image-563\" src=\"https:\/\/www.pedagogie.ac-nice.fr\/cardie\/wp-content\/uploads\/sites\/26\/2020\/04\/Capture-d\u00e9cran-2020-04-01-15.13.42-1024x459.png\" alt=\"ADOSEN_OutilsPedago\" width=\"750\" height=\"336\" srcset=\"https:\/\/www.pedagogie.ac-nice.fr\/cardie\/wp-content\/uploads\/sites\/26\/2020\/04\/Capture-d\u00e9cran-2020-04-01-15.13.42-1024x459.png 1024w, https:\/\/www.pedagogie.ac-nice.fr\/cardie\/wp-content\/uploads\/sites\/26\/2020\/04\/Capture-d\u00e9cran-2020-04-01-15.13.42-300x134.png 300w, https:\/\/www.pedagogie.ac-nice.fr\/cardie\/wp-content\/uploads\/sites\/26\/2020\/04\/Capture-d\u00e9cran-2020-04-01-15.13.42-768x344.png 768w, https:\/\/www.pedagogie.ac-nice.fr\/cardie\/wp-content\/uploads\/sites\/26\/2020\/04\/Capture-d\u00e9cran-2020-04-01-15.13.42.png 1221w\" sizes=\"auto, (max-width: 750px) 100vw, 750px\" \/><p id=\"caption-attachment-563\" class=\"wp-caption-text\">ADOSEN_OutilsPedago<\/p><\/div>\n<p><span style=\"font-size: 14pt;\">En 2020\/2021, l\u2019ADOSEN inscrit son appel \u00e0 projet dans la th\u00e9matique des comportements addictifs.&nbsp;<\/span><em>Addiction et sant\u00e9&nbsp;(sexuelle, mentale, risques cardio-vasculaires, etc.) &#8211; Addiction et citoyennet\u00e9&nbsp;-Addiction et solidarit\u00e9- Addiction et environnement social- Addiction et num\u00e9rique- Addiction et comp\u00e9tence psychosociale\u2013 Violence et addiction)<\/em><\/p>\n<p><span style=\"font-size: 14pt;\">En raison du contexte sanitaire dans cette p\u00e9riode de confinement,&nbsp;<strong><em>les candidatures seront ouvertes jusqu\u2019au 14 Juin&nbsp;2020.&nbsp;<\/em><\/strong>De fait, les \u00e9tablissements d\u00e9sirant mener un projet sur l\u2019ann\u00e9e scolaire 2020\/2021 pourront soumettre leurs demandes de <strong>financement<\/strong> \u00e0 <\/span><em><span style=\"font-size: 14pt;\">ADOSEN en ligne<\/span> :&nbsp;<\/em><a href=\"http:\/\/adosen-sante.com\/appel-a-projets-pedagogiques\/\">http:\/\/adosen-sante.com\/appel-a-projets-pedagogiques\/<\/a><\/p>\n<p>&nbsp;<\/p>\n<hr>\n<p><a href=\"http:\/\/http:\/\/www.ac-nice.fr\/pasi\/file\/2017-2018\/collegiens_web.pdf\"><img loading=\"lazy\" decoding=\"async\" class=\"alignleft wp-image-259 size-thumbnail\" src=\"https:\/\/www.pedagogie.ac-nice.fr\/cardie\/wp-content\/uploads\/sites\/26\/2019\/03\/Fondation_de_France-150x150.png\" alt=\"\" width=\"150\" height=\"150\" srcset=\"https:\/\/www.pedagogie.ac-nice.fr\/cardie\/wp-content\/uploads\/sites\/26\/2019\/03\/Fondation_de_France-150x150.png 150w, https:\/\/www.pedagogie.ac-nice.fr\/cardie\/wp-content\/uploads\/sites\/26\/2019\/03\/Fondation_de_France-300x300.png 300w, https:\/\/www.pedagogie.ac-nice.fr\/cardie\/wp-content\/uploads\/sites\/26\/2019\/03\/Fondation_de_France-768x768.png 768w, https:\/\/www.pedagogie.ac-nice.fr\/cardie\/wp-content\/uploads\/sites\/26\/2019\/03\/Fondation_de_France.png 1024w\" sizes=\"auto, (max-width: 150px) 100vw, 150px\" \/><\/a><\/p>\n<div class=\"page\" title=\"Page 1\">\n<div class=\"layoutArea\">\n<div class=\"column\">\n<p>&nbsp;<\/p>\n<h4><a href=\"https:\/\/www.fondationdefrance.org\/fr\/pedagogies-innovantes-lecole-se-reinvente\" target=\"_blank\" rel=\"noopener noreferrer\">Appel \u00e0 projets Fondation de France pour une \u00e9cole innovante et inclusive<\/a><\/h4>\n<h4><a href=\"https:\/\/www.fondationdefrance.org\/fr\/aidons-tous-les-collegiens-reussir\" target=\"_blank\" rel=\"noopener noreferrer\">Aidons tous les coll\u00e9giens \u00e0 r\u00e9ussir !&nbsp;<\/a><\/h4>\n<p>Pour contribuer \u00e0 relever ce d\u00e9fi, la Fondation de France structure son appel \u00e0 projets 2020 autour des trois objectifs suivants&nbsp;:<\/p>\n<ul>\n<li>Faire que le coll\u00e8ge soit un lieu d\u2019apprentissage et d\u2019exercice de la citoyennet\u00e9, et aussi un acteur de la transition \u00e9cologique&nbsp;;<\/li>\n<li>Donner \u00e0 l\u2019\u00e9l\u00e8ve un r\u00f4le actif dans des apprentissages qui font sens&nbsp;;<\/li>\n<li>Prendre en compte les singularit\u00e9s de chacun dans des approches individualis\u00e9es.<\/li>\n<\/ul>\n<p>&nbsp;<\/p>\n<\/div>\n<\/div>\n<\/div>\n<hr>\n<p>&nbsp;<\/p>\n<p><strong><span style=\"font-size: 14pt;\"><a href=\"https:\/\/les-savanturiers.cri-paris.org\/appels-a-projets-les-inscriptions-sont-ouvertes\/\" target=\"_blank\" rel=\"noopener noreferrer\">Les Savanturiers vous invitent \u00e0 participer! <\/a><\/span><\/strong><a href=\"https:\/\/www.pedagogie.ac-nice.fr\/cardie\/wp-content\/uploads\/sites\/26\/2019\/04\/Logo-Savanturiers.png\"><img loading=\"lazy\" decoding=\"async\" class=\"size-medium wp-image-398 aligncenter\" src=\"https:\/\/www.pedagogie.ac-nice.fr\/cardie\/wp-content\/uploads\/sites\/26\/2019\/04\/Logo-Savanturiers-300x104.png\" alt=\"\" width=\"300\" height=\"104\" srcset=\"https:\/\/www.pedagogie.ac-nice.fr\/cardie\/wp-content\/uploads\/sites\/26\/2019\/04\/Logo-Savanturiers-300x104.png 300w, https:\/\/www.pedagogie.ac-nice.fr\/cardie\/wp-content\/uploads\/sites\/26\/2019\/04\/Logo-Savanturiers.png 480w\" sizes=\"auto, (max-width: 300px) 100vw, 300px\" \/><span style=\"font-size: 14pt;\">Vous serez enseignants ou mentors?&nbsp;<\/span><\/a><\/p>\n","protected":false},"excerpt":{"rendered":"<p>D\u00e9velopper la culture scientifique en rapprochant \u00e9l\u00e8ves, enseignants, chercheurs, c&rsquo;est DECLICS: Pour en savoir davantage, cliquez sur l&rsquo;image &nbsp; ADOSEN, Pr\u00e9vention Sant\u00e9 MGEN, est un organisme agr\u00e9\u00e9 par l&rsquo;Education Nationale qui &nbsp;agit aupr\u00e8s de la communaut\u00e9 \u00e9ducative. Il accompagne sur le terrain les \u00e9tablissements qui montent des projets en lien avec la sant\u00e9, la r\u00e9ussite &hellip; <\/p>\n<p><a class=\"more-link btn\" href=\"https:\/\/www.pedagogie.ac-nice.fr\/cardie\/sinformer\/appel-a-projet-national\/\">Lire la suite<\/a><\/p>\n","protected":false},"author":178,"featured_media":591,"parent":24,"menu_order":5,"comment_status":"closed","ping_status":"closed","template":"","meta":{"ngg_post_thumbnail":0,"footnotes":""},"class_list":["post-120","page","type-page","status-publish","has-post-thumbnail","hentry","nodate","item-wrap"],"rttpg_featured_image_url":{"full":["https:\/\/www.pedagogie.ac-nice.fr\/cardie\/wp-content\/uploads\/sites\/26\/2020\/05\/Capture-d\u00e9cran-2020-05-20-10.20.34.png",557,342,false],"landscape":["https:\/\/www.pedagogie.ac-nice.fr\/cardie\/wp-content\/uploads\/sites\/26\/2020\/05\/Capture-d\u00e9cran-2020-05-20-10.20.34.png",557,342,false],"portraits":["https:\/\/www.pedagogie.ac-nice.fr\/cardie\/wp-content\/uploads\/sites\/26\/2020\/05\/Capture-d\u00e9cran-2020-05-20-10.20.34.png",557,342,false],"thumbnail":["https:\/\/www.pedagogie.ac-nice.fr\/cardie\/wp-content\/uploads\/sites\/26\/2020\/05\/Capture-d\u00e9cran-2020-05-20-10.20.34-150x150.png",150,150,true],"medium":["https:\/\/www.pedagogie.ac-nice.fr\/cardie\/wp-content\/uploads\/sites\/26\/2020\/05\/Capture-d\u00e9cran-2020-05-20-10.20.34-300x184.png",300,184,true],"large":["https:\/\/www.pedagogie.ac-nice.fr\/cardie\/wp-content\/uploads\/sites\/26\/2020\/05\/Capture-d\u00e9cran-2020-05-20-10.20.34.png",557,342,false],"1536x1536":["https:\/\/www.pedagogie.ac-nice.fr\/cardie\/wp-content\/uploads\/sites\/26\/2020\/05\/Capture-d\u00e9cran-2020-05-20-10.20.34.png",557,342,false],"2048x2048":["https:\/\/www.pedagogie.ac-nice.fr\/cardie\/wp-content\/uploads\/sites\/26\/2020\/05\/Capture-d\u00e9cran-2020-05-20-10.20.34.png",557,342,false],"graphene_slider":["https:\/\/www.pedagogie.ac-nice.fr\/cardie\/wp-content\/uploads\/sites\/26\/2020\/05\/Capture-d\u00e9cran-2020-05-20-10.20.34.png",557,342,false],"graphene_featured_image":["https:\/\/www.pedagogie.ac-nice.fr\/cardie\/wp-content\/uploads\/sites\/26\/2020\/05\/Capture-d\u00e9cran-2020-05-20-10.20.34.png",557,342,false],"post-thumbnail":["https:\/\/www.pedagogie.ac-nice.fr\/cardie\/wp-content\/uploads\/sites\/26\/2020\/05\/Capture-d\u00e9cran-2020-05-20-10.20.34-557x250.png",557,250,true],"advps-thumb-one":["https:\/\/www.pedagogie.ac-nice.fr\/cardie\/wp-content\/uploads\/sites\/26\/2020\/05\/Capture-d\u00e9cran-2020-05-20-10.20.34.png",358,220,false]},"rttpg_author":{"display_name":"cardie","author_link":"https:\/\/www.pedagogie.ac-nice.fr\/cardie\/author\/cardie\/"},"rttpg_comment":0,"rttpg_category":null,"rttpg_excerpt":"D\u00e9velopper la culture scientifique en rapprochant \u00e9l\u00e8ves, enseignants, chercheurs, c&rsquo;est DECLICS: Pour en savoir davantage, cliquez sur l&rsquo;image &nbsp; ADOSEN, Pr\u00e9vention Sant\u00e9 MGEN, est un organisme agr\u00e9\u00e9 par l&rsquo;Education Nationale qui &nbsp;agit aupr\u00e8s de la communaut\u00e9 \u00e9ducative. Il accompagne sur le terrain les \u00e9tablissements qui montent des projets en lien avec la sant\u00e9, la r\u00e9ussite\u2026","post_mailing_queue_ids":[],"_links":{"self":[{"href":"https:\/\/www.pedagogie.ac-nice.fr\/cardie\/wp-json\/wp\/v2\/pages\/120","targetHints":{"allow":["GET"]}}],"collection":[{"href":"https:\/\/www.pedagogie.ac-nice.fr\/cardie\/wp-json\/wp\/v2\/pages"}],"about":[{"href":"https:\/\/www.pedagogie.ac-nice.fr\/cardie\/wp-json\/wp\/v2\/types\/page"}],"author":[{"embeddable":true,"href":"https:\/\/www.pedagogie.ac-nice.fr\/cardie\/wp-json\/wp\/v2\/users\/178"}],"replies":[{"embeddable":true,"href":"https:\/\/www.pedagogie.ac-nice.fr\/cardie\/wp-json\/wp\/v2\/comments?post=120"}],"version-history":[{"count":15,"href":"https:\/\/www.pedagogie.ac-nice.fr\/cardie\/wp-json\/wp\/v2\/pages\/120\/revisions"}],"predecessor-version":[{"id":562,"href":"https:\/\/www.pedagogie.ac-nice.fr\/cardie\/wp-json\/wp\/v2\/pages\/120\/revisions\/562"}],"up":[{"embeddable":true,"href":"https:\/\/www.pedagogie.ac-nice.fr\/cardie\/wp-json\/wp\/v2\/pages\/24"}],"wp:featuredmedia":[{"embeddable":true,"href":"https:\/\/www.pedagogie.ac-nice.fr\/cardie\/wp-json\/wp\/v2\/media\/591"}],"wp:attachment":[{"href":"https:\/\/www.pedagogie.ac-nice.fr\/cardie\/wp-json\/wp\/v2\/media?parent=120"}],"curies":[{"name":"wp","href":"https:\/\/api.w.org\/{rel}","templated":true}]}}