{"id":1371,"date":"2022-03-05T10:36:08","date_gmt":"2022-03-05T09:36:08","guid":{"rendered":"https:\/\/www.pedagogie.ac-nice.fr\/cardie\/?page_id=1371"},"modified":"2022-03-23T16:25:53","modified_gmt":"2022-03-23T15:25:53","slug":"la-marquiz-un-espace-ouvert-lieu-de-culture-et-de-partage","status":"publish","type":"page","link":"https:\/\/www.pedagogie.ac-nice.fr\/cardie\/la-marquiz-un-espace-ouvert-lieu-de-culture-et-de-partage\/","title":{"rendered":"La Marquiz&rsquo;, un espace ouvert, lieu de culture et de partage"},"content":{"rendered":"<p><img loading=\"lazy\" decoding=\"async\" class=\"aligncenter wp-image-1372\" src=\"https:\/\/www.pedagogie.ac-nice.fr\/cardie\/wp-content\/uploads\/sites\/26\/2022\/03\/bandeau_jap22_web_436x309.jpg\" alt=\"JAP2022\" width=\"339\" height=\"240\" srcset=\"https:\/\/www.pedagogie.ac-nice.fr\/cardie\/wp-content\/uploads\/sites\/26\/2022\/03\/bandeau_jap22_web_436x309.jpg 436w, https:\/\/www.pedagogie.ac-nice.fr\/cardie\/wp-content\/uploads\/sites\/26\/2022\/03\/bandeau_jap22_web_436x309-300x213.jpg 300w\" sizes=\"auto, (max-width: 339px) 100vw, 339px\" \/><\/p>\n<p>&nbsp;<\/p>\n<p style=\"text-align: center;\"><strong><span style=\"color: #ff6600; font-size: 14pt;\">Retrouvez toutes les activit\u00e9s de La Marqui&rsquo;z sur cette page&nbsp;<\/span><\/strong><\/p>\n<p style=\"text-align: center;\"><iframe loading=\"lazy\" src=\"https:\/\/acamedia.ac-nice.fr\/player\/embed_player.php?vid=GDM9331WU145&amp;width=540&amp;height=334&amp;autoplay=no\" width=\"540\" height=\"334\" frameborder=\"0\" allowfullscreen=\"allowfullscreen\"><\/iframe>&nbsp;<\/p>\n<p style=\"text-align: center;\">Merci aux \u00e9l\u00e8ves de la 3\u00e8me1 et \u00e0 Bruno Meunier et Sabine Schirar<\/p>\n<p style=\"text-align: center;\"><strong><span style=\"font-size: 14pt; color: #ff6600;\">Retrouvez <a href=\"https:\/\/innovatheque-pub.education.gouv.fr\/innovatheque\/consultation-action\/8129\/nav-context?previousPage=search\" target=\"_blank\" rel=\"noopener\">en ligne la fiche Innovath\u00e8que<\/a> de l&rsquo;action de La Marqui&rsquo;z<\/span><\/strong><\/p>\n<p style=\"text-align: right;\"><strong><span style=\"font-size: 14pt; color: #ff6600;\">Bonne lecture !<\/span><\/strong><\/p>\n<p>&nbsp;<\/p>\n","protected":false},"excerpt":{"rendered":"<p>&nbsp; Retrouvez toutes les activit\u00e9s de La Marqui&rsquo;z sur cette page&nbsp; &nbsp; Merci aux \u00e9l\u00e8ves de la 3\u00e8me1 et \u00e0 Bruno Meunier et Sabine Schirar Retrouvez en ligne la fiche Innovath\u00e8que de l&rsquo;action de La Marqui&rsquo;z Bonne lecture ! &nbsp;<\/p>\n","protected":false},"author":206,"featured_media":0,"parent":0,"menu_order":0,"comment_status":"closed","ping_status":"closed","template":"","meta":{"ngg_post_thumbnail":0,"footnotes":""},"class_list":["post-1371","page","type-page","status-publish","hentry","nodate","item-wrap"],"rttpg_featured_image_url":null,"rttpg_author":{"display_name":"lmayer","author_link":"https:\/\/www.pedagogie.ac-nice.fr\/cardie\/author\/lmayer\/"},"rttpg_comment":0,"rttpg_category":null,"rttpg_excerpt":"&nbsp; Retrouvez toutes les activit\u00e9s de La Marqui&rsquo;z sur cette page&nbsp; &nbsp; Merci aux \u00e9l\u00e8ves de la 3\u00e8me1 et \u00e0 Bruno Meunier et Sabine Schirar Retrouvez en ligne la fiche Innovath\u00e8que de l&rsquo;action de La Marqui&rsquo;z Bonne lecture ! &nbsp;","post_mailing_queue_ids":[],"_links":{"self":[{"href":"https:\/\/www.pedagogie.ac-nice.fr\/cardie\/wp-json\/wp\/v2\/pages\/1371","targetHints":{"allow":["GET"]}}],"collection":[{"href":"https:\/\/www.pedagogie.ac-nice.fr\/cardie\/wp-json\/wp\/v2\/pages"}],"about":[{"href":"https:\/\/www.pedagogie.ac-nice.fr\/cardie\/wp-json\/wp\/v2\/types\/page"}],"author":[{"embeddable":true,"href":"https:\/\/www.pedagogie.ac-nice.fr\/cardie\/wp-json\/wp\/v2\/users\/206"}],"replies":[{"embeddable":true,"href":"https:\/\/www.pedagogie.ac-nice.fr\/cardie\/wp-json\/wp\/v2\/comments?post=1371"}],"version-history":[{"count":6,"href":"https:\/\/www.pedagogie.ac-nice.fr\/cardie\/wp-json\/wp\/v2\/pages\/1371\/revisions"}],"predecessor-version":[{"id":1424,"href":"https:\/\/www.pedagogie.ac-nice.fr\/cardie\/wp-json\/wp\/v2\/pages\/1371\/revisions\/1424"}],"wp:attachment":[{"href":"https:\/\/www.pedagogie.ac-nice.fr\/cardie\/wp-json\/wp\/v2\/media?parent=1371"}],"curies":[{"name":"wp","href":"https:\/\/api.w.org\/{rel}","templated":true}]}}