{"id":1378,"date":"2022-03-05T10:54:10","date_gmt":"2022-03-05T09:54:10","guid":{"rendered":"https:\/\/www.pedagogie.ac-nice.fr\/cardie\/?page_id=1378"},"modified":"2022-03-23T16:31:01","modified_gmt":"2022-03-23T15:31:01","slug":"objectif-orientation-reussite-une-cordee-de-valbonne-a-la-martinique","status":"publish","type":"page","link":"https:\/\/www.pedagogie.ac-nice.fr\/cardie\/objectif-orientation-reussite-une-cordee-de-valbonne-a-la-martinique\/","title":{"rendered":"Objectif : Orientation-r\u00e9ussite, une cord\u00e9e de Valbonne \u00e0 La Martinique"},"content":{"rendered":"<p><img loading=\"lazy\" decoding=\"async\" class=\"aligncenter wp-image-1372\" src=\"https:\/\/www.pedagogie.ac-nice.fr\/cardie\/wp-content\/uploads\/sites\/26\/2022\/03\/bandeau_jap22_web_436x309.jpg\" alt=\"JAP2022\" width=\"354\" height=\"251\" srcset=\"https:\/\/www.pedagogie.ac-nice.fr\/cardie\/wp-content\/uploads\/sites\/26\/2022\/03\/bandeau_jap22_web_436x309.jpg 436w, https:\/\/www.pedagogie.ac-nice.fr\/cardie\/wp-content\/uploads\/sites\/26\/2022\/03\/bandeau_jap22_web_436x309-300x213.jpg 300w\" sizes=\"auto, (max-width: 354px) 100vw, 354px\" \/><\/p>\n<p style=\"text-align: center;\"><strong><span style=\"color: #ff6600; font-size: 14pt;\">Retrouvez sur cette page le d\u00e9tail de l&rsquo;action qui met en cord\u00e9e de r\u00e9ussite les \u00e9l\u00e8ves de la Cit\u00e9 Internationale de Valbonne jusqu&rsquo;\u00e0 La&nbsp;<\/span><\/strong><span style=\"color: #ff6600; font-size: large;\"><span style=\"caret-color: #ff6600;\"><b>Martinique !<\/b><\/span><\/span><\/p>\n<p style=\"text-align: center;\"><iframe loading=\"lazy\" src=\"https:\/\/acamedia.ac-nice.fr\/player\/embed_player.php?vid=SHAURX864NX6&amp;width=540&amp;height=334&amp;autoplay=no\" width=\"540\" height=\"334\" frameborder=\"0\" allowfullscreen=\"allowfullscreen\"><\/iframe><\/p>\n<p style=\"text-align: center;\"><strong><span style=\"color: #ff6600; font-size: 14pt;\">La fiche Innovath\u00e8que est consultable sur le site publique&nbsp;<\/span><\/strong><\/p>\n<p style=\"text-align: center;\"><strong><span style=\"color: #ff6600; font-size: 14pt;\">Bonne lecture !&nbsp;<\/span><\/strong><\/p>\n","protected":false},"excerpt":{"rendered":"<p>Retrouvez sur cette page le d\u00e9tail de l&rsquo;action qui met en cord\u00e9e de r\u00e9ussite les \u00e9l\u00e8ves de la Cit\u00e9 Internationale de Valbonne jusqu&rsquo;\u00e0 La&nbsp;Martinique ! La fiche Innovath\u00e8que est consultable sur le site publique&nbsp; Bonne lecture !&nbsp;<\/p>\n","protected":false},"author":206,"featured_media":0,"parent":0,"menu_order":0,"comment_status":"closed","ping_status":"closed","template":"","meta":{"ngg_post_thumbnail":0,"footnotes":""},"class_list":["post-1378","page","type-page","status-publish","hentry","nodate","item-wrap"],"rttpg_featured_image_url":null,"rttpg_author":{"display_name":"lmayer","author_link":"https:\/\/www.pedagogie.ac-nice.fr\/cardie\/author\/lmayer\/"},"rttpg_comment":0,"rttpg_category":null,"rttpg_excerpt":"Retrouvez sur cette page le d\u00e9tail de l&rsquo;action qui met en cord\u00e9e de r\u00e9ussite les \u00e9l\u00e8ves de la Cit\u00e9 Internationale de Valbonne jusqu&rsquo;\u00e0 La&nbsp;Martinique ! La fiche Innovath\u00e8que est consultable sur le site publique&nbsp; Bonne lecture !&nbsp;","post_mailing_queue_ids":[],"_links":{"self":[{"href":"https:\/\/www.pedagogie.ac-nice.fr\/cardie\/wp-json\/wp\/v2\/pages\/1378","targetHints":{"allow":["GET"]}}],"collection":[{"href":"https:\/\/www.pedagogie.ac-nice.fr\/cardie\/wp-json\/wp\/v2\/pages"}],"about":[{"href":"https:\/\/www.pedagogie.ac-nice.fr\/cardie\/wp-json\/wp\/v2\/types\/page"}],"author":[{"embeddable":true,"href":"https:\/\/www.pedagogie.ac-nice.fr\/cardie\/wp-json\/wp\/v2\/users\/206"}],"replies":[{"embeddable":true,"href":"https:\/\/www.pedagogie.ac-nice.fr\/cardie\/wp-json\/wp\/v2\/comments?post=1378"}],"version-history":[{"count":4,"href":"https:\/\/www.pedagogie.ac-nice.fr\/cardie\/wp-json\/wp\/v2\/pages\/1378\/revisions"}],"predecessor-version":[{"id":1427,"href":"https:\/\/www.pedagogie.ac-nice.fr\/cardie\/wp-json\/wp\/v2\/pages\/1378\/revisions\/1427"}],"wp:attachment":[{"href":"https:\/\/www.pedagogie.ac-nice.fr\/cardie\/wp-json\/wp\/v2\/media?parent=1378"}],"curies":[{"name":"wp","href":"https:\/\/api.w.org\/{rel}","templated":true}]}}