{"id":1381,"date":"2022-03-05T11:04:19","date_gmt":"2022-03-05T10:04:19","guid":{"rendered":"https:\/\/www.pedagogie.ac-nice.fr\/cardie\/?page_id=1381"},"modified":"2022-03-24T11:57:26","modified_gmt":"2022-03-24T10:57:26","slug":"reduire-la-fracture-numerique","status":"publish","type":"page","link":"https:\/\/www.pedagogie.ac-nice.fr\/cardie\/reduire-la-fracture-numerique\/","title":{"rendered":"R\u00e9duire la fracture num\u00e9rique"},"content":{"rendered":"<p><img loading=\"lazy\" decoding=\"async\" class=\"aligncenter wp-image-1372\" src=\"https:\/\/www.pedagogie.ac-nice.fr\/cardie\/wp-content\/uploads\/sites\/26\/2022\/03\/bandeau_jap22_web_436x309.jpg\" alt=\"JAP2022\" width=\"373\" height=\"264\" srcset=\"https:\/\/www.pedagogie.ac-nice.fr\/cardie\/wp-content\/uploads\/sites\/26\/2022\/03\/bandeau_jap22_web_436x309.jpg 436w, https:\/\/www.pedagogie.ac-nice.fr\/cardie\/wp-content\/uploads\/sites\/26\/2022\/03\/bandeau_jap22_web_436x309-300x213.jpg 300w\" sizes=\"auto, (max-width: 373px) 100vw, 373px\" \/><\/p>\n<p style=\"text-align: center;\"><strong><span style=\"font-size: 14pt; color: #ff6600;\">Retrouvez l&rsquo;action num\u00e9rique, \u00e9co-responsable et solidaire initi\u00e9e&nbsp;<br \/>\n<\/span><\/strong><strong><span style=\"font-size: 14pt; color: #ff6600;\">au coll\u00e8ge L&rsquo;Herminier&nbsp;<\/span><\/strong><strong><span style=\"font-size: 14pt; color: #ff6600;\">de La Seyne sur mer<\/span><\/strong><\/p>\n<p style=\"text-align: center;\"><iframe loading=\"lazy\" src=\"https:\/\/acamedia.ac-nice.fr\/player\/embed_player.php?vid=8UMWNKNGSSGM&amp;width=540&amp;height=334&amp;autoplay=no\" width=\"540\" height=\"334\" frameborder=\"0\" allowfullscreen=\"allowfullscreen\"><\/iframe><\/p>\n<p style=\"text-align: center;\"><strong><span style=\"color: #ff6600; font-size: 14pt;\">&nbsp;La fiche Innovath\u00e8que est \u00e0 retrouver <a href=\"https:\/\/innovatheque-pub.education.gouv.fr\/innovatheque\/consultation-action\/9290\/nav-context?previousPage=most-recent\" target=\"_blank\" rel=\"noopener\">sur le site publique&nbsp;<\/a><\/span><\/strong><\/p>\n<div style=\"width: 100%;\">\n<div style=\"position: relative; padding-bottom: 71.86978297161937%; padding-top: 0; height: 0;\"><iframe loading=\"lazy\" style=\"position: absolute; top: 0; left: 0; width: 100%; height: 100%;\" src=\"https:\/\/view.genial.ly\/623c03664219510012e48f48\" width=\"1198px\" height=\"861px\" frameborder=\"0\" scrolling=\"yes\" allowfullscreen=\"allowfullscreen\"><\/iframe><\/div>\n<\/div>\n<p>&nbsp;<\/p>\n<p><span style=\"color: #ff6600; font-size: 14pt;\"><strong>Vous avez des question ? une FAQ peut r\u00e9pondre \u00e0 certaines de vos interrogations ci-dessous :&nbsp;<\/strong><\/span><\/p>\n<div style=\"width: 100%;\">\n<div style=\"position: relative; padding-bottom: 65.7397107897664%; padding-top: 0; height: 0;\"><iframe loading=\"lazy\" style=\"position: absolute; top: 0; left: 0; width: 100%; height: 100%;\" src=\"https:\/\/view.genial.ly\/623889fbe446ef001868999b\" width=\"899px\" height=\"591px\" frameborder=\"0\" scrolling=\"yes\" allowfullscreen=\"allowfullscreen\"><\/iframe><\/div>\n<div>&nbsp;<\/div>\n<div>&nbsp;<\/div>\n<\/div>\n","protected":false},"excerpt":{"rendered":"<p>Retrouvez l&rsquo;action num\u00e9rique, \u00e9co-responsable et solidaire initi\u00e9e&nbsp; au coll\u00e8ge L&rsquo;Herminier&nbsp;de La Seyne sur mer &nbsp;La fiche Innovath\u00e8que est \u00e0 retrouver sur le site publique&nbsp; &nbsp; Vous avez des question ? une FAQ peut r\u00e9pondre \u00e0 certaines de vos interrogations ci-dessous :&nbsp; &nbsp; &nbsp;<\/p>\n","protected":false},"author":206,"featured_media":0,"parent":0,"menu_order":0,"comment_status":"closed","ping_status":"closed","template":"","meta":{"ngg_post_thumbnail":0,"footnotes":""},"class_list":["post-1381","page","type-page","status-publish","hentry","nodate","item-wrap"],"rttpg_featured_image_url":null,"rttpg_author":{"display_name":"lmayer","author_link":"https:\/\/www.pedagogie.ac-nice.fr\/cardie\/author\/lmayer\/"},"rttpg_comment":0,"rttpg_category":null,"rttpg_excerpt":"Retrouvez l&rsquo;action num\u00e9rique, \u00e9co-responsable et solidaire initi\u00e9e&nbsp; au coll\u00e8ge L&rsquo;Herminier&nbsp;de La Seyne sur mer &nbsp;La fiche Innovath\u00e8que est \u00e0 retrouver sur le site publique&nbsp; &nbsp; Vous avez des question ? une FAQ peut r\u00e9pondre \u00e0 certaines de vos interrogations ci-dessous :&nbsp; &nbsp; &nbsp;","post_mailing_queue_ids":[],"_links":{"self":[{"href":"https:\/\/www.pedagogie.ac-nice.fr\/cardie\/wp-json\/wp\/v2\/pages\/1381","targetHints":{"allow":["GET"]}}],"collection":[{"href":"https:\/\/www.pedagogie.ac-nice.fr\/cardie\/wp-json\/wp\/v2\/pages"}],"about":[{"href":"https:\/\/www.pedagogie.ac-nice.fr\/cardie\/wp-json\/wp\/v2\/types\/page"}],"author":[{"embeddable":true,"href":"https:\/\/www.pedagogie.ac-nice.fr\/cardie\/wp-json\/wp\/v2\/users\/206"}],"replies":[{"embeddable":true,"href":"https:\/\/www.pedagogie.ac-nice.fr\/cardie\/wp-json\/wp\/v2\/comments?post=1381"}],"version-history":[{"count":10,"href":"https:\/\/www.pedagogie.ac-nice.fr\/cardie\/wp-json\/wp\/v2\/pages\/1381\/revisions"}],"predecessor-version":[{"id":1429,"href":"https:\/\/www.pedagogie.ac-nice.fr\/cardie\/wp-json\/wp\/v2\/pages\/1381\/revisions\/1429"}],"wp:attachment":[{"href":"https:\/\/www.pedagogie.ac-nice.fr\/cardie\/wp-json\/wp\/v2\/media?parent=1381"}],"curies":[{"name":"wp","href":"https:\/\/api.w.org\/{rel}","templated":true}]}}