{"id":1751,"date":"2024-10-01T16:06:34","date_gmt":"2024-10-01T14:06:34","guid":{"rendered":"https:\/\/www.pedagogie.ac-nice.fr\/cardie\/?page_id=1751"},"modified":"2025-03-20T14:52:30","modified_gmt":"2025-03-20T13:52:30","slug":"au-pays-des-lea-colect-ouvrons-le-mot-valise","status":"publish","type":"page","link":"https:\/\/www.pedagogie.ac-nice.fr\/cardie\/avec-les-chercheurs\/au-pays-des-lea-colect-ouvrons-le-mot-valise\/","title":{"rendered":"Au pays des L\u00e9A : \u00ab\u00a0CoLect\u00a0\u00bb &#8230; ouvrons le mot-valise"},"content":{"rendered":"<p><span style=\"color: #ff6600; font-size: 14pt;\"><strong>Le L\u00e9A CoLect \u00e0 l&rsquo;honneur du Printemps de la recherche en \u00e9ducation, le 19 mars 2025 :<\/strong> <\/span><\/p>\n<p><span style=\"font-size: 14pt;\">Retrouvez la conf\u00e9rence donn\u00e9e conjointement par les membres de l&rsquo;\u00e9quipe : Magali Brunel, Marion Ferreira Da Silva, C\u00e9line Foliot, et Alice Ruiz, en ligne sur le site de <a href=\"https:\/\/www.youtube.com\/watch?v=sniao5Tfww8&amp;list=PLQ6diS31MyoIR4oetlctCisHdd9BvcaJP&amp;index=4\" target=\"_blank\" rel=\"noopener\">R\u00e9seau des INSPE :&nbsp;<\/a><\/span><\/p>\n<p>&nbsp;<\/p>\n<p><iframe loading=\"lazy\" title=\"YouTube video player\" src=\"https:\/\/www.youtube.com\/embed\/sniao5Tfww8?si=-rhozc0Lq9VNoyzt\" width=\"560\" height=\"315\" frameborder=\"0\" allowfullscreen=\"allowfullscreen\"><\/iframe>&nbsp;<span style=\"font-size: 14pt;\"><a href=\"https:\/\/www.pedagogie.ac-nice.fr\/cardie\/logoleacolect-vf\/\"><img loading=\"lazy\" decoding=\"async\" class=\"alignleft size-medium wp-image-1754\" src=\"https:\/\/www.pedagogie.ac-nice.fr\/cardie\/wp-content\/uploads\/sites\/26\/2024\/10\/LogoLeaCoLect-VF--212x300.png\" alt=\"\" width=\"212\" height=\"300\" srcset=\"https:\/\/www.pedagogie.ac-nice.fr\/cardie\/wp-content\/uploads\/sites\/26\/2024\/10\/LogoLeaCoLect-VF--212x300.png 212w, https:\/\/www.pedagogie.ac-nice.fr\/cardie\/wp-content\/uploads\/sites\/26\/2024\/10\/LogoLeaCoLect-VF--724x1024.png 724w, https:\/\/www.pedagogie.ac-nice.fr\/cardie\/wp-content\/uploads\/sites\/26\/2024\/10\/LogoLeaCoLect-VF--768x1086.png 768w, https:\/\/www.pedagogie.ac-nice.fr\/cardie\/wp-content\/uploads\/sites\/26\/2024\/10\/LogoLeaCoLect-VF--1086x1536.png 1086w, https:\/\/www.pedagogie.ac-nice.fr\/cardie\/wp-content\/uploads\/sites\/26\/2024\/10\/LogoLeaCoLect-VF--1448x2048.png 1448w, https:\/\/www.pedagogie.ac-nice.fr\/cardie\/wp-content\/uploads\/sites\/26\/2024\/10\/LogoLeaCoLect-VF--750x1060.png 750w\" sizes=\"auto, (max-width: 212px) 100vw, 212px\" \/><\/a><\/span><\/p>\n<p><strong><span style=\"font-size: 14pt;\">***<\/span><\/strong><\/p>\n<p>&nbsp;<\/p>\n<p><span style=\"font-size: 14pt;\"><strong><span style=\"color: #ff6600;\">La 14\u00e8me Rencontre internationale des L\u00e9A \u00e0 l\u2019IFE de Lyon<\/span><\/strong> a permis \u00e0 une recherche collaborative lanc\u00e9e en septembre 2023 de partager ses premiers travaux&nbsp;: <em>CoLect<\/em>, comme son nom le laisse deviner, travaille la question de <strong>la lecture litt\u00e9raire au cycle 3<\/strong>.<br \/>\nMais les enjeux scientifiques d\u00e9passent la recherche purement disciplinaire&nbsp;: il s\u2019agit d\u2019explorer ce que le d\u00e9veloppement professionnel d\u2019enseignants peut retirer d\u2019une collaboration \u00e9troite en mati\u00e8re d\u2019<strong>ing\u00e9nierie et de pratiques de classe<\/strong> au b\u00e9n\u00e9fice des \u00e9l\u00e8ves. Voyons cela.<\/span><\/p>\n<p><span style=\"font-size: 14pt;\"><span style=\"color: #ff6600;\">&nbsp;<\/span><strong><span style=\"color: #ff6600;\">Une \u00e9quipe pluricat\u00e9gorielle en proximit\u00e9&nbsp;:<\/span> <\/strong><\/span><\/p>\n<p><span style=\"font-size: 14pt;\">Le L\u00e9A implique des enseignants de 3 \u00e9coles toulonnaises&nbsp;(Ecole \u00e9l\u00e9mentaire Brunet, \u00e9cole \u00e9l\u00e9mentaire Saint-Jean du Var, \u00e9cole \u00e9l\u00e9mentaire Font Pr\u00e9), du coll\u00e8ge Voltaire de Toulon, des conseillers p\u00e9dagogiques, les chefs d\u2019\u00e9tablissements et directions des \u00e9coles, l\u2019inspection des premier et second degr\u00e9s, une statisticienne de l\u2019if\u00e9 ENS Lyon&nbsp;et des chercheuses des acad\u00e9mies de Montpellier et de Nice et leurs laboratoires.<\/span><\/p>\n<p><span style=\"font-size: 14pt;\"><strong><span style=\"color: #ff6600;\">L\u2019originalit\u00e9 de la d\u00e9marche&nbsp;:<\/span> <\/strong><\/span><\/p>\n<p><span style=\"font-size: 14pt;\">Conform\u00e9ment \u00e0 l\u2019esprit d\u2019un L\u00e9A, le groupe CoLect observe la <strong>collaboration<\/strong> effective de coll\u00e8gues constitu\u00e9s en communaut\u00e9 d\u2019apprentissage professionnelle&nbsp;et la travaille de l\u2019int\u00e9rieur. <strong>Que se passe-t-il quand professeurs des \u00e9coles et professeurs de Lettres en coll\u00e8ge co-construisent des s\u00e9ances centr\u00e9es sur la lecture litt\u00e9raire<\/strong> avec des \u00e9l\u00e8ves du cycle 3, c\u2019est-\u00e0-dire \u00e0 la jonction de l\u2019\u00e9cole et du coll\u00e8ge&nbsp;?<\/span><\/p>\n<p><span style=\"font-size: 14pt;\">Quel retentissement sur le <strong>d\u00e9veloppement professionnel<\/strong> de ces enseignants&nbsp;? Quels effets sur les pratiques&nbsp;? Quels b\u00e9n\u00e9fices pour les apprentissages et les comp\u00e9tences des \u00e9l\u00e8ves \u2013 particuli\u00e8rement ceux qui t\u00e9moignent de difficult\u00e9s&nbsp;?<\/span><\/p>\n<p><span style=\"font-size: 14pt;\">A cette fin, enseignants et chercheurs ont mis en place un dispositif de <strong><em>coteaching<\/em><\/strong> qui permet des moments partag\u00e9s de planification en amont, de <strong>coenseignement<\/strong> en cours et d\u2019analyse a posteriori.<\/span><\/p>\n<p><span style=\"font-size: 14pt; color: #ff6600;\"><strong>Cr\u00e9er une culture commune<\/strong><\/span><\/p>\n<p><span style=\"font-size: 14pt;\">Ce L\u00e9A, dans sa premi\u00e8re phase, s\u2019est d\u2019abord centr\u00e9 sur la construction du collectif par la mise en place d\u2019une culture scientifique et professionnelle commune. Enseignants, cadres et chercheurs ont eu besoin de clarifier leurs postures, d\u00e9terminer leurs besoins, partager leurs outils d\u2019analyse avant que de r\u00e9elles s\u00e9ances de coteaching&nbsp;aient pu associer un bin\u00f4me d&rsquo;enseignants premier et second degr\u00e9. <\/span><br \/>\n<span style=\"font-size: 14pt;\">&nbsp;Des activit\u00e9s de recherches ont r\u00e9uni les divers partenaires, chercheurs et enseignants, pour souder le collectif et concourir \u00e0 la formation de chacun dans un climat de bienveillance. Chaque acteur est investi dans diverses sph\u00e8res et \u00e0 divers titres.<\/span><\/p>\n<p><span style=\"font-size: 14pt;\">Les outils de travail s\u2019\u00e9laborent ensemble, discut\u00e9s, test\u00e9s, \u00e9prouv\u00e9s et repris. <\/span><br \/>\n<span style=\"font-size: 14pt;\">&nbsp;<em>Work in progress \u2026 <\/em><\/span><\/p>\n<p><strong><a href=\"https:\/\/www.pedagogie.ac-nice.fr\/cardie\/presentation-screen-streamline-freehand\/\"><img loading=\"lazy\" decoding=\"async\" class=\"alignleft size-full wp-image-1758\" src=\"https:\/\/www.pedagogie.ac-nice.fr\/cardie\/wp-content\/uploads\/sites\/26\/2024\/10\/Presentation-Screen-Streamline-Freehand.png\" alt=\"\" width=\"24\" height=\"24\"><\/a><a href=\"https:\/\/visio-agents.education.fr\/meeting\/signin\/invite\/333413\/creator\/80476\/hash\/359b56898e0aee31f154efae7eba9329300f1265\" target=\"_blank\" rel=\"noopener\">Lien vers le W\u00e9biNice du 3 octobre 2024<\/a><\/strong><\/p>\n<p><span style=\"font-size: 14pt;\">Liens&nbsp;\u00e0 suivre sur le site des L\u00e9A la page d\u00e9di\u00e9e \u00e0 l\u2019action donne acc\u00e8s aux noms des acteurs impliqu\u00e9s et aux publications au fil de l\u2019eau&nbsp;: <a href=\"https:\/\/ife.ens-lyon.fr\/lea\/le-reseau\/les-differents-lea\/lecture-litteraire-au-cycle-3\"><u>https:\/\/ife.ens-lyon.fr\/lea\/le-reseau\/les-differents-lea\/lecture-litteraire-au-cycle-3<\/u><\/a><\/span><\/p>\n","protected":false},"excerpt":{"rendered":"<p>Le L\u00e9A CoLect \u00e0 l&rsquo;honneur du Printemps de la recherche en \u00e9ducation, le 19 mars 2025 : Retrouvez la conf\u00e9rence donn\u00e9e conjointement par les membres de l&rsquo;\u00e9quipe : Magali Brunel, Marion Ferreira Da Silva, C\u00e9line Foliot, et Alice Ruiz, en ligne sur le site de R\u00e9seau des INSPE :&nbsp; &nbsp; &nbsp; *** &nbsp; La 14\u00e8me &hellip; <\/p>\n<p><a class=\"more-link btn\" href=\"https:\/\/www.pedagogie.ac-nice.fr\/cardie\/avec-les-chercheurs\/au-pays-des-lea-colect-ouvrons-le-mot-valise\/\">Lire la suite<\/a><\/p>\n","protected":false},"author":206,"featured_media":0,"parent":1611,"menu_order":1,"comment_status":"closed","ping_status":"closed","template":"","meta":{"ngg_post_thumbnail":0,"footnotes":""},"class_list":["post-1751","page","type-page","status-publish","hentry","nodate","item-wrap"],"rttpg_featured_image_url":null,"rttpg_author":{"display_name":"lmayer","author_link":"https:\/\/www.pedagogie.ac-nice.fr\/cardie\/author\/lmayer\/"},"rttpg_comment":0,"rttpg_category":null,"rttpg_excerpt":"Le L\u00e9A CoLect \u00e0 l&rsquo;honneur du Printemps de la recherche en \u00e9ducation, le 19 mars 2025 : Retrouvez la conf\u00e9rence donn\u00e9e conjointement par les membres de l&rsquo;\u00e9quipe : Magali Brunel, Marion Ferreira Da Silva, C\u00e9line Foliot, et Alice Ruiz, en ligne sur le site de R\u00e9seau des INSPE :&nbsp; &nbsp; &nbsp; *** &nbsp; La 14\u00e8me\u2026","post_mailing_queue_ids":[],"_links":{"self":[{"href":"https:\/\/www.pedagogie.ac-nice.fr\/cardie\/wp-json\/wp\/v2\/pages\/1751","targetHints":{"allow":["GET"]}}],"collection":[{"href":"https:\/\/www.pedagogie.ac-nice.fr\/cardie\/wp-json\/wp\/v2\/pages"}],"about":[{"href":"https:\/\/www.pedagogie.ac-nice.fr\/cardie\/wp-json\/wp\/v2\/types\/page"}],"author":[{"embeddable":true,"href":"https:\/\/www.pedagogie.ac-nice.fr\/cardie\/wp-json\/wp\/v2\/users\/206"}],"replies":[{"embeddable":true,"href":"https:\/\/www.pedagogie.ac-nice.fr\/cardie\/wp-json\/wp\/v2\/comments?post=1751"}],"version-history":[{"count":9,"href":"https:\/\/www.pedagogie.ac-nice.fr\/cardie\/wp-json\/wp\/v2\/pages\/1751\/revisions"}],"predecessor-version":[{"id":1843,"href":"https:\/\/www.pedagogie.ac-nice.fr\/cardie\/wp-json\/wp\/v2\/pages\/1751\/revisions\/1843"}],"up":[{"embeddable":true,"href":"https:\/\/www.pedagogie.ac-nice.fr\/cardie\/wp-json\/wp\/v2\/pages\/1611"}],"wp:attachment":[{"href":"https:\/\/www.pedagogie.ac-nice.fr\/cardie\/wp-json\/wp\/v2\/media?parent=1751"}],"curies":[{"name":"wp","href":"https:\/\/api.w.org\/{rel}","templated":true}]}}