{"id":1927,"date":"2025-09-30T15:44:53","date_gmt":"2025-09-30T13:44:53","guid":{"rendered":"https:\/\/www.pedagogie.ac-nice.fr\/cardie\/?page_id=1927"},"modified":"2025-09-30T15:44:53","modified_gmt":"2025-09-30T13:44:53","slug":"appel-a-projet-des-lea","status":"publish","type":"page","link":"https:\/\/www.pedagogie.ac-nice.fr\/cardie\/avec-les-chercheurs\/appel-a-projet-des-lea\/","title":{"rendered":"Appel \u00e0 projet des L\u00e9A"},"content":{"rendered":"<p><a href=\"https:\/\/www.pedagogie.ac-nice.fr\/cardie\/2024\/10\/15\/appel-a-projet-des-lea-2025\/logo-ife\/\" rel=\"attachment wp-att-1769\"><img loading=\"lazy\" decoding=\"async\" class=\"alignleft  wp-image-1769\" src=\"https:\/\/www.pedagogie.ac-nice.fr\/cardie\/wp-content\/uploads\/sites\/26\/2024\/10\/logo-ife-300x183.png\" alt=\"\" width=\"229\" height=\"140\" srcset=\"https:\/\/www.pedagogie.ac-nice.fr\/cardie\/wp-content\/uploads\/sites\/26\/2024\/10\/logo-ife-300x183.png 300w, https:\/\/www.pedagogie.ac-nice.fr\/cardie\/wp-content\/uploads\/sites\/26\/2024\/10\/logo-ife.png 429w\" sizes=\"auto, (max-width: 229px) 100vw, 229px\" \/><\/a><\/p>\n<p class=\"p1\"><a href=\"https:\/\/ife.ens-lyon.fr\/lea\" target=\"_blank\" rel=\"noopener\"><span style=\"font-size: 14pt;\"><b>Les Lieux d&rsquo;\u00e9ducation associ\u00e9s \u00e0 l&rsquo;Institut de l&rsquo;\u00e9ducation<\/b><\/span><\/a><\/p>\n<p>&nbsp;<\/p>\n<p>&nbsp;<\/p>\n<p><span style=\"font-size: 14pt;\"><strong><span style=\"color: #ff6600;\">La CARDIE est un interlocuteur naturel de l&rsquo;If\u00e9 de Lyon : chaque ann\u00e9e des \u00e9quipes d\u2019enseignants (1D et 2D) et de chercheurs d\u00e9posent des dossiers de candidature afin de devenir un L\u00e9A.&nbsp;<\/span><\/strong><\/span><\/p>\n<p><span style=\"font-size: 14pt;\">Mais qu&rsquo;est-ce au juste qu&rsquo;un L\u00e9A ? Qu&rsquo;est-ce que la recherche collaborative ? Quels en sont les enjeux ? <a href=\"https:\/\/ife.ens-lyon.fr\/lea\/le-reseau\/devenir-un-lea\/devenir-un-lea\" target=\"_blank\" rel=\"noopener\">Le site de l&rsquo;If\u00e9 r\u00e9pondra \u00e0 toutes ces interrogations.&nbsp;<\/a><\/span><\/p>\n<p><span style=\"font-size: 14pt;\"><a href=\"https:\/\/www.pedagogie.ac-nice.fr\/cardie\/wp-content\/uploads\/sites\/26\/2025\/09\/Appel-a-projet-LeA-IFE_2026.pdf\">L&rsquo;appel \u00e0 projet des L\u00e9A 2025 &#8211; 2026 est disponible ici . <\/a>Les dossiers sont \u00e0 renvoyer avant le <strong>5 f\u00e9vrier 2026.<\/strong><\/span><\/p>\n<p><span style=\"font-size: 14pt;\">Une r\u00e9union d&rsquo;information se tiendra le <strong>8 octobre<\/strong> \u00e0 distance s<a href=\"https:\/\/ensform.ens-lyon.fr\/view.php?id=840233\" target=\"_blank\" rel=\"noopener\">ur inscription<\/a>.&nbsp;&nbsp;<\/span><\/p>\n<p><span style=\"font-size: 14pt;\">La CARDIE se tient \u00e0 votre disposition pour vous accompagner dans l&rsquo;\u00e9criture d&rsquo;un projet.&nbsp;<\/span><\/p>\n<p>&nbsp;<\/p>\n<p>&nbsp;<\/p>\n","protected":false},"excerpt":{"rendered":"<p>Les Lieux d&rsquo;\u00e9ducation associ\u00e9s \u00e0 l&rsquo;Institut de l&rsquo;\u00e9ducation &nbsp; &nbsp; La CARDIE est un interlocuteur naturel de l&rsquo;If\u00e9 de Lyon : chaque ann\u00e9e des \u00e9quipes d\u2019enseignants (1D et 2D) et de chercheurs d\u00e9posent des dossiers de candidature afin de devenir un L\u00e9A.&nbsp; Mais qu&rsquo;est-ce au juste qu&rsquo;un L\u00e9A ? Qu&rsquo;est-ce que la recherche collaborative ? &hellip; <\/p>\n<p><a class=\"more-link btn\" href=\"https:\/\/www.pedagogie.ac-nice.fr\/cardie\/avec-les-chercheurs\/appel-a-projet-des-lea\/\">Lire la suite<\/a><\/p>\n","protected":false},"author":206,"featured_media":0,"parent":1611,"menu_order":0,"comment_status":"closed","ping_status":"closed","template":"","meta":{"ngg_post_thumbnail":0,"footnotes":""},"class_list":["post-1927","page","type-page","status-publish","hentry","nodate","item-wrap"],"rttpg_featured_image_url":null,"rttpg_author":{"display_name":"lmayer","author_link":"https:\/\/www.pedagogie.ac-nice.fr\/cardie\/author\/lmayer\/"},"rttpg_comment":0,"rttpg_category":null,"rttpg_excerpt":"Les Lieux d&rsquo;\u00e9ducation associ\u00e9s \u00e0 l&rsquo;Institut de l&rsquo;\u00e9ducation &nbsp; &nbsp; La CARDIE est un interlocuteur naturel de l&rsquo;If\u00e9 de Lyon : chaque ann\u00e9e des \u00e9quipes d\u2019enseignants (1D et 2D) et de chercheurs d\u00e9posent des dossiers de candidature afin de devenir un L\u00e9A.&nbsp; Mais qu&rsquo;est-ce au juste qu&rsquo;un L\u00e9A ? Qu&rsquo;est-ce que la recherche collaborative ?\u2026","post_mailing_queue_ids":[],"_links":{"self":[{"href":"https:\/\/www.pedagogie.ac-nice.fr\/cardie\/wp-json\/wp\/v2\/pages\/1927","targetHints":{"allow":["GET"]}}],"collection":[{"href":"https:\/\/www.pedagogie.ac-nice.fr\/cardie\/wp-json\/wp\/v2\/pages"}],"about":[{"href":"https:\/\/www.pedagogie.ac-nice.fr\/cardie\/wp-json\/wp\/v2\/types\/page"}],"author":[{"embeddable":true,"href":"https:\/\/www.pedagogie.ac-nice.fr\/cardie\/wp-json\/wp\/v2\/users\/206"}],"replies":[{"embeddable":true,"href":"https:\/\/www.pedagogie.ac-nice.fr\/cardie\/wp-json\/wp\/v2\/comments?post=1927"}],"version-history":[{"count":2,"href":"https:\/\/www.pedagogie.ac-nice.fr\/cardie\/wp-json\/wp\/v2\/pages\/1927\/revisions"}],"predecessor-version":[{"id":1929,"href":"https:\/\/www.pedagogie.ac-nice.fr\/cardie\/wp-json\/wp\/v2\/pages\/1927\/revisions\/1929"}],"up":[{"embeddable":true,"href":"https:\/\/www.pedagogie.ac-nice.fr\/cardie\/wp-json\/wp\/v2\/pages\/1611"}],"wp:attachment":[{"href":"https:\/\/www.pedagogie.ac-nice.fr\/cardie\/wp-json\/wp\/v2\/media?parent=1927"}],"curies":[{"name":"wp","href":"https:\/\/api.w.org\/{rel}","templated":true}]}}