{"id":24,"date":"2018-12-22T13:12:07","date_gmt":"2018-12-22T12:12:07","guid":{"rendered":"https:\/\/www.pedagogie.ac-nice.fr\/cardie\/?page_id=24"},"modified":"2024-06-19T16:46:20","modified_gmt":"2024-06-19T14:46:20","slug":"sinformer","status":"publish","type":"page","link":"https:\/\/www.pedagogie.ac-nice.fr\/cardie\/sinformer\/","title":{"rendered":"S&rsquo;informer"},"content":{"rendered":"<p><span style=\"font-size: 14pt;\">Notre <a href=\"https:\/\/www.pedagogie.ac-nice.fr\/cardie\/\" target=\"_blank\" rel=\"noopener\"><span style=\"color: #ff6600;\"><strong>blog<\/strong><\/span><\/a> vous tient au courant au fil de l&rsquo;eau de l&rsquo;actualit\u00e9 innovante en rapport avec notre acad\u00e9mie : des actions visit\u00e9es, des \u00e9v\u00e9nements, &#8230; c&rsquo;est au menu.&nbsp;<\/span><\/p>\n<p>&nbsp;<\/p>\n<p><span style=\"color: #ff6600;\"><strong><span style=\"font-size: 18pt;\">Les bonnes adresses :<\/span> <\/strong><\/span><\/p>\n<p><span style=\"font-size: 14pt;\"><a href=\"https:\/\/classe-dehors.org\/?SeLancer\" target=\"_blank\" rel=\"noopener\">Faire Classe dehors<\/a> <\/span><\/p>\n<p><span style=\"font-size: 14pt;\">La d\u00e9marche <a href=\"https:\/\/archiclasse.education.fr\/\" target=\"_blank\" rel=\"noopener\">ArchiClasse<\/a><\/span><\/p>\n<p><span style=\"font-size: 14pt;\"><a href=\"https:\/\/ife.ens-lyon.fr\/?\" target=\"_blank\" rel=\"noopener\">L&rsquo;Institut Fran\u00e7ais de l\u2019\u00c9ducation<\/a> \u00e0 l&rsquo;ENS de Lyon <\/span><\/p>\n<p><span style=\"font-size: 14pt;\">La webradio de l&rsquo;IF\u00c9 : <\/span><a href=\"https:\/\/ife.ens-lyon.fr\/kadekol\" target=\"_blank\" rel=\"noopener\"><span style=\"font-size: 14pt;\">Kad\u00e9col<\/span><\/a><\/p>\n<p><span style=\"font-size: 14pt;\">Le <a href=\"https:\/\/www.idee-education.fr\/\" target=\"_blank\" rel=\"noopener\">programme IDEE<\/a> : Innovations, Donn\u00e9es et Exp\u00e9rimentations en Education<\/span><\/p>\n<p><span style=\"font-size: 14pt;\">Le <\/span><a href=\"https:\/\/www.cnesco.fr\/\" target=\"_blank\" rel=\"noopener\"><span style=\"font-size: 14pt;\">Cnesco<\/span><\/a><\/p>\n<p><a href=\"https:\/\/trousseaprojets.fr\/\" target=\"_blank\" rel=\"noopener\"><span style=\"font-size: 14pt;\">La Trousse \u00e0 projets<\/span><\/a><\/p>\n<p>&nbsp;<\/p>\n<p>&nbsp;<\/p>\n<p><a style=\"font-weight: bold;\" href=\"https:\/\/innovatheque-pub.education.gouv.fr\/innovatheque\/accueil\" target=\"_blank\" rel=\"noopener\"><img loading=\"lazy\" decoding=\"async\" class=\"wp-image-642 size-full\" src=\"https:\/\/www.pedagogie.ac-nice.fr\/cardie\/wp-content\/uploads\/sites\/26\/2020\/07\/unnamed-1.png\" alt=\"Innovath\u00e8que\" width=\"512\" height=\"82\" srcset=\"https:\/\/www.pedagogie.ac-nice.fr\/cardie\/wp-content\/uploads\/sites\/26\/2020\/07\/unnamed-1.png 512w, https:\/\/www.pedagogie.ac-nice.fr\/cardie\/wp-content\/uploads\/sites\/26\/2020\/07\/unnamed-1-300x48.png 300w\" sizes=\"auto, (max-width: 512px) 100vw, 512px\" \/><\/a><\/p>\n<p>&nbsp;<\/p>\n<p><span style=\"font-size: 14pt;\">Le site Innovath\u00e8que recense l&rsquo;ensemble des projets innovants d\u00e9pos\u00e9s par les acad\u00e9mies. C&rsquo;est <span style=\"color: #ff6600;\"><strong>une v\u00e9ritable mine d&rsquo;actions inspirantes<\/strong><\/span>. r\u00e9ellement mises \u00e0 l&rsquo;\u00e9preuve de la r\u00e9alit\u00e9 et \u00e9valu\u00e9es par leurs auteurs. Il n&rsquo;est plus possible d&rsquo;y d\u00e9poser des fiches en revanche l&rsquo;acc\u00e8s \u00e0 la consultation publique reste ouvert jusqu&rsquo; \u00e0 la fin 2025.&nbsp; <\/span><\/p>\n<p>&nbsp;<\/p>\n<p>&nbsp;<\/p>\n<p>&nbsp;<\/p>\n","protected":false},"excerpt":{"rendered":"<p>Notre blog vous tient au courant au fil de l&rsquo;eau de l&rsquo;actualit\u00e9 innovante en rapport avec notre acad\u00e9mie : des actions visit\u00e9es, des \u00e9v\u00e9nements, &#8230; c&rsquo;est au menu.&nbsp; &nbsp; Les bonnes adresses : Faire Classe dehors La d\u00e9marche ArchiClasse L&rsquo;Institut Fran\u00e7ais de l\u2019\u00c9ducation \u00e0 l&rsquo;ENS de Lyon La webradio de l&rsquo;IF\u00c9 : Kad\u00e9col Le programme &hellip; <\/p>\n<p><a class=\"more-link btn\" href=\"https:\/\/www.pedagogie.ac-nice.fr\/cardie\/sinformer\/\">Lire la suite<\/a><\/p>\n","protected":false},"author":178,"featured_media":0,"parent":0,"menu_order":1,"comment_status":"closed","ping_status":"closed","template":"","meta":{"ngg_post_thumbnail":0,"footnotes":""},"class_list":["post-24","page","type-page","status-publish","hentry","nodate","item-wrap"],"rttpg_featured_image_url":null,"rttpg_author":{"display_name":"cardie","author_link":"https:\/\/www.pedagogie.ac-nice.fr\/cardie\/author\/cardie\/"},"rttpg_comment":0,"rttpg_category":null,"rttpg_excerpt":"Notre blog vous tient au courant au fil de l&rsquo;eau de l&rsquo;actualit\u00e9 innovante en rapport avec notre acad\u00e9mie : des actions visit\u00e9es, des \u00e9v\u00e9nements, &#8230; c&rsquo;est au menu.&nbsp; &nbsp; Les bonnes adresses : Faire Classe dehors La d\u00e9marche ArchiClasse L&rsquo;Institut Fran\u00e7ais de l\u2019\u00c9ducation \u00e0 l&rsquo;ENS de Lyon La webradio de l&rsquo;IF\u00c9 : Kad\u00e9col Le programme\u2026","post_mailing_queue_ids":[],"_links":{"self":[{"href":"https:\/\/www.pedagogie.ac-nice.fr\/cardie\/wp-json\/wp\/v2\/pages\/24","targetHints":{"allow":["GET"]}}],"collection":[{"href":"https:\/\/www.pedagogie.ac-nice.fr\/cardie\/wp-json\/wp\/v2\/pages"}],"about":[{"href":"https:\/\/www.pedagogie.ac-nice.fr\/cardie\/wp-json\/wp\/v2\/types\/page"}],"author":[{"embeddable":true,"href":"https:\/\/www.pedagogie.ac-nice.fr\/cardie\/wp-json\/wp\/v2\/users\/178"}],"replies":[{"embeddable":true,"href":"https:\/\/www.pedagogie.ac-nice.fr\/cardie\/wp-json\/wp\/v2\/comments?post=24"}],"version-history":[{"count":14,"href":"https:\/\/www.pedagogie.ac-nice.fr\/cardie\/wp-json\/wp\/v2\/pages\/24\/revisions"}],"predecessor-version":[{"id":1730,"href":"https:\/\/www.pedagogie.ac-nice.fr\/cardie\/wp-json\/wp\/v2\/pages\/24\/revisions\/1730"}],"wp:attachment":[{"href":"https:\/\/www.pedagogie.ac-nice.fr\/cardie\/wp-json\/wp\/v2\/media?parent=24"}],"curies":[{"name":"wp","href":"https:\/\/api.w.org\/{rel}","templated":true}]}}