{"id":362,"date":"2019-04-15T11:12:57","date_gmt":"2019-04-15T09:12:57","guid":{"rendered":"https:\/\/www.pedagogie.ac-nice.fr\/cardie\/?page_id=362"},"modified":"2022-09-05T18:05:39","modified_gmt":"2022-09-05T16:05:39","slug":"apprendre-des-autres","status":"publish","type":"page","link":"https:\/\/www.pedagogie.ac-nice.fr\/cardie\/se-former\/apprendre-des-autres\/","title":{"rendered":"Apprendre tout au long de la carri\u00e8re"},"content":{"rendered":"<p><span style=\"color: #3366ff;\"><strong><span style=\"font-size: 18pt;\">La CARDIE int\u00e8gre la nouvelle Ecole Acad\u00e9mique de la formation continue (EAFC)<\/span><\/strong><\/span><\/p>\n<p><span style=\"font-size: 14pt;\">Gr\u00e2ce \u00e0 la cr\u00e9ation de l&rsquo;<span style=\"color: #ff6600;\"><strong>Ecole Acad\u00e9mique de la formation continue \u00e0 Nice<\/strong><\/span> depuis janvier 2021, l&rsquo;innovation se diffuse dans l&rsquo;ensemble du champ de la formation : le p\u00f4le RDIE de l&rsquo;EAFC en est la cheville ouvri\u00e8re.&nbsp;<br \/>\nLe programme acad\u00e9mique de formation (PAF) propose 3 modules progressifs destin\u00e9s \u00e0 tous les coll\u00e8gues d\u00e9sireux de&nbsp; \u00ab\u00a0faire un pas de c\u00f4t\u00e9\u00a0\u00bb par rapport \u00e0 leurs pratiques habituelles, de travailler en \u00e9quipe sur des projets.&nbsp;<\/span><\/p>\n<p><span style=\"font-size: 14pt;\">Pour vous aider \u00e0 faire votre choix, les trois vid\u00e9os d&rsquo;accroche ci-dessous vous indiquent l&rsquo;esprit et le contenu de la formation.&nbsp;<\/span><\/p>\n<p><strong><span style=\"font-size: 14pt; color: #ff6600;\">1. Une premi\u00e8re sensibilisation :&nbsp;<\/span><\/strong><\/p>\n<p><iframe loading=\"lazy\" src=\"https:\/\/podeduc.apps.education.fr\/video\/2582-eafc-nice-formation-approches-de-linnovation-module-1\/?is_iframe=true\" width=\"640\" height=\"360\" data-mce-fragment=\"1\">&amp;amp;lt;span style=\u00a0\u00bbfont-size: 18pt; color: #3366ff;\u00a0\u00bb&amp;amp;gt;&amp;amp;lt;span data-mce-type=\u00a0\u00bbbookmark\u00a0\u00bb style=\u00a0\u00bbdisplay: inline-block; width: 0px; overflow: hidden; line-height: 0;\u00a0\u00bb class=\u00a0\u00bbmce_SELRES_start\u00a0\u00bb&amp;amp;gt;\ufeff&amp;amp;lt;\/span&amp;amp;gt;&amp;amp;lt;strong&amp;amp;gt;Le d\u00e9veloppement professionnel passe aussi par un partage des acquis de l&rsquo;exp\u00e9rience.&nbsp;&amp;amp;lt;\/strong&amp;amp;gt;&amp;amp;lt;\/span&amp;amp;gt;&amp;amp;lt;a href=\u00a0\u00bbhttps:\/\/www.pedagogie.ac-nice.fr\/cardie\/wp-content\/uploads\/sites\/26\/2020\/07\/unnamed-1.png\u00a0\u00bb&amp;amp;gt;&amp;amp;lt;img class=\u00a0\u00bbaligncenter wp-image-642&Prime; src=\u00a0\u00bbhttps:\/\/www.pedagogie.ac-nice.fr\/cardie\/wp-content\/uploads\/sites\/26\/2020\/07\/unnamed-1-300&#215;48.png\u00a0\u00bb alt=\u00a0\u00bbInnovath\u00e8que\u00a0\u00bb width=\u00a0\u00bb363&Prime; height=\u00a0\u00bb58&Prime; \/&amp;amp;gt;&amp;amp;lt;\/a&amp;amp;gt;&amp;amp;lt;span style=\u00a0\u00bbfont-size: 14pt;\u00a0\u00bb&amp;amp;gt;La biblioth\u00e8que nationale &amp;amp;lt;span style=\u00a0\u00bbcolor: #3366ff;\u00a0\u00bb&amp;amp;gt;&amp;amp;lt;strong&amp;amp;gt;\u00a0\u00bbInnovath\u00e8que\u00a0\u00bb recense plus de 7 000 projets innovants et exp\u00e9rimentaux&amp;amp;lt;\/strong&amp;amp;gt;&amp;amp;lt;\/span&amp;amp;gt; mis en oeuvre dans les \u00e9coles et les \u00e9tablissements scolaires. Vous pouvez consulter cette base, y trouver les modalit\u00e9s de mise en oeuvre d&rsquo;id\u00e9es nouvelles \u00e0 l&rsquo;\u00e9chelle d&rsquo;une classe, d&rsquo;un \u00e9tablissement, d&rsquo;une \u00e9cole, et l&rsquo;analyse des effets produits par l&rsquo;action sur les \u00e9l\u00e8ves et les professionnels.&nbsp;&nbsp;&amp;amp;lt;\/span&amp;amp;gt;&amp;lt;br \/&amp;gt;&lt;br \/&gt;<br \/>\n&amp;amp;lt;p style=\u00a0\u00bbtext-align: center;\u00a0\u00bb&amp;amp;gt;&amp;amp;lt;strong&amp;amp;gt;&amp;amp;lt;span style=\u00a0\u00bbfont-size: 24pt;\u00a0\u00bb&amp;amp;gt;\u2217\u2217\u2217&amp;amp;lt;\/span&amp;amp;gt;&amp;amp;lt;\/strong&amp;amp;gt;&amp;amp;lt;\/p&amp;amp;gt;&amp;lt;br \/&amp;gt;&lt;br \/&gt;<br \/>\n&amp;amp;lt;p&amp;amp;gt;&amp;amp;lt;span style=\u00a0\u00bbcolor: #3366ff;\u00a0\u00bb&amp;amp;gt;&amp;amp;lt;strong&amp;amp;gt;&amp;amp;lt;span style=\u00a0\u00bbfont-size: 18pt;\u00a0\u00bb&amp;amp;gt;Vous pourrez aussi retrouver les actions remarquables et remarqu\u00e9es dans les TOP de l&rsquo;innovation&amp;amp;lt;\/span&amp;amp;gt;.&amp;amp;lt;\/strong&amp;amp;gt;&amp;amp;lt;\/span&amp;amp;gt;&amp;amp;lt;\/p&amp;amp;gt;&amp;lt;br \/&amp;gt;&lt;br \/&gt;<br \/>\n&amp;amp;lt;p&amp;amp;gt;&amp;amp;lt;span style=\u00a0\u00bbfont-size: 14pt;\u00a0\u00bb&amp;amp;gt;Une innovation n&rsquo;est pas n\u00e9cessairement une id\u00e9e r\u00e9volutionnaire, encore jamais \u00e9prouv\u00e9e! une innovation, c&rsquo;est une pratique ou une action qui permet un pas de c\u00f4t\u00e9, pour vous, votre \u00e9quipe, vos \u00e9l\u00e8ves.&nbsp;&amp;amp;lt;\/span&amp;amp;gt;&amp;amp;lt;\/p&amp;amp;gt;&amp;lt;br \/&amp;gt;&lt;br \/&gt;<br \/>\n&amp;amp;lt;p&amp;amp;gt;&nbsp;&amp;amp;lt;\/p&amp;amp;gt;&amp;lt;br \/&amp;gt;&lt;br \/&gt;<br \/>\n&amp;amp;lt;p style=\u00a0\u00bbtext-align: center;\u00a0\u00bb&amp;amp;gt;&amp;amp;lt;span style=\u00a0\u00bbbackground-color: #ccffff;\u00a0\u00bb&amp;amp;gt;&amp;amp;lt;strong&amp;amp;gt;&amp;amp;lt;span style=\u00a0\u00bbfont-size: 18pt; background-color: #ccffff;\u00a0\u00bb&amp;amp;gt;2019 &nbsp; &nbsp; &nbsp; &nbsp; &nbsp; &nbsp; &nbsp; &nbsp; &nbsp; &nbsp; &nbsp; &nbsp;TOP 100 &nbsp; &nbsp; &amp;amp;lt;a href=\u00a0\u00bbhttps:\/\/www.google.com\/maps\/d\/viewer?mid=1HLivRZ8gdtrvYdzZ4BaJna28Z_AAqh_k&amp;amp;amp;amp;ll=45.27006534175886%2C10.87089485815352&amp;amp;amp;amp;z=5&Prime; target=\u00a0\u00bb_blank\u00a0\u00bb rel=\u00a0\u00bbnoopener noreferrer\u00a0\u00bb&amp;amp;gt;TOP 30&amp;amp;lt;\/a&amp;amp;gt;&amp;amp;lt;\/span&amp;amp;gt;&amp;amp;lt;\/strong&amp;amp;gt;&amp;amp;lt;\/span&amp;amp;gt;&amp;amp;lt;\/p&amp;amp;gt;&amp;lt;br \/&amp;gt;&lt;br \/&gt;<br \/>\n&amp;amp;lt;p style=\u00a0\u00bbtext-align: center;\u00a0\u00bb&amp;amp;gt;&amp;amp;lt;strong&amp;amp;gt;&amp;amp;lt;span style=\u00a0\u00bbfont-size: 18pt;\u00a0\u00bb&amp;amp;gt;2018 &nbsp; &nbsp; &nbsp; &nbsp; &nbsp; &nbsp; &nbsp; &nbsp; &nbsp; &nbsp; &nbsp; &nbsp;TOP 100 &nbsp; &nbsp; TOP 30&amp;amp;lt;\/span&amp;amp;gt;&amp;amp;lt;\/strong&amp;amp;gt;&amp;amp;lt;\/p&amp;amp;gt;&amp;lt;br \/&amp;gt;&lt;br \/&gt;<br \/>\n&amp;amp;lt;p style=\u00a0\u00bbtext-align: center;\u00a0\u00bb&amp;amp;gt;&amp;amp;lt;span style=\u00a0\u00bbbackground-color: #ccffff;\u00a0\u00bb&amp;amp;gt;&amp;amp;lt;strong&amp;amp;gt;&amp;amp;lt;span style=\u00a0\u00bbfont-size: 18pt; background-color: #ccffff;\u00a0\u00bb&amp;amp;gt;2017 &nbsp; &nbsp; &nbsp; &nbsp; &nbsp; &nbsp; &nbsp; &nbsp; &nbsp; &nbsp; &nbsp; &nbsp;TOP 100 &nbsp; &nbsp; TOP 30&amp;amp;lt;\/span&amp;amp;gt;&amp;amp;lt;\/strong&amp;amp;gt;&amp;amp;lt;\/span&amp;amp;gt;&amp;amp;lt;\/p&amp;amp;gt;&amp;lt;br \/&amp;gt;&lt;br \/&gt;<br \/>\n&amp;amp;lt;p style=\u00a0\u00bbtext-align: center;\u00a0\u00bb&amp;amp;gt;&amp;amp;lt;strong&amp;amp;gt;&amp;amp;lt;span style=\u00a0\u00bbfont-size: 18pt;\u00a0\u00bb&amp;amp;gt;2016 &nbsp; &nbsp; &nbsp; &nbsp; &nbsp; &nbsp; &nbsp; &nbsp; &nbsp; &nbsp; &nbsp; &nbsp;&amp;amp;lt;a href=\u00a0\u00bbhttps:\/\/www.pedagogie.ac-nice.fr\/cardie\/cahier_top_100_janvier_2016_551672\/\u00a0\u00bb&amp;amp;gt;TOP 100 &amp;amp;lt;\/a&amp;amp;gt;&nbsp; &nbsp; TOP 30&amp;amp;lt;\/span&amp;amp;gt;&amp;amp;lt;\/strong&amp;amp;gt;&amp;amp;lt;\/p&amp;amp;gt;&amp;lt;br \/&amp;gt;&lt;br \/&gt;<br \/>\n&amp;amp;lt;p style=\u00a0\u00bbtext-align: center;\u00a0\u00bb&amp;amp;gt;&amp;amp;lt;span style=\u00a0\u00bbbackground-color: #ccffff;\u00a0\u00bb&amp;amp;gt;&amp;amp;lt;strong&amp;amp;gt;&amp;amp;lt;span style=\u00a0\u00bbfont-size: 18pt; background-color: #ccffff;\u00a0\u00bb&amp;amp;gt;2015 &nbsp; &nbsp; &nbsp; &nbsp; &nbsp; &nbsp; &nbsp; &nbsp; &nbsp; &nbsp; &nbsp; &nbsp;&amp;amp;lt;a style=\u00a0\u00bbbackground-color: #ccffff;\u00a0\u00bb href=\u00a0\u00bbhttps:\/\/www.pedagogie.ac-nice.fr\/cardie\/cahier_top_100_juillet_2015_551674\/\u00a0\u00bb target=\u00a0\u00bb_blank\u00a0\u00bb rel=\u00a0\u00bbnoopener noreferrer\u00a0\u00bb&amp;amp;gt;TOP 100&amp;amp;lt;\/a&amp;amp;gt; &nbsp; &nbsp; TOP 30&amp;amp;lt;\/span&amp;amp;gt;&amp;amp;lt;\/strong&amp;amp;gt;&amp;amp;lt;\/span&amp;amp;gt;&amp;amp;lt;\/p&amp;amp;gt;&amp;lt;br \/&amp;gt;&lt;br \/&gt;<br \/>\n&amp;amp;lt;p&amp;amp;gt;&nbsp;&amp;amp;lt;\/p&amp;amp;gt;&amp;lt;br \/&amp;gt;&lt;br \/&gt;<br \/>\n&amp;amp;lt;p&amp;amp;gt;&nbsp;&amp;amp;lt;\/p&amp;amp;gt;&amp;lt;br \/&amp;gt;&lt;br \/&gt;<br \/>\n&amp;amp;lt;p&amp;amp;gt;&nbsp;&amp;amp;lt;\/p&amp;amp;gt;&amp;lt;br \/&amp;gt;&lt;br \/&gt;<br \/>\n&amp;amp;lt;p&amp;amp;gt;&nbsp;&amp;amp;lt;\/p&amp;amp;gt;&amp;lt;br \/&amp;gt;&lt;br \/&gt;<br \/>\n&amp;amp;lt;p&amp;amp;gt;&nbsp;&amp;amp;lt;\/p&amp;amp;gt;&amp;lt;br \/&amp;gt;&lt;br \/&gt;<br \/>\n&amp;amp;lt;p&amp;amp;gt;&nbsp;&amp;amp;lt;\/p&amp;amp;gt;&amp;lt;br \/&amp;gt;&lt;br \/&gt;<br \/>\n&amp;amp;lt;p&amp;amp;gt;&nbsp;&amp;amp;lt;\/p&amp;amp;gt;&amp;lt;br \/&amp;gt;&lt;br \/&gt;<br \/>\n&amp;amp;lt;p&amp;amp;gt;&nbsp;&amp;amp;lt;\/p&amp;amp;gt;&amp;lt;br \/&amp;gt;&lt;br \/&gt;<br \/>\n&amp;amp;lt;p&amp;amp;gt;&nbsp;&amp;amp;lt;\/p&amp;amp;gt;&amp;lt;br \/&amp;gt;&lt;br \/&gt;<br \/>\n&amp;amp;lt;p&amp;amp;gt;&amp;amp;lt;\/p&amp;amp;gt;<\/iframe><\/p>\n<p><strong><span style=\"font-size: 14pt; color: #ff6600;\"><br \/>\n2. Comment se pr\u00e9parer \u00e0 monter un projet ?&nbsp;<\/span><\/strong><\/p>\n<p><iframe loading=\"lazy\" style=\"padding: 0; margin: 0; border: 0;\" src=\"https:\/\/podeduc.apps.education.fr\/video\/3169-eafc-rdie-montageprojetinnovant-2\/?is_iframe=true\" width=\"640\" height=\"360\" allowfullscreen=\"allowfullscreen\" data-mce-fragment=\"1\"><\/iframe><\/p>\n<p>&nbsp;<\/p>\n<p><span style=\"color: #ff6600;\"><strong><span style=\"font-size: 14pt;\">3.&nbsp; Vous avez une piste d&rsquo;action innovante : nous vous aidons \u00e0 la construire :&nbsp;<\/span><\/strong><\/span><\/p>\n<p><iframe loading=\"lazy\" style=\"padding: 0; margin: 0; border: 0;\" src=\"https:\/\/podeduc.apps.education.fr\/video\/2902-eafc-rdie_delideealamiseenoeuvre_3\/?is_iframe=true\" width=\"640\" height=\"360\" allowfullscreen=\"allowfullscreen\" data-mce-fragment=\"1\"><\/iframe><\/p>\n<p><span style=\"color: #ff6600;\"><strong><span style=\"font-size: 14pt;\"><br \/>\nComment candidater ?&nbsp;<\/span><\/strong><\/span><\/p>\n<p><span style=\"font-size: 14pt;\">Sur la page de l&rsquo;<strong><a href=\"https:\/\/www.ac-nice.fr\/eafc\" target=\"_blank\" rel=\"noopener\">EAFC Nice<\/a><\/strong>, rendez-vous dans le <strong><a href=\"https:\/\/www.ac-nice.fr\/cycle-enseignement-education-orientation-second-degre-122502\" target=\"_blank\" rel=\"noopener\">cycle second degr\u00e9<\/a><\/strong>, puis en choisissant votre discipline d&rsquo;enseignement, vous pourrez atteindre dans une infographie la ligne \u00ab\u00a0P\u00e9dagogie de projet\u00a0\u00bb<\/span><\/p>\n<p><span style=\"font-size: 14pt;\"><img loading=\"lazy\" decoding=\"async\" class=\"aligncenter size-full wp-image-1453\" src=\"https:\/\/www.pedagogie.ac-nice.fr\/cardie\/wp-content\/uploads\/sites\/26\/2022\/09\/Capture-de\u0301cran-2022-09-05-a\u0300-15.47.49.png\" alt=\"EAFC Pedagogie de projet\" width=\"910\" height=\"106\" srcset=\"https:\/\/www.pedagogie.ac-nice.fr\/cardie\/wp-content\/uploads\/sites\/26\/2022\/09\/Capture-de\u0301cran-2022-09-05-a\u0300-15.47.49.png 910w, https:\/\/www.pedagogie.ac-nice.fr\/cardie\/wp-content\/uploads\/sites\/26\/2022\/09\/Capture-de\u0301cran-2022-09-05-a\u0300-15.47.49-300x35.png 300w, https:\/\/www.pedagogie.ac-nice.fr\/cardie\/wp-content\/uploads\/sites\/26\/2022\/09\/Capture-de\u0301cran-2022-09-05-a\u0300-15.47.49-768x89.png 768w, https:\/\/www.pedagogie.ac-nice.fr\/cardie\/wp-content\/uploads\/sites\/26\/2022\/09\/Capture-de\u0301cran-2022-09-05-a\u0300-15.47.49-750x87.png 750w\" sizes=\"auto, (max-width: 910px) 100vw, 910px\" \/>En un clic, parmi toutes les propositions de modules, vous pourrez vous abonner pour manifester votre int\u00e9r\u00eat pour une formation.<br \/>\nApr\u00e8s l&rsquo;aval de votre chef d&rsquo;\u00e9tablissement, vous pourrez confirmer votre participation d\u00e9finitive \u00e0 la session pr\u00e9vue dont vous connaitrez la date et le lieu.&nbsp;<\/span><\/p>\n<p><span style=\"font-size: 14pt;\">A bient\u00f4t !&nbsp;<\/span><\/p>\n<p>&nbsp;<\/p>\n<p>&nbsp;<\/p>\n<p>&nbsp;<\/p>\n","protected":false},"excerpt":{"rendered":"<p>La CARDIE int\u00e8gre la nouvelle Ecole Acad\u00e9mique de la formation continue (EAFC) Gr\u00e2ce \u00e0 la cr\u00e9ation de l&rsquo;Ecole Acad\u00e9mique de la formation continue \u00e0 Nice depuis janvier 2021, l&rsquo;innovation se diffuse dans l&rsquo;ensemble du champ de la formation : le p\u00f4le RDIE de l&rsquo;EAFC en est la cheville ouvri\u00e8re.&nbsp; Le programme acad\u00e9mique de formation (PAF) &hellip; <\/p>\n<p><a class=\"more-link btn\" href=\"https:\/\/www.pedagogie.ac-nice.fr\/cardie\/se-former\/apprendre-des-autres\/\">Lire la suite<\/a><\/p>\n","protected":false},"author":178,"featured_media":0,"parent":29,"menu_order":2,"comment_status":"closed","ping_status":"closed","template":"","meta":{"ngg_post_thumbnail":0,"footnotes":""},"class_list":["post-362","page","type-page","status-publish","hentry","nodate","item-wrap"],"rttpg_featured_image_url":null,"rttpg_author":{"display_name":"cardie","author_link":"https:\/\/www.pedagogie.ac-nice.fr\/cardie\/author\/cardie\/"},"rttpg_comment":0,"rttpg_category":null,"rttpg_excerpt":"La CARDIE int\u00e8gre la nouvelle Ecole Acad\u00e9mique de la formation continue (EAFC) Gr\u00e2ce \u00e0 la cr\u00e9ation de l&rsquo;Ecole Acad\u00e9mique de la formation continue \u00e0 Nice depuis janvier 2021, l&rsquo;innovation se diffuse dans l&rsquo;ensemble du champ de la formation : le p\u00f4le RDIE de l&rsquo;EAFC en est la cheville ouvri\u00e8re.&nbsp; Le programme acad\u00e9mique de formation (PAF)\u2026","post_mailing_queue_ids":[],"_links":{"self":[{"href":"https:\/\/www.pedagogie.ac-nice.fr\/cardie\/wp-json\/wp\/v2\/pages\/362","targetHints":{"allow":["GET"]}}],"collection":[{"href":"https:\/\/www.pedagogie.ac-nice.fr\/cardie\/wp-json\/wp\/v2\/pages"}],"about":[{"href":"https:\/\/www.pedagogie.ac-nice.fr\/cardie\/wp-json\/wp\/v2\/types\/page"}],"author":[{"embeddable":true,"href":"https:\/\/www.pedagogie.ac-nice.fr\/cardie\/wp-json\/wp\/v2\/users\/178"}],"replies":[{"embeddable":true,"href":"https:\/\/www.pedagogie.ac-nice.fr\/cardie\/wp-json\/wp\/v2\/comments?post=362"}],"version-history":[{"count":18,"href":"https:\/\/www.pedagogie.ac-nice.fr\/cardie\/wp-json\/wp\/v2\/pages\/362\/revisions"}],"predecessor-version":[{"id":1458,"href":"https:\/\/www.pedagogie.ac-nice.fr\/cardie\/wp-json\/wp\/v2\/pages\/362\/revisions\/1458"}],"up":[{"embeddable":true,"href":"https:\/\/www.pedagogie.ac-nice.fr\/cardie\/wp-json\/wp\/v2\/pages\/29"}],"wp:attachment":[{"href":"https:\/\/www.pedagogie.ac-nice.fr\/cardie\/wp-json\/wp\/v2\/media?parent=362"}],"curies":[{"name":"wp","href":"https:\/\/api.w.org\/{rel}","templated":true}]}}