{"id":45,"date":"2018-12-22T13:18:53","date_gmt":"2018-12-22T12:18:53","guid":{"rendered":"https:\/\/www.pedagogie.ac-nice.fr\/cardie\/?page_id=45"},"modified":"2021-01-05T16:24:54","modified_gmt":"2021-01-05T15:24:54","slug":"110bisnice","status":"publish","type":"page","link":"https:\/\/www.pedagogie.ac-nice.fr\/cardie\/110bisnice\/","title":{"rendered":"110BisNice"},"content":{"rendered":"<p>&nbsp;<br \/>\n<iframe loading=\"lazy\" src=\"https:\/\/docs.google.com\/presentation\/d\/e\/2PACX-1vQP6bvwNWU-mxD7l3Nvxx0OAY6V8vrvL5pO3fKAQEqliW9RGj3Y26bLxlOhWV23SDGJjAZugHdAcziG\/embed?start=false&amp;loop=false&amp;delayms=3000\" width=\"960\" height=\"569\" frameborder=\"0\" allowfullscreen=\"allowfullscreen\"><\/iframe><br \/>\n&nbsp;<\/p>\n<p style=\"text-align: center;\"><span style=\"color: #000000;\"><strong>Activation du plein \u00e9cran conseill\u00e9&nbsp;<\/strong><\/span><\/p>\n<p>&nbsp;<\/p>\n<p><strong><span style=\"font-size: 14pt;\">Le 110bisNice a ouvert ses portes en d\u00e9cembre 2018 sous l&rsquo;impulsion du recteur Emmanuel ETHIS. &nbsp;<\/span><\/strong><\/p>\n<p>Ce lieu convivial situ\u00e9 dans les murs du rectorat a pour vocation d&rsquo;accueillir les \u00e9qui<a href=\"https:\/\/www.pedagogie.ac-nice.fr\/cardie\/wp-content\/uploads\/sites\/26\/2019\/04\/img_0438.jpeg\"><img loading=\"lazy\" decoding=\"async\" class=\"size-medium wp-image-352 alignleft\" src=\"https:\/\/www.pedagogie.ac-nice.fr\/cardie\/wp-content\/uploads\/sites\/26\/2019\/04\/img_0438-300x169.jpeg\" alt=\"\" width=\"300\" height=\"169\" srcset=\"https:\/\/www.pedagogie.ac-nice.fr\/cardie\/wp-content\/uploads\/sites\/26\/2019\/04\/img_0438-300x169.jpeg 300w, https:\/\/www.pedagogie.ac-nice.fr\/cardie\/wp-content\/uploads\/sites\/26\/2019\/04\/img_0438.jpeg 640w\" sizes=\"auto, (max-width: 300px) 100vw, 300px\" \/><\/a>pes et personnels engag\u00e9s dans des actions innovantes de d\u00e9veloppement professionnel, de co-working, de r\u00e9flexion collaborative. L&rsquo;espace est ouvert \u00e0 tous, accessible par r\u00e9servation.<\/p>\n<p>Les partenaires universitaires, associatifs, professionnels, et les collectivit\u00e9s sont les bienvenus pour des moments de recherche, d&rsquo;analyse, de coop\u00e9ration au service de la r\u00e9ussite de nos \u00e9l\u00e8ves.<a href=\"https:\/\/www.pedagogie.ac-nice.fr\/cardie\/wp-content\/uploads\/sites\/26\/2019\/04\/Resized_20181220_142750_6124.jpeg\"><img loading=\"lazy\" decoding=\"async\" class=\"size-medium wp-image-353 alignright\" src=\"https:\/\/www.pedagogie.ac-nice.fr\/cardie\/wp-content\/uploads\/sites\/26\/2019\/04\/Resized_20181220_142750_6124-300x225.jpeg\" alt=\"\" width=\"300\" height=\"225\" srcset=\"https:\/\/www.pedagogie.ac-nice.fr\/cardie\/wp-content\/uploads\/sites\/26\/2019\/04\/Resized_20181220_142750_6124-300x225.jpeg 300w, https:\/\/www.pedagogie.ac-nice.fr\/cardie\/wp-content\/uploads\/sites\/26\/2019\/04\/Resized_20181220_142750_6124-768x576.jpeg 768w, https:\/\/www.pedagogie.ac-nice.fr\/cardie\/wp-content\/uploads\/sites\/26\/2019\/04\/Resized_20181220_142750_6124-1024x768.jpeg 1024w, https:\/\/www.pedagogie.ac-nice.fr\/cardie\/wp-content\/uploads\/sites\/26\/2019\/04\/Resized_20181220_142750_6124.jpeg 1440w\" sizes=\"auto, (max-width: 300px) 100vw, 300px\" \/><\/a><\/p>\n<p>110m2 modulables sont adaptables \u00e0 toutes les configurations de travail et pens\u00e9s pour que la cr\u00e9ativit\u00e9 de chacun puisse s&rsquo;exprimer.&nbsp;L\u2019espace qui permet la mise en \u0153uvre de world caf\u00e9 ou de bar camp, selon les objectifs et envies des organisateurs dispose d&rsquo;une connexion wifi et de tableaux num\u00e9riques interactifs.<\/p>\n<p>Depuis son ouverture de nombreux groupes ont pu y d\u00e9ployer leurs activit\u00e9s: les #ActesAutrement du Colloque Ecritech10, des groupes de d\u00e9veloppement d&rsquo;enseignants, de personnels de direction, des ateliers.<\/p>\n<hr>\n<p><a href=\"https:\/\/www.pedagogie.ac-nice.fr\/cardie\/wp-content\/uploads\/sites\/26\/2019\/04\/IMG_7052.jpg\"><img loading=\"lazy\" decoding=\"async\" class=\"alignleft size-medium wp-image-356\" src=\"https:\/\/www.pedagogie.ac-nice.fr\/cardie\/wp-content\/uploads\/sites\/26\/2019\/04\/IMG_7052-300x225.jpg\" alt=\"\" width=\"300\" height=\"225\" srcset=\"https:\/\/www.pedagogie.ac-nice.fr\/cardie\/wp-content\/uploads\/sites\/26\/2019\/04\/IMG_7052-300x225.jpg 300w, https:\/\/www.pedagogie.ac-nice.fr\/cardie\/wp-content\/uploads\/sites\/26\/2019\/04\/IMG_7052-768x576.jpg 768w, https:\/\/www.pedagogie.ac-nice.fr\/cardie\/wp-content\/uploads\/sites\/26\/2019\/04\/IMG_7052-1024x768.jpg 1024w\" sizes=\"auto, (max-width: 300px) 100vw, 300px\" \/><\/a><\/p>\n<p>&nbsp;<\/p>\n<p><span style=\"font-size: 14pt;\">L&rsquo;\u00e9quipe du PASIE explore la nouvelle plateforme Innovath\u00e8que qui remplacera bient\u00f4t Exp\u00e9rith\u00e8que. <\/span><\/p>\n<p>Au programme, se familiariser avec la nouvelle interface, convertir les actions dans un nouveau format.<\/p>\n<p>&nbsp;<\/p>\n<p>&nbsp;<\/p>\n<p>&nbsp;<\/p>\n<p>&nbsp;<\/p>\n","protected":false},"excerpt":{"rendered":"<p>&nbsp; &nbsp; Activation du plein \u00e9cran conseill\u00e9&nbsp; &nbsp; Le 110bisNice a ouvert ses portes en d\u00e9cembre 2018 sous l&rsquo;impulsion du recteur Emmanuel ETHIS. &nbsp; Ce lieu convivial situ\u00e9 dans les murs du rectorat a pour vocation d&rsquo;accueillir les \u00e9quipes et personnels engag\u00e9s dans des actions innovantes de d\u00e9veloppement professionnel, de co-working, de r\u00e9flexion collaborative. L&rsquo;espace &hellip; <\/p>\n<p><a class=\"more-link btn\" href=\"https:\/\/www.pedagogie.ac-nice.fr\/cardie\/110bisnice\/\">Lire la suite<\/a><\/p>\n","protected":false},"author":178,"featured_media":0,"parent":0,"menu_order":4,"comment_status":"closed","ping_status":"closed","template":"","meta":{"ngg_post_thumbnail":0,"footnotes":""},"class_list":["post-45","page","type-page","status-publish","hentry","nodate","item-wrap"],"rttpg_featured_image_url":null,"rttpg_author":{"display_name":"cardie","author_link":"https:\/\/www.pedagogie.ac-nice.fr\/cardie\/author\/cardie\/"},"rttpg_comment":0,"rttpg_category":null,"rttpg_excerpt":"&nbsp; &nbsp; Activation du plein \u00e9cran conseill\u00e9&nbsp; &nbsp; Le 110bisNice a ouvert ses portes en d\u00e9cembre 2018 sous l&rsquo;impulsion du recteur Emmanuel ETHIS. &nbsp; Ce lieu convivial situ\u00e9 dans les murs du rectorat a pour vocation d&rsquo;accueillir les \u00e9quipes et personnels engag\u00e9s dans des actions innovantes de d\u00e9veloppement professionnel, de co-working, de r\u00e9flexion collaborative. L&rsquo;espace\u2026","post_mailing_queue_ids":[],"_links":{"self":[{"href":"https:\/\/www.pedagogie.ac-nice.fr\/cardie\/wp-json\/wp\/v2\/pages\/45","targetHints":{"allow":["GET"]}}],"collection":[{"href":"https:\/\/www.pedagogie.ac-nice.fr\/cardie\/wp-json\/wp\/v2\/pages"}],"about":[{"href":"https:\/\/www.pedagogie.ac-nice.fr\/cardie\/wp-json\/wp\/v2\/types\/page"}],"author":[{"embeddable":true,"href":"https:\/\/www.pedagogie.ac-nice.fr\/cardie\/wp-json\/wp\/v2\/users\/178"}],"replies":[{"embeddable":true,"href":"https:\/\/www.pedagogie.ac-nice.fr\/cardie\/wp-json\/wp\/v2\/comments?post=45"}],"version-history":[{"count":12,"href":"https:\/\/www.pedagogie.ac-nice.fr\/cardie\/wp-json\/wp\/v2\/pages\/45\/revisions"}],"predecessor-version":[{"id":1016,"href":"https:\/\/www.pedagogie.ac-nice.fr\/cardie\/wp-json\/wp\/v2\/pages\/45\/revisions\/1016"}],"wp:attachment":[{"href":"https:\/\/www.pedagogie.ac-nice.fr\/cardie\/wp-json\/wp\/v2\/media?parent=45"}],"curies":[{"name":"wp","href":"https:\/\/api.w.org\/{rel}","templated":true}]}}