{"id":53,"date":"2018-12-22T13:20:48","date_gmt":"2018-12-22T12:20:48","guid":{"rendered":"https:\/\/www.pedagogie.ac-nice.fr\/cardie\/?page_id=53"},"modified":"2019-03-18T14:59:45","modified_gmt":"2019-03-18T13:59:45","slug":"archives-pasie","status":"publish","type":"page","link":"https:\/\/www.pedagogie.ac-nice.fr\/cardie\/archives-pasie\/","title":{"rendered":"Archives PASIE"},"content":{"rendered":"<h3 style=\"text-align: center;\"><span style=\"color: #993300;\">Retrouvez les archives du PASIE depuis sa cr\u00e9ation au format\u00a0<img loading=\"lazy\" decoding=\"async\" class=\"wp-image-240 alignnone\" src=\"https:\/\/www.pedagogie.ac-nice.fr\/cardie\/wp-content\/uploads\/sites\/26\/2019\/03\/pdf-150x150.png\" alt=\"\" width=\"46\" height=\"46\" srcset=\"https:\/\/www.pedagogie.ac-nice.fr\/cardie\/wp-content\/uploads\/sites\/26\/2019\/03\/pdf-150x150.png 150w, https:\/\/www.pedagogie.ac-nice.fr\/cardie\/wp-content\/uploads\/sites\/26\/2019\/03\/pdf-300x300.png 300w, https:\/\/www.pedagogie.ac-nice.fr\/cardie\/wp-content\/uploads\/sites\/26\/2019\/03\/pdf.png 512w\" sizes=\"auto, (max-width: 46px) 100vw, 46px\" \/><\/span><\/h3>\n<p>&nbsp;<\/p>\n<p><a href=\"https:\/\/www.pedagogie.ac-nice.fr\/cardie\/wp-content\/uploads\/sites\/26\/2019\/03\/Echo25.pdf\">L&rsquo;Echo du PASIE num\u00e9ro 25<\/a><\/p>\n<p><a href=\"https:\/\/www.pedagogie.ac-nice.fr\/cardie\/wp-content\/uploads\/sites\/26\/2019\/03\/Echo24.pdf\">L&rsquo;Echo du PASIE num\u00e9ro 24<\/a><\/p>\n<p>L&rsquo;Echo du PASIE num\u00e9ro 23 (manquant)<\/p>\n<p><a href=\"https:\/\/www.pedagogie.ac-nice.fr\/cardie\/wp-content\/uploads\/sites\/26\/2019\/03\/Echo22.pdf\">L&rsquo;Echo du PASIE num\u00e9ro 22<\/a><\/p>\n<p><a href=\"https:\/\/www.pedagogie.ac-nice.fr\/cardie\/wp-content\/uploads\/sites\/26\/2019\/03\/Echo21.pdf\">L&rsquo;Echo du PASIE num\u00e9ro 21<\/a><\/p>\n<p><a href=\"https:\/\/www.pedagogie.ac-nice.fr\/cardie\/wp-content\/uploads\/sites\/26\/2019\/03\/Echo20.pdf\">L&rsquo;Echo du PASIE num\u00e9ro 20<\/a><\/p>\n<p><a href=\"https:\/\/www.pedagogie.ac-nice.fr\/cardie\/wp-content\/uploads\/sites\/26\/2019\/03\/Echo19.pdf\">L&rsquo;Echo du PASIE num\u00e9ro 19<\/a><\/p>\n<p><a href=\"https:\/\/www.pedagogie.ac-nice.fr\/cardie\/wp-content\/uploads\/sites\/26\/2019\/03\/Echo18.pdf\">L&rsquo;Echo du PASIE num\u00e9ro 18<\/a><\/p>\n<p><a href=\"https:\/\/www.pedagogie.ac-nice.fr\/cardie\/wp-content\/uploads\/sites\/26\/2019\/03\/Echo17.pdf\">L&rsquo;Echo du PASIE num\u00e9ro 17<\/a><\/p>\n<p><a href=\"https:\/\/www.pedagogie.ac-nice.fr\/cardie\/wp-content\/uploads\/sites\/26\/2019\/03\/Echo16.pdf\">L&rsquo;Echo du PASIE num\u00e9ro 16<\/a><\/p>\n<p><a href=\"https:\/\/www.pedagogie.ac-nice.fr\/cardie\/wp-content\/uploads\/sites\/26\/2019\/03\/Echo15.pdf\">L&rsquo;Echo du PASIE num\u00e9ro 15<\/a><\/p>\n<p><a href=\"https:\/\/www.pedagogie.ac-nice.fr\/cardie\/wp-content\/uploads\/sites\/26\/2019\/03\/Echo14.pdf\">L&rsquo;Echo du PASIE num\u00e9ro 14<\/a><\/p>\n<p><a href=\"https:\/\/www.pedagogie.ac-nice.fr\/cardie\/wp-content\/uploads\/sites\/26\/2019\/03\/Echo13.pdf\">L&rsquo;Echo du PASIE num\u00e9ro 13<\/a><\/p>\n<p><a href=\"https:\/\/www.pedagogie.ac-nice.fr\/cardie\/wp-content\/uploads\/sites\/26\/2019\/03\/Echo12.pdf\">L&rsquo;Echo du PASIE num\u00e9ro 12<\/a><\/p>\n<p><a href=\"https:\/\/www.pedagogie.ac-nice.fr\/cardie\/wp-content\/uploads\/sites\/26\/2019\/03\/Echo11.pdf\">L&rsquo;Echo du PASIE num\u00e9ro 11<\/a><\/p>\n<p><a href=\"https:\/\/www.pedagogie.ac-nice.fr\/cardie\/wp-content\/uploads\/sites\/26\/2019\/03\/Echo10.pdf\">L&rsquo;Echo du PASIE num\u00e9ro 10<\/a><\/p>\n<p><a href=\"https:\/\/www.pedagogie.ac-nice.fr\/cardie\/wp-content\/uploads\/sites\/26\/2019\/03\/Echo09.pdf\">L&rsquo;Echo du PASIE num\u00e9ro 9<\/a><\/p>\n<p><a href=\"https:\/\/www.pedagogie.ac-nice.fr\/cardie\/wp-content\/uploads\/sites\/26\/2019\/03\/Echo08.pdf\">L&rsquo;Echo du PASIE num\u00e9ro 8<\/a><\/p>\n<p><a href=\"https:\/\/www.pedagogie.ac-nice.fr\/cardie\/wp-content\/uploads\/sites\/26\/2019\/03\/Echo07.pdf\">L&rsquo;Echo du PASIE num\u00e9ro 7<\/a><\/p>\n<p>L&rsquo;Echo du PASIE num\u00e9ro 6 (manquant)<\/p>\n<p><a href=\"https:\/\/www.pedagogie.ac-nice.fr\/cardie\/wp-content\/uploads\/sites\/26\/2019\/03\/Echo05.pdf\">L&rsquo;Echo du PASIE num\u00e9ro 5<\/a><\/p>\n<p><a href=\"https:\/\/www.pedagogie.ac-nice.fr\/cardie\/wp-content\/uploads\/sites\/26\/2019\/03\/Echo04.pdf\">L&rsquo;Echo du PASIE num\u00e9ro 4<\/a><\/p>\n<p>L&rsquo;Echo du PASIE num\u00e9ro 3 (manquant)<\/p>\n<p><a href=\"https:\/\/www.pedagogie.ac-nice.fr\/cardie\/wp-content\/uploads\/sites\/26\/2019\/03\/Echo02.pdf\">L&rsquo;Echo du PASIE num\u00e9ro 2<\/a><\/p>\n<p><a href=\"https:\/\/www.pedagogie.ac-nice.fr\/cardie\/wp-content\/uploads\/sites\/26\/2019\/03\/Echo01.pdf\">L&rsquo;Echo du PASIE num\u00e9ro 1<\/a><\/p>\n<p>&nbsp;<\/p>\n","protected":false},"excerpt":{"rendered":"<p>Retrouvez les archives du PASIE depuis sa cr\u00e9ation au format\u00a0 &nbsp; L&rsquo;Echo du PASIE num\u00e9ro 25 L&rsquo;Echo du PASIE num\u00e9ro 24 L&rsquo;Echo du PASIE num\u00e9ro 23 (manquant) L&rsquo;Echo du PASIE num\u00e9ro 22 L&rsquo;Echo du PASIE num\u00e9ro 21 L&rsquo;Echo du PASIE num\u00e9ro 20 L&rsquo;Echo du PASIE num\u00e9ro 19 L&rsquo;Echo du PASIE num\u00e9ro 18 L&rsquo;Echo du PASIE &hellip; <\/p>\n<p><a class=\"more-link btn\" href=\"https:\/\/www.pedagogie.ac-nice.fr\/cardie\/archives-pasie\/\">Lire la suite<\/a><\/p>\n","protected":false},"author":178,"featured_media":0,"parent":0,"menu_order":7,"comment_status":"closed","ping_status":"closed","template":"","meta":{"ngg_post_thumbnail":0,"footnotes":""},"class_list":["post-53","page","type-page","status-publish","hentry","nodate","item-wrap"],"rttpg_featured_image_url":null,"rttpg_author":{"display_name":"cardie","author_link":"https:\/\/www.pedagogie.ac-nice.fr\/cardie\/author\/cardie\/"},"rttpg_comment":0,"rttpg_category":null,"rttpg_excerpt":"Retrouvez les archives du PASIE depuis sa cr\u00e9ation au format\u00a0 &nbsp; L&rsquo;Echo du PASIE num\u00e9ro 25 L&rsquo;Echo du PASIE num\u00e9ro 24 L&rsquo;Echo du PASIE num\u00e9ro 23 (manquant) L&rsquo;Echo du PASIE num\u00e9ro 22 L&rsquo;Echo du PASIE num\u00e9ro 21 L&rsquo;Echo du PASIE num\u00e9ro 20 L&rsquo;Echo du PASIE num\u00e9ro 19 L&rsquo;Echo du PASIE num\u00e9ro 18 L&rsquo;Echo du PASIE\u2026","post_mailing_queue_ids":[],"_links":{"self":[{"href":"https:\/\/www.pedagogie.ac-nice.fr\/cardie\/wp-json\/wp\/v2\/pages\/53","targetHints":{"allow":["GET"]}}],"collection":[{"href":"https:\/\/www.pedagogie.ac-nice.fr\/cardie\/wp-json\/wp\/v2\/pages"}],"about":[{"href":"https:\/\/www.pedagogie.ac-nice.fr\/cardie\/wp-json\/wp\/v2\/types\/page"}],"author":[{"embeddable":true,"href":"https:\/\/www.pedagogie.ac-nice.fr\/cardie\/wp-json\/wp\/v2\/users\/178"}],"replies":[{"embeddable":true,"href":"https:\/\/www.pedagogie.ac-nice.fr\/cardie\/wp-json\/wp\/v2\/comments?post=53"}],"version-history":[{"count":6,"href":"https:\/\/www.pedagogie.ac-nice.fr\/cardie\/wp-json\/wp\/v2\/pages\/53\/revisions"}],"predecessor-version":[{"id":246,"href":"https:\/\/www.pedagogie.ac-nice.fr\/cardie\/wp-json\/wp\/v2\/pages\/53\/revisions\/246"}],"wp:attachment":[{"href":"https:\/\/www.pedagogie.ac-nice.fr\/cardie\/wp-json\/wp\/v2\/media?parent=53"}],"curies":[{"name":"wp","href":"https:\/\/api.w.org\/{rel}","templated":true}]}}