{"id":55,"date":"2018-12-22T13:26:10","date_gmt":"2018-12-22T12:26:10","guid":{"rendered":"https:\/\/www.pedagogie.ac-nice.fr\/cardie\/?page_id=55"},"modified":"2024-06-10T09:04:02","modified_gmt":"2024-06-10T07:04:02","slug":"contacter-lequipe","status":"publish","type":"page","link":"https:\/\/www.pedagogie.ac-nice.fr\/cardie\/contacter-lequipe\/","title":{"rendered":"Contacter l&rsquo;\u00e9quipe"},"content":{"rendered":"<p><strong><img loading=\"lazy\" decoding=\"async\" class=\"size-thumbnail wp-image-249 alignleft\" src=\"https:\/\/www.pedagogie.ac-nice.fr\/cardie\/wp-content\/uploads\/sites\/26\/2019\/03\/IMG_6873-150x150.jpg\" alt=\"\" width=\"150\" height=\"150\"><\/strong><\/p>\n<p>&nbsp;<\/p>\n<p><span style=\"font-size: 14pt;\">Pour joindre la CARDIE, merci d&rsquo;utiliser<strong> <a href=\"https:\/\/www.pedagogie.ac-nice.fr\/cardie\/formulaire-de-contact\/\" target=\"_blank\" rel=\"noopener\">le formulaire de contact&nbsp;<\/a><\/strong><\/span><\/p>\n<h4><span style=\"color: #ff6600;\">Les accompagnateurs sont \u00e0 votre disposition pour vous apporter \u00e9coute, analyse, soutien dans l&rsquo;\u00e9laboration et la conduite de vos projets.&nbsp;<\/span><\/h4>\n<h4><span style=\"color: #ff6600;\">N&rsquo;h\u00e9sitez pas \u00e0 faire appel \u00e0 eux par courriel. <\/span><\/h4>\n","protected":false},"excerpt":{"rendered":"<p>&nbsp; Pour joindre la CARDIE, merci d&rsquo;utiliser le formulaire de contact&nbsp; Les accompagnateurs sont \u00e0 votre disposition pour vous apporter \u00e9coute, analyse, soutien dans l&rsquo;\u00e9laboration et la conduite de vos projets.&nbsp; N&rsquo;h\u00e9sitez pas \u00e0 faire appel \u00e0 eux par courriel.<\/p>\n","protected":false},"author":178,"featured_media":0,"parent":0,"menu_order":6,"comment_status":"closed","ping_status":"closed","template":"","meta":{"ngg_post_thumbnail":0,"footnotes":""},"class_list":["post-55","page","type-page","status-publish","hentry","nodate","item-wrap"],"rttpg_featured_image_url":null,"rttpg_author":{"display_name":"cardie","author_link":"https:\/\/www.pedagogie.ac-nice.fr\/cardie\/author\/cardie\/"},"rttpg_comment":0,"rttpg_category":null,"rttpg_excerpt":"&nbsp; Pour joindre la CARDIE, merci d&rsquo;utiliser le formulaire de contact&nbsp; Les accompagnateurs sont \u00e0 votre disposition pour vous apporter \u00e9coute, analyse, soutien dans l&rsquo;\u00e9laboration et la conduite de vos projets.&nbsp; N&rsquo;h\u00e9sitez pas \u00e0 faire appel \u00e0 eux par courriel.","post_mailing_queue_ids":[],"_links":{"self":[{"href":"https:\/\/www.pedagogie.ac-nice.fr\/cardie\/wp-json\/wp\/v2\/pages\/55","targetHints":{"allow":["GET"]}}],"collection":[{"href":"https:\/\/www.pedagogie.ac-nice.fr\/cardie\/wp-json\/wp\/v2\/pages"}],"about":[{"href":"https:\/\/www.pedagogie.ac-nice.fr\/cardie\/wp-json\/wp\/v2\/types\/page"}],"author":[{"embeddable":true,"href":"https:\/\/www.pedagogie.ac-nice.fr\/cardie\/wp-json\/wp\/v2\/users\/178"}],"replies":[{"embeddable":true,"href":"https:\/\/www.pedagogie.ac-nice.fr\/cardie\/wp-json\/wp\/v2\/comments?post=55"}],"version-history":[{"count":27,"href":"https:\/\/www.pedagogie.ac-nice.fr\/cardie\/wp-json\/wp\/v2\/pages\/55\/revisions"}],"predecessor-version":[{"id":1644,"href":"https:\/\/www.pedagogie.ac-nice.fr\/cardie\/wp-json\/wp\/v2\/pages\/55\/revisions\/1644"}],"wp:attachment":[{"href":"https:\/\/www.pedagogie.ac-nice.fr\/cardie\/wp-json\/wp\/v2\/media?parent=55"}],"curies":[{"name":"wp","href":"https:\/\/api.w.org\/{rel}","templated":true}]}}