{"id":637,"date":"2020-07-30T17:32:11","date_gmt":"2020-07-30T15:32:11","guid":{"rendered":"https:\/\/www.pedagogie.ac-nice.fr\/cardie\/?page_id=637"},"modified":"2024-10-04T11:37:07","modified_gmt":"2024-10-04T09:37:07","slug":"webinice-les-webinaires-cardie","status":"publish","type":"page","link":"https:\/\/www.pedagogie.ac-nice.fr\/cardie\/se-former\/webinice-les-webinaires-cardie\/","title":{"rendered":"WebiNice, les w\u00e9binaires de la CARDIE de Nice"},"content":{"rendered":"<p><a href=\"https:\/\/www.pedagogie.ac-nice.fr\/cardie\/wp-content\/uploads\/sites\/26\/2020\/07\/111-coding.png\"><img loading=\"lazy\" decoding=\"async\" class=\"wp-image-653 alignleft\" src=\"https:\/\/www.pedagogie.ac-nice.fr\/cardie\/wp-content\/uploads\/sites\/26\/2020\/07\/111-coding-300x300.png\" alt=\"\" width=\"171\" height=\"171\" srcset=\"https:\/\/www.pedagogie.ac-nice.fr\/cardie\/wp-content\/uploads\/sites\/26\/2020\/07\/111-coding-300x300.png 300w, https:\/\/www.pedagogie.ac-nice.fr\/cardie\/wp-content\/uploads\/sites\/26\/2020\/07\/111-coding-150x150.png 150w, https:\/\/www.pedagogie.ac-nice.fr\/cardie\/wp-content\/uploads\/sites\/26\/2020\/07\/111-coding-768x768.png 768w, https:\/\/www.pedagogie.ac-nice.fr\/cardie\/wp-content\/uploads\/sites\/26\/2020\/07\/111-coding.png 1000w\" sizes=\"auto, (max-width: 171px) 100vw, 171px\" \/><\/a><strong><span style=\"font-size: 14pt; color: #ff6600;\">La CARDIE propose des w\u00e9binaires consacr\u00e9es aux questions vives et aux pratiques innovantes des enseignants de l&rsquo;acad\u00e9mie. <\/span><\/strong><\/p>\n<p style=\"text-align: left;\"><span style=\"font-size: 14pt;\">Sans inscription pr\u00e9alable, ils se d\u00e9roulent en 2024 \u00e0&nbsp; cette adresse : <a href=\"https:\/\/dgxy.link\/webinice24\" target=\"_blank\" rel=\"noopener\">https:\/\/dgxy.link\/webinice24<\/a><br \/>\n<\/span><\/p>\n<p style=\"text-align: left;\"><span style=\"font-size: 14pt;\">Ils seront d\u00e9sormais disponibles en replay sur notre chaine PodEduc<\/span><\/p>\n<p><span style=\"font-size: 14pt;\">&nbsp;<\/span><\/p>\n<p><span style=\"font-size: 18pt; color: #ff6600;\"><strong>SEPTEMBRE 2024<\/strong><\/span><\/p>\n<p><span style=\"font-size: 14pt;\"><em><strong><span style=\"color: #ff6600;\">La lecture litt\u00e9raire au cycle 3 : un L\u00e9A au travail ou les b\u00e9n\u00e9fices du d\u00e9veloppement professionnel des enseignants du 1er et 2d degr\u00e9 sur les performances des \u00e9l\u00e8ves en lecture<\/span><\/strong><\/em><\/span><\/p>\n<p style=\"text-align: center;\"><span style=\"font-size: 14pt;\">avec Magali BRUNEL et C\u00e9line Foliot, chercheuses<\/span><br \/>\n<span style=\"font-size: 14pt;\">Alice RUIZ, Nuray SENG\u00dcL, Xavier IRIGOYEN, C\u00e9line GILLOUX, Florence CERDAGNE, <\/span><br \/>\n<span style=\"font-size: 14pt;\">et Corinne ODOLO<br \/>\n<\/span><\/p>\n<p><iframe loading=\"lazy\" style=\"padding: 0; margin: 0; border: 0;\" title=\"WebiNice 2024 : Le L\u00e9A \" src=\"https:\/\/podeduc.apps.education.fr\/video\/64071-webinice-2024-le-lea-colect\/?is_iframe=true\" width=\"1280\" height=\"720\" allowfullscreen=\"allowfullscreen\"><span style=\"display: inline-block; width: 0px; overflow: hidden; line-height: 0;\" data-mce-type=\"bookmark\" class=\"mce_SELRES_start\">\ufeff<\/span><\/iframe>&nbsp;<\/p>\n<p>Documents \u00e0 venir<\/p>\n<p>&nbsp;<\/p>\n<p><span style=\"font-size: 18pt;\"><strong><span style=\"color: #ff6600;\">JUIN 2024<\/span><\/strong><\/span><\/p>\n<p style=\"text-align: center;\"><em><span style=\"font-size: 14pt;\"><span style=\"color: #ff6600;\"><strong>La philosophie avec les enfants et les adolescents : des pratiques innovantes de l&rsquo;\u00e9cole au<\/strong> <strong>lyc\u00e9e : des pratiques innovantes de l&rsquo;\u00e9cole au lyc\u00e9e.&nbsp;<\/strong><\/span> <\/span><\/em><br \/>\n<span style=\"font-size: 14pt;\">avec <\/span><br \/>\n<span style=\"font-size: 14pt;\">Olivier BLOND-RZEWUSKI et Charlie RENARD<\/span><br \/>\n<span style=\"font-size: 14pt;\">Muriel GASTAUT <\/span><br \/>\n<span style=\"font-size: 14pt;\">St\u00e9fania FERRANDO<\/span><\/p>\n<p>&nbsp;<\/p>\n<p><iframe loading=\"lazy\" style=\"padding: 0; margin: 0; border: 0;\" title=\"WebiNice 2024 : La philosophie avec les enfants et les adolescents\" src=\"https:\/\/podeduc.apps.education.fr\/video\/51753-webinice-2024-la-philosophie-avec-les-enfants-et-les-adolescents\/c2645b09c1d809361e0b0f43125534b8c9132865a4e63ebd7660f649e61363af\/?is_iframe=true\" width=\"1280\" height=\"720\" allowfullscreen=\"allowfullscreen\"><\/iframe><\/p>\n<ul style=\"list-style-type: square;\">\n<li><a href=\"https:\/\/www.pedagogie.ac-nice.fr\/cardie\/wp-content\/uploads\/sites\/26\/2024\/06\/WebiNice-La-philosophie-avec-les-enfants-par-Blond-Rzewuski-Renard_compressed_organized.pdf\" target=\"_blank\" rel=\"noopener\">Pr\u00e9sentation d&rsquo;Olivier Blond-RZEWUSKI et Charlie RENARD<\/a><\/li>\n<li><a href=\"https:\/\/www.pedagogie.ac-nice.fr\/cardie\/wp-content\/uploads\/sites\/26\/2024\/06\/240613_webinaire-philo_MurielGastaut.pdf\" target=\"_blank\" rel=\"noopener\">Pr\u00e9sentation de Muriel Gastaut<\/a><\/li>\n<li><a href=\"https:\/\/www.pedagogie.ac-nice.fr\/cardie\/wp-content\/uploads\/sites\/26\/2024\/06\/ProPhilia_13_juin_2024.pdf\" target=\"_blank\" rel=\"noopener\">Pr\u00e9sentation de Stefania Ferrando<\/a><\/li>\n<\/ul>\n<p>&nbsp;<\/p>\n<p><strong><span style=\"color: #ff6600;\">Bibliographie sommaire :<\/span><\/strong><\/p>\n<ul>\n<li>BLOND-RZEWUSKI, O.&nbsp; dir. (2018). <i>Pourquoi et comment philosopher avec des enfants ? <\/i>Paris : Hatier.<\/li>\n<li>CHIROUTER, E. (2016). <i>Ateliers de philosophie \u00e0 partir d\u2019albums de jeunesse<\/i>. Paris : Hachette.<\/li>\n<li>GALICHET, F. (2004). <i>Pratiquer la philosophie \u00e0 l\u2019\u00e9cole<\/i>. Paris : NATHAN (<a href=\"https:\/\/philogalichet.fr\/telechargez-gratuitement-pratiquer-la-philosophie-a-lecole\/\">t\u00e9l\u00e9chargeable gratuitement<\/a>).<\/li>\n<li>GALICHET, F. (2019). <i>Philosopher \u00e0 tout \u00e2ge<\/i>. Paris : VRIN.<\/li>\n<li>HAWKEN, J. ( 2019). <i>1&#8230; 2&#8230; 3&#8230; Pensez ! Philosophons les enfants !<\/i> <i>: 10 r\u00e8gles d&rsquo;or et outils p\u00e9dagogiques ! <\/i>&nbsp;Chronique sociale.<\/li>\n<li>THARRAULT, P. (2016). <i>Pratiquer le d\u00e9bat philo en classe<\/i>. Paris : RETZ.<\/li>\n<li>Revue <i>Phileas &amp; Autobule : les enfants philosophes <\/i>: <a href=\"http:\/\/www.phileasetautobule.be\/\">www.phileasetautobule.be<\/a>&nbsp;<strong><br \/>\n<\/strong><\/li>\n<\/ul>\n<p>&nbsp;<\/p>\n<p>&nbsp;<\/p>\n<p><span style=\"font-size: 18pt; color: #ff6600;\"><strong>W\u00e9biNice 2022-2023<\/strong><\/span><\/p>\n<p>&nbsp;<\/p>\n<p><a href=\"https:\/\/www.pedagogie.ac-nice.fr\/cardie\/cooperation-reynaud\/\"><img loading=\"lazy\" decoding=\"async\" class=\"aligncenter size-large wp-image-1671\" src=\"https:\/\/www.pedagogie.ac-nice.fr\/cardie\/wp-content\/uploads\/sites\/26\/2024\/06\/cooperation-reynaud-1024x576.jpg\" alt=\"\" width=\"750\" height=\"422\" srcset=\"https:\/\/www.pedagogie.ac-nice.fr\/cardie\/wp-content\/uploads\/sites\/26\/2024\/06\/cooperation-reynaud-1024x576.jpg 1024w, https:\/\/www.pedagogie.ac-nice.fr\/cardie\/wp-content\/uploads\/sites\/26\/2024\/06\/cooperation-reynaud-300x169.jpg 300w, https:\/\/www.pedagogie.ac-nice.fr\/cardie\/wp-content\/uploads\/sites\/26\/2024\/06\/cooperation-reynaud-768x432.jpg 768w, https:\/\/www.pedagogie.ac-nice.fr\/cardie\/wp-content\/uploads\/sites\/26\/2024\/06\/cooperation-reynaud-1536x864.jpg 1536w, https:\/\/www.pedagogie.ac-nice.fr\/cardie\/wp-content\/uploads\/sites\/26\/2024\/06\/cooperation-reynaud-750x422.jpg 750w, https:\/\/www.pedagogie.ac-nice.fr\/cardie\/wp-content\/uploads\/sites\/26\/2024\/06\/cooperation-reynaud.jpg 1920w\" sizes=\"auto, (max-width: 750px) 100vw, 750px\" \/><\/a><\/p>\n<p>&nbsp;<\/p>\n<p><a href=\"https:\/\/www.pedagogie.ac-nice.fr\/cardie\/se-former\/webinice-les-webinaires-cardie\/ecole-du-bien-etre-saint-exupery\/\" rel=\"attachment wp-att-1669\"><img loading=\"lazy\" decoding=\"async\" class=\"aligncenter size-large wp-image-1669\" src=\"https:\/\/www.pedagogie.ac-nice.fr\/cardie\/wp-content\/uploads\/sites\/26\/2024\/06\/ecole-du-bien-etre-saint-exupery-1024x576.png\" alt=\"\" width=\"750\" height=\"422\" srcset=\"https:\/\/www.pedagogie.ac-nice.fr\/cardie\/wp-content\/uploads\/sites\/26\/2024\/06\/ecole-du-bien-etre-saint-exupery-1024x576.png 1024w, https:\/\/www.pedagogie.ac-nice.fr\/cardie\/wp-content\/uploads\/sites\/26\/2024\/06\/ecole-du-bien-etre-saint-exupery-300x169.png 300w, https:\/\/www.pedagogie.ac-nice.fr\/cardie\/wp-content\/uploads\/sites\/26\/2024\/06\/ecole-du-bien-etre-saint-exupery-768x432.png 768w, https:\/\/www.pedagogie.ac-nice.fr\/cardie\/wp-content\/uploads\/sites\/26\/2024\/06\/ecole-du-bien-etre-saint-exupery-1536x864.png 1536w, https:\/\/www.pedagogie.ac-nice.fr\/cardie\/wp-content\/uploads\/sites\/26\/2024\/06\/ecole-du-bien-etre-saint-exupery-750x422.png 750w, https:\/\/www.pedagogie.ac-nice.fr\/cardie\/wp-content\/uploads\/sites\/26\/2024\/06\/ecole-du-bien-etre-saint-exupery.png 1920w\" sizes=\"auto, (max-width: 750px) 100vw, 750px\" \/><\/a><\/p>\n<p>&nbsp;<\/p>\n<p><a href=\"https:\/\/www.pedagogie.ac-nice.fr\/cardie\/lire-la-litterature\/\"><img loading=\"lazy\" decoding=\"async\" class=\"aligncenter size-large wp-image-1670\" src=\"https:\/\/www.pedagogie.ac-nice.fr\/cardie\/wp-content\/uploads\/sites\/26\/2024\/06\/lire-la-litterature-1024x576.png\" alt=\"\" width=\"750\" height=\"422\" srcset=\"https:\/\/www.pedagogie.ac-nice.fr\/cardie\/wp-content\/uploads\/sites\/26\/2024\/06\/lire-la-litterature-1024x576.png 1024w, https:\/\/www.pedagogie.ac-nice.fr\/cardie\/wp-content\/uploads\/sites\/26\/2024\/06\/lire-la-litterature-300x169.png 300w, https:\/\/www.pedagogie.ac-nice.fr\/cardie\/wp-content\/uploads\/sites\/26\/2024\/06\/lire-la-litterature-768x432.png 768w, https:\/\/www.pedagogie.ac-nice.fr\/cardie\/wp-content\/uploads\/sites\/26\/2024\/06\/lire-la-litterature-1536x864.png 1536w, https:\/\/www.pedagogie.ac-nice.fr\/cardie\/wp-content\/uploads\/sites\/26\/2024\/06\/lire-la-litterature-750x422.png 750w, https:\/\/www.pedagogie.ac-nice.fr\/cardie\/wp-content\/uploads\/sites\/26\/2024\/06\/lire-la-litterature.png 1920w\" sizes=\"auto, (max-width: 750px) 100vw, 750px\" \/><\/a><\/p>\n<p>&nbsp;<\/p>\n<p><a href=\"https:\/\/www.pedagogie.ac-nice.fr\/cardie\/se-former\/webinice-les-webinaires-cardie\/cid-jaubert\/\" rel=\"attachment wp-att-1668\"><img loading=\"lazy\" decoding=\"async\" class=\"aligncenter size-large wp-image-1668\" src=\"https:\/\/www.pedagogie.ac-nice.fr\/cardie\/wp-content\/uploads\/sites\/26\/2024\/06\/CID-Jaubert-1024x576.jpg\" alt=\"Des classes interdegr\u00e9s au cycle 3 : un dispositif p\u00e9dagogique innovant en REP+ - Coll\u00e8ge Maurice Jaubert\" width=\"750\" height=\"422\" srcset=\"https:\/\/www.pedagogie.ac-nice.fr\/cardie\/wp-content\/uploads\/sites\/26\/2024\/06\/CID-Jaubert-1024x576.jpg 1024w, https:\/\/www.pedagogie.ac-nice.fr\/cardie\/wp-content\/uploads\/sites\/26\/2024\/06\/CID-Jaubert-300x169.jpg 300w, https:\/\/www.pedagogie.ac-nice.fr\/cardie\/wp-content\/uploads\/sites\/26\/2024\/06\/CID-Jaubert-768x432.jpg 768w, https:\/\/www.pedagogie.ac-nice.fr\/cardie\/wp-content\/uploads\/sites\/26\/2024\/06\/CID-Jaubert-1536x864.jpg 1536w, https:\/\/www.pedagogie.ac-nice.fr\/cardie\/wp-content\/uploads\/sites\/26\/2024\/06\/CID-Jaubert-750x422.jpg 750w, https:\/\/www.pedagogie.ac-nice.fr\/cardie\/wp-content\/uploads\/sites\/26\/2024\/06\/CID-Jaubert.jpg 1920w\" sizes=\"auto, (max-width: 750px) 100vw, 750px\" \/><\/a><\/p>\n<p>&nbsp;<\/p>\n<table style=\"border-collapse: collapse; width: 100%; height: 708px;\">\n<tbody>\n<tr style=\"background-color: #613ede;\">\n<td style=\"width: 100%; height: 85px;\" colspan=\"3\">\n<h4><span style=\"font-size: 24pt; color: #ffffff;\"><strong>WebiNice 2020 &#8211; 2021<br \/>\n<\/strong><\/span><\/h4>\n<\/td>\n<\/tr>\n<tr style=\"height: 104px;\">\n<td style=\"width: 20.0192%; height: 104px;\">&nbsp;<\/p>\n<p>&nbsp;<\/p>\n<p>&nbsp;<\/p>\n<p><span style=\"color: #800080; font-size: 14pt;\"><strong>29 septembre<\/strong><\/span><\/p>\n<p>17h30 &#8211; 19h30<\/td>\n<td style=\"width: 39.3396%; height: 104px;\">&nbsp;<\/p>\n<p style=\"text-align: center;\"><span style=\"font-size: 14pt;\"><strong>Fran\u00e7ois MULLER<\/strong><\/span><\/p>\n<p><img loading=\"lazy\" decoding=\"async\" class=\"aligncenter size-thumbnail wp-image-786\" src=\"https:\/\/www.pedagogie.ac-nice.fr\/cardie\/wp-content\/uploads\/sites\/26\/2020\/09\/FrancoisMuller-150x150.jpg\" alt=\"\" width=\"150\" height=\"150\"><\/p>\n<p>&nbsp;<\/td>\n<td style=\"width: 40.6413%; height: 104px;\">&nbsp;<\/p>\n<p>&nbsp;<\/p>\n<p><em><span style=\"font-size: 18pt;\">De votre d\u00e9veloppement professionnel, on en parle?&nbsp;<\/span><\/em><\/td>\n<\/tr>\n<tr style=\"height: 104px;\">\n<td style=\"width: 20.0192%; height: 103px;\">&nbsp;<\/p>\n<p>&nbsp;<\/p>\n<p>&nbsp;<\/p>\n<p>&nbsp;<\/p>\n<p>&nbsp;<\/p>\n<p><span style=\"color: #800080; font-size: 14pt;\"><span style=\"caret-color: #993300;\"><b>13 octobre&nbsp;<\/b><\/span><\/span><\/p>\n<p>17h30 &#8211; 19h30<\/td>\n<td style=\"width: 39.3396%; height: 103px;\">\n<p style=\"text-align: center;\"><strong><span style=\"font-size: 14pt;\">Magali TACCHI<\/span><\/strong><\/p>\n<p><img loading=\"lazy\" decoding=\"async\" class=\"aligncenter size-thumbnail wp-image-817\" src=\"https:\/\/www.pedagogie.ac-nice.fr\/cardie\/wp-content\/uploads\/sites\/26\/2020\/09\/IMG_0755-150x150.jpg\" alt=\"\" width=\"150\" height=\"150\"><\/p>\n<p>Enseignante en SVT, Magali Tacchi s\u2019est lanc\u00e9e dans la pratique de la classe en invers\u00e9e en 2014 puis a ouvert sa classe aux p\u00e9dagogies actives : plan de travail, classe mutuelle.<\/p>\n<p>Ambassadrice du num\u00e9rique dans diff\u00e9rentes rencontres (Ecritech, Orme, Clise, Clic), elle est aussi r\u00e9f\u00e9rente en sciences cognitives et escape game. Elle d\u00e9veloppe des projets alliant innovation et implication des \u00e9l\u00e8ves.<\/td>\n<td style=\"width: 40.6413%; height: 103px;\">&nbsp;<\/p>\n<p>&nbsp;<\/p>\n<p><span style=\"font-size: 18pt;\">P\u00e9dagogies actives et classes invers\u00e9es<\/span><\/p>\n<p>&nbsp;<\/p>\n<p>&nbsp;<\/p>\n<p>&nbsp;<\/td>\n<\/tr>\n<tr style=\"height: 104px;\">\n<td style=\"width: 20.0192%; height: 104px;\"><span style=\"font-size: 14pt;\"><strong><span style=\"color: #800080;\">24 novembre<\/span><\/strong><\/span><\/p>\n<p>17h30 &#8211; 19h30<\/td>\n<td style=\"width: 39.3396%; height: 104px;\"><strong><span style=\"font-size: 14pt;\">Claude RICHERME-MANCHET<\/span><\/strong><\/p>\n<p>&nbsp;<\/p>\n<p><span style=\"font-size: 14pt;\">Vous pourrez dialoguer avec Claude Richerme-Manchet, professeure suppl\u00e9mentaire, charg\u00e9e de mission sur la ma\u00eetrise de la langue. Elle a men\u00e9 depuis plusieurs ann\u00e9es dans le bassin toulonnais une remarquable<strong> action interdegr\u00e9s (cycle 3)<\/strong> sur la ma\u00eetrise de la langue qui conjugue cr\u00e9ativit\u00e9, r\u00e9flexivit\u00e9 chez l&rsquo;\u00e9l\u00e8ve et exigence.<\/span><\/p>\n<p><span style=\"font-size: 14pt;\">Consultez la page <a href=\"https:\/\/innovatheque.phm.education.gouv.fr\/innovatheque\/consultation-action\/119\/nav-context?previousPage=search\" target=\"_blank\" rel=\"noopener noreferrer\"><em><strong>Innovath\u00e8que<\/strong><\/em> d\u00e9di\u00e9e \u00e0 cette action<\/a><\/span><\/td>\n<td style=\"width: 40.6413%; height: 104px;\">&nbsp;<\/p>\n<p><span style=\"font-size: 18pt;\">Connaissez-vous les <em>Oulimpiades<\/em> ? <\/span><span style=\"font-size: 18pt;\">Non ? <\/span><\/p>\n<p><span style=\"font-size: 18pt;\">&nbsp;<\/span><\/p>\n<p>&nbsp;<\/p>\n<p>&nbsp;<\/p>\n<p>&nbsp;<\/td>\n<\/tr>\n<tr style=\"height: 104px;\">\n<td style=\"width: 20.0192%; height: 104px;\"><span style=\"color: #800080; font-size: 14pt;\"><strong>13 janvier <\/strong><\/span><\/p>\n<p>17h30 &#8211; 19h30<\/td>\n<td style=\"width: 39.3396%; height: 104px;\"><span style=\"font-size: large;\"><b>Bruno VERGNES&nbsp;<\/b><\/span><\/p>\n<p><span style=\"font-size: 14pt;\">Le Coll\u00e8ge innovant Pierre Emmanuel \u00e0 Pau (acad\u00e9mie de Toulouse) nous fait faire la visite du propri\u00e9taire !&nbsp;<\/span><\/p>\n<p>Quels enjeux p\u00e9dagogiques dans un coll\u00e8ge qui porte l&rsquo;innovation ?<\/td>\n<td style=\"width: 40.6413%; height: 104px;\">&nbsp;<\/p>\n<p><span style=\"font-size: 18pt;\">Une autre organisation du temps et des espaces, ce qui marche, ce qui a \u00e9t\u00e9 adapt\u00e9, &#8230;&nbsp;<\/span><\/p>\n<p>&nbsp;<\/p>\n<p><a href=\"https:\/\/wke.lt\/w\/s\/B3ZBz5\" target=\"_blank\" rel=\"noopener\"><strong><span style=\"font-size: 14pt;\">Retrouvez le live tweet de la soir\u00e9e ici<\/span><\/strong><\/a><\/td>\n<\/tr>\n<tr style=\"height: 104px;\">\n<td style=\"width: 20.0192%; height: 104px;\"><span style=\"color: #800080; font-size: 14pt;\"><strong>2 f\u00e9vrier<\/strong><\/span><\/p>\n<p>17h30 &#8211; 19h30<\/td>\n<td style=\"width: 39.3396%; height: 104px;\"><strong><span style=\"font-size: 14pt;\">Elsa CUFFI<\/span><\/strong><\/p>\n<p>&nbsp;<\/td>\n<td style=\"width: 40.6413%; height: 104px;\">&nbsp;<\/td>\n<\/tr>\n<tr style=\"height: 104px;\">\n<td style=\"width: 20.0192%; height: 104px;\">&nbsp;<\/td>\n<td style=\"width: 39.3396%; height: 104px;\">&nbsp;<\/td>\n<td style=\"width: 40.6413%; height: 104px;\">&nbsp;<\/td>\n<\/tr>\n<\/tbody>\n<\/table>\n<p>&nbsp;<\/p>\n<p>&nbsp;<\/p>\n<p>&nbsp;<\/p>\n<p>&nbsp;<\/p>\n","protected":false},"excerpt":{"rendered":"<p>La CARDIE propose des w\u00e9binaires consacr\u00e9es aux questions vives et aux pratiques innovantes des enseignants de l&rsquo;acad\u00e9mie. Sans inscription pr\u00e9alable, ils se d\u00e9roulent en 2024 \u00e0&nbsp; cette adresse : https:\/\/dgxy.link\/webinice24 Ils seront d\u00e9sormais disponibles en replay sur notre chaine PodEduc &nbsp; SEPTEMBRE 2024 La lecture litt\u00e9raire au cycle 3 : un L\u00e9A au travail ou &hellip; <\/p>\n<p><a class=\"more-link btn\" href=\"https:\/\/www.pedagogie.ac-nice.fr\/cardie\/se-former\/webinice-les-webinaires-cardie\/\">Lire la suite<\/a><\/p>\n","protected":false},"author":178,"featured_media":0,"parent":29,"menu_order":1,"comment_status":"closed","ping_status":"closed","template":"template-onecolumn.php","meta":{"ngg_post_thumbnail":0,"footnotes":""},"class_list":["post-637","page","type-page","status-publish","hentry","nodate","item-wrap"],"rttpg_featured_image_url":null,"rttpg_author":{"display_name":"cardie","author_link":"https:\/\/www.pedagogie.ac-nice.fr\/cardie\/author\/cardie\/"},"rttpg_comment":0,"rttpg_category":null,"rttpg_excerpt":"La CARDIE propose des w\u00e9binaires consacr\u00e9es aux questions vives et aux pratiques innovantes des enseignants de l&rsquo;acad\u00e9mie. Sans inscription pr\u00e9alable, ils se d\u00e9roulent en 2024 \u00e0&nbsp; cette adresse : https:\/\/dgxy.link\/webinice24 Ils seront d\u00e9sormais disponibles en replay sur notre chaine PodEduc &nbsp; SEPTEMBRE 2024 La lecture litt\u00e9raire au cycle 3 : un L\u00e9A au travail ou\u2026","post_mailing_queue_ids":[],"_links":{"self":[{"href":"https:\/\/www.pedagogie.ac-nice.fr\/cardie\/wp-json\/wp\/v2\/pages\/637","targetHints":{"allow":["GET"]}}],"collection":[{"href":"https:\/\/www.pedagogie.ac-nice.fr\/cardie\/wp-json\/wp\/v2\/pages"}],"about":[{"href":"https:\/\/www.pedagogie.ac-nice.fr\/cardie\/wp-json\/wp\/v2\/types\/page"}],"author":[{"embeddable":true,"href":"https:\/\/www.pedagogie.ac-nice.fr\/cardie\/wp-json\/wp\/v2\/users\/178"}],"replies":[{"embeddable":true,"href":"https:\/\/www.pedagogie.ac-nice.fr\/cardie\/wp-json\/wp\/v2\/comments?post=637"}],"version-history":[{"count":71,"href":"https:\/\/www.pedagogie.ac-nice.fr\/cardie\/wp-json\/wp\/v2\/pages\/637\/revisions"}],"predecessor-version":[{"id":1763,"href":"https:\/\/www.pedagogie.ac-nice.fr\/cardie\/wp-json\/wp\/v2\/pages\/637\/revisions\/1763"}],"up":[{"embeddable":true,"href":"https:\/\/www.pedagogie.ac-nice.fr\/cardie\/wp-json\/wp\/v2\/pages\/29"}],"wp:attachment":[{"href":"https:\/\/www.pedagogie.ac-nice.fr\/cardie\/wp-json\/wp\/v2\/media?parent=637"}],"curies":[{"name":"wp","href":"https:\/\/api.w.org\/{rel}","templated":true}]}}