{"id":98,"date":"2018-12-22T18:55:33","date_gmt":"2018-12-22T17:55:33","guid":{"rendered":"https:\/\/www.pedagogie.ac-nice.fr\/cardie\/?page_id=98"},"modified":"2025-10-10T10:32:03","modified_gmt":"2025-10-10T08:32:03","slug":"deposer-un-dossier","status":"publish","type":"page","link":"https:\/\/www.pedagogie.ac-nice.fr\/cardie\/innover\/deposer-un-dossier\/","title":{"rendered":"D\u00e9poser un dossier"},"content":{"rendered":"<p><strong><span style=\"font-size: 14pt; color: #0000ff;\">Des \u00e9crits, pourquoi ?<\/span><\/strong><\/p>\n<p style=\"text-align: right;\"><span style=\"background-color: #ff6600; color: #ffffff; font-size: 18pt;\"><strong><span style=\"background-color: #ff6600;\"><a href=\"https:\/\/www.pedagogie.ac-nice.fr\/cardie\/wp-content\/uploads\/sites\/26\/2025\/10\/Dossier_CARDIE_actualise.docx\"><span style=\"color: #ffffff;\">Dossier CARDIE t\u00e9l\u00e9chargeable en .docx<\/span><\/a>&nbsp;<\/span><\/strong><\/span><\/p>\n<p style=\"text-align: right;\"><a href=\"https:\/\/www.pedagogie.ac-nice.fr\/cardie\/wp-content\/uploads\/sites\/26\/2025\/10\/Dossier_CARDIE_actualise.odt\"><span style=\"color: #ff6600;\"><strong><span style=\"font-size: 18pt;\">Dossier CARDIE t\u00e9l\u00e9chargeable en .odt<\/span><\/strong><\/span><\/a><\/p>\n<p>L\u2019exp\u00e9rience montre qu\u2019<strong>un \u00e9crit \u00e9toff\u00e9 est autant le moyen que le fruit d\u2019un processus d\u2019analyse et de r\u00e9flexion<\/strong> au sein des \u00e9quipes, entre \u00e9quipes et personnes ressources, entre \u00e9quipe et accompagnateurs.<br \/>\nIl peut s\u2019appuyer sur divers autres \u00e9crits, carnets de bord, comptes rendus, bilans\u2026 Le texte attendu est ainsi la r\u00e9sultante de d\u00e9cantations successives.<\/p>\n<p>Il est un moyen privil\u00e9gi\u00e9 de faire conna\u00eetre des pratiques in\u00e9dites, l\u2019originalit\u00e9 des d\u00e9marches, l\u2019inventivit\u00e9 des acteurs.<\/p>\n<p>Cet \u00e9crit a donc <strong>une double vocation<\/strong> : il constitue <strong>une aide \u00e0 la r\u00e9flexion en cours d\u2019action par la distance qu\u2019introduit l\u2019\u00e9criture dans la pratique,<\/strong> il est aussi <strong>un vecteur de communication<\/strong>. Ces deux fonctions semblent parfois d\u00e9licates \u00e0 concilier, ce qui peut constituer une difficult\u00e9 pour la r\u00e9daction. Vous pouvez vous tourner vers vos conseillers acad\u00e9miques pour une aide dans ce sens.<\/p>\n<p><strong><br \/>\nLes diff\u00e9rentes contributions des \u00e9quipes, une fois collect\u00e9es, deviennent une ressource pour d\u2019autres enseignants et plus largement pour l\u2019ensemble du syst\u00e8me<\/strong>. Chaque acad\u00e9mie choisit de les exploiter selon les formes qui lui conviennent.<strong><br \/>\n<\/strong><\/p>\n<ul>\n<li>Dans l&rsquo;Acad\u00e9mie de Nice, vos \u00e9crits seront publi\u00e9s sur le site du PASIE et feront l\u2019objet d\u2019une communication \u00e0 destination de Madame la rectrice. Vos actions pourront aussi \u00eatre valoris\u00e9es dans le cadre de nos publications, publi\u00e9es sur le site et diffus\u00e9e \u00e0 tous les acteurs de l&rsquo;\u00e9ducation de notre acad\u00e9mie.<\/li>\n<li>Au niveau national, les contributions des \u00e9quipes nourrissent des publications, des dossiers de presse, des dossiers web consultables. Ces travaux sont un fonds important pour l\u2019action, l\u2019animation, la formation ou la recherche, et, partant, pour l\u2019\u00e9volution du syst\u00e8me \u00e9ducatif.<br \/>\nC\u2019est dire l\u2019importance de vos \u00e9crits :&nbsp; ils&nbsp; vont permettre de communiquer et confronter les exp\u00e9riences, d\u2019alimenter d\u2019autres discours, de conserver la m\u00e9moire&nbsp; des actions entre autres dans des publications nationales du D\u00e9partement Recherche D\u00e9veloppement Innovation Exp\u00e9rimentation de la DGESCO, et dans la base Exp\u00e9rith\u00e8que qui regroupe et conserve les exp\u00e9riences innovantes des acad\u00e9mies.<\/li>\n<\/ul>\n<p>&nbsp;<\/p>\n<p style=\"text-align: center;\"><strong><span style=\"font-size: 14pt; color: #ffffff; background-color: #00ccff;\">Notre \u00e9quipe d&rsquo;accompagnateurs vous \u00e9paulera dans la r\u00e9daction de votre dossier.&nbsp;<\/span><\/strong><\/p>\n<p style=\"text-align: center;\">&nbsp;<\/p>\n","protected":false},"excerpt":{"rendered":"<p>Des \u00e9crits, pourquoi ? Dossier CARDIE t\u00e9l\u00e9chargeable en .docx&nbsp; Dossier CARDIE t\u00e9l\u00e9chargeable en .odt L\u2019exp\u00e9rience montre qu\u2019un \u00e9crit \u00e9toff\u00e9 est autant le moyen que le fruit d\u2019un processus d\u2019analyse et de r\u00e9flexion au sein des \u00e9quipes, entre \u00e9quipes et personnes ressources, entre \u00e9quipe et accompagnateurs. Il peut s\u2019appuyer sur divers autres \u00e9crits, carnets de bord, &hellip; <\/p>\n<p><a class=\"more-link btn\" href=\"https:\/\/www.pedagogie.ac-nice.fr\/cardie\/innover\/deposer-un-dossier\/\">Lire la suite<\/a><\/p>\n","protected":false},"author":178,"featured_media":0,"parent":37,"menu_order":2,"comment_status":"closed","ping_status":"closed","template":"","meta":{"ngg_post_thumbnail":0,"footnotes":""},"class_list":["post-98","page","type-page","status-publish","hentry","nodate","item-wrap"],"rttpg_featured_image_url":null,"rttpg_author":{"display_name":"cardie","author_link":"https:\/\/www.pedagogie.ac-nice.fr\/cardie\/author\/cardie\/"},"rttpg_comment":0,"rttpg_category":null,"rttpg_excerpt":"Des \u00e9crits, pourquoi ? Dossier CARDIE t\u00e9l\u00e9chargeable en .docx&nbsp; Dossier CARDIE t\u00e9l\u00e9chargeable en .odt L\u2019exp\u00e9rience montre qu\u2019un \u00e9crit \u00e9toff\u00e9 est autant le moyen que le fruit d\u2019un processus d\u2019analyse et de r\u00e9flexion au sein des \u00e9quipes, entre \u00e9quipes et personnes ressources, entre \u00e9quipe et accompagnateurs. Il peut s\u2019appuyer sur divers autres \u00e9crits, carnets de bord,\u2026","post_mailing_queue_ids":[],"_links":{"self":[{"href":"https:\/\/www.pedagogie.ac-nice.fr\/cardie\/wp-json\/wp\/v2\/pages\/98","targetHints":{"allow":["GET"]}}],"collection":[{"href":"https:\/\/www.pedagogie.ac-nice.fr\/cardie\/wp-json\/wp\/v2\/pages"}],"about":[{"href":"https:\/\/www.pedagogie.ac-nice.fr\/cardie\/wp-json\/wp\/v2\/types\/page"}],"author":[{"embeddable":true,"href":"https:\/\/www.pedagogie.ac-nice.fr\/cardie\/wp-json\/wp\/v2\/users\/178"}],"replies":[{"embeddable":true,"href":"https:\/\/www.pedagogie.ac-nice.fr\/cardie\/wp-json\/wp\/v2\/comments?post=98"}],"version-history":[{"count":31,"href":"https:\/\/www.pedagogie.ac-nice.fr\/cardie\/wp-json\/wp\/v2\/pages\/98\/revisions"}],"predecessor-version":[{"id":1941,"href":"https:\/\/www.pedagogie.ac-nice.fr\/cardie\/wp-json\/wp\/v2\/pages\/98\/revisions\/1941"}],"up":[{"embeddable":true,"href":"https:\/\/www.pedagogie.ac-nice.fr\/cardie\/wp-json\/wp\/v2\/pages\/37"}],"wp:attachment":[{"href":"https:\/\/www.pedagogie.ac-nice.fr\/cardie\/wp-json\/wp\/v2\/media?parent=98"}],"curies":[{"name":"wp","href":"https:\/\/api.w.org\/{rel}","templated":true}]}}