{"id":1553,"date":"2024-11-22T15:27:51","date_gmt":"2024-11-22T14:27:51","guid":{"rendered":"https:\/\/www.pedagogie.ac-nice.fr\/casnav\/?page_id=1553"},"modified":"2024-11-22T15:33:43","modified_gmt":"2024-11-22T14:33:43","slug":"accessibilite","status":"publish","type":"page","link":"https:\/\/www.pedagogie.ac-nice.fr\/casnav\/accessibilite\/","title":{"rendered":"Accessibilit\u00e9 du site : non-conforme"},"content":{"rendered":"<p><strong>\u00c9tat de conformit\u00e9<\/strong><\/p>\n<p>Le site internet du CASNAV de l\u2019acad\u00e9mie de Nice n\u2019est pas en conformit\u00e9 avec le r\u00e9f\u00e9rentiel g\u00e9n\u00e9ral d\u2019am\u00e9lioration de l\u2019accessibilit\u00e9, car il n\u2019existe aucun r\u00e9sultat d\u2019audit en cours de validit\u00e9 permettant de mesurer le respect des crit\u00e8res du RGAA.<br \/>\nPar cons\u00e9quent, aucune non conformit\u00e9 et aucune d\u00e9rogation ne sont \u00e9num\u00e9r\u00e9es ci-dessous.<\/p>\n<p><strong>R\u00e9sultats des tests<br \/>\n<\/strong>En l\u2019absence d\u2019audit de conformit\u00e9, il n\u2019y a pas de r\u00e9sultats de tests.<br \/>\nEn l\u2019absence d\u2019audit, tous les contenus seront consid\u00e9r\u00e9s comme non accessibles par hypoth\u00e8se.<\/p>\n<p><strong>Contenus non soumis \u00e0 l\u2019obligation d\u2019accessibilit\u00e9<br \/>\n<\/strong>En l\u2019absence d\u2019audit, aucun contenu n\u2019a \u00e9t\u00e9 identifi\u00e9 comme n\u2019entrant pas dans le champ de la l\u00e9gislation applicable.<\/p>\n<p><strong>\u00c9tablissement de cette d\u00e9claration d\u2019accessibilit\u00e9<br \/>\n<\/strong>Cette d\u00e9claration a \u00e9t\u00e9 \u00e9tablie le 22\/11\/2024.<\/p>\n<p><strong>Technologies utilis\u00e9es pour la r\u00e9alisation du site internet<br \/>\n<\/strong>WordPress version 6.6.2 \u2013 constructeur de pages DIVI \u2013 th\u00e8me Extra<\/p>\n<p><strong>Agents utilisateurs, technologies d\u2019assistance et outils utilis\u00e9s pour v\u00e9rifier l\u2019accessibilit\u00e9<br \/>\n<\/strong>En l\u2019absence d\u2019audit, les administrateurs ont proc\u00e9d\u00e9 \u00e0 quelques tests d\u2019accessibilit\u00e9 \u00e0 l\u2019aide des technologies suivantes : lecteur d\u2019\u00e9cran NVDA, navigation au clavier, Colour Contrast Analyzer. Les tests ont \u00e9t\u00e9 effectu\u00e9s sur ordinateur sur les navigateurs Firefox, Chrome et Edge ainsi que sur smartphone Android.<\/p>\n<p><strong>Pages du site ayant fait l\u2019objet de la v\u00e9rification de conformit\u00e9<\/strong><br \/>\nEn l\u2019absence d\u2019audit, aucune page n\u2019a fait l\u2019objet de la v\u00e9rification de conformit\u00e9 de la part d\u2019experts asserment\u00e9s.<\/p>\n<p><strong>Retours d\u2019informations et contacts<\/strong><br \/>\nSi vous n\u2019arrivez pas \u00e0 acc\u00e9der \u00e0 un contenu, vous pouvez <a href=\"https:\/\/www.pedagogie.ac-nice.fr\/casnav\/lequipe\/\" target=\"_blank\" rel=\"noopener\">contacter le CASNAV <\/a>pour obtenir le contenu sous une autre forme.<\/p>\n<p><em>Acad\u00e9mie de Nice \u2014 site internet du CASNAV<\/em><\/p>\n","protected":false},"excerpt":{"rendered":"<p>\u00c9tat de conformit\u00e9 Le site internet du CASNAV de l\u2019acad\u00e9mie de Nice n\u2019est pas en conformit\u00e9 avec le r\u00e9f\u00e9rentiel g\u00e9n\u00e9ral d\u2019am\u00e9lioration de l\u2019accessibilit\u00e9, car il n\u2019existe aucun r\u00e9sultat d\u2019audit en cours de validit\u00e9 permettant de mesurer le respect des crit\u00e8res du RGAA. Par cons\u00e9quent, aucune non conformit\u00e9 et aucune d\u00e9rogation ne sont \u00e9num\u00e9r\u00e9es ci-dessous. R\u00e9sultats [&hellip;]<\/p>\n","protected":false},"author":483,"featured_media":0,"parent":0,"menu_order":0,"comment_status":"closed","ping_status":"closed","template":"","meta":{"_et_pb_use_builder":"","_et_pb_old_content":"","_et_gb_content_width":"","footnotes":""},"class_list":["post-1553","page","type-page","status-publish","hentry"],"rttpg_featured_image_url":null,"rttpg_author":{"display_name":"Admin_CASNAV","author_link":"https:\/\/www.pedagogie.ac-nice.fr\/casnav\/author\/oceane\/"},"rttpg_comment":0,"rttpg_category":null,"rttpg_excerpt":"\u00c9tat de conformit\u00e9 Le site internet du CASNAV de l\u2019acad\u00e9mie de Nice n\u2019est pas en conformit\u00e9 avec le r\u00e9f\u00e9rentiel g\u00e9n\u00e9ral d\u2019am\u00e9lioration de l\u2019accessibilit\u00e9, car il n\u2019existe aucun r\u00e9sultat d\u2019audit en cours de validit\u00e9 permettant de mesurer le respect des crit\u00e8res du RGAA. Par cons\u00e9quent, aucune non conformit\u00e9 et aucune d\u00e9rogation ne sont \u00e9num\u00e9r\u00e9es ci-dessous. R\u00e9sultats\u2026","post_mailing_queue_ids":[],"_links":{"self":[{"href":"https:\/\/www.pedagogie.ac-nice.fr\/casnav\/wp-json\/wp\/v2\/pages\/1553","targetHints":{"allow":["GET"]}}],"collection":[{"href":"https:\/\/www.pedagogie.ac-nice.fr\/casnav\/wp-json\/wp\/v2\/pages"}],"about":[{"href":"https:\/\/www.pedagogie.ac-nice.fr\/casnav\/wp-json\/wp\/v2\/types\/page"}],"author":[{"embeddable":true,"href":"https:\/\/www.pedagogie.ac-nice.fr\/casnav\/wp-json\/wp\/v2\/users\/483"}],"replies":[{"embeddable":true,"href":"https:\/\/www.pedagogie.ac-nice.fr\/casnav\/wp-json\/wp\/v2\/comments?post=1553"}],"version-history":[{"count":4,"href":"https:\/\/www.pedagogie.ac-nice.fr\/casnav\/wp-json\/wp\/v2\/pages\/1553\/revisions"}],"predecessor-version":[{"id":1559,"href":"https:\/\/www.pedagogie.ac-nice.fr\/casnav\/wp-json\/wp\/v2\/pages\/1553\/revisions\/1559"}],"wp:attachment":[{"href":"https:\/\/www.pedagogie.ac-nice.fr\/casnav\/wp-json\/wp\/v2\/media?parent=1553"}],"curies":[{"name":"wp","href":"https:\/\/api.w.org\/{rel}","templated":true}]}}