{"id":1620,"date":"2025-09-13T23:55:08","date_gmt":"2025-09-13T21:55:08","guid":{"rendered":"https:\/\/www.pedagogie.ac-nice.fr\/cast\/?page_id=1620"},"modified":"2025-09-13T23:55:08","modified_gmt":"2025-09-13T21:55:08","slug":"bienvenue","status":"publish","type":"page","link":"https:\/\/www.pedagogie.ac-nice.fr\/cast\/bienvenue\/","title":{"rendered":"Bienvenue"},"content":{"rendered":"<p><span style=\"color: #008080;\"><strong><span style=\"font-size: 18pt;\">Bienvenue<\/span><\/strong><\/span><\/p>\n<p><span style=\"color: #000000;\">Bienvenue sur ce site acad\u00e9mique d\u00e9di\u00e9 aux actions dans le champ de la culture scientifique, technique et industrielle.<\/span><\/p>\n<p><span style=\"color: #000000;\">La culture scientifique, la promotion des sciences, les concours scientifiques permettent de faire rayonner nos disciplines \u00e0 l\u2019\u00e9chelle des classes, des \u00e9tablissements, des bassins, au niveau acad\u00e9mique et national. Les actions de promotion des sciences sont un des leviers pour susciter la curiosit\u00e9, la motivation et l\u2019app\u00e9tence pour les sciences et la technologie aupr\u00e8s de nos \u00e9l\u00e8ves et lutter contre tous les pr\u00e9jug\u00e9s. Elles permettent \u00e9galement de sensibiliser les \u00e9l\u00e8ves aux diff\u00e9rents m\u00e9tiers et cursus en sciences et en technologie.<\/span><\/p>\n<p><span style=\"color: #000000;\">Le Correspondant Acad\u00e9mique en Sciences et Technologies (CAST) est un acteur identifi\u00e9 du pilotage acad\u00e9mique et pour le Minist\u00e8re de l\u2019Education Nationale.<\/span><\/p>\n<p><span style=\"color: #000000;\">Correspondant aupr\u00e8s de l\u2019Acad\u00e9mie des Sciences et correspondant acad\u00e9mique du dispositif \u00ab Sciences \u00e0 l\u2019\u00e9cole \u00bb, le CAST a pour r\u00f4le de vous informer sur les dispositifs, les concours, les \u00e9v\u00e8nements li\u00e9s \u00e0 CSTI afin de faire b\u00e9n\u00e9ficier \u00e0 vos \u00e9l\u00e8ves de la palette la plus large possible d\u2019actions de CSTI.<\/span><\/p>\n<p><span style=\"color: #000000;\">Dans les informations publi\u00e9es et relay\u00e9es ici, certaines peuvent contribuer \u00e0 votre d\u00e9veloppement professionnel de professeur engag\u00e9 puisque certains dispositifs ou partenaires proposent des actions qui peuvent \u00eatre des actions de formation.<\/span><\/p>\n<p><span style=\"color: #000000;\">Pour l\u2019acad\u00e9mie de Nice le CAST est Yves Castel (yves.castel@ac-nice.fr), IA-IPR de physique-chimie.<\/span><\/p>\n<p><span style=\"color: #000000;\">Des informations de ce site seront \u00e9galement relay\u00e9es sur twitter : @CAST_AcNice<\/span><\/p>\n","protected":false},"excerpt":{"rendered":"<p>Bienvenue Bienvenue sur ce site acad\u00e9mique d\u00e9di\u00e9 aux actions dans le champ de la culture scientifique, technique et industrielle. La culture scientifique, la promotion des sciences, les concours scientifiques permettent de faire rayonner nos disciplines \u00e0 l\u2019\u00e9chelle des classes, des \u00e9tablissements, des bassins, au niveau acad\u00e9mique et national. Les actions de promotion des sciences sont [&hellip;]<\/p>\n","protected":false},"author":139,"featured_media":0,"parent":0,"menu_order":0,"comment_status":"closed","ping_status":"closed","template":"","meta":{"_et_pb_use_builder":"","_et_pb_old_content":"","_et_gb_content_width":"","ngg_post_thumbnail":0,"footnotes":""},"class_list":["post-1620","page","type-page","status-publish","hentry"],"rttpg_featured_image_url":null,"rttpg_author":{"display_name":"Yves Castel","author_link":"https:\/\/www.pedagogie.ac-nice.fr\/cast\/author\/castel\/"},"rttpg_comment":0,"rttpg_category":null,"rttpg_excerpt":"Bienvenue Bienvenue sur ce site acad\u00e9mique d\u00e9di\u00e9 aux actions dans le champ de la culture scientifique, technique et industrielle. La culture scientifique, la promotion des sciences, les concours scientifiques permettent de faire rayonner nos disciplines \u00e0 l\u2019\u00e9chelle des classes, des \u00e9tablissements, des bassins, au niveau acad\u00e9mique et national. Les actions de promotion des sciences sont\u2026","post_mailing_queue_ids":[],"_links":{"self":[{"href":"https:\/\/www.pedagogie.ac-nice.fr\/cast\/wp-json\/wp\/v2\/pages\/1620","targetHints":{"allow":["GET"]}}],"collection":[{"href":"https:\/\/www.pedagogie.ac-nice.fr\/cast\/wp-json\/wp\/v2\/pages"}],"about":[{"href":"https:\/\/www.pedagogie.ac-nice.fr\/cast\/wp-json\/wp\/v2\/types\/page"}],"author":[{"embeddable":true,"href":"https:\/\/www.pedagogie.ac-nice.fr\/cast\/wp-json\/wp\/v2\/users\/139"}],"replies":[{"embeddable":true,"href":"https:\/\/www.pedagogie.ac-nice.fr\/cast\/wp-json\/wp\/v2\/comments?post=1620"}],"version-history":[{"count":1,"href":"https:\/\/www.pedagogie.ac-nice.fr\/cast\/wp-json\/wp\/v2\/pages\/1620\/revisions"}],"predecessor-version":[{"id":1621,"href":"https:\/\/www.pedagogie.ac-nice.fr\/cast\/wp-json\/wp\/v2\/pages\/1620\/revisions\/1621"}],"wp:attachment":[{"href":"https:\/\/www.pedagogie.ac-nice.fr\/cast\/wp-json\/wp\/v2\/media?parent=1620"}],"curies":[{"name":"wp","href":"https:\/\/api.w.org\/{rel}","templated":true}]}}