{"id":333,"date":"2020-11-12T16:38:22","date_gmt":"2020-11-12T15:38:22","guid":{"rendered":"https:\/\/www.pedagogie.ac-nice.fr\/cast1\/?page_id=333"},"modified":"2020-11-12T16:38:22","modified_gmt":"2020-11-12T15:38:22","slug":"semaine-des-mathematiques","status":"publish","type":"page","link":"https:\/\/www.pedagogie.ac-nice.fr\/cast\/semaine-des-mathematiques\/","title":{"rendered":"Semaine des math\u00e9matiques"},"content":{"rendered":"<p>La semaine des math\u00e9matiques aura lieu du <span style=\"color: #800000;\">15\/03\/21 au 21\/03\/21<\/span>. Choisie mi-septembre, et donc avant l\u2019arr\u00eat officiel des dates du baccalaur\u00e9at, elle tombe pile pendant les \u00e9crits de terminale, malheureusement.<\/p>\n<p>Le th\u00e8me de cette \u00e9dition est \u00ab\u00a0Maths et soci\u00e9t\u00e9\u00a0\u00bb. Il est donc tr\u00e8s propice aux projets m\u00ealant math\u00e9matiques et sciences humaines, par exemple.<\/p>\n","protected":false},"excerpt":{"rendered":"<p>La semaine des math\u00e9matiques aura lieu du 15\/03\/21 au 21\/03\/21. Choisie mi-septembre, et donc avant l\u2019arr\u00eat officiel des dates du baccalaur\u00e9at, elle tombe pile pendant les \u00e9crits de terminale, malheureusement. Le th\u00e8me de cette \u00e9dition est \u00ab\u00a0Maths et soci\u00e9t\u00e9\u00a0\u00bb. Il est donc tr\u00e8s propice aux projets m\u00ealant math\u00e9matiques et sciences humaines, par exemple.<\/p>\n","protected":false},"author":261,"featured_media":0,"parent":0,"menu_order":0,"comment_status":"closed","ping_status":"closed","template":"","meta":{"_et_pb_use_builder":"","_et_pb_old_content":"","_et_gb_content_width":"","ngg_post_thumbnail":0,"footnotes":""},"class_list":["post-333","page","type-page","status-publish","hentry"],"rttpg_featured_image_url":null,"rttpg_author":{"display_name":"L'\u00e9quipe CAST","author_link":"https:\/\/www.pedagogie.ac-nice.fr\/cast\/author\/cast1\/"},"rttpg_comment":0,"rttpg_category":null,"rttpg_excerpt":"La semaine des math\u00e9matiques aura lieu du 15\/03\/21 au 21\/03\/21. Choisie mi-septembre, et donc avant l\u2019arr\u00eat officiel des dates du baccalaur\u00e9at, elle tombe pile pendant les \u00e9crits de terminale, malheureusement. Le th\u00e8me de cette \u00e9dition est \u00ab\u00a0Maths et soci\u00e9t\u00e9\u00a0\u00bb. Il est donc tr\u00e8s propice aux projets m\u00ealant math\u00e9matiques et sciences humaines, par exemple.","post_mailing_queue_ids":[],"_links":{"self":[{"href":"https:\/\/www.pedagogie.ac-nice.fr\/cast\/wp-json\/wp\/v2\/pages\/333","targetHints":{"allow":["GET"]}}],"collection":[{"href":"https:\/\/www.pedagogie.ac-nice.fr\/cast\/wp-json\/wp\/v2\/pages"}],"about":[{"href":"https:\/\/www.pedagogie.ac-nice.fr\/cast\/wp-json\/wp\/v2\/types\/page"}],"author":[{"embeddable":true,"href":"https:\/\/www.pedagogie.ac-nice.fr\/cast\/wp-json\/wp\/v2\/users\/261"}],"replies":[{"embeddable":true,"href":"https:\/\/www.pedagogie.ac-nice.fr\/cast\/wp-json\/wp\/v2\/comments?post=333"}],"version-history":[{"count":1,"href":"https:\/\/www.pedagogie.ac-nice.fr\/cast\/wp-json\/wp\/v2\/pages\/333\/revisions"}],"predecessor-version":[{"id":334,"href":"https:\/\/www.pedagogie.ac-nice.fr\/cast\/wp-json\/wp\/v2\/pages\/333\/revisions\/334"}],"wp:attachment":[{"href":"https:\/\/www.pedagogie.ac-nice.fr\/cast\/wp-json\/wp\/v2\/media?parent=333"}],"curies":[{"name":"wp","href":"https:\/\/api.w.org\/{rel}","templated":true}]}}