{"id":343,"date":"2020-11-12T17:00:23","date_gmt":"2020-11-12T16:00:23","guid":{"rendered":"https:\/\/www.pedagogie.ac-nice.fr\/cast1\/?page_id=343"},"modified":"2024-09-15T22:10:02","modified_gmt":"2024-09-15T20:10:02","slug":"les-projets-avec-le-cnes","status":"publish","type":"page","link":"https:\/\/www.pedagogie.ac-nice.fr\/cast\/les-projets-avec-le-cnes\/","title":{"rendered":"Les projets avec le CNES"},"content":{"rendered":"<p style=\"text-align: left;\"><img loading=\"lazy\" decoding=\"async\" class=\"alignleft size-thumbnail wp-image-353\" src=\"https:\/\/www.pedagogie.ac-nice.fr\/cast1\/wp-content\/uploads\/sites\/46\/2020\/11\/logo_cnes-150x150.jpg\" alt=\"\" width=\"150\" height=\"150\" srcset=\"https:\/\/www.pedagogie.ac-nice.fr\/cast\/wp-content\/uploads\/sites\/46\/2020\/11\/logo_cnes-150x150.jpg 150w, https:\/\/www.pedagogie.ac-nice.fr\/cast\/wp-content\/uploads\/sites\/46\/2020\/11\/logo_cnes-300x300.jpg 300w\" sizes=\"(max-width: 150px) 100vw, 150px\" \/><\/p>\n<h3 style=\"text-align: center;\"><span style=\"color: #008000; font-size: 18pt;\">Projets avec le CNES<\/span><\/h3>\n<p>Voici la liste des actions propos\u00e9es par le CNES pour cette ann\u00e9e scolaire 2024-2025.<\/p>\n<p>L&rsquo;ensemble de ces actions est disponible dans Adage au niveau national.<\/p>\n<p>&nbsp;<\/p>\n<p><strong><u>CALISPH&rsquo;AIR QUALITE DE L&rsquo;AIR &amp; POLLUTION LUMINEUSE <\/u><\/strong><\/p>\n<p>&nbsp;<\/p>\n<p>Calisph\u2019Air est un projet \u00e9ducatif permettant aux \u00e9l\u00e8ves de s&rsquo;int\u00e9resser \u00e0 la qualit\u00e9 de l\u2019air et \u00e0 la pollution lumineuse gr\u00e2ce \u00e0 des mesures locales et des donn\u00e9es satellites. Il permet de sensibiliser les jeunes \u00e0 la d\u00e9marche scientifique, aux enjeux de pollution et au changement climatique. Cette ann\u00e9e une collaboration avec le projet Polar Pod et son bateau scientifique Le Pers\u00e9v\u00e9rance qui embarque un Calitoo est propos\u00e9e aux classes participantes !<\/p>\n<p>&nbsp;<\/p>\n<p><strong>\u00c2ges \/ niveaux<\/strong> : CM2 \u00e0 la Terminale<\/p>\n<p>&nbsp;<\/p>\n<p><strong>Dates cl\u00e9s &#8211; dur\u00e9e<\/strong> :<\/p>\n<ul>\n<li>Inscriptions sur Adage d\u00e8s la rentr\u00e9e et toute l&rsquo;ann\u00e9e pour recevoir la lettre d&rsquo;information du projet.<\/li>\n<li>Projet de septembre 2024 \u00e0 mai 2025<\/li>\n<\/ul>\n<p>&nbsp;<\/p>\n<p><a href=\"https:\/\/imsva91-ctp.trendmicro.com:443\/wis\/clicktime\/v1\/query?url=https%3a%2f%2fcnes.fr%2feducation%2fcalisphair&amp;umid=26942F9C-21D3-6906-B8AD-2EB93D7560BD&amp;auth=b2e75a85dac1d6c2329f45d980d65bc87d967b19-c659d771115802d91cad75cdbc18c590ace62484\">https:\/\/cnes.fr\/education\/calisphair<\/a><\/p>\n<p>&nbsp;<\/p>\n<p><strong><u>ARGONAUTICA<\/u><\/strong><\/p>\n<p>&nbsp;<\/p>\n<p>Argonautica est un projet \u00e9ducatif utilisant des donn\u00e9es satellites de localisation Argos, oc\u00e9anographiques et hydrologiques. Il permet d\u2019\u00e9tudier les oc\u00e9ans et les animaux marins, le cycle de l\u2019eau, l\u2019environnement et le climat gr\u00e2ce \u00e0 des donn\u00e9es in situ et des donn\u00e9es satellites, en partenariat avec des scientifiques et des professionnels de la mer.<\/p>\n<p>&nbsp;<\/p>\n<p>Cette ann\u00e9e, suivez la course du Vend\u00e9e Globe gr\u00e2ce aux ressources en ligne et \u00e0 l&rsquo;accompagnement propos\u00e9 pendant l&rsquo;ann\u00e9e scolaire :&nbsp; <a href=\"https:\/\/imsva91-ctp.trendmicro.com:443\/wis\/clicktime\/v1\/query?url=https%3a%2f%2fcnes.fr%2feducation%2fargonautica%2fvendee%2dglobe%2dprojet%2dpedagogique&amp;umid=26942F9C-21D3-6906-B8AD-2EB93D7560BD&amp;auth=b2e75a85dac1d6c2329f45d980d65bc87d967b19-0d7c1cb359efce86c874496768c3b1b42c1ef9d1\">https:\/\/cnes.fr\/education\/argonautica\/vendee-globe-projet-pedagogique<\/a><\/p>\n<p>&nbsp;<\/p>\n<p><strong>\u00c2ges \/ niveaux<\/strong> : CM2 \u00e0 la Terminale<\/p>\n<p>&nbsp;<\/p>\n<p><strong>Dates cl\u00e9s &#8211; dur\u00e9e<\/strong> :<\/p>\n<ul>\n<li>Inscriptions sur Adage d\u00e8s la rentr\u00e9e scolaire et toute l&rsquo;ann\u00e9e pour recevoir la lettre d&rsquo;information du projet.<\/li>\n<li>Projet de septembre 2024 \u00e0 mai 2025<\/li>\n<\/ul>\n<p>&nbsp;<\/p>\n<p><a href=\"https:\/\/imsva91-ctp.trendmicro.com:443\/wis\/clicktime\/v1\/query?url=https%3a%2f%2fcnes.fr%2feducation%2fargonautica&amp;umid=26942F9C-21D3-6906-B8AD-2EB93D7560BD&amp;auth=b2e75a85dac1d6c2329f45d980d65bc87d967b19-25b25101f20c84f8e3c306b535100f43a9eec2e3\">https:\/\/cnes.fr\/education\/argonautica<\/a><\/p>\n<p>&nbsp;<\/p>\n<p><strong><u>CLIMATE DETECTIVES<\/u><\/strong><\/p>\n<p>&nbsp;<\/p>\n<p>\u00cates-vous curieux de mieux conna\u00eetre notre plan\u00e8te bleue et ce que nous pouvons faire pour la prot\u00e9ger ?<\/p>\n<p>Rejoignez Climate Detectives, explorez votre environnement local et faites la diff\u00e9rence en exploitant les r\u00e9sultats de votre enqu\u00eate. Parmi les \u00e9quipes fran\u00e7aises inscrites, ESERO France s\u00e9lectionnera une \u00e9quipe pour un&nbsp;prix \u00ab&nbsp;Coup de c\u0153ur&nbsp;\u00bb&nbsp;qui sera alors invit\u00e9e par l\u2019ESA \u00e0 un&nbsp;\u00e9v\u00e9nement d\u2019apprentissage et de c\u00e9l\u00e9bration&nbsp;les 12 et 13 mai 2025&nbsp;dans les locaux de ESA\/ESRIN en Italie \u00e0 Frascati&nbsp;pr\u00e8s de Rome.<\/p>\n<p>Climate Detectives est un projet de l\u2019ESA coordonn\u00e9 en France par le CNES via son bureau ESERO France.<\/p>\n<p>&nbsp;<\/p>\n<p><strong>Age \/ Niveaux <\/strong>: tous niveaux&nbsp;(\u00e9cole, coll\u00e8ge, lyc\u00e9e)<\/p>\n<p>&nbsp;<\/p>\n<p><strong>Dates cl\u00e9s &#8211; dur\u00e9e :<\/strong><\/p>\n<ul>\n<li>Inscription \u00e0 partir du 9 septembre 2024 &#8211;&nbsp;<\/li>\n<li>D\u00e9roulement du projet de septembre 2024 \u00e0 avril 2025<\/li>\n<li><strong>10 octobre 2024 (optionnel): <\/strong>conf\u00e9rence&nbsp;accessible \u00e0 tous les niveaux portant sur&nbsp;<strong>l\u2019observation de la Terre depuis l\u2019espace.<\/strong><\/li>\n<li><strong>27 novembre 2024 et 11 d\u00e9cembre 2024 (optionnel)&nbsp; : <\/strong>deux demis journ\u00e9es de formations en ligne pour les enseignants&nbsp;pour faire d\u00e9couvrir des&nbsp;outils d\u00e9velopp\u00e9s par le CNES et\/ou l\u2019ESA, donnant acc\u00e8s \u00e0 de nombreuses donn\u00e9es d\u2019observation satellite de la Terre.<\/li>\n<li><strong>Pour la f\u00eate de la science 2024&nbsp; : <\/strong>D\u00e9fis \u00ab\u00a0Oc\u00e9an de savoirs\u00a0\u00bb pour mener vos enqu\u00eates sur le climat de notre plan\u00e8te Terre. Des ateliers seront aussi propos\u00e9s en continu le dimanche 7 octobre 2024 au mus\u00e9e de l&rsquo;air et de l&rsquo;espace \u00e0 Paris.<\/li>\n<\/ul>\n<p>&nbsp;<\/p>\n<p><a href=\"https:\/\/imsva91-ctp.trendmicro.com:443\/wis\/clicktime\/v1\/query?url=https%3a%2f%2fesero.fr%2fprojets%2fclimate%2ddetectives%2f&amp;umid=26942F9C-21D3-6906-B8AD-2EB93D7560BD&amp;auth=b2e75a85dac1d6c2329f45d980d65bc87d967b19-8fc094cef3be80e4631626a79e6a6bc2041c1f17\">https:\/\/esero.fr\/projets\/climate-detectives\/<\/a><\/p>\n<p>&nbsp;<\/p>\n<p><strong><u>MOON CAMP<\/u><\/strong><\/p>\n<p>&nbsp;<\/p>\n<p>Accepte le d\u00e9fi, imagine comment vivre et travailler dans l\u2019espace et con\u00e7oit ta propre base extra-terrestre pour accueillir les futurs astronautes ! Moon Camp est issu d\u2019une collaboration entre l\u2019ESA et la fondation Airbus, en partenariat avec Autodesk. Il est coordonn\u00e9 en France par le CNES via son bureau ESERO France.<\/p>\n<p>&nbsp;<\/p>\n<p><strong>Age \/ niveaux :<\/strong> tous niveaux&nbsp;(\u00e9cole, coll\u00e8ge, lyc\u00e9e)<\/p>\n<p>&nbsp;<\/p>\n<p><strong>Dates cl\u00e9s &#8211; dur\u00e9e :<\/strong><\/p>\n<ul>\n<li>Inscription : 10 septembre 2024<\/li>\n<li>Projet de septembre 2024&nbsp; \u00e0 avril 2025<\/li>\n<li><strong>14 novembre 2024 et 6 f\u00e9vrier 2025 <\/strong><strong>(optionnel) :<\/strong> conf\u00e9rences&nbsp;accessibles \u00e0 tous les niveaux portant sur&nbsp;l\u2019exploration spatiale<\/li>\n<li><strong>8 et 15 janvier 2025 <\/strong><strong>(optionnel) : <\/strong>deux demi-journ\u00e9es de&nbsp;formation en ligne pour les enseignants&nbsp;seront aussi propos\u00e9es&nbsp;pour d\u00e9couvrir des outils pouvant \u00eatre utilis\u00e9s par les \u00e9l\u00e8ves afin de r\u00e9aliser leurs bases spatiales.<\/li>\n<\/ul>\n<p>&nbsp;<\/p>\n<p><a href=\"https:\/\/imsva91-ctp.trendmicro.com:443\/wis\/clicktime\/v1\/query?url=https%3a%2f%2fesero.fr%2fprojets%2fmoon%2dcamp%2f&amp;umid=26942F9C-21D3-6906-B8AD-2EB93D7560BD&amp;auth=b2e75a85dac1d6c2329f45d980d65bc87d967b19-22f19b029acb0b7b50c29816d1839c8d0000858b\">https:\/\/esero.fr\/projets\/moon-camp\/<\/a><\/p>\n<p>&nbsp;<\/p>\n<p><strong><u>MISSION X : ENTRAINE-TOI COMME UN ASTRONAUTE ! <\/u><\/strong><\/p>\n<p>&nbsp;<\/p>\n<p>Avec Mission X, tu vas apprendre comment rester en forme et en bonne sant\u00e9 sur Terre et dans l\u2019espace.<\/p>\n<p>Tu devras accomplir une s\u00e9rie d\u2019exercices physiques et d\u2019exp\u00e9riences scientifiques con\u00e7us par des scientifiques et par les coachs des astronautes. Gagne ainsi des points permettant aux mascottes Luna et L\u00e9o de marcher jusqu\u2019\u00e0 la Lune !Mission X est issu d\u2019une collaboration entre l\u2019ESA et l\u2019agence spatiale britannique, relay\u00e9 en France par le CNES dans le cadre du bureau ESERO France. Pour en savoir plus, c\u2019est&nbsp;<a href=\"https:\/\/imsva91-ctp.trendmicro.com:443\/wis\/clicktime\/v1\/query?url=https%3a%2f%2fesero.fr%2fprojets%2fmission%2dx%2f&amp;umid=26942F9C-21D3-6906-B8AD-2EB93D7560BD&amp;auth=b2e75a85dac1d6c2329f45d980d65bc87d967b19-8db6c9d1f4eed762f3eae4edd75b576fce1045b2\">ici <\/a>!<\/p>\n<p>&nbsp;<\/p>\n<p><strong>Age \/ niveaux : <\/strong>&nbsp;\u00e9cole, coll\u00e8ge<\/p>\n<p>&nbsp;<\/p>\n<p><strong>Dates cl\u00e9s &#8211; dur\u00e9e :<\/strong><\/p>\n<ul>\n<li>Inscription&nbsp; : \u00e0 partir du 11 septembre 2024<\/li>\n<li>Projet de septembre 2024 \u00e0 mai 2025<\/li>\n<li>Septembre 2024 : Sp\u00e9cial d\u00e9fis \u00ab\u00a0Entra\u00eene-toi comme un parastronaute!\u00a0\u00bb : A l\u2019occasion de la nomination du parastronaute John McFall de l\u2019ESA et de la tenue des Jeux Paralympiques Paris 2024, plusieurs d\u00e9fis vous sont propos\u00e9s pour vous entra\u00eener comme des parastronautes.<\/li>\n<\/ul>\n<p>&nbsp;<\/p>\n<p><a href=\"https:\/\/imsva91-ctp.trendmicro.com:443\/wis\/clicktime\/v1\/query?url=https%3a%2f%2fesero.fr%2fprojets%2fmission%2dx%2f&amp;umid=26942F9C-21D3-6906-B8AD-2EB93D7560BD&amp;auth=b2e75a85dac1d6c2329f45d980d65bc87d967b19-8db6c9d1f4eed762f3eae4edd75b576fce1045b2\">https:\/\/esero.fr\/projets\/mission-x\/<\/a><\/p>\n<p>&nbsp;<\/p>\n<p><strong><u>ASTRO PI<\/u><\/strong><\/p>\n<p>&nbsp;<\/p>\n<p>Apprends \u00e0 coder tout en explorant l\u2019espace ! Conduis une recherche scientifique \u00e0 l\u2019aide d\u2019un programme informatique qui se d\u00e9roulera sur un ordinateur Raspberry Pi situ\u00e9 \u00e0 bord la station spatiale internationale. Deux types de missions sont possibles pour les d\u00e9butants ou pour les confirm\u00e9s : Mission Zero ou Mission Space Lab. Astro Pi est issu d\u2019une collaboration avec la fondation Raspberry Pi.<\/p>\n<p>&nbsp;<\/p>\n<p><strong>Age \/ niveaux : <\/strong>&nbsp;\u00e9cole, coll\u00e8ge, lyc\u00e9e<\/p>\n<p>&nbsp;<\/p>\n<p><strong>Dates cl\u00e9s &#8211; dur\u00e9e :<\/strong><\/p>\n<ul>\n<li>Inscription&nbsp; : \u00e0 partir du 16 septembre 2024<\/li>\n<li>Projet de septembre 2024 \u00e0 mai 2025<\/li>\n<\/ul>\n<p>&nbsp;<\/p>\n<p><a href=\"https:\/\/imsva91-ctp.trendmicro.com:443\/wis\/clicktime\/v1\/query?url=https%3a%2f%2fesero.fr%2fprojets%2fastro%2dpi%2f&amp;umid=26942F9C-21D3-6906-B8AD-2EB93D7560BD&amp;auth=b2e75a85dac1d6c2329f45d980d65bc87d967b19-c2da39e905de2f37c36390a85a944f9983075281\">https:\/\/esero.fr\/projets\/astro-pi\/<\/a><\/p>\n<p>&nbsp;<\/p>\n<p><strong><u>CANSAT Lyc\u00e9e<\/u><\/strong><\/p>\n<p>&nbsp;<\/p>\n<p>Imagine, construis, teste et largue ton propre satellite de la taille d\u2019une canette de soda ! D\u00e9veloppe tes comp\u00e9tences en technologie et en programmation en relevant ce d\u00e9fi. Ton \u00e9quipe doit planifier une mission scientifique \u00e0 effectuer par votre CanSat lors du largage et de la descente vers la Terre.&nbsp; L&rsquo;\u00e9quipe gagnante de la comp\u00e9tition nationale sera automatiquement s\u00e9lectionn\u00e9e pour un \u00e9v\u00e9nement \u00ab&nbsp;Space engineer for a day&nbsp;\u00bb avec l\u2019ESA sur son site de l&rsquo;ESTEC les 17 et 18 juin 2025 \u00e0 Noordwijck aux Pays-Bas!<\/p>\n<p>&nbsp;<\/p>\n<p><strong>Age \/ niveaux : <\/strong>cycle 4, lyc\u00e9e.<\/p>\n<p>&nbsp;<\/p>\n<p><strong>Dates cl\u00e9s &#8211; dur\u00e9e :<\/strong><\/p>\n<ul>\n<li>Inscription&nbsp; : \u00e0 partir du 16 septembre 2024<\/li>\n<li>Projet de septembre 2024 \u00e0 mai 2024<\/li>\n<\/ul>\n<p>&nbsp;<\/p>\n<p><a href=\"https:\/\/imsva91-ctp.trendmicro.com:443\/wis\/clicktime\/v1\/query?url=https%3a%2f%2fesero.fr%2fprojets%2fcansat%2f&amp;umid=26942F9C-21D3-6906-B8AD-2EB93D7560BD&amp;auth=b2e75a85dac1d6c2329f45d980d65bc87d967b19-bb22b044767ffa48f086ded3f6192bc0095b61cb\">https:\/\/esero.fr\/projets\/cansat\/<\/a><\/p>\n<p>&nbsp;<\/p>\n<p><strong><u>PROXIMARS <\/u><\/strong><\/p>\n<p>&nbsp;<\/p>\n<p>\u00cates-vous curieux de mieux conna\u00eetre les possibilit\u00e9s de vie humaine sur la plan\u00e8te Mars ? Etudiez les divers th\u00e9matiques&nbsp;: Scientifique, Technique et Humaine (Biologique, sociale, psychologique, \u00e9thique).&nbsp; Rejoignez le projet Proximars qui permet aux \u00e9l\u00e8ves de toute la France de construire des bases vie en 3D, de fabriquer des rovers transport\u00e9s par drones, de concevoir des serres hydroponiques, d&rsquo;imaginer une comp\u00e9tition d&rsquo;athl\u00e9tisme avec les conditions Martiennes. Les \u00e9l\u00e8ves et les enseignants sont accompagn\u00e9s par des experts du CNES et des scientifiques.<\/p>\n<p>&nbsp;<\/p>\n<p><strong>Age \/ niveaux : <\/strong>&nbsp;du CE1 \u00e0 la terminale<\/p>\n<p>&nbsp;<\/p>\n<p><strong>Dates cl\u00e9s &#8211; dur\u00e9e :<\/strong><\/p>\n<ul>\n<li>Inscription&nbsp; :&nbsp; \u00e0 partir de septembre 2024<\/li>\n<li>Projet de septembre 2024 \u00e0 mai 2025<\/li>\n<\/ul>\n<p>&nbsp;<\/p>\n<p><a href=\"https:\/\/imsva91-ctp.trendmicro.com:443\/wis\/clicktime\/v1\/query?url=https%3a%2f%2fcnes.fr%2feducation%2fproximars&amp;umid=26942F9C-21D3-6906-B8AD-2EB93D7560BD&amp;auth=b2e75a85dac1d6c2329f45d980d65bc87d967b19-03593f27f13dc95849e1695d7979ea57e01cd9e9\">https:\/\/cnes.fr\/education\/proximars<\/a><\/p>\n<p>&nbsp;<\/p>\n<p><strong><u>AI-4U<\/u><\/strong><\/p>\n<p>&nbsp;<\/p>\n<p>Comment fonctionne l&rsquo;IA? Que peut-on apprendre \u00e0 un robot? Venez trouver des r\u00e9ponses en aidant AI-4U pour lui permettre de devenir le compagnon des astronautes dans leurs explorations spatiales. Il peut \u00eatre \u00e0 la fois une bo\u00eete \u00e0 outil intelligente, ou l&rsquo;incarnation domotique d&rsquo;un vaisseau spatial ou d&rsquo;une base extra-terrestre.<\/p>\n<p>&nbsp;<\/p>\n<p><strong>Age \/ niveaux :&nbsp; <\/strong>cycle 4, lyc\u00e9e<\/p>\n<p>&nbsp;<\/p>\n<p><strong>Dates cl\u00e9s &#8211; dur\u00e9e :<\/strong><\/p>\n<ul>\n<li>Inscription&nbsp; : \u00e0 partir de septembre 2024<\/li>\n<li>Projet de septembre 2024 \u00e0 mai 2025<\/li>\n<\/ul>\n<p>&nbsp;<\/p>\n<p><a href=\"https:\/\/imsva91-ctp.trendmicro.com:443\/wis\/clicktime\/v1\/query?url=https%3a%2f%2fcnes.fr%2feducation%2fai%2d4u&amp;umid=26942F9C-21D3-6906-B8AD-2EB93D7560BD&amp;auth=b2e75a85dac1d6c2329f45d980d65bc87d967b19-fbf2fca765052a1e106ee805233a1d539b7e2d0d\">https:\/\/cnes.fr\/education\/ai-4u<\/a><\/p>\n","protected":false},"excerpt":{"rendered":"<p>Projets avec le CNES Voici la liste des actions propos\u00e9es par le CNES pour cette ann\u00e9e scolaire 2024-2025. L&rsquo;ensemble de ces actions est disponible dans Adage au niveau national. &nbsp; CALISPH&rsquo;AIR QUALITE DE L&rsquo;AIR &amp; POLLUTION LUMINEUSE &nbsp; Calisph\u2019Air est un projet \u00e9ducatif permettant aux \u00e9l\u00e8ves de s&rsquo;int\u00e9resser \u00e0 la qualit\u00e9 de l\u2019air et \u00e0 [&hellip;]<\/p>\n","protected":false},"author":261,"featured_media":0,"parent":0,"menu_order":0,"comment_status":"closed","ping_status":"closed","template":"","meta":{"_et_pb_use_builder":"","_et_pb_old_content":"","_et_gb_content_width":"","ngg_post_thumbnail":0,"footnotes":""},"class_list":["post-343","page","type-page","status-publish","hentry"],"rttpg_featured_image_url":null,"rttpg_author":{"display_name":"L'\u00e9quipe CAST","author_link":"https:\/\/www.pedagogie.ac-nice.fr\/cast\/author\/cast1\/"},"rttpg_comment":0,"rttpg_category":null,"rttpg_excerpt":"Projets avec le CNES Voici la liste des actions propos\u00e9es par le CNES pour cette ann\u00e9e scolaire 2024-2025. L&rsquo;ensemble de ces actions est disponible dans Adage au niveau national. &nbsp; CALISPH&rsquo;AIR QUALITE DE L&rsquo;AIR &amp; POLLUTION LUMINEUSE &nbsp; Calisph\u2019Air est un projet \u00e9ducatif permettant aux \u00e9l\u00e8ves de s&rsquo;int\u00e9resser \u00e0 la qualit\u00e9 de l\u2019air et \u00e0\u2026","post_mailing_queue_ids":[],"_links":{"self":[{"href":"https:\/\/www.pedagogie.ac-nice.fr\/cast\/wp-json\/wp\/v2\/pages\/343","targetHints":{"allow":["GET"]}}],"collection":[{"href":"https:\/\/www.pedagogie.ac-nice.fr\/cast\/wp-json\/wp\/v2\/pages"}],"about":[{"href":"https:\/\/www.pedagogie.ac-nice.fr\/cast\/wp-json\/wp\/v2\/types\/page"}],"author":[{"embeddable":true,"href":"https:\/\/www.pedagogie.ac-nice.fr\/cast\/wp-json\/wp\/v2\/users\/261"}],"replies":[{"embeddable":true,"href":"https:\/\/www.pedagogie.ac-nice.fr\/cast\/wp-json\/wp\/v2\/comments?post=343"}],"version-history":[{"count":10,"href":"https:\/\/www.pedagogie.ac-nice.fr\/cast\/wp-json\/wp\/v2\/pages\/343\/revisions"}],"predecessor-version":[{"id":1501,"href":"https:\/\/www.pedagogie.ac-nice.fr\/cast\/wp-json\/wp\/v2\/pages\/343\/revisions\/1501"}],"wp:attachment":[{"href":"https:\/\/www.pedagogie.ac-nice.fr\/cast\/wp-json\/wp\/v2\/media?parent=343"}],"curies":[{"name":"wp","href":"https:\/\/api.w.org\/{rel}","templated":true}]}}