{"id":39,"date":"2020-10-15T16:59:43","date_gmt":"2020-10-15T14:59:43","guid":{"rendered":"https:\/\/www.pedagogie.ac-nice.fr\/cast1\/?page_id=39"},"modified":"2025-09-14T19:20:15","modified_gmt":"2025-09-14T17:20:15","slug":"test-reussi","status":"publish","type":"page","link":"https:\/\/www.pedagogie.ac-nice.fr\/cast\/","title":{"rendered":"Bienvenue"},"content":{"rendered":"<p>[et_pb_section fb_built=\u00a0\u00bb1&Prime; admin_label=\u00a0\u00bbsection\u00a0\u00bb _builder_version=\u00a0\u00bb4.16&Prime; custom_margin=\u00a0\u00bb||||false|false\u00a0\u00bb global_colors_info=\u00a0\u00bb{}\u00a0\u00bb][et_pb_row column_structure=\u00a0\u00bb3_4,1_4&Prime; _builder_version=\u00a0\u00bb4.16&Prime; _module_preset=\u00a0\u00bbdefault\u00a0\u00bb width=\u00a0\u00bb95%\u00a0\u00bb max_width=\u00a0\u00bb2560px\u00a0\u00bb custom_margin=\u00a0\u00bb-60px||||false|false\u00a0\u00bb global_colors_info=\u00a0\u00bb{}\u00a0\u00bb][et_pb_column type=\u00a0\u00bb3_4&Prime; _builder_version=\u00a0\u00bb4.16&Prime; _module_preset=\u00a0\u00bbdefault\u00a0\u00bb global_colors_info=\u00a0\u00bb{}\u00a0\u00bb][et_pb_text _builder_version=\u00a0\u00bb4.27.0&Prime; _module_preset=\u00a0\u00bbdefault\u00a0\u00bb custom_margin=\u00a0\u00bb-80px||||false|false\u00a0\u00bb global_colors_info=\u00a0\u00bb{}\u00a0\u00bb]<\/p>\n<p><span style=\"color: #008080;\"><strong><span style=\"font-size: 18pt;\">Actualit\u00e9s<\/span><\/strong><\/span><\/p>\n<p>[\/et_pb_text][et_pb_post_slider include_categories=\u00a0\u00bb17&Prime; show_meta=\u00a0\u00bboff\u00a0\u00bb image_placement=\u00a0\u00bbleft\u00a0\u00bb admin_label=\u00a0\u00bbCurseur de d\u00e9filement des posts\u00a0\u00bb _builder_version=\u00a0\u00bb4.27.4&Prime; _module_preset=\u00a0\u00bbdefault\u00a0\u00bb header_level=\u00a0\u00bbh4&Prime; header_font_size=\u00a0\u00bb12px\u00a0\u00bb body_line_height=\u00a0\u00bb1em\u00a0\u00bb background_color=\u00a0\u00bb#12876F\u00a0\u00bb text_orientation=\u00a0\u00bbleft\u00a0\u00bb module_alignment=\u00a0\u00bbleft\u00a0\u00bb content_width=\u00a0\u00bb100%\u00a0\u00bb height=\u00a0\u00bb500px\u00a0\u00bb custom_padding=\u00a0\u00bb0px||0px||false|false\u00a0\u00bb global_colors_info=\u00a0\u00bb{}\u00a0\u00bb][\/et_pb_post_slider][et_pb_heading title=\u00a0\u00bbArticles r\u00e9cents\u00a0\u00bb _builder_version=\u00a0\u00bb4.27.4&Prime; _module_preset=\u00a0\u00bbdefault\u00a0\u00bb global_colors_info=\u00a0\u00bb{}\u00a0\u00bb][\/et_pb_heading][\/et_pb_column][et_pb_column type=\u00a0\u00bb1_4&Prime; _builder_version=\u00a0\u00bb4.16&Prime; _module_preset=\u00a0\u00bbdefault\u00a0\u00bb global_colors_info=\u00a0\u00bb{}\u00a0\u00bb][et_pb_code _builder_version=\u00a0\u00bb4.27.4&Prime; _module_preset=\u00a0\u00bbdefault\u00a0\u00bb height=\u00a0\u00bb183px\u00a0\u00bb custom_margin=\u00a0\u00bb-50px||||false|false\u00a0\u00bb global_colors_info=\u00a0\u00bb{}\u00a0\u00bb]<\/p>\n<blockquote class=\"twitter-tweet\"><pee lang=\"fr\" dir=\"ltr\">\ud83d\udc4fLaur\u00e9at du <a href=\"https:\/\/twitter.com\/hashtag\/ConcoursCG%C3%A9nial?src=hash&#038;ref_src=twsrc%5Etfw\">#ConcoursCG\u00e9nial<\/a> 2024, \u00ab\u00a0Super Franklin\u00a0\u00bb, le projet du coll\u00e8ge de l&#39;Est\u00e9rel de Saint-Rapha\u00ebl <a href=\"https:\/\/twitter.com\/AcademieNice?ref_src=twsrc%5Etfw\">@AcademieNice<\/a> \u00e0 l&#39;honneur dans Science &#038; Vie JUNIOR <a href=\"https:\/\/twitter.com\/LeLaboSVJ?ref_src=twsrc%5Etfw\">@LeLaboSVJ<\/a> <a href=\"https:\/\/twitter.com\/ReworldMedia?ref_src=twsrc%5Etfw\">@ReworldMedia<\/a>\u2935\ufe0f<a href=\"https:\/\/t.co\/dKGRqOCuYW\">https:\/\/t.co\/dKGRqOCuYW<\/a><a href=\"https:\/\/twitter.com\/education_gouv?ref_src=twsrc%5Etfw\">@education_gouv<\/a> <a href=\"https:\/\/twitter.com\/Fond_CGenial?ref_src=twsrc%5Etfw\">@Fond_CGenial<\/a> <a href=\"https:\/\/twitter.com\/Obs_Paris?ref_src=twsrc%5Etfw\">@Obs_Paris<\/a> <a href=\"https:\/\/twitter.com\/CercleFSER?ref_src=twsrc%5Etfw\">@CercleFSER<\/a> <a href=\"https:\/\/twitter.com\/MAIF?ref_src=twsrc%5Etfw\">@MAIF<\/a> <a href=\"https:\/\/twitter.com\/Casden_BP?ref_src=twsrc%5Etfw\">@Casden_BP<\/a> <a href=\"https:\/\/t.co\/mdni4BuoyR\">pic.twitter.com\/mdni4BuoyR<\/a><\/pee>\u2014 Sciences \u00e0 l&#39;\u00c9cole (@Sciences_Ecole) <a href=\"https:\/\/twitter.com\/Sciences_Ecole\/status\/1834245755264983324?ref_src=twsrc%5Etfw\">September 12, 2024<\/a><\/p><\/blockquote>\n<p> <script async src=\"https:\/\/platform.twitter.com\/widgets.js\" charset=\"utf-8\"><\/script>[\/et_pb_code][\/et_pb_column][\/et_pb_row][et_pb_row _builder_version=\u00a0\u00bb4.16&Prime; _module_preset=\u00a0\u00bbdefault\u00a0\u00bb global_colors_info=\u00a0\u00bb{}\u00a0\u00bb][et_pb_column type=\u00a0\u00bb4_4&Prime; _builder_version=\u00a0\u00bb4.16&Prime; _module_preset=\u00a0\u00bbdefault\u00a0\u00bb global_colors_info=\u00a0\u00bb{}\u00a0\u00bb][et_pb_blog posts_number=\u00a0\u00bb1&Prime; include_categories=\u00a0\u00bb18&Prime; show_thumbnail=\u00a0\u00bboff\u00a0\u00bb show_content=\u00a0\u00bbon\u00a0\u00bb show_author=\u00a0\u00bboff\u00a0\u00bb show_date=\u00a0\u00bboff\u00a0\u00bb show_categories=\u00a0\u00bboff\u00a0\u00bb show_pagination=\u00a0\u00bboff\u00a0\u00bb _builder_version=\u00a0\u00bb4.27.4&Prime; _module_preset=\u00a0\u00bbdefault\u00a0\u00bb global_colors_info=\u00a0\u00bb{}\u00a0\u00bb][\/et_pb_blog][et_pb_blog include_categories=\u00a0\u00bb18&Prime; use_manual_excerpt=\u00a0\u00bboff\u00a0\u00bb _builder_version=\u00a0\u00bb4.27.4&Prime; _module_preset=\u00a0\u00bbdefault\u00a0\u00bb hover_enabled=\u00a0\u00bb0&Prime; global_colors_info=\u00a0\u00bb{}\u00a0\u00bb show_more=\u00a0\u00bbon\u00a0\u00bb show_author=\u00a0\u00bboff\u00a0\u00bb show_date=\u00a0\u00bboff\u00a0\u00bb show_categories=\u00a0\u00bboff\u00a0\u00bb show_pagination=\u00a0\u00bboff\u00a0\u00bb fullwidth=\u00a0\u00bboff\u00a0\u00bb sticky_enabled=\u00a0\u00bb0&Prime;][\/et_pb_blog][\/et_pb_column][\/et_pb_row][\/et_pb_section]<\/p>\n","protected":false},"excerpt":{"rendered":"<p>Actualit\u00e9s<\/p>\n","protected":false},"author":261,"featured_media":0,"parent":0,"menu_order":1,"comment_status":"closed","ping_status":"closed","template":"","meta":{"_et_pb_use_builder":"on","_et_pb_old_content":"Bienvenue sur ce site acad\u00e9mique d\u00e9di\u00e9 aux actions dans le champ de la culture scientifique, technique et industrielle.\r\n\r\nLa culture scientifique, la promotion des sciences, les concours scientifiques permettent de faire rayonner nos disciplines \u00e0 l\u2019\u00e9chelle des classes, des \u00e9tablissements, des bassins, au niveau acad\u00e9mique et national. Les actions de promotion des sciences sont un des leviers pour susciter la curiosit\u00e9, la motivation et l\u2019app\u00e9tence pour les sciences et la technologie aupr\u00e8s de nos \u00e9l\u00e8ves et lutter contre tous les pr\u00e9jug\u00e9s. Elles permettent \u00e9galement de sensibiliser les \u00e9l\u00e8ves aux diff\u00e9rents m\u00e9tiers et cursus en sciences et en technologie.\r\n\r\nLe Correspondant Acad\u00e9mique en Sciences et Technologies (CAST) est un acteur identifi\u00e9 du pilotage acad\u00e9mique et pour le Minist\u00e8re de l\u2019Education Nationale.\r\n\r\nCorrespondant aupr\u00e8s de l\u2019Acad\u00e9mie des Sciences et correspondant acad\u00e9mique du dispositif \u00ab Sciences \u00e0 l\u2019\u00e9cole \u00bb, le CAST a pour r\u00f4le de vous informer sur les dispositifs, les concours, les \u00e9v\u00e8nements li\u00e9s \u00e0 la CSTI afin de faire b\u00e9n\u00e9ficier \u00e0 vos \u00e9l\u00e8ves de la palette la plus large possible d\u2019actions de CSTI.\r\n\r\nDans les informations publi\u00e9es et relay\u00e9es ici, certaines peuvent contribuer \u00e0 votre d\u00e9veloppement professionnel de professeur engag\u00e9 puisque certains dispositifs ou partenaires proposent des actions qui peuvent \u00eatre des actions de formation.\r\n\r\nPour l\u2019acad\u00e9mie de Nice, le correspondant acad\u00e9mique sciences et technologies est Yves CASTEL, IA-IPR de physique-chimie.\r\n\r\nDes informations de ce site seront \u00e9galement relay\u00e9es sur twitter\u00a0: @CAST_AcNice","_et_gb_content_width":"","ngg_post_thumbnail":0,"footnotes":""},"class_list":["post-39","page","type-page","status-publish","hentry"],"rttpg_featured_image_url":null,"rttpg_author":{"display_name":"L'\u00e9quipe CAST","author_link":"https:\/\/www.pedagogie.ac-nice.fr\/cast\/author\/cast1\/"},"rttpg_comment":0,"rttpg_category":null,"rttpg_excerpt":"Actualit\u00e9s","post_mailing_queue_ids":[],"_links":{"self":[{"href":"https:\/\/www.pedagogie.ac-nice.fr\/cast\/wp-json\/wp\/v2\/pages\/39","targetHints":{"allow":["GET"]}}],"collection":[{"href":"https:\/\/www.pedagogie.ac-nice.fr\/cast\/wp-json\/wp\/v2\/pages"}],"about":[{"href":"https:\/\/www.pedagogie.ac-nice.fr\/cast\/wp-json\/wp\/v2\/types\/page"}],"author":[{"embeddable":true,"href":"https:\/\/www.pedagogie.ac-nice.fr\/cast\/wp-json\/wp\/v2\/users\/261"}],"replies":[{"embeddable":true,"href":"https:\/\/www.pedagogie.ac-nice.fr\/cast\/wp-json\/wp\/v2\/comments?post=39"}],"version-history":[{"count":166,"href":"https:\/\/www.pedagogie.ac-nice.fr\/cast\/wp-json\/wp\/v2\/pages\/39\/revisions"}],"predecessor-version":[{"id":1679,"href":"https:\/\/www.pedagogie.ac-nice.fr\/cast\/wp-json\/wp\/v2\/pages\/39\/revisions\/1679"}],"wp:attachment":[{"href":"https:\/\/www.pedagogie.ac-nice.fr\/cast\/wp-json\/wp\/v2\/media?parent=39"}],"curies":[{"name":"wp","href":"https:\/\/api.w.org\/{rel}","templated":true}]}}