{"id":397,"date":"2020-11-12T18:41:05","date_gmt":"2020-11-12T17:41:05","guid":{"rendered":"https:\/\/www.pedagogie.ac-nice.fr\/cast1\/?page_id=397"},"modified":"2020-11-12T18:44:38","modified_gmt":"2020-11-12T17:44:38","slug":"les-projets-de-lacademie-des-sciences","status":"publish","type":"page","link":"https:\/\/www.pedagogie.ac-nice.fr\/cast\/les-projets-de-lacademie-des-sciences\/","title":{"rendered":"Les projets de l\u2019Acad\u00e9mie des Sciences"},"content":{"rendered":"<p><img loading=\"lazy\" decoding=\"async\" class=\"alignleft wp-image-396 size-medium\" src=\"https:\/\/www.pedagogie.ac-nice.fr\/cast1\/wp-content\/uploads\/sites\/46\/2020\/11\/logo_academie_sciences-300x155.png\" alt=\"\" width=\"300\" height=\"155\" srcset=\"https:\/\/www.pedagogie.ac-nice.fr\/cast\/wp-content\/uploads\/sites\/46\/2020\/11\/logo_academie_sciences-300x155.png 300w, https:\/\/www.pedagogie.ac-nice.fr\/cast\/wp-content\/uploads\/sites\/46\/2020\/11\/logo_academie_sciences.png 581w\" sizes=\"(max-width: 300px) 100vw, 300px\" \/>Voici quelques-uns des dispositifs port\u00e9s par l\u2019Acad\u00e9mie des Sciences :<\/p>\n<p><strong>Prix national du livre \u00ab\u00a0Sciences pour tous\u00a0\u00bb<\/strong><br \/>\nUn prix litt\u00e9raire qui propose aux \u00e9l\u00e8ves la lecture d\u2019ouvrages autour de th\u00e9matiques scientifiques. Id\u00e9al pour un projet de classe m\u00ealant humanit\u00e9s et sciences.<\/p>\n<p><strong>Prix de l\u2019Acad\u00e9mie des Sciences \u00ab\u00a0Enseignement Scientifique au Lyc\u00e9e G\u00e9n\u00e9ral\u00a0\u00bb<\/strong><br \/>\nCe prix a pour but de mettre en lumi\u00e8re les \u00e9tablissements o\u00f9 un travail collectif dans la mise en place de l\u2019Enseignement Scientifique a conduit \u00e0 des r\u00e9alisations exemplaires.<\/p>\n<p><strong>Prix du \u00ab\u00a0livre d\u2019enseignement scientifique\u00a0\u00bb<\/strong><br \/>\nCe prix est destin\u00e9 \u00e0 r\u00e9compenser les auteurs d\u2019un ouvrage (manuel scolaire ou livre ressource pour enseignants) se proposant de contribuer \u00e0 l\u2019enseignement des sciences.<\/p>\n<p>Pour en savoir plus : <a href=\"https:\/\/www.academie-sciences.fr\/fr\/\" target=\"_blank\" rel=\"noopener noreferrer\">www.academie-sciences.fr\/fr\/<\/a><\/p>\n","protected":false},"excerpt":{"rendered":"<p>Voici quelques-uns des dispositifs port\u00e9s par l\u2019Acad\u00e9mie des Sciences : Prix national du livre \u00ab\u00a0Sciences pour tous\u00a0\u00bb Un prix litt\u00e9raire qui propose aux \u00e9l\u00e8ves la lecture d\u2019ouvrages autour de th\u00e9matiques scientifiques. Id\u00e9al pour un projet de classe m\u00ealant humanit\u00e9s et sciences. Prix de l\u2019Acad\u00e9mie des Sciences \u00ab\u00a0Enseignement Scientifique au Lyc\u00e9e G\u00e9n\u00e9ral\u00a0\u00bb Ce prix a pour [&hellip;]<\/p>\n","protected":false},"author":261,"featured_media":0,"parent":0,"menu_order":0,"comment_status":"closed","ping_status":"closed","template":"","meta":{"_et_pb_use_builder":"","_et_pb_old_content":"","_et_gb_content_width":"","ngg_post_thumbnail":0,"footnotes":""},"class_list":["post-397","page","type-page","status-publish","hentry"],"rttpg_featured_image_url":null,"rttpg_author":{"display_name":"L'\u00e9quipe CAST","author_link":"https:\/\/www.pedagogie.ac-nice.fr\/cast\/author\/cast1\/"},"rttpg_comment":0,"rttpg_category":null,"rttpg_excerpt":"Voici quelques-uns des dispositifs port\u00e9s par l\u2019Acad\u00e9mie des Sciences : Prix national du livre \u00ab\u00a0Sciences pour tous\u00a0\u00bb Un prix litt\u00e9raire qui propose aux \u00e9l\u00e8ves la lecture d\u2019ouvrages autour de th\u00e9matiques scientifiques. Id\u00e9al pour un projet de classe m\u00ealant humanit\u00e9s et sciences. Prix de l\u2019Acad\u00e9mie des Sciences \u00ab\u00a0Enseignement Scientifique au Lyc\u00e9e G\u00e9n\u00e9ral\u00a0\u00bb Ce prix a pour\u2026","post_mailing_queue_ids":[],"_links":{"self":[{"href":"https:\/\/www.pedagogie.ac-nice.fr\/cast\/wp-json\/wp\/v2\/pages\/397","targetHints":{"allow":["GET"]}}],"collection":[{"href":"https:\/\/www.pedagogie.ac-nice.fr\/cast\/wp-json\/wp\/v2\/pages"}],"about":[{"href":"https:\/\/www.pedagogie.ac-nice.fr\/cast\/wp-json\/wp\/v2\/types\/page"}],"author":[{"embeddable":true,"href":"https:\/\/www.pedagogie.ac-nice.fr\/cast\/wp-json\/wp\/v2\/users\/261"}],"replies":[{"embeddable":true,"href":"https:\/\/www.pedagogie.ac-nice.fr\/cast\/wp-json\/wp\/v2\/comments?post=397"}],"version-history":[{"count":3,"href":"https:\/\/www.pedagogie.ac-nice.fr\/cast\/wp-json\/wp\/v2\/pages\/397\/revisions"}],"predecessor-version":[{"id":404,"href":"https:\/\/www.pedagogie.ac-nice.fr\/cast\/wp-json\/wp\/v2\/pages\/397\/revisions\/404"}],"wp:attachment":[{"href":"https:\/\/www.pedagogie.ac-nice.fr\/cast\/wp-json\/wp\/v2\/media?parent=397"}],"curies":[{"name":"wp","href":"https:\/\/api.w.org\/{rel}","templated":true}]}}