{"id":421,"date":"2020-11-12T19:07:59","date_gmt":"2020-11-12T18:07:59","guid":{"rendered":"https:\/\/www.pedagogie.ac-nice.fr\/cast1\/?page_id=421"},"modified":"2020-11-14T15:36:28","modified_gmt":"2020-11-14T14:36:28","slug":"le-concours-science-factor","status":"publish","type":"page","link":"https:\/\/www.pedagogie.ac-nice.fr\/cast\/le-concours-science-factor\/","title":{"rendered":"Le concours Science Factor"},"content":{"rendered":"<p><img loading=\"lazy\" decoding=\"async\" class=\"alignleft wp-image-575 size-thumbnail\" src=\"https:\/\/www.pedagogie.ac-nice.fr\/cast1\/wp-content\/uploads\/sites\/46\/2020\/11\/logo-science_factor-150x150.jpg\" alt=\"\" width=\"150\" height=\"150\" srcset=\"https:\/\/www.pedagogie.ac-nice.fr\/cast\/wp-content\/uploads\/sites\/46\/2020\/11\/logo-science_factor-150x150.jpg 150w, https:\/\/www.pedagogie.ac-nice.fr\/cast\/wp-content\/uploads\/sites\/46\/2020\/11\/logo-science_factor-300x300.jpg 300w\" sizes=\"(max-width: 150px) 100vw, 150px\" \/>Dispositif :<br \/>\n&#8211; Concours en \u00e9quipe (de 2 \u00e0 4 \u00e9l\u00e8ves, pilot\u00e9s par une fille)<br \/>\n&#8211; De la sixi\u00e8me \u00e0 la terminale<br \/>\n&#8211; Projets scientifiques ou techniques d\u2019innovation citoyens (techno, SI, physique-chimie, SVT, maths, NSI, etc.)<br \/>\n&#8211; Axe soci\u00e9tal, \u00e9conomique ou environnemental (possibilit\u00e9 travail pluri disciplinaire histoire-G\u00e9o, SES, EMC, \u2026)<\/p>\n<p>D\u00e9roul\u00e9 du concours :<br \/>\n&#8211; Vid\u00e9o sur le projet (possibilit\u00e9 classe projet th\u00e9\u00e2tre + sciences)<br \/>\n&#8211; R\u00e9alisation d\u2019une maquette, r\u00e9elle ou virtuelle (facultatif)<\/p>\n<p>Calendrier :<br \/>\n&#8211; Inscription et d\u00e9p\u00f4t des projets avant les vacances de d\u00e9cembre<br \/>\n&#8211; Jury en janvier<br \/>\n&#8211; Finale nationale le 18 mars 2021<\/p>\n<p>Les contacts pour ce concours sont Mme Maryne Fauvet (maryne@sciencefactor.fr) et Mme Claudine Schmuck (claudine@global-contact.net).<\/p>\n","protected":false},"excerpt":{"rendered":"<p>Dispositif : &#8211; Concours en \u00e9quipe (de 2 \u00e0 4 \u00e9l\u00e8ves, pilot\u00e9s par une fille) &#8211; De la sixi\u00e8me \u00e0 la terminale &#8211; Projets scientifiques ou techniques d\u2019innovation citoyens (techno, SI, physique-chimie, SVT, maths, NSI, etc.) &#8211; Axe soci\u00e9tal, \u00e9conomique ou environnemental (possibilit\u00e9 travail pluri disciplinaire histoire-G\u00e9o, SES, EMC, \u2026) D\u00e9roul\u00e9 du concours : &#8211; [&hellip;]<\/p>\n","protected":false},"author":261,"featured_media":0,"parent":0,"menu_order":0,"comment_status":"closed","ping_status":"closed","template":"","meta":{"_et_pb_use_builder":"","_et_pb_old_content":"","_et_gb_content_width":"","ngg_post_thumbnail":0,"footnotes":""},"class_list":["post-421","page","type-page","status-publish","hentry"],"rttpg_featured_image_url":null,"rttpg_author":{"display_name":"L'\u00e9quipe CAST","author_link":"https:\/\/www.pedagogie.ac-nice.fr\/cast\/author\/cast1\/"},"rttpg_comment":0,"rttpg_category":null,"rttpg_excerpt":"Dispositif : &#8211; Concours en \u00e9quipe (de 2 \u00e0 4 \u00e9l\u00e8ves, pilot\u00e9s par une fille) &#8211; De la sixi\u00e8me \u00e0 la terminale &#8211; Projets scientifiques ou techniques d\u2019innovation citoyens (techno, SI, physique-chimie, SVT, maths, NSI, etc.) &#8211; Axe soci\u00e9tal, \u00e9conomique ou environnemental (possibilit\u00e9 travail pluri disciplinaire histoire-G\u00e9o, SES, EMC, \u2026) D\u00e9roul\u00e9 du concours : &#8211;\u2026","post_mailing_queue_ids":[],"_links":{"self":[{"href":"https:\/\/www.pedagogie.ac-nice.fr\/cast\/wp-json\/wp\/v2\/pages\/421","targetHints":{"allow":["GET"]}}],"collection":[{"href":"https:\/\/www.pedagogie.ac-nice.fr\/cast\/wp-json\/wp\/v2\/pages"}],"about":[{"href":"https:\/\/www.pedagogie.ac-nice.fr\/cast\/wp-json\/wp\/v2\/types\/page"}],"author":[{"embeddable":true,"href":"https:\/\/www.pedagogie.ac-nice.fr\/cast\/wp-json\/wp\/v2\/users\/261"}],"replies":[{"embeddable":true,"href":"https:\/\/www.pedagogie.ac-nice.fr\/cast\/wp-json\/wp\/v2\/comments?post=421"}],"version-history":[{"count":3,"href":"https:\/\/www.pedagogie.ac-nice.fr\/cast\/wp-json\/wp\/v2\/pages\/421\/revisions"}],"predecessor-version":[{"id":577,"href":"https:\/\/www.pedagogie.ac-nice.fr\/cast\/wp-json\/wp\/v2\/pages\/421\/revisions\/577"}],"wp:attachment":[{"href":"https:\/\/www.pedagogie.ac-nice.fr\/cast\/wp-json\/wp\/v2\/media?parent=421"}],"curies":[{"name":"wp","href":"https:\/\/api.w.org\/{rel}","templated":true}]}}