{"id":490,"date":"2020-11-14T11:10:08","date_gmt":"2020-11-14T10:10:08","guid":{"rendered":"https:\/\/www.pedagogie.ac-nice.fr\/cast1\/?page_id=490"},"modified":"2020-11-14T11:35:12","modified_gmt":"2020-11-14T10:35:12","slug":"cea","status":"publish","type":"page","link":"https:\/\/www.pedagogie.ac-nice.fr\/cast\/cea\/","title":{"rendered":"CEA"},"content":{"rendered":"<p><img loading=\"lazy\" decoding=\"async\" class=\"alignleft wp-image-492 size-thumbnail\" src=\"https:\/\/www.pedagogie.ac-nice.fr\/cast1\/wp-content\/uploads\/sites\/46\/2020\/11\/Digital-CEA-logo-rvb-fond-rouge-150x150.jpg\" alt=\"\" width=\"150\" height=\"150\" srcset=\"https:\/\/www.pedagogie.ac-nice.fr\/cast\/wp-content\/uploads\/sites\/46\/2020\/11\/Digital-CEA-logo-rvb-fond-rouge-150x150.jpg 150w, https:\/\/www.pedagogie.ac-nice.fr\/cast\/wp-content\/uploads\/sites\/46\/2020\/11\/Digital-CEA-logo-rvb-fond-rouge-300x300.jpg 300w\" sizes=\"(max-width: 150px) 100vw, 150px\" \/>Vous souhaitez pr\u00e9parer un expos\u00e9 en sciences, travailler un TIPE ? ou bien r\u00e9viser certaines notions scientifiques ? Le CEA Cadarache (Commissariat \u00e0 l&rsquo;\u00e9nergie atomique et aux \u00e9nergies alternatives) met \u00e0 votre disposition de nombreux contenus p\u00e9dagogiques et supports multim\u00e9dias dans les domaines suivants : \u00e9nergies, \u00e9nergie nucl\u00e9aire, \u00e9nergies renouvelables, radioactivit\u00e9, climat, technologies, sant\u00e9 et sciences du vivant, physique-chimie, Univers. D\u00e9couvrez \u00e9galement les nombreux m\u00e9tiers de la recherche scientifique via des t\u00e9moignages et des fiches m\u00e9tiers.<\/p>\n<p>Quelques dispositifs auxquels le CEA a d\u00e9j\u00e0 particip\u00e9 dans l&rsquo;acad\u00e9mie :<br \/>\n&#8211; Concours CG\u00e9nial<br \/>\n&#8211; Formations avec la DAAC<\/p>\n<p>Pour en savoir plus : <a href=\"https:\/\/www.cea.fr\/comprendre\/jeunes\/Pages\/Accueil.aspx\" target=\"_blank\" rel=\"noopener noreferrer\">www.cea.fr\/comprendre\/jeunes\/Pages\/Accueil.aspx<\/a><\/p>\n","protected":false},"excerpt":{"rendered":"<p>Vous souhaitez pr\u00e9parer un expos\u00e9 en sciences, travailler un TIPE ? ou bien r\u00e9viser certaines notions scientifiques ? Le CEA Cadarache (Commissariat \u00e0 l&rsquo;\u00e9nergie atomique et aux \u00e9nergies alternatives) met \u00e0 votre disposition de nombreux contenus p\u00e9dagogiques et supports multim\u00e9dias dans les domaines suivants : \u00e9nergies, \u00e9nergie nucl\u00e9aire, \u00e9nergies renouvelables, radioactivit\u00e9, climat, technologies, sant\u00e9 et [&hellip;]<\/p>\n","protected":false},"author":261,"featured_media":0,"parent":0,"menu_order":0,"comment_status":"closed","ping_status":"closed","template":"","meta":{"_et_pb_use_builder":"","_et_pb_old_content":"","_et_gb_content_width":"","ngg_post_thumbnail":0,"footnotes":""},"class_list":["post-490","page","type-page","status-publish","hentry"],"rttpg_featured_image_url":null,"rttpg_author":{"display_name":"L'\u00e9quipe CAST","author_link":"https:\/\/www.pedagogie.ac-nice.fr\/cast\/author\/cast1\/"},"rttpg_comment":0,"rttpg_category":null,"rttpg_excerpt":"Vous souhaitez pr\u00e9parer un expos\u00e9 en sciences, travailler un TIPE ? ou bien r\u00e9viser certaines notions scientifiques ? Le CEA Cadarache (Commissariat \u00e0 l&rsquo;\u00e9nergie atomique et aux \u00e9nergies alternatives) met \u00e0 votre disposition de nombreux contenus p\u00e9dagogiques et supports multim\u00e9dias dans les domaines suivants : \u00e9nergies, \u00e9nergie nucl\u00e9aire, \u00e9nergies renouvelables, radioactivit\u00e9, climat, technologies, sant\u00e9 et\u2026","post_mailing_queue_ids":[],"_links":{"self":[{"href":"https:\/\/www.pedagogie.ac-nice.fr\/cast\/wp-json\/wp\/v2\/pages\/490","targetHints":{"allow":["GET"]}}],"collection":[{"href":"https:\/\/www.pedagogie.ac-nice.fr\/cast\/wp-json\/wp\/v2\/pages"}],"about":[{"href":"https:\/\/www.pedagogie.ac-nice.fr\/cast\/wp-json\/wp\/v2\/types\/page"}],"author":[{"embeddable":true,"href":"https:\/\/www.pedagogie.ac-nice.fr\/cast\/wp-json\/wp\/v2\/users\/261"}],"replies":[{"embeddable":true,"href":"https:\/\/www.pedagogie.ac-nice.fr\/cast\/wp-json\/wp\/v2\/comments?post=490"}],"version-history":[{"count":4,"href":"https:\/\/www.pedagogie.ac-nice.fr\/cast\/wp-json\/wp\/v2\/pages\/490\/revisions"}],"predecessor-version":[{"id":514,"href":"https:\/\/www.pedagogie.ac-nice.fr\/cast\/wp-json\/wp\/v2\/pages\/490\/revisions\/514"}],"wp:attachment":[{"href":"https:\/\/www.pedagogie.ac-nice.fr\/cast\/wp-json\/wp\/v2\/media?parent=490"}],"curies":[{"name":"wp","href":"https:\/\/api.w.org\/{rel}","templated":true}]}}