{"id":505,"date":"2020-11-14T11:26:38","date_gmt":"2020-11-14T10:26:38","guid":{"rendered":"https:\/\/www.pedagogie.ac-nice.fr\/cast1\/?page_id=505"},"modified":"2020-11-14T11:29:02","modified_gmt":"2020-11-14T10:29:02","slug":"cnrs","status":"publish","type":"page","link":"https:\/\/www.pedagogie.ac-nice.fr\/cast\/cnrs\/","title":{"rendered":"CNRS"},"content":{"rendered":"<p><img loading=\"lazy\" decoding=\"async\" class=\"alignleft wp-image-507 size-thumbnail\" src=\"https:\/\/www.pedagogie.ac-nice.fr\/cast1\/wp-content\/uploads\/sites\/46\/2020\/11\/logo_cnrs-150x150.jpg\" alt=\"\" width=\"150\" height=\"150\" \/>Le Centre national de la recherche scientifique est une institution de recherche parmi les plus importantes au monde. Pour relever les grands d\u00e9fis pr\u00e9sents et \u00e0 venir, ses scientifiques explorent le vivant, la mati\u00e8re, l\u2019Univers et le fonctionnement des soci\u00e9t\u00e9s humaines. Internationalement reconnu pour l\u2019excellence de ses travaux scientifiques, le CNRS est une r\u00e9f\u00e9rence aussi bien dans l\u2019univers de la recherche et d\u00e9veloppement que pour le grand public.<\/p>\n<p>Quelques dispositifs auxquels le CNRS (DT-INSU) a d\u00e9j\u00e0 particip\u00e9 dans l\u2019acad\u00e9mie :<br \/>\n\u2013 F\u00eate de la Science<\/p>\n<p>Pour en savoir plus : <a href=\"https:\/\/www.cnrs.fr\/cnrs-images\/vous-etes\/enseignant.htm\" target=\"_blank\" rel=\"noopener noreferrer\">www.cnrs.fr\/cnrs-images\/vous-etes\/enseignant.htm<\/a><\/p>\n","protected":false},"excerpt":{"rendered":"<p>Le Centre national de la recherche scientifique est une institution de recherche parmi les plus importantes au monde. Pour relever les grands d\u00e9fis pr\u00e9sents et \u00e0 venir, ses scientifiques explorent le vivant, la mati\u00e8re, l\u2019Univers et le fonctionnement des soci\u00e9t\u00e9s humaines. Internationalement reconnu pour l\u2019excellence de ses travaux scientifiques, le CNRS est une r\u00e9f\u00e9rence aussi [&hellip;]<\/p>\n","protected":false},"author":261,"featured_media":0,"parent":0,"menu_order":0,"comment_status":"closed","ping_status":"closed","template":"","meta":{"_et_pb_use_builder":"","_et_pb_old_content":"","_et_gb_content_width":"","ngg_post_thumbnail":0,"footnotes":""},"class_list":["post-505","page","type-page","status-publish","hentry"],"rttpg_featured_image_url":null,"rttpg_author":{"display_name":"L'\u00e9quipe CAST","author_link":"https:\/\/www.pedagogie.ac-nice.fr\/cast\/author\/cast1\/"},"rttpg_comment":0,"rttpg_category":null,"rttpg_excerpt":"Le Centre national de la recherche scientifique est une institution de recherche parmi les plus importantes au monde. Pour relever les grands d\u00e9fis pr\u00e9sents et \u00e0 venir, ses scientifiques explorent le vivant, la mati\u00e8re, l\u2019Univers et le fonctionnement des soci\u00e9t\u00e9s humaines. Internationalement reconnu pour l\u2019excellence de ses travaux scientifiques, le CNRS est une r\u00e9f\u00e9rence aussi\u2026","post_mailing_queue_ids":[],"_links":{"self":[{"href":"https:\/\/www.pedagogie.ac-nice.fr\/cast\/wp-json\/wp\/v2\/pages\/505","targetHints":{"allow":["GET"]}}],"collection":[{"href":"https:\/\/www.pedagogie.ac-nice.fr\/cast\/wp-json\/wp\/v2\/pages"}],"about":[{"href":"https:\/\/www.pedagogie.ac-nice.fr\/cast\/wp-json\/wp\/v2\/types\/page"}],"author":[{"embeddable":true,"href":"https:\/\/www.pedagogie.ac-nice.fr\/cast\/wp-json\/wp\/v2\/users\/261"}],"replies":[{"embeddable":true,"href":"https:\/\/www.pedagogie.ac-nice.fr\/cast\/wp-json\/wp\/v2\/comments?post=505"}],"version-history":[{"count":2,"href":"https:\/\/www.pedagogie.ac-nice.fr\/cast\/wp-json\/wp\/v2\/pages\/505\/revisions"}],"predecessor-version":[{"id":508,"href":"https:\/\/www.pedagogie.ac-nice.fr\/cast\/wp-json\/wp\/v2\/pages\/505\/revisions\/508"}],"wp:attachment":[{"href":"https:\/\/www.pedagogie.ac-nice.fr\/cast\/wp-json\/wp\/v2\/media?parent=505"}],"curies":[{"name":"wp","href":"https:\/\/api.w.org\/{rel}","templated":true}]}}