{"id":510,"date":"2020-11-14T11:33:20","date_gmt":"2020-11-14T10:33:20","guid":{"rendered":"https:\/\/www.pedagogie.ac-nice.fr\/cast1\/?page_id=510"},"modified":"2020-11-14T14:40:47","modified_gmt":"2020-11-14T13:40:47","slug":"la-fondation-dassault-systemes","status":"publish","type":"page","link":"https:\/\/www.pedagogie.ac-nice.fr\/cast\/la-fondation-dassault-systemes\/","title":{"rendered":"La Fondation Dassault Syst\u00e8mes"},"content":{"rendered":"<p><img loading=\"lazy\" decoding=\"async\" class=\"alignleft wp-image-512 size-medium\" src=\"https:\/\/www.pedagogie.ac-nice.fr\/cast1\/wp-content\/uploads\/sites\/46\/2020\/11\/3DS_Fondation_DS_CMJN_blue-300x125.png\" alt=\"\" width=\"300\" height=\"125\" srcset=\"https:\/\/www.pedagogie.ac-nice.fr\/cast\/wp-content\/uploads\/sites\/46\/2020\/11\/3DS_Fondation_DS_CMJN_blue-300x125.png 300w, https:\/\/www.pedagogie.ac-nice.fr\/cast\/wp-content\/uploads\/sites\/46\/2020\/11\/3DS_Fondation_DS_CMJN_blue-1024x427.png 1024w, https:\/\/www.pedagogie.ac-nice.fr\/cast\/wp-content\/uploads\/sites\/46\/2020\/11\/3DS_Fondation_DS_CMJN_blue-768x320.png 768w, https:\/\/www.pedagogie.ac-nice.fr\/cast\/wp-content\/uploads\/sites\/46\/2020\/11\/3DS_Fondation_DS_CMJN_blue-1536x640.png 1536w, https:\/\/www.pedagogie.ac-nice.fr\/cast\/wp-content\/uploads\/sites\/46\/2020\/11\/3DS_Fondation_DS_CMJN_blue-2048x853.png 2048w\" sizes=\"(max-width: 300px) 100vw, 300px\" \/>La Fondation Dassault Syst\u00e8mes met les univers virtuels au service d&rsquo;une soci\u00e9t\u00e9 plus durable, en contribuant \u00e0 l&rsquo;innovation et \u00e0 l&rsquo;\u00e9galit\u00e9 des chances dans les domaines de l&rsquo;\u00c9ducation, de la Recherche et du Patrimoine.<\/p>\n<p>Quelques dispositifs auxquels La Fondation Dassault Syst\u00e8mes a d\u00e9j\u00e0 particip\u00e9 dans l&rsquo;acad\u00e9mie :<br \/>\n&#8211; Mission Oc\u00e9an<br \/>\n&#8211; Concours CG\u00e9nial<\/p>\n<p>Pour en savoir plus : <a href=\"https:\/\/www.lafondation3ds.org\/fr\" target=\"_blank\" rel=\"noopener noreferrer\">www.lafondation3ds.org\/fr<\/a><\/p>\n<p><strong>Le parcours p\u00e9dagogique Mission Oc\u00e9an<\/strong><\/p>\n<p>V\u00e9ritable \u00e9cosyst\u00e8me encore m\u00e9connu, l&rsquo;oc\u00e9an est le principal r\u00e9gulateur du climat. En ce sens, il repr\u00e9sente un enjeu majeur pour notre soci\u00e9t\u00e9. Afin d&rsquo;aider coll\u00e9giens et lyc\u00e9ens \u00e0 appr\u00e9hender ces enjeux en se consacrant \u00e0 leurs apprentissages scolaires et \u00e0 pr\u00e9parer leur avenir, La Fondation Dassault Syst\u00e8mes, le Minist\u00e8re de l&rsquo;\u00c9ducation nationale, de la Jeunesse et des Sports, l&rsquo;Onisep, R\u00e9seau Canop\u00e9 et l&rsquo;Ifremer ont r\u00e9uni leurs comp\u00e9tences pour construire un parcours p\u00e9dagogique s\u2019appuyant sur la 3D et les univers virtuels, qui leur est sp\u00e9cialement destin\u00e9.<\/p>\n<p>Baptis\u00e9 Mission Oc\u00e9an, ce projet vise \u00e0 faciliter l&rsquo;apprentissage des \u00e9l\u00e8ves et \u00e0 leur permettre d&rsquo;approfondir leurs connaissances dans des disciplines telles que les math\u00e9matiques, la physique-chimie, la g\u00e9ographie, les sciences naturelles, sciences de la Terre, etc. tout en d\u00e9couvrant les grands enjeux des oc\u00e9ans. Ils pourront ainsi explorer des pistes de travail, en b\u00e9n\u00e9ficiant de l&rsquo;expertise de professionnels issus de l\u2019industrie et de la recherche, et \u00e9laborer des projets pour contribuer \u00e0 les pr\u00e9server. Mission Oc\u00e9an leur permettra d&rsquo;apprendre autrement gr\u00e2ce aux possibilit\u00e9s qu&rsquo;offrent les mondes virtuels (mod\u00e9lisation 3D, exp\u00e9riences de r\u00e9alit\u00e9 virtuelle, simulations num\u00e9riques) dans le contexte de la pr\u00e9servation des oc\u00e9ans, de d\u00e9couvrir leur pouvoir d&rsquo;agir sur leur environnement et de se projeter dans les formations et les m\u00e9tiers qu\u2019ils exerceront demain.<\/p>\n<p>Le projet Mission Oc\u00e9an s&rsquo;inscrit dans le respect des Objectifs de D\u00e9veloppement Durable des Nations-Unies et dans la perspective de la d\u00e9cennie pour les sciences oc\u00e9aniques au service du d\u00e9veloppement durable.<br \/>\nMission Oc\u00e9an r\u00e9pond \u00e9galement \u00e0 l\u2019article 9 de la loi pour une \u00c9cole de la confiance qui int\u00e8gre pour la premi\u00e8re fois dans le code de l&rsquo;\u00e9ducation les notions de transition \u00e9cologique, de biodiversit\u00e9 et de lutte contre le r\u00e9chauffement climatique.<\/p>\n<p>Pour en savoir plus : <a href=\"https:\/\/wwz.ifremer.fr\/Espace-Presse\/Communiques-de-presse\/Mission-Ocean-un-parcours-pedagogique-innovant-s-appuyant-sur-la-3D\" target=\"_blank\" rel=\"noopener noreferrer\">wwz.ifremer.fr\/Espace-Presse\/Communiques-de-presse\/Mission-Ocean-un-parcours-pedagogique-innovant-s-appuyant-sur-la-3D<\/a><\/p>\n<p><iframe loading=\"lazy\" src=\"\/\/www.youtube.com\/embed\/AYnzdk2498M\" width=\"560\" height=\"314\" allowfullscreen=\"allowfullscreen\"><\/iframe><\/p>\n","protected":false},"excerpt":{"rendered":"<p>La Fondation Dassault Syst\u00e8mes met les univers virtuels au service d&rsquo;une soci\u00e9t\u00e9 plus durable, en contribuant \u00e0 l&rsquo;innovation et \u00e0 l&rsquo;\u00e9galit\u00e9 des chances dans les domaines de l&rsquo;\u00c9ducation, de la Recherche et du Patrimoine. Quelques dispositifs auxquels La Fondation Dassault Syst\u00e8mes a d\u00e9j\u00e0 particip\u00e9 dans l&rsquo;acad\u00e9mie : &#8211; Mission Oc\u00e9an &#8211; Concours CG\u00e9nial Pour en [&hellip;]<\/p>\n","protected":false},"author":261,"featured_media":0,"parent":0,"menu_order":0,"comment_status":"closed","ping_status":"closed","template":"","meta":{"_et_pb_use_builder":"","_et_pb_old_content":"","_et_gb_content_width":"","ngg_post_thumbnail":0,"footnotes":""},"class_list":["post-510","page","type-page","status-publish","hentry"],"rttpg_featured_image_url":null,"rttpg_author":{"display_name":"L'\u00e9quipe CAST","author_link":"https:\/\/www.pedagogie.ac-nice.fr\/cast\/author\/cast1\/"},"rttpg_comment":0,"rttpg_category":null,"rttpg_excerpt":"La Fondation Dassault Syst\u00e8mes met les univers virtuels au service d&rsquo;une soci\u00e9t\u00e9 plus durable, en contribuant \u00e0 l&rsquo;innovation et \u00e0 l&rsquo;\u00e9galit\u00e9 des chances dans les domaines de l&rsquo;\u00c9ducation, de la Recherche et du Patrimoine. Quelques dispositifs auxquels La Fondation Dassault Syst\u00e8mes a d\u00e9j\u00e0 particip\u00e9 dans l&rsquo;acad\u00e9mie : &#8211; Mission Oc\u00e9an &#8211; Concours CG\u00e9nial Pour en\u2026","post_mailing_queue_ids":[],"_links":{"self":[{"href":"https:\/\/www.pedagogie.ac-nice.fr\/cast\/wp-json\/wp\/v2\/pages\/510","targetHints":{"allow":["GET"]}}],"collection":[{"href":"https:\/\/www.pedagogie.ac-nice.fr\/cast\/wp-json\/wp\/v2\/pages"}],"about":[{"href":"https:\/\/www.pedagogie.ac-nice.fr\/cast\/wp-json\/wp\/v2\/types\/page"}],"author":[{"embeddable":true,"href":"https:\/\/www.pedagogie.ac-nice.fr\/cast\/wp-json\/wp\/v2\/users\/261"}],"replies":[{"embeddable":true,"href":"https:\/\/www.pedagogie.ac-nice.fr\/cast\/wp-json\/wp\/v2\/comments?post=510"}],"version-history":[{"count":4,"href":"https:\/\/www.pedagogie.ac-nice.fr\/cast\/wp-json\/wp\/v2\/pages\/510\/revisions"}],"predecessor-version":[{"id":559,"href":"https:\/\/www.pedagogie.ac-nice.fr\/cast\/wp-json\/wp\/v2\/pages\/510\/revisions\/559"}],"wp:attachment":[{"href":"https:\/\/www.pedagogie.ac-nice.fr\/cast\/wp-json\/wp\/v2\/media?parent=510"}],"curies":[{"name":"wp","href":"https:\/\/api.w.org\/{rel}","templated":true}]}}