{"id":535,"date":"2020-11-14T12:12:28","date_gmt":"2020-11-14T11:12:28","guid":{"rendered":"https:\/\/www.pedagogie.ac-nice.fr\/cast1\/?page_id=535"},"modified":"2020-11-14T12:39:34","modified_gmt":"2020-11-14T11:39:34","slug":"societe-des-explorateurs-francais","status":"publish","type":"page","link":"https:\/\/www.pedagogie.ac-nice.fr\/cast\/societe-des-explorateurs-francais\/","title":{"rendered":"Soci\u00e9t\u00e9 des explorateurs fran\u00e7ais"},"content":{"rendered":"<p><img loading=\"lazy\" decoding=\"async\" class=\"alignleft wp-image-534 size-thumbnail\" src=\"https:\/\/www.pedagogie.ac-nice.fr\/cast1\/wp-content\/uploads\/sites\/46\/2020\/11\/logo_societe_explorateurs_francais-150x150.png\" alt=\"\" width=\"150\" height=\"150\" \/>La Soci\u00e9t\u00e9 des explorateurs fran\u00e7ais (SEF) a \u00e9t\u00e9 cr\u00e9\u00e9e en 1937 par des explorateurs de renom. La SEF regroupe des personnalit\u00e9s aux parcours \u00ab\u00a0extra-ordinaires\u00a0\u00bb au sens propre du terme. Elle est ouverte \u00e0 ceux qui partagent l&rsquo;id\u00e9e que l&rsquo;existence m\u00eame est une aventure. Ses membres d\u00e9dient leur vie \u00e0 l&rsquo;exploration, \u00e0 la d\u00e9couverte sous toutes ses formes et \u00e0 la transmission des savoirs.<\/p>\n<p>La Soci\u00e9t\u00e9 des explorateurs fran\u00e7ais est \u00e0 l&rsquo;initiative de Lumexplore Junior.<\/p>\n<p>Pour en savoir plus : <a href=\"https:\/\/www.societe-explorateurs.org\/\" target=\"_blank\" rel=\"noopener noreferrer\">www.societe-explorateurs.org\/<\/a><\/p>\n","protected":false},"excerpt":{"rendered":"<p>La Soci\u00e9t\u00e9 des explorateurs fran\u00e7ais (SEF) a \u00e9t\u00e9 cr\u00e9\u00e9e en 1937 par des explorateurs de renom. La SEF regroupe des personnalit\u00e9s aux parcours \u00ab\u00a0extra-ordinaires\u00a0\u00bb au sens propre du terme. Elle est ouverte \u00e0 ceux qui partagent l&rsquo;id\u00e9e que l&rsquo;existence m\u00eame est une aventure. Ses membres d\u00e9dient leur vie \u00e0 l&rsquo;exploration, \u00e0 la d\u00e9couverte sous toutes [&hellip;]<\/p>\n","protected":false},"author":261,"featured_media":0,"parent":0,"menu_order":0,"comment_status":"closed","ping_status":"closed","template":"","meta":{"_et_pb_use_builder":"","_et_pb_old_content":"","_et_gb_content_width":"","ngg_post_thumbnail":0,"footnotes":""},"class_list":["post-535","page","type-page","status-publish","hentry"],"rttpg_featured_image_url":null,"rttpg_author":{"display_name":"L'\u00e9quipe CAST","author_link":"https:\/\/www.pedagogie.ac-nice.fr\/cast\/author\/cast1\/"},"rttpg_comment":0,"rttpg_category":null,"rttpg_excerpt":"La Soci\u00e9t\u00e9 des explorateurs fran\u00e7ais (SEF) a \u00e9t\u00e9 cr\u00e9\u00e9e en 1937 par des explorateurs de renom. La SEF regroupe des personnalit\u00e9s aux parcours \u00ab\u00a0extra-ordinaires\u00a0\u00bb au sens propre du terme. Elle est ouverte \u00e0 ceux qui partagent l&rsquo;id\u00e9e que l&rsquo;existence m\u00eame est une aventure. Ses membres d\u00e9dient leur vie \u00e0 l&rsquo;exploration, \u00e0 la d\u00e9couverte sous toutes\u2026","post_mailing_queue_ids":[],"_links":{"self":[{"href":"https:\/\/www.pedagogie.ac-nice.fr\/cast\/wp-json\/wp\/v2\/pages\/535","targetHints":{"allow":["GET"]}}],"collection":[{"href":"https:\/\/www.pedagogie.ac-nice.fr\/cast\/wp-json\/wp\/v2\/pages"}],"about":[{"href":"https:\/\/www.pedagogie.ac-nice.fr\/cast\/wp-json\/wp\/v2\/types\/page"}],"author":[{"embeddable":true,"href":"https:\/\/www.pedagogie.ac-nice.fr\/cast\/wp-json\/wp\/v2\/users\/261"}],"replies":[{"embeddable":true,"href":"https:\/\/www.pedagogie.ac-nice.fr\/cast\/wp-json\/wp\/v2\/comments?post=535"}],"version-history":[{"count":2,"href":"https:\/\/www.pedagogie.ac-nice.fr\/cast\/wp-json\/wp\/v2\/pages\/535\/revisions"}],"predecessor-version":[{"id":552,"href":"https:\/\/www.pedagogie.ac-nice.fr\/cast\/wp-json\/wp\/v2\/pages\/535\/revisions\/552"}],"wp:attachment":[{"href":"https:\/\/www.pedagogie.ac-nice.fr\/cast\/wp-json\/wp\/v2\/media?parent=535"}],"curies":[{"name":"wp","href":"https:\/\/api.w.org\/{rel}","templated":true}]}}