{"id":553,"date":"2020-11-14T14:31:31","date_gmt":"2020-11-14T13:31:31","guid":{"rendered":"https:\/\/www.pedagogie.ac-nice.fr\/cast1\/?page_id=553"},"modified":"2020-11-14T14:32:42","modified_gmt":"2020-11-14T13:32:42","slug":"cppm","status":"publish","type":"page","link":"https:\/\/www.pedagogie.ac-nice.fr\/cast\/cppm\/","title":{"rendered":"CPPM"},"content":{"rendered":"<p><img loading=\"lazy\" decoding=\"async\" class=\"alignleft wp-image-555 size-medium\" src=\"https:\/\/www.pedagogie.ac-nice.fr\/cast1\/wp-content\/uploads\/sites\/46\/2020\/11\/logo_cppm-248x300.png\" alt=\"\" width=\"248\" height=\"300\" srcset=\"https:\/\/www.pedagogie.ac-nice.fr\/cast\/wp-content\/uploads\/sites\/46\/2020\/11\/logo_cppm-248x300.png 248w, https:\/\/www.pedagogie.ac-nice.fr\/cast\/wp-content\/uploads\/sites\/46\/2020\/11\/logo_cppm.png 489w\" sizes=\"(max-width: 248px) 100vw, 248px\" \/>Le Centre de Physique des Particules de Marseille (CPPM) encourage les jeunes du secondaire \u00e0 s&rsquo;orienter vers des fili\u00e8res scientifiques en leur pr\u00e9sentant les m\u00e9tiers de la recherche et en les initiant aux d\u00e9marches scientifiques. Le CPPPM leur propose des op\u00e9rations de culture scientifique attrayantes et innovantes. Le CPPM participe aussi \u00e0 de nombreuses actions p\u00e9dagogiques gr\u00e2ce \u00e0 du mat\u00e9riel didactique ou au travers d\u2019ateliers scientifiques. Le CPPM accueille des \u00e9l\u00e8ves pour des stages de d\u00e9couverte, des Travaux Personnels Encadr\u00e9s (TPE) ou encore pour les Travaux d&rsquo;Initiative Personnelle Encadr\u00e9s (TIPE).<\/p>\n<p>Le CPPM propose aux enseignants d&rsquo;intervenir dans leurs lyc\u00e9es, de visiter le laboratoire et de r\u00e9aliser avec eux des op\u00e9rations de culture scientifique. Le CPPM, gr\u00e2ce \u00e0 l&rsquo;initiative de l&rsquo;institut de physique nucl\u00e9aire et de physique des particules (IN2P3), propose aux enseignants du second degr\u00e9 le dispositif \u00ab\u00a0\u00c0 l&rsquo;\u00e9cole des deux infinis\u00a0\u00bb. Il leur permet d&rsquo;introduire le domaine scientifique dans leur enseignement. Il leur propose aussi des stages au CERN et des ressources documentaires, comme par exemple l&rsquo;ouvrage \u00ab\u00a0Passeport pour les deux infinis\u00a0\u00bb. Le CPPM a par ailleurs con\u00e7u un cosmo-d\u00e9tecteur \u2013 il quantifie le flux des rayons cosmiques selon diff\u00e9rents angles d&rsquo;incidence \u2013 d\u00e9ploy\u00e9 sur tout le territoire, \u00e0 disposition de tous les \u00e9tablissements scolaires. Cela a pu \u00eatre possible gr\u00e2ce au dispositif d&rsquo;initiative minist\u00e9rielle \u00ab\u00a0Sciences \u00e0 l\u2019\u00e9cole\u00a0\u00bb\u00bb. En parall\u00e8le, le CPPM participe activement aux actions de culture scientifique d\u00e9velopp\u00e9es par le Labex OCEVU.<\/p>\n<p>Quelques dispositifs auxquels le CPPM a d\u00e9j\u00e0 particip\u00e9 dans l\u2019acad\u00e9mie :<br \/>\n&#8211; Concours CG\u00e9nial<br \/>\n&#8211; F\u00eate de la Science<\/p>\n<p>Pour en savoir plus : <a href=\"https:\/\/www.cppm.in2p3.fr\/web\/fr\/diffusion_du_savoir\/visites_decouvertes\/\" target=\"_blank\" rel=\"noopener noreferrer\">www.cppm.in2p3.fr\/web\/fr\/diffusion_du_savoir\/visites_decouvertes\/<\/a><\/p>\n","protected":false},"excerpt":{"rendered":"<p>Le Centre de Physique des Particules de Marseille (CPPM) encourage les jeunes du secondaire \u00e0 s&rsquo;orienter vers des fili\u00e8res scientifiques en leur pr\u00e9sentant les m\u00e9tiers de la recherche et en les initiant aux d\u00e9marches scientifiques. Le CPPPM leur propose des op\u00e9rations de culture scientifique attrayantes et innovantes. Le CPPM participe aussi \u00e0 de nombreuses actions [&hellip;]<\/p>\n","protected":false},"author":261,"featured_media":0,"parent":0,"menu_order":0,"comment_status":"closed","ping_status":"closed","template":"","meta":{"_et_pb_use_builder":"","_et_pb_old_content":"","_et_gb_content_width":"","ngg_post_thumbnail":0,"footnotes":""},"class_list":["post-553","page","type-page","status-publish","hentry"],"rttpg_featured_image_url":null,"rttpg_author":{"display_name":"L'\u00e9quipe CAST","author_link":"https:\/\/www.pedagogie.ac-nice.fr\/cast\/author\/cast1\/"},"rttpg_comment":0,"rttpg_category":null,"rttpg_excerpt":"Le Centre de Physique des Particules de Marseille (CPPM) encourage les jeunes du secondaire \u00e0 s&rsquo;orienter vers des fili\u00e8res scientifiques en leur pr\u00e9sentant les m\u00e9tiers de la recherche et en les initiant aux d\u00e9marches scientifiques. Le CPPPM leur propose des op\u00e9rations de culture scientifique attrayantes et innovantes. Le CPPM participe aussi \u00e0 de nombreuses actions\u2026","post_mailing_queue_ids":[],"_links":{"self":[{"href":"https:\/\/www.pedagogie.ac-nice.fr\/cast\/wp-json\/wp\/v2\/pages\/553","targetHints":{"allow":["GET"]}}],"collection":[{"href":"https:\/\/www.pedagogie.ac-nice.fr\/cast\/wp-json\/wp\/v2\/pages"}],"about":[{"href":"https:\/\/www.pedagogie.ac-nice.fr\/cast\/wp-json\/wp\/v2\/types\/page"}],"author":[{"embeddable":true,"href":"https:\/\/www.pedagogie.ac-nice.fr\/cast\/wp-json\/wp\/v2\/users\/261"}],"replies":[{"embeddable":true,"href":"https:\/\/www.pedagogie.ac-nice.fr\/cast\/wp-json\/wp\/v2\/comments?post=553"}],"version-history":[{"count":2,"href":"https:\/\/www.pedagogie.ac-nice.fr\/cast\/wp-json\/wp\/v2\/pages\/553\/revisions"}],"predecessor-version":[{"id":556,"href":"https:\/\/www.pedagogie.ac-nice.fr\/cast\/wp-json\/wp\/v2\/pages\/553\/revisions\/556"}],"wp:attachment":[{"href":"https:\/\/www.pedagogie.ac-nice.fr\/cast\/wp-json\/wp\/v2\/media?parent=553"}],"curies":[{"name":"wp","href":"https:\/\/api.w.org\/{rel}","templated":true}]}}