{"id":693,"date":"2021-06-02T11:40:01","date_gmt":"2021-06-02T09:40:01","guid":{"rendered":"https:\/\/www.pedagogie.ac-nice.fr\/cast\/?page_id=693"},"modified":"2021-11-21T16:58:36","modified_gmt":"2021-11-21T15:58:36","slug":"annee-de-la-biologie-2021-2022","status":"publish","type":"page","link":"https:\/\/www.pedagogie.ac-nice.fr\/cast\/annee-de-la-biologie-2021-2022\/","title":{"rendered":"Ann\u00e9e de la biologie 2021-2022"},"content":{"rendered":"<div id=\"m_1218442198533588287chapo\">\n<p><b>De l\u2019\u00e9cole aux formations post-baccalaur\u00e9at&#8230;<img loading=\"lazy\" decoding=\"async\" class=\"alignright wp-image-717 size-medium\" src=\"https:\/\/www.pedagogie.ac-nice.fr\/cast\/wp-content\/uploads\/sites\/46\/2021\/06\/image-1-300x200.jpg\" alt=\"\" width=\"300\" height=\"200\" srcset=\"https:\/\/www.pedagogie.ac-nice.fr\/cast\/wp-content\/uploads\/sites\/46\/2021\/06\/image-1-300x200.jpg 300w, https:\/\/www.pedagogie.ac-nice.fr\/cast\/wp-content\/uploads\/sites\/46\/2021\/06\/image-1-1024x683.jpg 1024w, https:\/\/www.pedagogie.ac-nice.fr\/cast\/wp-content\/uploads\/sites\/46\/2021\/06\/image-1-768x512.jpg 768w, https:\/\/www.pedagogie.ac-nice.fr\/cast\/wp-content\/uploads\/sites\/46\/2021\/06\/image-1-391x260.jpg 391w, https:\/\/www.pedagogie.ac-nice.fr\/cast\/wp-content\/uploads\/sites\/46\/2021\/06\/image-1.jpg 1200w\" sizes=\"(max-width: 300px) 100vw, 300px\" \/><\/b><\/p>\n<p>Dans le cadre d\u2019un partenariat entre l\u2019\u00c9ducation nationale et le CNRS pour mettre en lumi\u00e8re les enjeux actuels de la recherche en biologie (enjeux strat\u00e9giques, enjeux \u00e9conomiques, enjeux entrepreneuriaux, enjeux de formation) pour la France et l\u2019Europe, il a \u00e9t\u00e9 d\u00e9cid\u00e9 au niveau national que l\u2019ann\u00e9e scolaire 2021-2022 sera \u00ab l\u2019ann\u00e9e de la biologie.<\/p>\n<\/div>\n<p>Ce projet national a pour objectif de concerner l\u2019ensemble des acteurs de la communaut\u00e9 \u00e9ducative et scientifique de l\u2019\u00e9cole maternelle jusqu\u2019aux formations post-baccalaur\u00e9at.<\/p>\n<div id=\"m_1218442198533588287chapo\">\n<p><span style=\"color: #000000;\">Toutes les actions organis\u00e9es dans le cadre de l\u2019Ann\u00e9e de la biologie sont centralis\u00e9es sur&nbsp;<\/span>&nbsp;:&nbsp;<a href=\"https:\/\/www.cote-azur.cnrs.fr\/fr\/annee-de-la-biologie-2021-2022\" target=\"_blank\" rel=\"noopener\" data-saferedirecturl=\"https:\/\/www.google.com\/url?q=https:\/\/imsva91-ctp.trendmicro.com:443\/wis\/clicktime\/v1\/query?url%3Dhttps%253a%252f%252fwww.cote%252dazur.cnrs.fr%252ffr%252fannee%252dde%252dla%252dbiologie%252d2021%252d2022%26umid%3D452E0D45-D007-4A05-9577-01AB6825C91A%26auth%3Db2e75a85dac1d6c2329f45d980d65bc87d967b19-d2876ba2eb17180cc66adf395f3447234efab399&amp;source=gmail&amp;ust=1637584041543000&amp;usg=AOvVaw3Ph97CH0_BPQ2NorW44RZk\">https:\/\/www.cote-azur.cnrs.fr\/<wbr>fr\/annee-de-la-biologie-2021-<wbr>2022<\/a><\/p>\n<p>Vous pourrez retrouver plus pr\u00e9cis\u00e9ment les actions \u00e0 destination des \u00e9coles, coll\u00e8ges et lyc\u00e9es (g\u00e9n\u00e9raux, technologiques et professionnels) de l\u2019acad\u00e9mie dans un prochain programme d\u00e9taill\u00e9 mais voici d\u00e9j\u00e0 quelques unes des propositions:<\/p>\n<p><a href=\"https:\/\/www.pedagogie.ac-nice.fr\/cast\/annee-de-la-biologie-2021-2022\/sciences-du-vivant-et-de-la-sante\/\" rel=\"attachment wp-att-768\"><img loading=\"lazy\" decoding=\"async\" class=\"alignleft wp-image-768\" src=\"https:\/\/www.pedagogie.ac-nice.fr\/cast\/wp-content\/uploads\/sites\/46\/2021\/07\/Sciences-du-vivant-et-de-la-sante-300x200.png\" alt=\"\" width=\"230\" height=\"153\" srcset=\"https:\/\/www.pedagogie.ac-nice.fr\/cast\/wp-content\/uploads\/sites\/46\/2021\/07\/Sciences-du-vivant-et-de-la-sante-300x200.png 300w, https:\/\/www.pedagogie.ac-nice.fr\/cast\/wp-content\/uploads\/sites\/46\/2021\/07\/Sciences-du-vivant-et-de-la-sante-768x512.png 768w, https:\/\/www.pedagogie.ac-nice.fr\/cast\/wp-content\/uploads\/sites\/46\/2021\/07\/Sciences-du-vivant-et-de-la-sante-391x260.png 391w, https:\/\/www.pedagogie.ac-nice.fr\/cast\/wp-content\/uploads\/sites\/46\/2021\/07\/Sciences-du-vivant-et-de-la-sante.png 878w\" sizes=\"(max-width: 230px) 100vw, 230px\" \/><\/a><a href=\"https:\/\/www.pedagogie.ac-nice.fr\/cast\/annee-de-la-biologie-2021-2022\/cnrs-insb\/\" rel=\"attachment wp-att-767\"><img loading=\"lazy\" decoding=\"async\" class=\"alignleft wp-image-767\" src=\"https:\/\/www.pedagogie.ac-nice.fr\/cast\/wp-content\/uploads\/sites\/46\/2021\/07\/CNRS-INSB-300x300.jpg\" alt=\"\" width=\"136\" height=\"136\" srcset=\"https:\/\/www.pedagogie.ac-nice.fr\/cast\/wp-content\/uploads\/sites\/46\/2021\/07\/CNRS-INSB-300x300.jpg 300w, https:\/\/www.pedagogie.ac-nice.fr\/cast\/wp-content\/uploads\/sites\/46\/2021\/07\/CNRS-INSB-150x150.jpg 150w, https:\/\/www.pedagogie.ac-nice.fr\/cast\/wp-content\/uploads\/sites\/46\/2021\/07\/CNRS-INSB.jpg 512w\" sizes=\"(max-width: 136px) 100vw, 136px\" \/><\/a><a href=\"https:\/\/www.pedagogie.ac-nice.fr\/cast\/2020_logos_academies\/\"><img loading=\"lazy\" decoding=\"async\" class=\"alignright wp-image-5 size-full\" src=\"https:\/\/www.pedagogie.ac-nice.fr\/cast\/wp-content\/uploads\/sites\/46\/2020\/10\/21_logoAC_NICE_vignette.jpg\" alt=\"\" width=\"200\" height=\"200\" srcset=\"https:\/\/www.pedagogie.ac-nice.fr\/cast\/wp-content\/uploads\/sites\/46\/2020\/10\/21_logoAC_NICE_vignette.jpg 200w, https:\/\/www.pedagogie.ac-nice.fr\/cast\/wp-content\/uploads\/sites\/46\/2020\/10\/21_logoAC_NICE_vignette-150x150.jpg 150w\" sizes=\"(max-width: 200px) 100vw, 200px\" \/><\/a><a href=\"https:\/\/www.pedagogie.ac-nice.fr\/cast\/liens-avec-lenseignement-superieur\/logo-oca\/\" rel=\"attachment wp-att-498\"><img loading=\"lazy\" decoding=\"async\" class=\"alignleft wp-image-498 \" src=\"https:\/\/www.pedagogie.ac-nice.fr\/cast\/wp-content\/uploads\/sites\/46\/2020\/11\/Logo-OCA.png\" alt=\"\" width=\"139\" height=\"110\"><\/a><\/p>\n<table style=\"height: 377px; width: 100%; border-collapse: collapse; border-style: double; border-color: #000000;\">\n<tbody>\n<tr style=\"height: 95px;\">\n<td style=\"width: 25%; text-align: center; height: 95px; background-color: #f7e454; border-color: #f5b30c;\"><span style=\"font-size: 14pt;\"><strong>Cycle de conf\u00e9rences mensuel<\/strong><\/span><\/td>\n<td style=\"width: 25%; height: 95px; border-color: #bf812a; background-color: #f2b750; border-style: double; text-align: center;\"><span style=\"font-size: 14pt;\"><strong>Journ\u00e9e immersive de formation<\/strong><\/span><\/td>\n<td style=\"width: 25%; height: 95px; border-color: #197d57; background-color: #09e884; border-style: double; text-align: center;\"><span style=\"font-size: 14pt;\"><strong>Invitation et participation \u00e0 des \u00e9v\u00e8nements de culture science en 2022<\/strong><\/span><\/td>\n<td style=\"width: 25%; height: 95px; border-color: #0c5391; background-color: #85b9ed; border-style: double; text-align: center;\"><span style=\"font-size: 14pt;\"><strong>Supports<\/strong><\/span><\/td>\n<\/tr>\n<tr style=\"height: 130px;\">\n<td style=\"width: 25%; height: 130px; background-color: #f7e454; border-style: solid; border-color: #f5b30c;\">\n<p style=\"text-align: center;\"><strong><span style=\"color: #ffffff;\">A destination des enseignants scolaires<\/span><\/strong><\/p>\n<p style=\"text-align: center;\"><strong><span style=\"color: #ffffff;\">Grand public<\/span><\/strong><\/p>\n<\/td>\n<td style=\"width: 25%; height: 282px; border-color: #a66b19; background-color: #f2b750; border-style: double;\" rowspan=\"3\">\n<p style=\"text-align: center;\"><strong><span style=\"color: #ffffff;\">A destination des enseignants du primaire et secondaire, en laboratoire sur le 06 et 83<\/span><\/strong><\/p>\n<p style=\"text-align: center;\">&nbsp;<\/p>\n<p style=\"text-align: center;\"><strong><span style=\"color: #ffffff;\">&nbsp;<\/span><\/strong><\/p>\n<\/td>\n<td style=\"width: 25%; height: 282px; border-color: #0a734b; background-color: #09e884; border-style: double;\" rowspan=\"3\">\n<p style=\"text-align: center;\"><strong><span style=\"color: #ffffff;\">Ma Th\u00e8se en 180 s<\/span><\/strong><\/p>\n<p style=\"text-align: center;\"><strong><span style=\"color: #ffffff;\">Semaine du cerveau<\/span><\/strong><\/p>\n<p style=\"text-align: center;\"><strong><span style=\"color: #ffffff;\">Printemps des chercheurs<\/span><\/strong><\/p>\n<p style=\"text-align: center;\"><strong><span style=\"color: #ffffff;\">Nuits des chercheurs<\/span><\/strong><\/p>\n<p>&nbsp;<\/p>\n<p style=\"text-align: center;\"><strong><span style=\"color: #ffffff;\">&nbsp;<\/span><\/strong><\/p>\n<\/td>\n<td style=\"width: 25%; height: 282px; border-color: #85c8f2; background-color: #85b9ed;\" rowspan=\"3\"><a href=\"https:\/\/anneedelabiologie.cnrs.fr\/\" target=\"_blank\" rel=\"noopener\">Site de l&rsquo;ann\u00e9e de la biologie<\/a><\/p>\n<p><strong><span style=\"color: #ffffff;\">Exposition:<\/span><\/strong><\/p>\n<ul>\n<li style=\"text-align: left;\"><a href=\"https:\/\/www.cote-azur.cnrs.fr\/fr\/visages-de-la-science-en-cote-dazur\" target=\"_blank\" rel=\"noopener\">M\u00e9tiers de la science<\/a><\/li>\n<\/ul>\n<p><strong><span style=\"color: #ffffff;\">Vid\u00e9os scientifiques:<\/span><\/strong><\/p>\n<ul>\n<li><a href=\"https:\/\/www.youtube.com\/playlist?list=PLZMRB2pnw3nzUGOAdNnxXNCdPVsc-5_SN\" target=\"_blank\" rel=\"noopener\">Zeste de th\u00e8se<\/a><\/li>\n<li><a href=\"https:\/\/www.youtube.com\/playlist?list=PLZMRB2pnw3nxSVsjugZ5XHC6eDjbGIL4M\" target=\"_blank\" rel=\"noopener\">M\u00e9tiers de la science<\/a><\/li>\n<\/ul>\n<p>&nbsp;<\/p>\n<p>&nbsp;<\/td>\n<\/tr>\n<tr style=\"height: 72px;\">\n<td style=\"width: 25%; height: 72px; border-color: #f7ef7c; background-color: #f7e454;\">\n<p style=\"text-align: center;\"><span style=\"font-size: 14pt;\"><strong>Intervention de chercheurs<\/strong><\/span><\/p>\n<\/td>\n<\/tr>\n<tr style=\"height: 80px;\">\n<td style=\"width: 25%; border-color: #f7ef7c; background-color: #f7e454; height: 80px;\">\n<p style=\"text-align: center;\"><span style=\"font-size: 12pt; color: #ffffff;\"><strong>En \u00e9tablissements scolaires<\/strong><\/span><\/p>\n<\/td>\n<\/tr>\n<\/tbody>\n<\/table>\n<\/div>\n","protected":false},"excerpt":{"rendered":"<p>De l\u2019\u00e9cole aux formations post-baccalaur\u00e9at&#8230; Dans le cadre d\u2019un partenariat entre l\u2019\u00c9ducation nationale et le CNRS pour mettre en lumi\u00e8re les enjeux actuels de la recherche en biologie (enjeux strat\u00e9giques, enjeux \u00e9conomiques, enjeux entrepreneuriaux, enjeux de formation) pour la France et l\u2019Europe, il a \u00e9t\u00e9 d\u00e9cid\u00e9 au niveau national que l\u2019ann\u00e9e scolaire 2021-2022 sera \u00ab [&hellip;]<\/p>\n","protected":false},"author":261,"featured_media":0,"parent":0,"menu_order":0,"comment_status":"closed","ping_status":"closed","template":"","meta":{"_et_pb_use_builder":"","_et_pb_old_content":"","_et_gb_content_width":"","ngg_post_thumbnail":0,"footnotes":""},"class_list":["post-693","page","type-page","status-publish","hentry"],"rttpg_featured_image_url":null,"rttpg_author":{"display_name":"L'\u00e9quipe CAST","author_link":"https:\/\/www.pedagogie.ac-nice.fr\/cast\/author\/cast1\/"},"rttpg_comment":0,"rttpg_category":null,"rttpg_excerpt":"De l\u2019\u00e9cole aux formations post-baccalaur\u00e9at&#8230; Dans le cadre d\u2019un partenariat entre l\u2019\u00c9ducation nationale et le CNRS pour mettre en lumi\u00e8re les enjeux actuels de la recherche en biologie (enjeux strat\u00e9giques, enjeux \u00e9conomiques, enjeux entrepreneuriaux, enjeux de formation) pour la France et l\u2019Europe, il a \u00e9t\u00e9 d\u00e9cid\u00e9 au niveau national que l\u2019ann\u00e9e scolaire 2021-2022 sera \u00ab\u2026","post_mailing_queue_ids":[],"_links":{"self":[{"href":"https:\/\/www.pedagogie.ac-nice.fr\/cast\/wp-json\/wp\/v2\/pages\/693","targetHints":{"allow":["GET"]}}],"collection":[{"href":"https:\/\/www.pedagogie.ac-nice.fr\/cast\/wp-json\/wp\/v2\/pages"}],"about":[{"href":"https:\/\/www.pedagogie.ac-nice.fr\/cast\/wp-json\/wp\/v2\/types\/page"}],"author":[{"embeddable":true,"href":"https:\/\/www.pedagogie.ac-nice.fr\/cast\/wp-json\/wp\/v2\/users\/261"}],"replies":[{"embeddable":true,"href":"https:\/\/www.pedagogie.ac-nice.fr\/cast\/wp-json\/wp\/v2\/comments?post=693"}],"version-history":[{"count":12,"href":"https:\/\/www.pedagogie.ac-nice.fr\/cast\/wp-json\/wp\/v2\/pages\/693\/revisions"}],"predecessor-version":[{"id":889,"href":"https:\/\/www.pedagogie.ac-nice.fr\/cast\/wp-json\/wp\/v2\/pages\/693\/revisions\/889"}],"wp:attachment":[{"href":"https:\/\/www.pedagogie.ac-nice.fr\/cast\/wp-json\/wp\/v2\/media?parent=693"}],"curies":[{"name":"wp","href":"https:\/\/api.w.org\/{rel}","templated":true}]}}