{"id":878,"date":"2021-11-21T16:38:00","date_gmt":"2021-11-21T15:38:00","guid":{"rendered":"https:\/\/www.pedagogie.ac-nice.fr\/cast\/?page_id=878"},"modified":"2021-12-18T16:56:55","modified_gmt":"2021-12-18T15:56:55","slug":"1-la-biologie-quelles-etudes-pour-quel-avenir","status":"publish","type":"page","link":"https:\/\/www.pedagogie.ac-nice.fr\/cast\/1-la-biologie-quelles-etudes-pour-quel-avenir\/","title":{"rendered":"La biologie, quelles \u00e9tudes pour quel avenir ? &#8211; 23\/11\/21"},"content":{"rendered":"<p>Cette conf\u00e9rence aura lieu le 23 Novembre 2021, au Centre International de Valbonne.<br \/>\nElle se d\u00e9coupera en deux temps :<br \/>\n1- 40 minutes d&rsquo;intervention<br \/>\n2- Questions-R\u00e9ponses<\/p>\n<p>La conf\u00e9rence sera retransmise en direct sur la cha\u00eene YouTube du CNRS.<\/p>\n<p>La conf\u00e9rence est anim\u00e9e par <strong>Laurent Counillon<\/strong>\u202fest Professeur \u00e0 l\u2019Universit\u00e9 C\u00f4te d\u2019Azur, directeur du Laboratoire de PhysioM\u00e9decine Mol\u00e9culaire situ\u00e9 sur le Campus Pasteur de la Facult\u00e9 de M\u00e9decine de l\u2019Universit\u00e9 C\u00f4te d\u2019Azur et directeur de l\u2019\u00c9cole Universitaire de Recherche en Sciences de la Vie et de la Sant\u00e9.<\/p>\n<p>Les axes de recherche de l\u2019Unit\u00e9 qu\u2019il dirige portent sur :<\/p>\n<ul style=\"list-style-type: circle;\">\n<li>Les canaux et transporteurs ioniques,<\/li>\n<li>L&rsquo;ost\u00e9oimmunologie\u202fet l&rsquo;inflammation chronique,<\/li>\n<li>Les th\u00e9rapies mol\u00e9culaires et cellulaires innovantes en N\u00e9phrologie et Transplantation<\/li>\n<\/ul>\n<p>L&rsquo;objet de sa recherche est de comprendre comment certaines prot\u00e9ines exprim\u00e9es dans la membrane des cellules r\u00e9gulent des param\u00e8tres clef pour le fonctionnement cellulaire et pour l\u2019organisme. Ses travaux vont des m\u00e9canismes mol\u00e9culaires aux relations avec les pathologies humaines et aux applications pour de futurs traitements.<\/p>\n<p>Laurent Counillon est aussi tr\u00e8s fortement impliqu\u00e9 dans l\u2019enseignement de la biologie, Il est directeur d\u2019une \u00c9cole Universitaire de Recherche en Sciences de la Vie et de la Sant\u00e9 \u00e0 l\u2019Universit\u00e9 C\u00f4te d\u2019Azur et a pr\u00e9sid\u00e9 de nombreux comit\u00e9s nationaux et internationaux d\u2019\u00e9valuation de formations de Licence, Master et Doctorat.<\/p>\n<p>Laurent Counillon abordera les sujets suivants :<\/p>\n<ul style=\"list-style-type: circle;\">\n<li>Quels sont les grands axes de recherche en biologie actuellement\u202f?<\/li>\n<li>Comment la recherche est en ligne directe avec l\u2019enseignement dans les Universit\u00e9s?<\/li>\n<li>Quels en sont les m\u00e9tiers de la biologie d\u2019aujourd\u2019hui et de demain\u202f?<\/li>\n<\/ul>\n<p>Pour plus d&rsquo;informations, cliquez <a href=\"https:\/\/opencourses.univ-cotedazur.fr\/course\/view.php?id=208&amp;section=1\" target=\"_blank\" rel=\"noopener\">ici<\/a><\/p>\n","protected":false},"excerpt":{"rendered":"<p>Cette conf\u00e9rence aura lieu le 23 Novembre 2021, au Centre International de Valbonne. Elle se d\u00e9coupera en deux temps : 1- 40 minutes d&rsquo;intervention 2- Questions-R\u00e9ponses La conf\u00e9rence sera retransmise en direct sur la cha\u00eene YouTube du CNRS. La conf\u00e9rence est anim\u00e9e par Laurent Counillon\u202fest Professeur \u00e0 l\u2019Universit\u00e9 C\u00f4te d\u2019Azur, directeur du Laboratoire de PhysioM\u00e9decine [&hellip;]<\/p>\n","protected":false},"author":261,"featured_media":0,"parent":0,"menu_order":0,"comment_status":"closed","ping_status":"closed","template":"","meta":{"_et_pb_use_builder":"","_et_pb_old_content":"","_et_gb_content_width":"","ngg_post_thumbnail":0,"footnotes":""},"class_list":["post-878","page","type-page","status-publish","hentry"],"rttpg_featured_image_url":null,"rttpg_author":{"display_name":"L'\u00e9quipe CAST","author_link":"https:\/\/www.pedagogie.ac-nice.fr\/cast\/author\/cast1\/"},"rttpg_comment":0,"rttpg_category":null,"rttpg_excerpt":"Cette conf\u00e9rence aura lieu le 23 Novembre 2021, au Centre International de Valbonne. Elle se d\u00e9coupera en deux temps : 1- 40 minutes d&rsquo;intervention 2- Questions-R\u00e9ponses La conf\u00e9rence sera retransmise en direct sur la cha\u00eene YouTube du CNRS. La conf\u00e9rence est anim\u00e9e par Laurent Counillon\u202fest Professeur \u00e0 l\u2019Universit\u00e9 C\u00f4te d\u2019Azur, directeur du Laboratoire de PhysioM\u00e9decine\u2026","post_mailing_queue_ids":[],"_links":{"self":[{"href":"https:\/\/www.pedagogie.ac-nice.fr\/cast\/wp-json\/wp\/v2\/pages\/878","targetHints":{"allow":["GET"]}}],"collection":[{"href":"https:\/\/www.pedagogie.ac-nice.fr\/cast\/wp-json\/wp\/v2\/pages"}],"about":[{"href":"https:\/\/www.pedagogie.ac-nice.fr\/cast\/wp-json\/wp\/v2\/types\/page"}],"author":[{"embeddable":true,"href":"https:\/\/www.pedagogie.ac-nice.fr\/cast\/wp-json\/wp\/v2\/users\/261"}],"replies":[{"embeddable":true,"href":"https:\/\/www.pedagogie.ac-nice.fr\/cast\/wp-json\/wp\/v2\/comments?post=878"}],"version-history":[{"count":6,"href":"https:\/\/www.pedagogie.ac-nice.fr\/cast\/wp-json\/wp\/v2\/pages\/878\/revisions"}],"predecessor-version":[{"id":913,"href":"https:\/\/www.pedagogie.ac-nice.fr\/cast\/wp-json\/wp\/v2\/pages\/878\/revisions\/913"}],"wp:attachment":[{"href":"https:\/\/www.pedagogie.ac-nice.fr\/cast\/wp-json\/wp\/v2\/media?parent=878"}],"curies":[{"name":"wp","href":"https:\/\/api.w.org\/{rel}","templated":true}]}}