{"id":201,"date":"2016-10-10T11:36:13","date_gmt":"2016-10-10T09:36:13","guid":{"rendered":"https:\/\/www.pedagogie.ac-nice.fr\/cdesc83\/?page_id=201"},"modified":"2017-05-17T10:37:45","modified_gmt":"2017-05-17T08:37:45","slug":"tableau-de-bord","status":"publish","type":"page","link":"https:\/\/www.pedagogie.ac-nice.fr\/cdesc83\/tableau-de-bord\/","title":{"rendered":"Tableau de bord"},"content":{"rendered":"<article id=\"dutableau\">Cette Rubrique pr\u00e9sente les volets ; axes et parcours d\u00e9finis au sein du CDESC.<br \/>\nTous les parcours pr\u00e9sent\u00e9s dans le tableau de bord sont \u00e0 int\u00e9grer au sein du 2nd degr\u00e9 d&rsquo;\u00e9ducation \u00e0 savoir :<\/p>\n<ul>\n<li>\u00c9cole maternelle<\/li>\n<li>\u00c9cole \u00e9l\u00e9mentaire<\/li>\n<li>Coll\u00e8ge<\/li>\n<li>Lyc\u00e9e<\/li>\n<\/ul>\n<p>Pour pouvoir faire une demande ou une offre d&rsquo;action \u00e9ducative en lien avec les parcours d&rsquo;\u00e9ducation CDESC merci de consulter les rubriques correspondantes en cliquant sur le raccourci<br \/>\n<a href=\"https:\/\/www.pedagogie.ac-nice.fr\/cdesc83\/plateforme\/\" target=\"_blank\" rel=\"noopener noreferrer\">La Plateforme<\/a> ou alors sur les liens ci-dessous:<\/p>\n<ul>\n<li><a href=\"https:\/\/www.pedagogie.ac-nice.fr\/cdesc83\/acces-bassin-deducation-de-formation\/\" target=\"_blank\" rel=\"noopener noreferrer\">Je suis un Bassin d\u2019\u00c9ducation et de Formation<\/a><\/li>\n<li><a href=\"https:\/\/www.pedagogie.ac-nice.fr\/cdesc83\/acces-service-de-letat\/\" target=\"_blank\" rel=\"noopener noreferrer\">Je suis un service de L\u2019\u00c9tat<\/a><\/li>\n<li><a href=\"https:\/\/www.pedagogie.ac-nice.fr\/cdesc83\/associations-partenaires\/\" target=\"_blank\" rel=\"noopener noreferrer\">Je suis une association partenaire<\/a><\/li>\n<\/ul>\n<\/article>\n<section id=\"section2\">\n<div>\n<div id=\"citoyennete\">\n<div id=\"parcourscitoyen\">\n<h3 style=\"text-align: center\"><img loading=\"lazy\" decoding=\"async\" class=\"alignnone size-full wp-image-5474\" src=\"https:\/\/www.pedagogie.ac-nice.fr\/cdesc83\/wp-content\/uploads\/sites\/7\/2016\/10\/2-2.jpg\" alt=\"\" width=\"170\" height=\"170\" srcset=\"https:\/\/www.pedagogie.ac-nice.fr\/cdesc83\/wp-content\/uploads\/sites\/7\/2016\/10\/2-2.jpg 170w, https:\/\/www.pedagogie.ac-nice.fr\/cdesc83\/wp-content\/uploads\/sites\/7\/2016\/10\/2-2-150x150.jpg 150w\" sizes=\"(max-width: 170px) 100vw, 170px\" \/><\/h3>\n<h3 style=\"text-align: center\">VOLET CITOYENNET\u00c9<\/h3>\n<p>&nbsp;<\/p>\n<h4>AXE 1-LA CONSTRUCTION ET LA MISE EN \u0152UVRE D\u2019UN PARCOURS CITOYEN TOUT AU LONG DE LA SCOLARIT\u00c9 DES \u00c9LEV\u00c9S.<\/h4>\n<ul>\n<li>La participation des partenaires de l\u2019\u00e9cole au nouvel enseignement moral et civique<\/li>\n<li>Le d\u00e9veloppement de la participation et de l\u2019initiative des \u00e9l\u00e8ves au sein des \u00e9coles et des \u00e9tablissements<\/li>\n<li>Le d\u00e9veloppement de l\u2019engagement des \u00e9l\u00e8ves au sein d\u2019associations<\/li>\n<li>L\u2019\u00e9ducation aux m\u00e9dias et \u00e0 l\u2019information<\/li>\n<li>L\u2019\u00e9ducation aux droits et devoirs des \u00e9l\u00e8ves<\/li>\n<\/ul>\n<\/div>\n<div id=\"valeursrepubliques\">\n<h4>AXE 2-LA MOBILISATION PARTENARIALE POUR RENFORCER LA TRANSMISSION DES VALEURS DE LA R\u00c9PUBLIQUE.<\/h4>\n<ul>\n<li>La lutte contre le racisme et l\u2019antis\u00e9mitisme<\/li>\n<li>Le d\u00e9veloppement du recours aux mesures de responsabilisation<\/li>\n<li>Le d\u00e9veloppement d\u2019actions en direction des \u00e9l\u00e8ves exclus temporairement<\/li>\n<li>La pr\u00e9vention du d\u00e9crochage scolaire et l\u2019insertion professionnelle<\/li>\n<\/ul>\n<\/div>\n<div id=\"defensememoire\">\n<h4>AXE 3-L\u2019EDUCATION A LA D\u00c9FENSE ET M\u00c9MOIRE.<\/h4>\n<ul>\n<li>La participation des \u00e9l\u00e8ves aux comm\u00e9morations et journ\u00e9es citoyennes et patriotiques<\/li>\n<li>Le recensement citoyen<\/li>\n<li>La pr\u00e9paration en amont de la Journ\u00e9e D\u00e9fense et Citoyennet\u00e9<\/li>\n<li>L\u2019enseignement obligatoire de d\u00e9fense en 3\u00b0 et 1\u00b0<\/li>\n<li>Les enseignements pratiques Interdisciplinaires<\/li>\n<\/ul>\n<\/div>\n<\/div>\n<div id=\"actionparents\">\n<h3><\/h3>\n<h3 style=\"text-align: center\"><img loading=\"lazy\" decoding=\"async\" class=\"alignnone size-medium wp-image-5475\" src=\"https:\/\/www.pedagogie.ac-nice.fr\/cdesc83\/wp-content\/uploads\/sites\/7\/2016\/10\/silhouette-d-39-une-famille-marchant-ensemble_1048-2291-300x300.jpg\" alt=\"\" width=\"300\" height=\"300\" srcset=\"https:\/\/www.pedagogie.ac-nice.fr\/cdesc83\/wp-content\/uploads\/sites\/7\/2016\/10\/silhouette-d-39-une-famille-marchant-ensemble_1048-2291-300x300.jpg 300w, https:\/\/www.pedagogie.ac-nice.fr\/cdesc83\/wp-content\/uploads\/sites\/7\/2016\/10\/silhouette-d-39-une-famille-marchant-ensemble_1048-2291-150x150.jpg 150w, https:\/\/www.pedagogie.ac-nice.fr\/cdesc83\/wp-content\/uploads\/sites\/7\/2016\/10\/silhouette-d-39-une-famille-marchant-ensemble_1048-2291.jpg 338w\" sizes=\"(max-width: 300px) 100vw, 300px\" \/><\/h3>\n<h3 style=\"text-align: center\">VOLET ACTIONS EN DIRECTION DES PARENTS<\/h3>\n<p>&nbsp;<\/p>\n<h4>AXE 4-ASSOCIER PLEINEMENT ET D\u00c9VELOPPER LES TEMPS D\u2019\u00c9CHANGES AVEC LES PARENTS D\u2019\u00c9LEV\u00c9S.<\/h4>\n<ul>\n<li>Le d\u00e9veloppement de lieux d\u2019accueil des parents<\/li>\n<li>Le d\u00e9veloppement d&rsquo;actions de formation \u00e0 l\u2019intention des parents au sein de l&rsquo;\u00e9cole<\/li>\n<li>La \u00ab mallette des parents \u00bb<\/li>\n<li>Le renforcement de l\u2019information et de la communication en direction des parents<\/li>\n<\/ul>\n<\/div>\n<div id=\"educationalasante\">\n<h3 style=\"text-align: center\"><img loading=\"lazy\" decoding=\"async\" class=\"alignnone size-full wp-image-5476\" src=\"https:\/\/www.pedagogie.ac-nice.fr\/cdesc83\/wp-content\/uploads\/sites\/7\/2016\/10\/3-1.jpg\" alt=\"\" width=\"170\" height=\"170\" srcset=\"https:\/\/www.pedagogie.ac-nice.fr\/cdesc83\/wp-content\/uploads\/sites\/7\/2016\/10\/3-1.jpg 170w, https:\/\/www.pedagogie.ac-nice.fr\/cdesc83\/wp-content\/uploads\/sites\/7\/2016\/10\/3-1-150x150.jpg 150w\" sizes=\"(max-width: 170px) 100vw, 170px\" \/><\/h3>\n<h3 style=\"text-align: center\">VOLET SANT\u00c9<\/h3>\n<p>&nbsp;<\/p>\n<h4>AXE 5-L\u2019EDUCATION A LA SANT\u00c9, A LA SEXUALIT\u00c9 ET DE PR\u00c9VENTION DES COMPORTEMENTS A RISQUES.<\/h4>\n<ul>\n<li>Les conduites addictives<\/li>\n<li>L\u2019\u00e9ducation \u00e0 la sexualit\u00e9<\/li>\n<li>L\u2019hygi\u00e8ne<\/li>\n<li>La nutrition<\/li>\n<li>Le secourisme<\/li>\n<\/ul>\n<\/div>\n<div id=\"preventionviolence\">\n<h3 style=\"text-align: center\"><img loading=\"lazy\" decoding=\"async\" class=\"alignnone size-medium wp-image-5477\" src=\"https:\/\/www.pedagogie.ac-nice.fr\/cdesc83\/wp-content\/uploads\/sites\/7\/2016\/10\/sa-300x300.jpg\" alt=\"\" width=\"300\" height=\"300\" srcset=\"https:\/\/www.pedagogie.ac-nice.fr\/cdesc83\/wp-content\/uploads\/sites\/7\/2016\/10\/sa-300x300.jpg 300w, https:\/\/www.pedagogie.ac-nice.fr\/cdesc83\/wp-content\/uploads\/sites\/7\/2016\/10\/sa-150x150.jpg 150w, https:\/\/www.pedagogie.ac-nice.fr\/cdesc83\/wp-content\/uploads\/sites\/7\/2016\/10\/sa-500x500.jpg 500w, https:\/\/www.pedagogie.ac-nice.fr\/cdesc83\/wp-content\/uploads\/sites\/7\/2016\/10\/sa.jpg 626w\" sizes=\"(max-width: 300px) 100vw, 300px\" \/><\/h3>\n<h3 style=\"text-align: center\">VOLET PR\u00c9VENTION DE LA VIOLENCE<\/h3>\n<p>&nbsp;<\/p>\n<h4>AXE 6-LA PR\u00c9VENTION DE LA VIOLENCE.<\/h4>\n<ul>\n<li>Le d\u00e9veloppement de l\u2019estime de soi des comp\u00e9tences psycho-sociales<\/li>\n<li>L\u2019\u00e9galit\u00e9 filles gar\u00e7ons<\/li>\n<li>La lutte contre les discriminations<\/li>\n<li>La lutte contre le harc\u00e8lement<\/li>\n<li>La pr\u00e9vention de la maltraitance et les droits des enfants<\/li>\n<\/ul>\n<\/div>\n<div id=\"securiteroutiere\">\n<h3 style=\"text-align: center\"><img loading=\"lazy\" decoding=\"async\" class=\"alignnone size-medium wp-image-5478\" src=\"https:\/\/www.pedagogie.ac-nice.fr\/cdesc83\/wp-content\/uploads\/sites\/7\/2016\/10\/securite_routiere-300x192.png\" alt=\"\" width=\"300\" height=\"192\" srcset=\"https:\/\/www.pedagogie.ac-nice.fr\/cdesc83\/wp-content\/uploads\/sites\/7\/2016\/10\/securite_routiere-300x192.png 300w, https:\/\/www.pedagogie.ac-nice.fr\/cdesc83\/wp-content\/uploads\/sites\/7\/2016\/10\/securite_routiere-150x96.png 150w, https:\/\/www.pedagogie.ac-nice.fr\/cdesc83\/wp-content\/uploads\/sites\/7\/2016\/10\/securite_routiere.png 360w\" sizes=\"(max-width: 300px) 100vw, 300px\" \/><\/h3>\n<h3 style=\"text-align: center\">VOLET S\u00c9CURIT\u00c9 ROUTI\u00c8RE<\/h3>\n<h4 style=\"text-align: center\">AXE 7-L\u2019EDUCATION A LA S\u00c9CURIT\u00c9 ROUTI\u00c8RE.<\/h4>\n<p>&nbsp;<\/p>\n<ul>\n<li>?<\/li>\n<li>?<\/li>\n<li>?<\/li>\n<li>?<\/li>\n<li>?<\/li>\n<\/ul>\n<\/div>\n<div id=\"coordinationdesactions\">\n<h3 style=\"text-align: center\"><img loading=\"lazy\" decoding=\"async\" class=\"alignnone size-medium wp-image-5479\" src=\"https:\/\/www.pedagogie.ac-nice.fr\/cdesc83\/wp-content\/uploads\/sites\/7\/2016\/10\/tetepointinterro-300x300.jpg\" alt=\"\" width=\"300\" height=\"300\" srcset=\"https:\/\/www.pedagogie.ac-nice.fr\/cdesc83\/wp-content\/uploads\/sites\/7\/2016\/10\/tetepointinterro-300x300.jpg 300w, https:\/\/www.pedagogie.ac-nice.fr\/cdesc83\/wp-content\/uploads\/sites\/7\/2016\/10\/tetepointinterro-150x150.jpg 150w, https:\/\/www.pedagogie.ac-nice.fr\/cdesc83\/wp-content\/uploads\/sites\/7\/2016\/10\/tetepointinterro-500x500.jpg 500w, https:\/\/www.pedagogie.ac-nice.fr\/cdesc83\/wp-content\/uploads\/sites\/7\/2016\/10\/tetepointinterro.jpg 626w\" sizes=\"(max-width: 300px) 100vw, 300px\" \/><\/h3>\n<h3 style=\"text-align: center\">VOLET COORDINATION DES ACTIONS ET FORMATION<\/h3>\n<h4>AXE 8-LA COORDINATION DES ACTIONS ET LA FORMATION.<\/h4>\n<ul>\n<li>La mise en place de CESC inter degr\u00e9s.<\/li>\n<li>La participation des partenaires de l\u2019\u00e9cole aux structures locales de coordination<\/li>\n<li>La participation crois\u00e9e aux actions de formation locales<\/li>\n<li>La formation des enseignants et personnels d\u2019\u00e9ducation relative \u00e0 la citoyennet\u00e9, la la\u00efcit\u00e9, la lutte contre les pr\u00e9jug\u00e9s<\/li>\n<\/ul>\n<\/div>\n<\/div>\n<\/section>\n","protected":false},"excerpt":{"rendered":"<p>Cette Rubrique pr\u00e9sente les volets ; axes et parcours d\u00e9finis au sein du CDESC. Tous les parcours pr\u00e9sent\u00e9s dans le tableau de bord sont \u00e0 int\u00e9grer au sein du 2nd degr\u00e9 d&rsquo;\u00e9ducation \u00e0 savoir : \u00c9cole maternelle \u00c9cole \u00e9l\u00e9mentaire Coll\u00e8ge Lyc\u00e9e Pour pouvoir faire une demande ou une offre d&rsquo;action \u00e9ducative en lien avec les [&hellip;]<\/p>\n","protected":false},"author":1,"featured_media":0,"parent":0,"menu_order":0,"comment_status":"closed","ping_status":"closed","template":"","meta":{"_et_pb_use_builder":"","_et_pb_old_content":"","_et_gb_content_width":"","ngg_post_thumbnail":0,"footnotes":""},"class_list":["post-201","page","type-page","status-publish","hentry"],"rttpg_featured_image_url":null,"rttpg_author":{"display_name":"norco","author_link":"https:\/\/www.pedagogie.ac-nice.fr\/cdesc83\/author\/norco\/"},"rttpg_comment":0,"rttpg_category":null,"rttpg_excerpt":"Cette Rubrique pr\u00e9sente les volets ; axes et parcours d\u00e9finis au sein du CDESC. Tous les parcours pr\u00e9sent\u00e9s dans le tableau de bord sont \u00e0 int\u00e9grer au sein du 2nd degr\u00e9 d&rsquo;\u00e9ducation \u00e0 savoir : \u00c9cole maternelle \u00c9cole \u00e9l\u00e9mentaire Coll\u00e8ge Lyc\u00e9e Pour pouvoir faire une demande ou une offre d&rsquo;action \u00e9ducative en lien avec les\u2026","post_mailing_queue_ids":[],"_links":{"self":[{"href":"https:\/\/www.pedagogie.ac-nice.fr\/cdesc83\/wp-json\/wp\/v2\/pages\/201","targetHints":{"allow":["GET"]}}],"collection":[{"href":"https:\/\/www.pedagogie.ac-nice.fr\/cdesc83\/wp-json\/wp\/v2\/pages"}],"about":[{"href":"https:\/\/www.pedagogie.ac-nice.fr\/cdesc83\/wp-json\/wp\/v2\/types\/page"}],"author":[{"embeddable":true,"href":"https:\/\/www.pedagogie.ac-nice.fr\/cdesc83\/wp-json\/wp\/v2\/users\/1"}],"replies":[{"embeddable":true,"href":"https:\/\/www.pedagogie.ac-nice.fr\/cdesc83\/wp-json\/wp\/v2\/comments?post=201"}],"version-history":[{"count":15,"href":"https:\/\/www.pedagogie.ac-nice.fr\/cdesc83\/wp-json\/wp\/v2\/pages\/201\/revisions"}],"predecessor-version":[{"id":5480,"href":"https:\/\/www.pedagogie.ac-nice.fr\/cdesc83\/wp-json\/wp\/v2\/pages\/201\/revisions\/5480"}],"wp:attachment":[{"href":"https:\/\/www.pedagogie.ac-nice.fr\/cdesc83\/wp-json\/wp\/v2\/media?parent=201"}],"curies":[{"name":"wp","href":"https:\/\/api.w.org\/{rel}","templated":true}]}}