{"id":206,"date":"2016-10-10T11:37:08","date_gmt":"2016-10-10T09:37:08","guid":{"rendered":"https:\/\/www.pedagogie.ac-nice.fr\/cdesc83\/?page_id=206"},"modified":"2017-05-27T07:56:49","modified_gmt":"2017-05-27T05:56:49","slug":"acces-service-de-letat","status":"publish","type":"page","link":"https:\/\/www.pedagogie.ac-nice.fr\/cdesc83\/acces-service-de-letat\/","title":{"rendered":"Services de l\u2019\u00c9tat et EPCA"},"content":{"rendered":"<ul>\n<li><a href=\"https:\/\/www.pedagogie.ac-nice.fr\/cdesc83\/acces-agence-regionale-de-sante-ars\/\">Agence R\u00e9gionale de Sant\u00e9 &#8211; ARS<\/a><\/li>\n<li><a href=\"https:\/\/www.pedagogie.ac-nice.fr\/cdesc83\/acces-brigade-de-prevention-de-la-delinquance-juvenile-bpdj\/\">Brigade de Pr\u00e9vention de la D\u00e9linquance Juv\u00e9nile -BPDJ<\/a><\/li>\n<li><a href=\"https:\/\/www.pedagogie.ac-nice.fr\/cdesc83\/acces-cabinet-prefet\/\">Cabinet du Pr\u00e9fet<\/a><\/li>\n<li><a href=\"https:\/\/www.pedagogie.ac-nice.fr\/cdesc83\/acces-caf\/\">Caisse d&rsquo;Allocations Familiales &#8211; CAF<\/a><\/li>\n<li><a href=\"https:\/\/www.pedagogie.ac-nice.fr\/cdesc83\/acces-cdad-2\/\">Comit\u00e9 D\u00e9partemental d&rsquo;Acc\u00e8s au Droit &#8211; CDAD du Var<\/a><\/li>\n<li><a href=\"https:\/\/www.pedagogie.ac-nice.fr\/cdesc83\/acces-delegation-au-droit-des-femmes-et-a-legalite-ddfe\/\">D\u00e9l\u00e9gation au Droit des Femmes et \u00e0 l\u2019\u00c9galit\u00e9 &#8211; DDFE<\/a><\/li>\n<li><a href=\"https:\/\/www.pedagogie.ac-nice.fr\/cdesc83\/acces-dmp83\/\">D\u00e9l\u00e9gation Militaire D\u00e9partementale &#8211; DMD<\/a><a href=\"https:\/\/www.pedagogie.ac-nice.fr\/cdesc83\/acces-dmp83\/\">83<\/a><\/li>\n<li><a href=\"https:\/\/www.pedagogie.ac-nice.fr\/cdesc83\/acces-delegues-prefet\/\">D\u00e9l\u00e9gu\u00e9s du Pr\u00e9fet<\/a><\/li>\n<li><a href=\"https:\/\/www.pedagogie.ac-nice.fr\/cdesc83\/acces-ddcs\/\">Direction D\u00e9partementale de la Coh\u00e9sion Sociale &#8211; DDCS<\/a><\/li>\n<li><a href=\"https:\/\/www.pedagogie.ac-nice.fr\/cdesc83\/acces-direction-departementale-de-la-protection-judiciaire-de-la-jeunesse-ddpjj-2\/\">Direction D\u00e9partementale de la Protection Judiciaire de la Jeunesse &#8211; DDPJJ<\/a><\/li>\n<li><a href=\"https:\/\/www.pedagogie.ac-nice.fr\/cdesc83\/?page_id=5174&amp;preview=true\">Direction D\u00e9partementale de la S\u00e9curit\u00e9 Publique &#8211; DDSP<\/a><\/li>\n<li><a href=\"https:\/\/www.pedagogie.ac-nice.fr\/cdesc83\/ecoleentreprise\/\">Mission \u00e9cole\/entreprise<\/a><\/li>\n<li><a href=\"https:\/\/www.pedagogie.ac-nice.fr\/cdesc83\/emas-equipe-mobile-academique-de-securite\/\">Equipe Mobile Acad\u00e9mique de S\u00e9curit\u00e9 &#8211; EMAS<\/a><\/li>\n<li><a href=\"https:\/\/www.pedagogie.ac-nice.fr\/cdesc83\/acces-epf83-etablissement-public-foncier\/\">\u00c9tablissements Publics Foncier &#8211; <\/a><a href=\"https:\/\/www.pedagogie.ac-nice.fr\/cdesc83\/acces-epf83-etablissement-public-foncier\/\">EPF 83<\/a><\/li>\n<li><a href=\"https:\/\/www.pedagogie.ac-nice.fr\/cdesc83\/acces-gendarmerie\/\">Gendarmerie nationale<\/a><\/li>\n<li><a href=\"https:\/\/www.pedagogie.ac-nice.fr\/cdesc83\/acces-ihedn\/\">Institut des Hautes \u00c9tudes de la D\u00e9fense Nationale &#8211; IHEDN<\/a><\/li>\n<li><a href=\"https:\/\/www.pedagogie.ac-nice.fr\/cdesc83\/acces-onac\/\">Office National des Anciens Combattant et Victimes de Guerre &#8211; ONAC<\/a><\/li>\n<li><a href=\"https:\/\/www.pedagogie.ac-nice.fr\/cdesc83\/protocole-defense\/\">Protocole D\u00e9fense<\/a><\/li>\n<li><a href=\"https:\/\/www.pedagogie.ac-nice.fr\/cdesc83\/sante-scolaire\/\">Service de sant\u00e9 scolaire<\/a><\/li>\n<li><a href=\"https:\/\/www.pedagogie.ac-nice.fr\/cdesc83\/acces-securite-routiere-second-degre-du-var\/\">S\u00e9curit\u00e9 Routi\u00e8re<\/a><\/li>\n<li><a href=\"https:\/\/www.pedagogie.ac-nice.fr\/cdesc83\/service-social-scolaire\/\">Service<em> social<\/em> en faveur des \u00e9l\u00e8ves<\/a><\/li>\n<li><a href=\"https:\/\/www.pedagogie.ac-nice.fr\/cdesc83\/acces-prefet-de-ville\/\">Sous Pr\u00e9fet Charg\u00e9 de mission<\/a><\/li>\n<\/ul>\n","protected":false},"excerpt":{"rendered":"<p>Agence R\u00e9gionale de Sant\u00e9 &#8211; ARS Brigade de Pr\u00e9vention de la D\u00e9linquance Juv\u00e9nile -BPDJ Cabinet du Pr\u00e9fet Caisse d&rsquo;Allocations Familiales &#8211; CAF Comit\u00e9 D\u00e9partemental d&rsquo;Acc\u00e8s au Droit &#8211; CDAD du Var D\u00e9l\u00e9gation au Droit des Femmes et \u00e0 l\u2019\u00c9galit\u00e9 &#8211; DDFE D\u00e9l\u00e9gation Militaire D\u00e9partementale &#8211; DMD83 D\u00e9l\u00e9gu\u00e9s du Pr\u00e9fet Direction D\u00e9partementale de la Coh\u00e9sion Sociale [&hellip;]<\/p>\n","protected":false},"author":1,"featured_media":0,"parent":0,"menu_order":0,"comment_status":"closed","ping_status":"closed","template":"","meta":{"_et_pb_use_builder":"","_et_pb_old_content":"","_et_gb_content_width":"","ngg_post_thumbnail":0,"footnotes":""},"class_list":["post-206","page","type-page","status-publish","hentry"],"rttpg_featured_image_url":null,"rttpg_author":{"display_name":"norco","author_link":"https:\/\/www.pedagogie.ac-nice.fr\/cdesc83\/author\/norco\/"},"rttpg_comment":0,"rttpg_category":null,"rttpg_excerpt":"Agence R\u00e9gionale de Sant\u00e9 &#8211; ARS Brigade de Pr\u00e9vention de la D\u00e9linquance Juv\u00e9nile -BPDJ Cabinet du Pr\u00e9fet Caisse d&rsquo;Allocations Familiales &#8211; CAF Comit\u00e9 D\u00e9partemental d&rsquo;Acc\u00e8s au Droit &#8211; CDAD du Var D\u00e9l\u00e9gation au Droit des Femmes et \u00e0 l\u2019\u00c9galit\u00e9 &#8211; DDFE D\u00e9l\u00e9gation Militaire D\u00e9partementale &#8211; DMD83 D\u00e9l\u00e9gu\u00e9s du Pr\u00e9fet Direction D\u00e9partementale de la Coh\u00e9sion Sociale\u2026","post_mailing_queue_ids":[],"_links":{"self":[{"href":"https:\/\/www.pedagogie.ac-nice.fr\/cdesc83\/wp-json\/wp\/v2\/pages\/206","targetHints":{"allow":["GET"]}}],"collection":[{"href":"https:\/\/www.pedagogie.ac-nice.fr\/cdesc83\/wp-json\/wp\/v2\/pages"}],"about":[{"href":"https:\/\/www.pedagogie.ac-nice.fr\/cdesc83\/wp-json\/wp\/v2\/types\/page"}],"author":[{"embeddable":true,"href":"https:\/\/www.pedagogie.ac-nice.fr\/cdesc83\/wp-json\/wp\/v2\/users\/1"}],"replies":[{"embeddable":true,"href":"https:\/\/www.pedagogie.ac-nice.fr\/cdesc83\/wp-json\/wp\/v2\/comments?post=206"}],"version-history":[{"count":42,"href":"https:\/\/www.pedagogie.ac-nice.fr\/cdesc83\/wp-json\/wp\/v2\/pages\/206\/revisions"}],"predecessor-version":[{"id":6443,"href":"https:\/\/www.pedagogie.ac-nice.fr\/cdesc83\/wp-json\/wp\/v2\/pages\/206\/revisions\/6443"}],"wp:attachment":[{"href":"https:\/\/www.pedagogie.ac-nice.fr\/cdesc83\/wp-json\/wp\/v2\/media?parent=206"}],"curies":[{"name":"wp","href":"https:\/\/api.w.org\/{rel}","templated":true}]}}