{"id":208,"date":"2016-10-10T11:37:20","date_gmt":"2016-10-10T09:37:20","guid":{"rendered":"https:\/\/www.pedagogie.ac-nice.fr\/cdesc83\/?page_id=208"},"modified":"2017-05-27T06:21:57","modified_gmt":"2017-05-27T04:21:57","slug":"associations","status":"publish","type":"page","link":"https:\/\/www.pedagogie.ac-nice.fr\/cdesc83\/associations\/","title":{"rendered":"Associations"},"content":{"rendered":"<ul>\n<li style=\"text-align: left\"><a href=\"https:\/\/www.pedagogie.ac-nice.fr\/cdesc83\/acces-prevention-specialiser-var\/\">Association de Pr\u00e9vention Sp\u00e9cialis\u00e9e &#8211; APS<\/a><\/li>\n<li style=\"text-align: left\"><a href=\"https:\/\/www.pedagogie.ac-nice.fr\/cdesc83\/wp-admin\/post.php?post=6379&amp;action=edit\">Association de Pr\u00e9vention sp\u00e9cialis\u00e9e et et d&rsquo;Aide \u00e0 l&rsquo;Insertion &#8211; APEA<\/a><\/li>\n<li style=\"text-align: left\"><a href=\"https:\/\/www.pedagogie.ac-nice.fr\/cdesc83\/acces-anoraa-association-nationale-officiers-de-reserve-de-larmee-de-lair\/\">Association Nationale des des Officiers de R\u00e9serve de l&rsquo;Arm\u00e9e de l&rsquo;Air &#8211; ANORAA<\/a><\/li>\n<li style=\"text-align: left\"><a href=\"https:\/\/www.pedagogie.ac-nice.fr\/cdesc83\/acces-anacr-association-nationale-anciens-combattants\/\">Association Nationale des Anciens Combattants et Victimes de Guerre &#8211; ANACR<\/a><\/li>\n<li><a href=\"https:\/\/www.pedagogie.ac-nice.fr\/cdesc83\/acces-cdos\/\">Comit\u00e9 D\u00e9partemental Olympique Sportif &#8211; CDOS<\/a><\/li>\n<li><a href=\"https:\/\/www.pedagogie.ac-nice.fr\/cdesc83\/acces-codes83-comite-departemental-deducation-sante-var\/\">Comit\u00e9 D\u00e9partemental d&rsquo;\u00c9ducation pour la Sant\u00e9 &#8211; CODES<\/a><\/li>\n<li><a href=\"https:\/\/www.pedagogie.ac-nice.fr\/cdesc83\/acces-epe83\/\">\u00c9cole des Parents et des \u00c9ducateurs &#8211; EPE<\/a><\/li>\n<li><a href=\"https:\/\/www.pedagogie.ac-nice.fr\/cdesc83\/acces-federation-des-parents-deleves-fcpe\/\">F\u00e9d\u00e9ration des Conseils de Parents d\u2019\u00c9l\u00e8ves &#8211; FCPE<\/a><\/li>\n<li><a href=\"https:\/\/www.pedagogie.ac-nice.fr\/cdesc83\/acces-federation-des-parents-deleves-peep\/\">F\u00e9d\u00e9ration des Parents d\u2019\u00c9l\u00e8ves de l&rsquo;Enseignement Public- PEEP<\/a><\/li>\n<li><a href=\"https:\/\/www.pedagogie.ac-nice.fr\/cdesc83\/acces-face\/\">Fondation Agir Contre L&rsquo;exclusion &#8211; FACE Var<\/a><\/li>\n<li><a href=\"https:\/\/www.pedagogie.ac-nice.fr\/cdesc83\/acces-fol83-ligue-de-lenseignement\/\">Ligue de l&rsquo;Enseignement &#8211; FOL83<\/a><\/li>\n<li><a href=\"https:\/\/www.pedagogie.ac-nice.fr\/cdesc83\/wp-admin\/post.php?post=6387&amp;action=edit\">Ligue Varoise de Pr\u00e9vention &#8211; LVP<\/a><\/li>\n<li><a href=\"https:\/\/www.pedagogie.ac-nice.fr\/cdesc83\/acces-francas83\/\">Les FRANCAS Var<\/a><\/li>\n<li><a href=\"https:\/\/www.pedagogie.ac-nice.fr\/cdesc83\/acces-les-pep\/\">Les Pupilles de l&rsquo;Enseignement Public &#8211; Les PEP83<\/a><\/li>\n<li><a href=\"https:\/\/www.pedagogie.ac-nice.fr\/cdesc83\/acces-mae\/\">Mutuelle Assurance \u00c9l\u00e8ves &#8211; MAE<\/a><\/li>\n<li><a href=\"https:\/\/www.pedagogie.ac-nice.fr\/cdesc83\/acces-epe83\/\">Th\u00e9\u00e2tre libert\u00e9<\/a><\/li>\n<li><a href=\"https:\/\/www.pedagogie.ac-nice.fr\/cdesc83\/acces-udaf\/\">Union D\u00e9partementale des Associations Familiales &#8211; UDAF<\/a><\/li>\n<\/ul>\n","protected":false},"excerpt":{"rendered":"<p>Association de Pr\u00e9vention Sp\u00e9cialis\u00e9e &#8211; APS Association de Pr\u00e9vention sp\u00e9cialis\u00e9e et et d&rsquo;Aide \u00e0 l&rsquo;Insertion &#8211; APEA Association Nationale des des Officiers de R\u00e9serve de l&rsquo;Arm\u00e9e de l&rsquo;Air &#8211; ANORAA Association Nationale des Anciens Combattants et Victimes de Guerre &#8211; ANACR Comit\u00e9 D\u00e9partemental Olympique Sportif &#8211; CDOS Comit\u00e9 D\u00e9partemental d&rsquo;\u00c9ducation pour la Sant\u00e9 &#8211; CODES [&hellip;]<\/p>\n","protected":false},"author":1,"featured_media":0,"parent":0,"menu_order":0,"comment_status":"closed","ping_status":"closed","template":"","meta":{"_et_pb_use_builder":"","_et_pb_old_content":"","_et_gb_content_width":"","ngg_post_thumbnail":0,"footnotes":""},"class_list":["post-208","page","type-page","status-publish","hentry"],"rttpg_featured_image_url":null,"rttpg_author":{"display_name":"norco","author_link":"https:\/\/www.pedagogie.ac-nice.fr\/cdesc83\/author\/norco\/"},"rttpg_comment":0,"rttpg_category":null,"rttpg_excerpt":"Association de Pr\u00e9vention Sp\u00e9cialis\u00e9e &#8211; APS Association de Pr\u00e9vention sp\u00e9cialis\u00e9e et et d&rsquo;Aide \u00e0 l&rsquo;Insertion &#8211; APEA Association Nationale des des Officiers de R\u00e9serve de l&rsquo;Arm\u00e9e de l&rsquo;Air &#8211; ANORAA Association Nationale des Anciens Combattants et Victimes de Guerre &#8211; ANACR Comit\u00e9 D\u00e9partemental Olympique Sportif &#8211; CDOS Comit\u00e9 D\u00e9partemental d&rsquo;\u00c9ducation pour la Sant\u00e9 &#8211; CODES\u2026","post_mailing_queue_ids":[],"_links":{"self":[{"href":"https:\/\/www.pedagogie.ac-nice.fr\/cdesc83\/wp-json\/wp\/v2\/pages\/208","targetHints":{"allow":["GET"]}}],"collection":[{"href":"https:\/\/www.pedagogie.ac-nice.fr\/cdesc83\/wp-json\/wp\/v2\/pages"}],"about":[{"href":"https:\/\/www.pedagogie.ac-nice.fr\/cdesc83\/wp-json\/wp\/v2\/types\/page"}],"author":[{"embeddable":true,"href":"https:\/\/www.pedagogie.ac-nice.fr\/cdesc83\/wp-json\/wp\/v2\/users\/1"}],"replies":[{"embeddable":true,"href":"https:\/\/www.pedagogie.ac-nice.fr\/cdesc83\/wp-json\/wp\/v2\/comments?post=208"}],"version-history":[{"count":34,"href":"https:\/\/www.pedagogie.ac-nice.fr\/cdesc83\/wp-json\/wp\/v2\/pages\/208\/revisions"}],"predecessor-version":[{"id":6389,"href":"https:\/\/www.pedagogie.ac-nice.fr\/cdesc83\/wp-json\/wp\/v2\/pages\/208\/revisions\/6389"}],"wp:attachment":[{"href":"https:\/\/www.pedagogie.ac-nice.fr\/cdesc83\/wp-json\/wp\/v2\/media?parent=208"}],"curies":[{"name":"wp","href":"https:\/\/api.w.org\/{rel}","templated":true}]}}