{"id":278,"date":"2016-10-11T10:41:33","date_gmt":"2016-10-11T08:41:33","guid":{"rendered":"https:\/\/www.pedagogie.ac-nice.fr\/cdesc83\/?page_id=278"},"modified":"2017-05-29T10:03:42","modified_gmt":"2017-05-29T08:03:42","slug":"hyeres","status":"publish","type":"page","link":"https:\/\/www.pedagogie.ac-nice.fr\/cdesc83\/hyeres\/","title":{"rendered":"Bassin de Hy\u00e8res"},"content":{"rendered":"<p style=\"text-align: center\"><img loading=\"lazy\" decoding=\"async\" class=\"alignnone size-medium wp-image-6728\" src=\"https:\/\/www.pedagogie.ac-nice.fr\/cdesc83\/wp-content\/uploads\/sites\/7\/2016\/10\/bef-hyeres-300x261.jpg\" alt=\"\" width=\"300\" height=\"261\" srcset=\"https:\/\/www.pedagogie.ac-nice.fr\/cdesc83\/wp-content\/uploads\/sites\/7\/2016\/10\/bef-hyeres-300x261.jpg 300w, https:\/\/www.pedagogie.ac-nice.fr\/cdesc83\/wp-content\/uploads\/sites\/7\/2016\/10\/bef-hyeres-150x130.jpg 150w, https:\/\/www.pedagogie.ac-nice.fr\/cdesc83\/wp-content\/uploads\/sites\/7\/2016\/10\/bef-hyeres-500x435.jpg 500w, https:\/\/www.pedagogie.ac-nice.fr\/cdesc83\/wp-content\/uploads\/sites\/7\/2016\/10\/bef-hyeres.jpg 691w\" sizes=\"(max-width: 300px) 100vw, 300px\" \/><\/p>\n<p>Pour une recherche de partenariat(s) concernant des projets inter \u00e9tablissements, t\u00e9l\u00e9charger la fiche <a href=\"https:\/\/www.pedagogie.ac-nice.fr\/cdesc83\/wp-content\/uploads\/sites\/7\/2016\/10\/Recherches-BEF-de-Hy\u00e8res.xlsx\">Projets BEF de Hy\u00e8res<\/a> et de l&rsquo;envoyer par <a href=\"mailto:reseau-cdesc83@ac-nice.fr\">Email<\/a><\/p>\n<p>Elle sera visible par nos partenaires de la CDESC dans la section : <a href=\"https:\/\/www.pedagogie.ac-nice.fr\/cdesc83\/demandes-bassin-hyeres\/\">\u00ab\u00a0Projets Bassin de Hy\u00e8res\u00a0\u00bb<\/a><\/p>\n<p>\u00c9galement consultables les projets des \u00e9tablissements du BEF de\u00a0<a href=\"https:\/\/www.pedagogie.ac-nice.fr\/cdesc83\/etablissements-du-bassin-de-hyeres-2\/\">Hy\u00e8res<\/a>.<\/p>\n<p>Les offres des partenaires sont\u00a0 consultables \u00e0 la section <a href=\"https:\/\/www.pedagogie.ac-nice.fr\/cdesc83\/offres-partenaires\/\" target=\"_blank\" rel=\"noopener noreferrer\">\u00ab\u00a0Offres des partenaires\u00a0\u00bb<\/a><\/p>\n","protected":false},"excerpt":{"rendered":"<p>Pour une recherche de partenariat(s) concernant des projets inter \u00e9tablissements, t\u00e9l\u00e9charger la fiche Projets BEF de Hy\u00e8res et de l&rsquo;envoyer par Email Elle sera visible par nos partenaires de la CDESC dans la section : \u00ab\u00a0Projets Bassin de Hy\u00e8res\u00a0\u00bb \u00c9galement consultables les projets des \u00e9tablissements du BEF de\u00a0Hy\u00e8res. Les offres des partenaires sont\u00a0 consultables \u00e0 [&hellip;]<\/p>\n","protected":false},"author":1,"featured_media":0,"parent":0,"menu_order":0,"comment_status":"closed","ping_status":"closed","template":"","meta":{"_et_pb_use_builder":"","_et_pb_old_content":"","_et_gb_content_width":"","ngg_post_thumbnail":0,"footnotes":""},"class_list":["post-278","page","type-page","status-publish","hentry"],"rttpg_featured_image_url":null,"rttpg_author":{"display_name":"norco","author_link":"https:\/\/www.pedagogie.ac-nice.fr\/cdesc83\/author\/norco\/"},"rttpg_comment":0,"rttpg_category":null,"rttpg_excerpt":"Pour une recherche de partenariat(s) concernant des projets inter \u00e9tablissements, t\u00e9l\u00e9charger la fiche Projets BEF de Hy\u00e8res et de l&rsquo;envoyer par Email Elle sera visible par nos partenaires de la CDESC dans la section : \u00ab\u00a0Projets Bassin de Hy\u00e8res\u00a0\u00bb \u00c9galement consultables les projets des \u00e9tablissements du BEF de\u00a0Hy\u00e8res. Les offres des partenaires sont\u00a0 consultables \u00e0\u2026","post_mailing_queue_ids":[],"_links":{"self":[{"href":"https:\/\/www.pedagogie.ac-nice.fr\/cdesc83\/wp-json\/wp\/v2\/pages\/278","targetHints":{"allow":["GET"]}}],"collection":[{"href":"https:\/\/www.pedagogie.ac-nice.fr\/cdesc83\/wp-json\/wp\/v2\/pages"}],"about":[{"href":"https:\/\/www.pedagogie.ac-nice.fr\/cdesc83\/wp-json\/wp\/v2\/types\/page"}],"author":[{"embeddable":true,"href":"https:\/\/www.pedagogie.ac-nice.fr\/cdesc83\/wp-json\/wp\/v2\/users\/1"}],"replies":[{"embeddable":true,"href":"https:\/\/www.pedagogie.ac-nice.fr\/cdesc83\/wp-json\/wp\/v2\/comments?post=278"}],"version-history":[{"count":15,"href":"https:\/\/www.pedagogie.ac-nice.fr\/cdesc83\/wp-json\/wp\/v2\/pages\/278\/revisions"}],"predecessor-version":[{"id":6729,"href":"https:\/\/www.pedagogie.ac-nice.fr\/cdesc83\/wp-json\/wp\/v2\/pages\/278\/revisions\/6729"}],"wp:attachment":[{"href":"https:\/\/www.pedagogie.ac-nice.fr\/cdesc83\/wp-json\/wp\/v2\/media?parent=278"}],"curies":[{"name":"wp","href":"https:\/\/api.w.org\/{rel}","templated":true}]}}