{"id":283,"date":"2016-10-11T10:43:18","date_gmt":"2016-10-11T08:43:18","guid":{"rendered":"https:\/\/www.pedagogie.ac-nice.fr\/cdesc83\/?page_id=283"},"modified":"2017-05-29T10:07:47","modified_gmt":"2017-05-29T08:07:47","slug":"bassin-toulon","status":"publish","type":"page","link":"https:\/\/www.pedagogie.ac-nice.fr\/cdesc83\/bassin-toulon\/","title":{"rendered":"Bassin Toulon"},"content":{"rendered":"<p style=\"text-align: center\"><img loading=\"lazy\" decoding=\"async\" class=\"alignnone size-medium wp-image-6732\" src=\"https:\/\/www.pedagogie.ac-nice.fr\/cdesc83\/wp-content\/uploads\/sites\/7\/2016\/10\/bef-Toulon-300x261.jpg\" alt=\"\" width=\"300\" height=\"261\" srcset=\"https:\/\/www.pedagogie.ac-nice.fr\/cdesc83\/wp-content\/uploads\/sites\/7\/2016\/10\/bef-Toulon-300x261.jpg 300w, https:\/\/www.pedagogie.ac-nice.fr\/cdesc83\/wp-content\/uploads\/sites\/7\/2016\/10\/bef-Toulon-150x130.jpg 150w, https:\/\/www.pedagogie.ac-nice.fr\/cdesc83\/wp-content\/uploads\/sites\/7\/2016\/10\/bef-Toulon-500x435.jpg 500w, https:\/\/www.pedagogie.ac-nice.fr\/cdesc83\/wp-content\/uploads\/sites\/7\/2016\/10\/bef-Toulon.jpg 691w\" sizes=\"(max-width: 300px) 100vw, 300px\" \/><\/p>\n<p>Pour une recherche de partenariat(s) concernant des projets inter \u00e9tablissements, t\u00e9l\u00e9charger la fiche <a href=\"https:\/\/www.pedagogie.ac-nice.fr\/cdesc83\/wp-content\/uploads\/sites\/7\/2016\/10\/Recherches-BEF-de-Toulon.xlsx\">Recherches BEF de Toulon<\/a> et de l&rsquo;envoyer par <a href=\"mailto:reseau-cdesc83@ac-nice.fr\">Email<\/a><\/p>\n<p>Elle sera visible par nos partenaires de la CDESC dans la section : <a href=\"https:\/\/www.pedagogie.ac-nice.fr\/cdesc83\/demandes-bassin-toulon\/\">\u00ab\u00a0Demandes Bassin Toulon\u00a0\u00bb<\/a><\/p>\n<p>\u00c9galement consultables les projets des \u00e9tablissements du BEF de <a href=\"https:\/\/www.pedagogie.ac-nice.fr\/cdesc83\/etablissements-du-bassin-de-toulon-2\/\">Toulon<\/a><\/p>\n<p>Les offres des partenaires sont\u00a0 consultables \u00e0 la section <a href=\"https:\/\/www.pedagogie.ac-nice.fr\/cdesc83\/offres-partenaires\/\" target=\"_blank\" rel=\"noopener noreferrer\">\u00ab\u00a0Offres des partenaires\u00a0\u00bb<\/a><\/p>\n<p>&nbsp;<\/p>\n","protected":false},"excerpt":{"rendered":"<p>Pour une recherche de partenariat(s) concernant des projets inter \u00e9tablissements, t\u00e9l\u00e9charger la fiche Recherches BEF de Toulon et de l&rsquo;envoyer par Email Elle sera visible par nos partenaires de la CDESC dans la section : \u00ab\u00a0Demandes Bassin Toulon\u00a0\u00bb \u00c9galement consultables les projets des \u00e9tablissements du BEF de Toulon Les offres des partenaires sont\u00a0 consultables \u00e0 [&hellip;]<\/p>\n","protected":false},"author":1,"featured_media":0,"parent":0,"menu_order":0,"comment_status":"closed","ping_status":"closed","template":"","meta":{"_et_pb_use_builder":"","_et_pb_old_content":"","_et_gb_content_width":"","ngg_post_thumbnail":0,"footnotes":""},"class_list":["post-283","page","type-page","status-publish","hentry"],"rttpg_featured_image_url":null,"rttpg_author":{"display_name":"norco","author_link":"https:\/\/www.pedagogie.ac-nice.fr\/cdesc83\/author\/norco\/"},"rttpg_comment":0,"rttpg_category":null,"rttpg_excerpt":"Pour une recherche de partenariat(s) concernant des projets inter \u00e9tablissements, t\u00e9l\u00e9charger la fiche Recherches BEF de Toulon et de l&rsquo;envoyer par Email Elle sera visible par nos partenaires de la CDESC dans la section : \u00ab\u00a0Demandes Bassin Toulon\u00a0\u00bb \u00c9galement consultables les projets des \u00e9tablissements du BEF de Toulon Les offres des partenaires sont\u00a0 consultables \u00e0\u2026","post_mailing_queue_ids":[],"_links":{"self":[{"href":"https:\/\/www.pedagogie.ac-nice.fr\/cdesc83\/wp-json\/wp\/v2\/pages\/283","targetHints":{"allow":["GET"]}}],"collection":[{"href":"https:\/\/www.pedagogie.ac-nice.fr\/cdesc83\/wp-json\/wp\/v2\/pages"}],"about":[{"href":"https:\/\/www.pedagogie.ac-nice.fr\/cdesc83\/wp-json\/wp\/v2\/types\/page"}],"author":[{"embeddable":true,"href":"https:\/\/www.pedagogie.ac-nice.fr\/cdesc83\/wp-json\/wp\/v2\/users\/1"}],"replies":[{"embeddable":true,"href":"https:\/\/www.pedagogie.ac-nice.fr\/cdesc83\/wp-json\/wp\/v2\/comments?post=283"}],"version-history":[{"count":12,"href":"https:\/\/www.pedagogie.ac-nice.fr\/cdesc83\/wp-json\/wp\/v2\/pages\/283\/revisions"}],"predecessor-version":[{"id":6733,"href":"https:\/\/www.pedagogie.ac-nice.fr\/cdesc83\/wp-json\/wp\/v2\/pages\/283\/revisions\/6733"}],"wp:attachment":[{"href":"https:\/\/www.pedagogie.ac-nice.fr\/cdesc83\/wp-json\/wp\/v2\/media?parent=283"}],"curies":[{"name":"wp","href":"https:\/\/api.w.org\/{rel}","templated":true}]}}